{"id":4843,"date":"2025-05-27T10:19:11","date_gmt":"2025-05-27T02:19:11","guid":{"rendered":"https:\/\/www.yongjianceramic.com\/?post_type=product&#038;p=4843"},"modified":"2025-05-27T10:19:14","modified_gmt":"2025-05-27T02:19:14","slug":"custom-made-ceramic-plates","status":"publish","type":"product","link":"https:\/\/www.yongjianceramic.com\/de\/produkt\/custom-made-ceramic-plates\/","title":{"rendered":"Benutzerdefinierte keramische Platten, Arten von Designs So\u00dfe Sch\u00fcssel Gro\u00dfhandel Unternehmen"},"content":{"rendered":"<div class=\"wp-block-columns is-layout-flex wp-container-core-columns-is-layout-9d6595d7 wp-block-columns-is-layout-flex\">\n<div class=\"wp-block-column is-layout-flow wp-block-column-is-layout-flow\">\n<h2 class=\"wp-block-heading\">Premium Custom Made Ceramic Plates Merkmale:<\/h2>\n\n\n\n<ul class=\"wp-block-list\">\n<li><strong>Kompaktes 3,5-Zoll-Format, praktisch und bequem:<\/strong> Die mittelgro\u00dfe Saucenschale f\u00fcr den Gro\u00dfhandel ist speziell f\u00fcr Saucen, Ketchup, Salatdressing und andere W\u00fcrzmittel konzipiert, nimmt weniger Platz ein und erf\u00fcllt den t\u00e4glichen Bedarf.<\/li>\n\n\n\n<li><strong>Mehrere Designstile verf\u00fcgbar, reichhaltige Stile: <\/strong>Diese ma\u00dfgefertigten Keramikteller sind in verschiedenen Designs und Mustern erh\u00e4ltlich, die zu verschiedenen Restaurantstilen und Tischsituationen passen und das Gesamterscheinungsbild und das Esserlebnis verbessern.<\/li>\n\n\n\n<li><strong>Hochtemperatur-Keramik, gesund und langlebig:<\/strong> Diese ma\u00dfgefertigten Keramikplatten werden bei hohen Temperaturen gebrannt, sind langlebig und widerstandsf\u00e4hig, frei von Chemikalien und sicher f\u00fcr den Kontakt mit Lebensmitteln. Sie sind f\u00fcr den t\u00e4glichen Gebrauch zu Hause und f\u00fcr die gewerbliche Gastronomie ausreichend.<\/li>\n\n\n\n<li><strong>Glatte Glasur, leicht zu reinigen und kein Durchsickern von Farbe:<\/strong> Die Oberfl\u00e4che der So\u00dfensch\u00fcssel ist dicht und glatt, sie wird nicht leicht \u00f6lig, l\u00e4sst sich leicht reinigen und ist auch nach langem Gebrauch noch wie neu, was Sorgen und M\u00fche erspart.<\/li>\n<\/ul>\n\n\n\n<p><\/p>\n<\/div>\n\n\n\n<div class=\"wp-block-column is-layout-flow wp-block-column-is-layout-flow\">\n<figure class=\"wp-block-image size-full\"><img fetchpriority=\"high\" decoding=\"async\" width=\"800\" height=\"800\" src=\"https:\/\/www.yongjianceramic.com\/wp-content\/uploads\/2025\/05\/custom-made-ceramic-platesceramic-dinnerware-companysuace-dish-wholesale-2.webp\" alt=\"keramik-platten-nach-art-designs-saucen-teller-grosshandel-unternehmen-2\" class=\"wp-image-4845\" srcset=\"https:\/\/www.yongjianceramic.com\/wp-content\/uploads\/2025\/05\/custom-made-ceramic-platesceramic-dinnerware-companysuace-dish-wholesale-2.webp 800w, https:\/\/www.yongjianceramic.com\/wp-content\/uploads\/2025\/05\/custom-made-ceramic-platesceramic-dinnerware-companysuace-dish-wholesale-2-300x300.webp 300w, https:\/\/www.yongjianceramic.com\/wp-content\/uploads\/2025\/05\/custom-made-ceramic-platesceramic-dinnerware-companysuace-dish-wholesale-2-150x150.webp 150w, https:\/\/www.yongjianceramic.com\/wp-content\/uploads\/2025\/05\/custom-made-ceramic-platesceramic-dinnerware-companysuace-dish-wholesale-2-768x768.webp 768w, https:\/\/www.yongjianceramic.com\/wp-content\/uploads\/2025\/05\/custom-made-ceramic-platesceramic-dinnerware-companysuace-dish-wholesale-2-12x12.webp 12w, https:\/\/www.yongjianceramic.com\/wp-content\/uploads\/2025\/05\/custom-made-ceramic-platesceramic-dinnerware-companysuace-dish-wholesale-2-285x285.webp 285w, https:\/\/www.yongjianceramic.com\/wp-content\/uploads\/2025\/05\/custom-made-ceramic-platesceramic-dinnerware-companysuace-dish-wholesale-2-270x270.webp 270w, https:\/\/www.yongjianceramic.com\/wp-content\/uploads\/2025\/05\/custom-made-ceramic-platesceramic-dinnerware-companysuace-dish-wholesale-2-540x540.webp 540w, https:\/\/www.yongjianceramic.com\/wp-content\/uploads\/2025\/05\/custom-made-ceramic-platesceramic-dinnerware-companysuace-dish-wholesale-2-660x660.webp 660w\" sizes=\"(max-width: 800px) 100vw, 800px\" \/><\/figure>\n<\/div>\n<\/div>","protected":false},"excerpt":{"rendered":"<p>Willkommen auf unsere ma\u00dfgeschneiderte Keramikplatten zu kaufen. Diese 3,5-Zoll-Keramik-Saucenschale Gro\u00dfhandel ist f\u00fcr Saucen, Salate und andere W\u00fcrzmittel konzipiert. Es hat eine zarte Form und eine Vielzahl von Stilen. Es ist sowohl praktisch als auch sch\u00f6n, geeignet f\u00fcr Familien und verschiedene Speiselokale.<\/p>\n<table style=\"border-collapse: collapse; width: 327.02pt;\" border=\"0\" width=\"654\" cellspacing=\"0\" cellpadding=\"0\">\n<tbody>\n<tr style=\"height: 16.50pt;\">\n<td class=\"et3\" style=\"height: 16.50pt; width: 127.20pt;\" width=\"254\" height=\"33\">Hersteller<\/td>\n<td class=\"et3\" style=\"width: 200.15pt;\" width=\"400\">Yongjian<\/td>\n<\/tr>\n<tr style=\"height: 16.50pt;\">\n<td class=\"et3\" style=\"height: 16.50pt;\" height=\"33\">Modell Nr.<\/td>\n<td class=\"et4\" style=\"width: 200.15pt;\" width=\"400\">YJ-139<\/td>\n<\/tr>\n<tr style=\"height: 16.50pt;\">\n<td class=\"et3\" style=\"height: 16.50pt;\" height=\"33\">Produkttyp<\/td>\n<td class=\"et3\">Kleine Schale<\/td>\n<\/tr>\n<tr style=\"height: 16.50pt;\">\n<td class=\"et3\" style=\"height: 16.50pt;\" height=\"33\">Material<\/td>\n<td class=\"et3\">Porzellan<\/td>\n<\/tr>\n<tr style=\"height: 16.50pt;\">\n<td class=\"et5\" style=\"height: 16.50pt;\" height=\"33\">Farbe<\/td>\n<td class=\"et3\">Als Bild<\/td>\n<\/tr>\n<tr style=\"height: 16.50pt;\">\n<td class=\"et3\" style=\"height: 16.50pt;\" height=\"33\">Dimension<\/td>\n<td class=\"et6\" style=\"width: 200.15pt;\" width=\"400\">7.8*7.8*2.2cm<\/td>\n<\/tr>\n<tr style=\"height: 16.50pt;\">\n<td class=\"et3\" style=\"height: 16.50pt;\" height=\"33\">MOQ<\/td>\n<td class=\"et3\">500St\u00fcck<\/td>\n<\/tr>\n<tr style=\"height: 16.50pt;\">\n<td class=\"et3\" style=\"height: 16.50pt;\" height=\"33\">Benutzerdefiniert<\/td>\n<td class=\"et3\">Farbe\/Gr\u00f6\u00dfe\/Logo\/Verpackung<\/td>\n<\/tr>\n<\/tbody>\n<\/table>","protected":false},"featured_media":4847,"comment_status":"closed","ping_status":"closed","template":"","meta":{"_acf_changed":false},"product_brand":[],"product_cat":[62,92],"product_tag":[81],"class_list":{"0":"post-4843","1":"product","2":"type-product","3":"status-publish","4":"has-post-thumbnail","6":"product_cat-ceramic-plates-wholesale","7":"product_cat-small-dishes-wholesale","8":"product_tag-modern-design-dinnerware-set-wholesale","10":"first","11":"instock","12":"shipping-taxable","13":"product-type-simple"},"acf":[],"_links":{"self":[{"href":"https:\/\/www.yongjianceramic.com\/de\/wp-json\/wp\/v2\/product\/4843","targetHints":{"allow":["GET"]}}],"collection":[{"href":"https:\/\/www.yongjianceramic.com\/de\/wp-json\/wp\/v2\/product"}],"about":[{"href":"https:\/\/www.yongjianceramic.com\/de\/wp-json\/wp\/v2\/types\/product"}],"replies":[{"embeddable":true,"href":"https:\/\/www.yongjianceramic.com\/de\/wp-json\/wp\/v2\/comments?post=4843"}],"wp:featuredmedia":[{"embeddable":true,"href":"https:\/\/www.yongjianceramic.com\/de\/wp-json\/wp\/v2\/media\/4847"}],"wp:attachment":[{"href":"https:\/\/www.yongjianceramic.com\/de\/wp-json\/wp\/v2\/media?parent=4843"}],"wp:term":[{"taxonomy":"product_brand","embeddable":true,"href":"https:\/\/www.yongjianceramic.com\/de\/wp-json\/wp\/v2\/product_brand?post=4843"},{"taxonomy":"product_cat","embeddable":true,"href":"https:\/\/www.yongjianceramic.com\/de\/wp-json\/wp\/v2\/product_cat?post=4843"},{"taxonomy":"product_tag","embeddable":true,"href":"https:\/\/www.yongjianceramic.com\/de\/wp-json\/wp\/v2\/product_tag?post=4843"}],"curies":[{"name":"wp","href":"https:\/\/api.w.org\/{rel}","templated":true}]}}