{"id":4870,"date":"2025-06-07T17:44:06","date_gmt":"2025-06-07T09:44:06","guid":{"rendered":"https:\/\/www.yongjianceramic.com\/?post_type=product&#038;p=4870"},"modified":"2025-06-07T17:44:08","modified_gmt":"2025-06-07T09:44:08","slug":"tapas-plates-wholesale","status":"publish","type":"product","link":"https:\/\/www.yongjianceramic.com\/de\/produkt\/tapas-plates-wholesale\/","title":{"rendered":"Geschirr Tapas-Platten Gro\u00dfhandel, kleine Vorspeise-Platten Bulk"},"content":{"rendered":"<div class=\"wp-block-columns is-layout-flex wp-container-core-columns-is-layout-9d6595d7 wp-block-columns-is-layout-flex\">\n<div class=\"wp-block-column is-layout-flow wp-block-column-is-layout-flow\">\n<h2 class=\"wp-block-heading\">Premium Tapas-Platten Gro\u00dfhandel Merkmale:<\/h2>\n\n\n\n<ul class=\"wp-block-list\">\n<li><strong>Integriertes Design der Saucenschale, praktisch und r\u00fccksichtsvoll: <\/strong>Diese Tapas-Teller im Gro\u00dfhandel verf\u00fcgen \u00fcber einen separaten Bereich f\u00fcr Saucen, in dem Grundnahrungsmittel und Gew\u00fcrze gleichzeitig aufbewahrt werden k\u00f6nnen, z. B. Kn\u00f6del mit Essig oder Pommes frites mit Ketchup.<\/li>\n\n\n\n<li><strong>Quadratisches Design, modern und sch\u00f6n: <\/strong>Die quadratische Form unserer Vorspeisenteller in loser Sch\u00fcttung ist gro\u00dfz\u00fcgig, mit sauberen Ecken und Linien, geeignet f\u00fcr moderne Restaurants und Familientische und verbessert den Gesamtstil.<\/li>\n\n\n\n<li><strong>Hochtemperatur-Keramik, sicher und langlebig: <\/strong>Unsere Tapas-Teller im Gro\u00dfhandel sind hitzebest\u00e4ndig und rissfest, sicher f\u00fcr die Verwendung in Mikrowellen, Back\u00f6fen und Geschirrsp\u00fclern und erf\u00fcllen die Anforderungen der h\u00e4ufigen Nutzung in der Gastronomie.<\/li>\n\n\n\n<li><strong>Anpassbares Logo, das das Markenimage hervorhebt: <\/strong>Unsere Vorspeisenteller in gro\u00dfen Mengen sind f\u00fcr die individuelle Gestaltung von exklusivem Geschirr in Hotels und Restaurants geeignet und steigern die Markenbekanntheit und Professionalit\u00e4t.<\/li>\n<\/ul>\n<\/div>\n\n\n\n<div class=\"wp-block-column is-layout-flow wp-block-column-is-layout-flow\">\n<figure class=\"wp-block-image size-full\"><img fetchpriority=\"high\" decoding=\"async\" width=\"800\" height=\"800\" src=\"https:\/\/www.yongjianceramic.com\/wp-content\/uploads\/2025\/06\/restaurant-supply-dinnerwarebulk-crockerycustom-ceramic-plate-3.webp\" alt=\"Geschirr Tapas-Platten Gro\u00dfhandel, kleine Vorspeise-Platten Bulk-1\" class=\"wp-image-4873\" srcset=\"https:\/\/www.yongjianceramic.com\/wp-content\/uploads\/2025\/06\/restaurant-supply-dinnerwarebulk-crockerycustom-ceramic-plate-3.webp 800w, https:\/\/www.yongjianceramic.com\/wp-content\/uploads\/2025\/06\/restaurant-supply-dinnerwarebulk-crockerycustom-ceramic-plate-3-300x300.webp 300w, https:\/\/www.yongjianceramic.com\/wp-content\/uploads\/2025\/06\/restaurant-supply-dinnerwarebulk-crockerycustom-ceramic-plate-3-150x150.webp 150w, https:\/\/www.yongjianceramic.com\/wp-content\/uploads\/2025\/06\/restaurant-supply-dinnerwarebulk-crockerycustom-ceramic-plate-3-768x768.webp 768w, https:\/\/www.yongjianceramic.com\/wp-content\/uploads\/2025\/06\/restaurant-supply-dinnerwarebulk-crockerycustom-ceramic-plate-3-12x12.webp 12w, https:\/\/www.yongjianceramic.com\/wp-content\/uploads\/2025\/06\/restaurant-supply-dinnerwarebulk-crockerycustom-ceramic-plate-3-285x285.webp 285w, https:\/\/www.yongjianceramic.com\/wp-content\/uploads\/2025\/06\/restaurant-supply-dinnerwarebulk-crockerycustom-ceramic-plate-3-270x270.webp 270w, https:\/\/www.yongjianceramic.com\/wp-content\/uploads\/2025\/06\/restaurant-supply-dinnerwarebulk-crockerycustom-ceramic-plate-3-540x540.webp 540w, https:\/\/www.yongjianceramic.com\/wp-content\/uploads\/2025\/06\/restaurant-supply-dinnerwarebulk-crockerycustom-ceramic-plate-3-660x660.webp 660w\" sizes=\"(max-width: 800px) 100vw, 800px\" \/><\/figure>\n<\/div>\n<\/div>","protected":false},"excerpt":{"rendered":"<div class=\"lRu31\" dir=\"ltr\">Willkommen zum Kauf von Vorspeisentellern in gro\u00dfen Mengen. Unsere quadratischen Keramik-Tapas-Teller Gro\u00dfhandel sind perfekt f\u00fcr das Servieren Kn\u00f6del mit Essig, Pommes frites mit Sauce, etc. Es ist aus Hochtemperatur-Keramik, langlebig und leicht zu reinigen, und kann mit Logos angepasst werden, die eine gute Option f\u00fcr Restaurants und Hotels ist.<\/p>\n<div id=\"ow12\">\n<table style=\"border-collapse: collapse; width: 327.02pt;\" border=\"0\" width=\"654\" cellspacing=\"0\" cellpadding=\"0\">\n<tbody>\n<tr style=\"height: 16.50pt;\">\n<td class=\"et3\" style=\"height: 16.50pt; width: 127.20pt;\" width=\"254\" height=\"33\">Hersteller<\/td>\n<td class=\"et3\" style=\"width: 200.15pt;\" width=\"400\">Yongjian<\/td>\n<\/tr>\n<tr style=\"height: 16.50pt;\">\n<td class=\"et3\" style=\"height: 16.50pt;\" height=\"33\">Modell Nr.<\/td>\n<td class=\"et4\" style=\"width: 200.15pt;\" width=\"400\">YJ-140<\/td>\n<\/tr>\n<tr style=\"height: 16.50pt;\">\n<td class=\"et3\" style=\"height: 16.50pt;\" height=\"33\">Produkttyp<\/td>\n<td class=\"et3\">Servierplatte<\/td>\n<\/tr>\n<tr style=\"height: 16.50pt;\">\n<td class=\"et3\" style=\"height: 16.50pt;\" height=\"33\">Material<\/td>\n<td class=\"et3\">Porzellan<\/td>\n<\/tr>\n<tr style=\"height: 16.50pt;\">\n<td class=\"et5\" style=\"height: 16.50pt;\" height=\"33\">Farbe<\/td>\n<td class=\"et3\">Als Bild<\/td>\n<\/tr>\n<tr style=\"height: 16.50pt;\">\n<td class=\"et3\" style=\"height: 16.50pt;\" height=\"33\">Dimension<\/td>\n<td class=\"et6\" style=\"width: 200.15pt;\" width=\"400\">18.8*17.5*4cm<\/td>\n<\/tr>\n<tr style=\"height: 16.50pt;\">\n<td class=\"et3\" style=\"height: 16.50pt;\" height=\"33\">MOQ<\/td>\n<td class=\"et3\">500St\u00fcck<\/td>\n<\/tr>\n<tr style=\"height: 16.50pt;\">\n<td class=\"et3\" style=\"height: 16.50pt;\" height=\"33\">Benutzerdefiniert<\/td>\n<td class=\"et3\">Farbe\/Gr\u00f6\u00dfe\/Logo\/Verpackung<\/td>\n<\/tr>\n<\/tbody>\n<\/table>\n<\/div>\n<\/div>\n<div class=\"UdTY9 WdefRb\" aria-hidden=\"true\" data-location=\"2\">\u00a0<\/div>","protected":false},"featured_media":4871,"comment_status":"closed","ping_status":"closed","template":"","meta":{"_acf_changed":false},"product_brand":[],"product_cat":[62,76,92],"product_tag":[88],"class_list":{"0":"post-4870","1":"product","2":"type-product","3":"status-publish","4":"has-post-thumbnail","6":"product_cat-ceramic-plates-wholesale","7":"product_cat-wholesale-serving-platters","8":"product_cat-small-dishes-wholesale","9":"product_tag-japanese-style-dinnerware-set-wholesale","11":"first","12":"instock","13":"shipping-taxable","14":"product-type-simple"},"acf":[],"_links":{"self":[{"href":"https:\/\/www.yongjianceramic.com\/de\/wp-json\/wp\/v2\/product\/4870","targetHints":{"allow":["GET"]}}],"collection":[{"href":"https:\/\/www.yongjianceramic.com\/de\/wp-json\/wp\/v2\/product"}],"about":[{"href":"https:\/\/www.yongjianceramic.com\/de\/wp-json\/wp\/v2\/types\/product"}],"replies":[{"embeddable":true,"href":"https:\/\/www.yongjianceramic.com\/de\/wp-json\/wp\/v2\/comments?post=4870"}],"wp:featuredmedia":[{"embeddable":true,"href":"https:\/\/www.yongjianceramic.com\/de\/wp-json\/wp\/v2\/media\/4871"}],"wp:attachment":[{"href":"https:\/\/www.yongjianceramic.com\/de\/wp-json\/wp\/v2\/media?parent=4870"}],"wp:term":[{"taxonomy":"product_brand","embeddable":true,"href":"https:\/\/www.yongjianceramic.com\/de\/wp-json\/wp\/v2\/product_brand?post=4870"},{"taxonomy":"product_cat","embeddable":true,"href":"https:\/\/www.yongjianceramic.com\/de\/wp-json\/wp\/v2\/product_cat?post=4870"},{"taxonomy":"product_tag","embeddable":true,"href":"https:\/\/www.yongjianceramic.com\/de\/wp-json\/wp\/v2\/product_tag?post=4870"}],"curies":[{"name":"wp","href":"https:\/\/api.w.org\/{rel}","templated":true}]}}