{"id":4891,"date":"2025-06-07T17:13:34","date_gmt":"2025-06-07T09:13:34","guid":{"rendered":"https:\/\/www.yongjianceramic.com\/?post_type=product&#038;p=4891"},"modified":"2025-06-07T17:13:36","modified_gmt":"2025-06-07T09:13:36","slug":"ceramic-bowl-wholesale","status":"publish","type":"product","link":"https:\/\/www.yongjianceramic.com\/de\/produkt\/ceramic-bowl-wholesale\/","title":{"rendered":"Ramen Suppe Keramiksch\u00fcssel Gro\u00dfhandel f\u00fcr japanische Izakaya"},"content":{"rendered":"<div class=\"wp-block-columns is-layout-flex wp-container-core-columns-is-layout-9d6595d7 wp-block-columns-is-layout-flex\">\n<div class=\"wp-block-column is-layout-flow wp-block-column-is-layout-flow\">\n<h2 class=\"wp-block-heading\">Premium-Keramik-Schale Gro\u00dfhandel Merkmale:<\/h2>\n\n\n\n<ul class=\"wp-block-list\">\n<li><strong>Japanisches Design, \u00c4sthetik und Funktionalit\u00e4t: <\/strong>Diese Keramikschale Gro\u00dfhandel hat ein minimalistisches japanisches Design, mit einer Betonung auf Linien und Glasur Textur, zeigt orientalische Sch\u00f6nheit, am besten in High-End-Restaurants und Hotel Bankett M\u00f6bel verwendet.<\/li>\n\n\n\n<li><strong>L\u00f6cher f\u00fcr St\u00e4bchen am Rand der Schale, durchdachtes und praktisches Design: <\/strong>Zwei L\u00f6cher sind am Rand dieser Sch\u00fcsseln f\u00fcr die Gemeinschaftsverpflegung reserviert, wo St\u00e4bchen sicher platziert werden k\u00f6nnen. Das ist praktisch und sch\u00f6n, eignet sich f\u00fcr Nudeln und Suppen und verbessert den Esskomfort.<\/li>\n\n\n\n<li><strong>Konische Struktur, gro\u00dfes Fassungsverm\u00f6gen:<\/strong> Das konische Design dieser Keramiksch\u00fcssel im Gro\u00dfhandel bietet ausreichend Platz f\u00fcr Suppennudeln, Ramen, Nudeln und andere Grundnahrungsmittel, ist spritz- und auslaufsicher und hat eine stabile Struktur, geeignet f\u00fcr den t\u00e4glichen oder gewerblichen Hochfrequenzgebrauch.<\/li>\n\n\n\n<li><strong>Hochtemperatur-Keramik-Technologie, langlebig und leicht zu reinigen: <\/strong>Unsere Gro\u00dfk\u00fcchensch\u00fcsseln sind hitzebest\u00e4ndig und kratzfest, haben eine glatte Oberfl\u00e4che und nehmen nicht so leicht \u00d6lflecken auf. Sie eignen sich f\u00fcr anspruchsvolle Umgebungen wie Hotels und Restaurants.<\/li>\n<\/ul>\n<\/div>\n\n\n\n<div class=\"wp-block-column is-layout-flow wp-block-column-is-layout-flow\">\n<figure class=\"wp-block-image size-full\"><img fetchpriority=\"high\" decoding=\"async\" width=\"800\" height=\"800\" src=\"https:\/\/www.yongjianceramic.com\/wp-content\/uploads\/2025\/06\/dinnerware-sets-manufacturers\uff0ccustom-noodle-bowl\uff0cceramic-chinese-bowls-1.webp\" alt=\"Ramen Suppe Keramik Sch\u00fcssel Gro\u00dfhandel f\u00fcr japanische Izakaya-1\" class=\"wp-image-4892\" srcset=\"https:\/\/www.yongjianceramic.com\/wp-content\/uploads\/2025\/06\/dinnerware-sets-manufacturers\uff0ccustom-noodle-bowl\uff0cceramic-chinese-bowls-1.webp 800w, https:\/\/www.yongjianceramic.com\/wp-content\/uploads\/2025\/06\/dinnerware-sets-manufacturers\uff0ccustom-noodle-bowl\uff0cceramic-chinese-bowls-1-300x300.webp 300w, https:\/\/www.yongjianceramic.com\/wp-content\/uploads\/2025\/06\/dinnerware-sets-manufacturers\uff0ccustom-noodle-bowl\uff0cceramic-chinese-bowls-1-150x150.webp 150w, https:\/\/www.yongjianceramic.com\/wp-content\/uploads\/2025\/06\/dinnerware-sets-manufacturers\uff0ccustom-noodle-bowl\uff0cceramic-chinese-bowls-1-768x768.webp 768w, https:\/\/www.yongjianceramic.com\/wp-content\/uploads\/2025\/06\/dinnerware-sets-manufacturers\uff0ccustom-noodle-bowl\uff0cceramic-chinese-bowls-1-12x12.webp 12w, https:\/\/www.yongjianceramic.com\/wp-content\/uploads\/2025\/06\/dinnerware-sets-manufacturers\uff0ccustom-noodle-bowl\uff0cceramic-chinese-bowls-1-285x285.webp 285w, https:\/\/www.yongjianceramic.com\/wp-content\/uploads\/2025\/06\/dinnerware-sets-manufacturers\uff0ccustom-noodle-bowl\uff0cceramic-chinese-bowls-1-270x270.webp 270w, https:\/\/www.yongjianceramic.com\/wp-content\/uploads\/2025\/06\/dinnerware-sets-manufacturers\uff0ccustom-noodle-bowl\uff0cceramic-chinese-bowls-1-540x540.webp 540w, https:\/\/www.yongjianceramic.com\/wp-content\/uploads\/2025\/06\/dinnerware-sets-manufacturers\uff0ccustom-noodle-bowl\uff0cceramic-chinese-bowls-1-660x660.webp 660w\" sizes=\"(max-width: 800px) 100vw, 800px\" \/><\/figure>\n<\/div>\n<\/div>","protected":false},"excerpt":{"rendered":"<div class=\"lRu31\" dir=\"ltr\">Willkommen zum Kauf von Catering-Schalen in gro\u00dfen Mengen. Diese konische Keramiksch\u00fcssel im japanischen Stil Gro\u00dfhandel hat ein einzigartiges Design und Essst\u00e4bchen L\u00f6cher auf dem Rand der Sch\u00fcssel, die bequem und praktisch ist. Gro\u00dfes Fassungsverm\u00f6gen und Hochtemperatur-Keramik-Technologie sind f\u00fcr alle Arten von Nudelsuppe Grundnahrungsmittel geeignet. Es ist eine ideale High-End-Geschirr Wahl f\u00fcr Hotels und Restaurants.<\/p>\n<div id=\"ow15\">\n<table style=\"border-collapse: collapse; width: 327.02pt;\" border=\"0\" width=\"654\" cellspacing=\"0\" cellpadding=\"0\">\n<tbody>\n<tr style=\"height: 16.50pt;\">\n<td class=\"et3\" style=\"height: 16.50pt; width: 127.20pt;\" width=\"254\" height=\"33\">Hersteller<\/td>\n<td class=\"et3\" style=\"width: 200.15pt;\" width=\"400\">Yongjian<\/td>\n<\/tr>\n<tr style=\"height: 16.50pt;\">\n<td class=\"et3\" style=\"height: 16.50pt;\" height=\"33\">Modell Nr.<\/td>\n<td class=\"et4\" style=\"width: 200.15pt;\" width=\"400\">YJ-142<\/td>\n<\/tr>\n<tr style=\"height: 16.50pt;\">\n<td class=\"et3\" style=\"height: 16.50pt;\" height=\"33\">Produkttyp<\/td>\n<td class=\"et3\">Suppen- und Ramenschalen<\/td>\n<\/tr>\n<tr style=\"height: 16.50pt;\">\n<td class=\"et3\" style=\"height: 16.50pt;\" height=\"33\">Material<\/td>\n<td class=\"et3\">Porzellan<\/td>\n<\/tr>\n<tr style=\"height: 16.50pt;\">\n<td class=\"et5\" style=\"height: 16.50pt;\" height=\"33\">Farbe<\/td>\n<td class=\"et3\">Als Bild<\/td>\n<\/tr>\n<tr style=\"height: 16.50pt;\">\n<td class=\"et3\" style=\"height: 16.50pt;\" height=\"33\">Dimension<\/td>\n<td class=\"et6\" style=\"width: 200.15pt;\" width=\"400\">20*20*11cm<\/td>\n<\/tr>\n<tr style=\"height: 16.50pt;\">\n<td class=\"et3\" style=\"height: 16.50pt;\" height=\"33\">MOQ<\/td>\n<td class=\"et3\">500St\u00fcck<\/td>\n<\/tr>\n<tr style=\"height: 16.50pt;\">\n<td class=\"et3\" style=\"height: 16.50pt;\" height=\"33\">Benutzerdefiniert<\/td>\n<td class=\"et3\">Farbe\/Gr\u00f6\u00dfe\/Logo\/Verpackung<\/td>\n<\/tr>\n<\/tbody>\n<\/table>\n<\/div>\n<\/div>","protected":false},"featured_media":4893,"comment_status":"closed","ping_status":"closed","template":"","meta":{"_acf_changed":false},"product_brand":[],"product_cat":[73,63],"product_tag":[88],"class_list":{"0":"post-4891","1":"product","2":"type-product","3":"status-publish","4":"has-post-thumbnail","6":"product_cat-bulk-soup-bowls","7":"product_cat-wholesale-bowls","8":"product_tag-japanese-style-dinnerware-set-wholesale","10":"first","11":"instock","12":"shipping-taxable","13":"product-type-simple"},"acf":[],"_links":{"self":[{"href":"https:\/\/www.yongjianceramic.com\/de\/wp-json\/wp\/v2\/product\/4891","targetHints":{"allow":["GET"]}}],"collection":[{"href":"https:\/\/www.yongjianceramic.com\/de\/wp-json\/wp\/v2\/product"}],"about":[{"href":"https:\/\/www.yongjianceramic.com\/de\/wp-json\/wp\/v2\/types\/product"}],"replies":[{"embeddable":true,"href":"https:\/\/www.yongjianceramic.com\/de\/wp-json\/wp\/v2\/comments?post=4891"}],"wp:featuredmedia":[{"embeddable":true,"href":"https:\/\/www.yongjianceramic.com\/de\/wp-json\/wp\/v2\/media\/4893"}],"wp:attachment":[{"href":"https:\/\/www.yongjianceramic.com\/de\/wp-json\/wp\/v2\/media?parent=4891"}],"wp:term":[{"taxonomy":"product_brand","embeddable":true,"href":"https:\/\/www.yongjianceramic.com\/de\/wp-json\/wp\/v2\/product_brand?post=4891"},{"taxonomy":"product_cat","embeddable":true,"href":"https:\/\/www.yongjianceramic.com\/de\/wp-json\/wp\/v2\/product_cat?post=4891"},{"taxonomy":"product_tag","embeddable":true,"href":"https:\/\/www.yongjianceramic.com\/de\/wp-json\/wp\/v2\/product_tag?post=4891"}],"curies":[{"name":"wp","href":"https:\/\/api.w.org\/{rel}","templated":true}]}}