{"id":4902,"date":"2025-06-07T16:33:06","date_gmt":"2025-06-07T08:33:06","guid":{"rendered":"https:\/\/www.yongjianceramic.com\/?post_type=product&#038;p=4902"},"modified":"2025-06-07T16:33:08","modified_gmt":"2025-06-07T08:33:08","slug":"bulk-restaurant-dinner-plates","status":"publish","type":"product","link":"https:\/\/www.yongjianceramic.com\/de\/produkt\/bulk-restaurant-dinner-plates\/","title":{"rendered":"Reaktiv glasiert Bulk Restaurant Abendessen Teller Gro\u00dfhandel"},"content":{"rendered":"<div class=\"wp-block-columns is-layout-flex wp-container-core-columns-is-layout-9d6595d7 wp-block-columns-is-layout-flex\">\n<div class=\"wp-block-column is-layout-flow wp-block-column-is-layout-flow\">\n<h2 class=\"wp-block-heading\">Premium Bulk Restaurant Dinner Plates Eigenschaften:<\/h2>\n\n\n\n<ul class=\"wp-block-list\">\n<li><strong>Reaktiv glasiertes Verfahren, nat\u00fcrliche und einzigartige Glasurfarbe: <\/strong>Bei diesen gro\u00dfen Restauranttellern wird ein Hochtemperatur-Reaktionsglasurverfahren angewandt, das es der Glasurfarbe erm\u00f6glicht, nat\u00fcrlich zu flie\u00dfen und eine einzigartige Textur zu bilden, die die k\u00fcnstlerische Sch\u00f6nheit hervorhebt.<\/li>\n\n\n\n<li><strong>Flache Platte mit dickem Rand, praktisch und \u00fcberlaufsicher: <\/strong>Diese Gro\u00dfhandelskeramikschalen mit dicker Randstruktur erh\u00f6hen nicht nur die Gesamtstabilit\u00e4t, sondern verhindern auch wirksam das \u00dcberlaufen der Suppe, was sehr praktisch ist.<\/li>\n\n\n\n<li><strong>Es sind drei Farben f\u00fcr verschiedene passende Szenen erh\u00e4ltlich: <\/strong>Unsere gro\u00dfen Restaurantteller sind in drei klassischen Farbt\u00f6nen erh\u00e4ltlich, die zu verschiedenen Tischstilen und Gerichten passen und somit die unterschiedlichsten Anforderungen erf\u00fcllen.<\/li>\n\n\n\n<li><strong>Geeignet f\u00fcr Gro\u00dfeink\u00e4ufe in Restaurants und Hotels:<\/strong> Unser hitzebest\u00e4ndiges und verschlei\u00dffestes Gro\u00dfhandels-Keramikgeschirr ist f\u00fcr den t\u00e4glichen, h\u00e4ufigen Gebrauch geeignet und eignet sich perfekt f\u00fcr Gro\u00dfeink\u00e4ufe in der gewerblichen Gastronomie, z. B. in Restaurants und Hotels.<\/li>\n<\/ul>\n<\/div>\n\n\n\n<div class=\"wp-block-column is-layout-flow wp-block-column-is-layout-flow\">\n<figure class=\"wp-block-image size-full\"><img fetchpriority=\"high\" decoding=\"async\" width=\"800\" height=\"800\" src=\"https:\/\/www.yongjianceramic.com\/wp-content\/uploads\/2025\/06\/dinner-plates-wholesale\uff0ccrockery-manufacturers-\uff0cceramic-plates-in-bulk\uff0c-7.webp\" alt=\"Reaktiv glasiert Bulk Restaurant Abendessen Teller Gro\u00dfhandel-7\" class=\"wp-image-4909\" srcset=\"https:\/\/www.yongjianceramic.com\/wp-content\/uploads\/2025\/06\/dinner-plates-wholesale\uff0ccrockery-manufacturers-\uff0cceramic-plates-in-bulk\uff0c-7.webp 800w, https:\/\/www.yongjianceramic.com\/wp-content\/uploads\/2025\/06\/dinner-plates-wholesale\uff0ccrockery-manufacturers-\uff0cceramic-plates-in-bulk\uff0c-7-300x300.webp 300w, https:\/\/www.yongjianceramic.com\/wp-content\/uploads\/2025\/06\/dinner-plates-wholesale\uff0ccrockery-manufacturers-\uff0cceramic-plates-in-bulk\uff0c-7-150x150.webp 150w, https:\/\/www.yongjianceramic.com\/wp-content\/uploads\/2025\/06\/dinner-plates-wholesale\uff0ccrockery-manufacturers-\uff0cceramic-plates-in-bulk\uff0c-7-768x768.webp 768w, https:\/\/www.yongjianceramic.com\/wp-content\/uploads\/2025\/06\/dinner-plates-wholesale\uff0ccrockery-manufacturers-\uff0cceramic-plates-in-bulk\uff0c-7-12x12.webp 12w, https:\/\/www.yongjianceramic.com\/wp-content\/uploads\/2025\/06\/dinner-plates-wholesale\uff0ccrockery-manufacturers-\uff0cceramic-plates-in-bulk\uff0c-7-285x285.webp 285w, https:\/\/www.yongjianceramic.com\/wp-content\/uploads\/2025\/06\/dinner-plates-wholesale\uff0ccrockery-manufacturers-\uff0cceramic-plates-in-bulk\uff0c-7-270x270.webp 270w, https:\/\/www.yongjianceramic.com\/wp-content\/uploads\/2025\/06\/dinner-plates-wholesale\uff0ccrockery-manufacturers-\uff0cceramic-plates-in-bulk\uff0c-7-540x540.webp 540w, https:\/\/www.yongjianceramic.com\/wp-content\/uploads\/2025\/06\/dinner-plates-wholesale\uff0ccrockery-manufacturers-\uff0cceramic-plates-in-bulk\uff0c-7-660x660.webp 660w\" sizes=\"(max-width: 800px) 100vw, 800px\" \/><\/figure>\n<\/div>\n<\/div>","protected":false},"excerpt":{"rendered":"<p>Willkommen im Gro\u00dfhandel Keramikgeschirr zu kaufen. Unsere 7,5-Zoll-Gro\u00dfhandel Restaurant Essteller verwenden reaktive Glasur Technologie und sind in drei Farben erh\u00e4ltlich. Es ist sch\u00f6n und praktisch mit einem dicken Rand Design. Es eignet sich f\u00fcr eine Vielzahl von Mahlzeiten, wie Salate und Desserts. Er ist die ideale Wahl f\u00fcr die gewerbliche Gastronomie und den privaten Gebrauch.<\/p>\n<table style=\"border-collapse: collapse; width: 327.02pt;\" border=\"0\" width=\"654\" cellspacing=\"0\" cellpadding=\"0\">\n<tbody>\n<tr style=\"height: 16.50pt;\">\n<td class=\"et3\" style=\"height: 16.50pt; width: 127.20pt;\" width=\"254\" height=\"33\">Hersteller<\/td>\n<td class=\"et3\" style=\"width: 200.15pt;\" width=\"400\">Yongjian<\/td>\n<\/tr>\n<tr style=\"height: 16.50pt;\">\n<td class=\"et3\" style=\"height: 16.50pt;\" height=\"33\">Modell Nr.<\/td>\n<td class=\"et4\" style=\"width: 200.15pt;\" width=\"400\">YJ-143<\/td>\n<\/tr>\n<tr style=\"height: 16.50pt;\">\n<td class=\"et3\" style=\"height: 16.50pt;\" height=\"33\">Produkttyp<\/td>\n<td class=\"et3\">Essteller<\/td>\n<\/tr>\n<tr style=\"height: 16.50pt;\">\n<td class=\"et3\" style=\"height: 16.50pt;\" height=\"33\">Material<\/td>\n<td class=\"et3\">Porzellan<\/td>\n<\/tr>\n<tr style=\"height: 16.50pt;\">\n<td class=\"et5\" style=\"height: 16.50pt;\" height=\"33\">Farbe<\/td>\n<td class=\"et3\">Als Bild<\/td>\n<\/tr>\n<tr style=\"height: 16.50pt;\">\n<td class=\"et3\" style=\"height: 16.50pt;\" height=\"33\">Dimension<\/td>\n<td class=\"et6\" style=\"width: 200.15pt;\" width=\"400\">19*19*2,5cm<\/td>\n<\/tr>\n<tr style=\"height: 16.50pt;\">\n<td class=\"et3\" style=\"height: 16.50pt;\" height=\"33\">MOQ<\/td>\n<td class=\"et3\">500St\u00fcck<\/td>\n<\/tr>\n<tr style=\"height: 16.50pt;\">\n<td class=\"et3\" style=\"height: 16.50pt;\" height=\"33\">Benutzerdefiniert<\/td>\n<td class=\"et3\">Farbe\/Gr\u00f6\u00dfe\/Logo\/Verpackung<\/td>\n<\/tr>\n<\/tbody>\n<\/table>","protected":false},"featured_media":4903,"comment_status":"closed","ping_status":"closed","template":"","meta":{"_acf_changed":false},"product_brand":[],"product_cat":[93,62],"product_tag":[88],"class_list":{"0":"post-4902","1":"product","2":"type-product","3":"status-publish","4":"has-post-thumbnail","6":"product_cat-bulk-dinner-plates","7":"product_cat-ceramic-plates-wholesale","8":"product_tag-japanese-style-dinnerware-set-wholesale","10":"first","11":"instock","12":"shipping-taxable","13":"product-type-simple"},"acf":[],"_links":{"self":[{"href":"https:\/\/www.yongjianceramic.com\/de\/wp-json\/wp\/v2\/product\/4902","targetHints":{"allow":["GET"]}}],"collection":[{"href":"https:\/\/www.yongjianceramic.com\/de\/wp-json\/wp\/v2\/product"}],"about":[{"href":"https:\/\/www.yongjianceramic.com\/de\/wp-json\/wp\/v2\/types\/product"}],"replies":[{"embeddable":true,"href":"https:\/\/www.yongjianceramic.com\/de\/wp-json\/wp\/v2\/comments?post=4902"}],"wp:featuredmedia":[{"embeddable":true,"href":"https:\/\/www.yongjianceramic.com\/de\/wp-json\/wp\/v2\/media\/4903"}],"wp:attachment":[{"href":"https:\/\/www.yongjianceramic.com\/de\/wp-json\/wp\/v2\/media?parent=4902"}],"wp:term":[{"taxonomy":"product_brand","embeddable":true,"href":"https:\/\/www.yongjianceramic.com\/de\/wp-json\/wp\/v2\/product_brand?post=4902"},{"taxonomy":"product_cat","embeddable":true,"href":"https:\/\/www.yongjianceramic.com\/de\/wp-json\/wp\/v2\/product_cat?post=4902"},{"taxonomy":"product_tag","embeddable":true,"href":"https:\/\/www.yongjianceramic.com\/de\/wp-json\/wp\/v2\/product_tag?post=4902"}],"curies":[{"name":"wp","href":"https:\/\/api.w.org\/{rel}","templated":true}]}}