{"id":4973,"date":"2025-07-24T11:33:49","date_gmt":"2025-07-24T03:33:49","guid":{"rendered":"https:\/\/www.yongjianceramic.com\/?post_type=product&#038;p=4973"},"modified":"2025-07-24T11:41:02","modified_gmt":"2025-07-24T03:41:02","slug":"kitchen-bakeware-wholesale","status":"publish","type":"product","link":"https:\/\/www.yongjianceramic.com\/de\/produkt\/kitchen-bakeware-wholesale\/","title":{"rendered":"Moderne K\u00fcche Backformen Gro\u00dfhandel, Geschirr Kasserollen in Bulk"},"content":{"rendered":"<div class=\"wp-block-columns is-layout-flex wp-container-core-columns-is-layout-9d6595d7 wp-block-columns-is-layout-flex\">\n<div class=\"wp-block-column is-layout-flow wp-block-column-is-layout-flow\">\n<h2 class=\"wp-block-heading\">Premium Modern Kitchen Backformen Gro\u00dfhandel Eigenschaften:<\/h2>\n\n\n\n<ul class=\"wp-block-list\">\n<li><strong>Rundes Design mit zwei Griffen, einfach zu benutzen:<\/strong> Die Backformen im Gro\u00dfhandel haben eine runde Form, kombiniert mit dem Design mit doppeltem Griff, so dass sie leicht aufzunehmen und zu tragen sind. Sie eignen sich f\u00fcr alle Arten von Backblechen, Aufl\u00e4ufen und gebackenen Reisgerichten und verbinden Sch\u00f6nheit und Zweckm\u00e4\u00dfigkeit.<\/li>\n\n\n\n<li><strong>Hochtemperatur-Keramik:<\/strong> Das Backgeschirr im Gro\u00dfhandel kann als Auflaufform verwendet werden. Aus Hochtemperatur-Keramikmaterial hergestellt, hat es eine gute Hitzebest\u00e4ndigkeit und eignet sich f\u00fcr eine Vielzahl von Erhitzungsmethoden wie offene Flammen, \u00d6fen und Mikrowellenherde, um die Bed\u00fcrfnisse des Auflaufens zu erf\u00fcllen.<\/li>\n\n\n\n<li><strong>Gr\u00fcne Glasur, frisch und nat\u00fcrlich: <\/strong>Das Geschirr Kasserollen in loser Sch\u00fcttung ganze K\u00f6rper ist gr\u00fcn, mit weichen und frischen T\u00f6nen, die eine nat\u00fcrliche und moderne Atmosph\u00e4re auf den Esstisch, geeignet f\u00fcr eine Vielzahl von Restaurant Stile.<\/li>\n\n\n\n<li><strong>Multifunktionaler Einsatz, breite Anpassungsf\u00e4higkeit: <\/strong>Diese ma\u00dfgeschneiderten Backformen eignen sich nicht nur f\u00fcr den Hausgebrauch, sondern auch f\u00fcr gewerbliche Einrichtungen wie Hotels und Restaurants. Sie k\u00f6nnen Suppen, gebackenen Reis, Backen und andere Gerichte halten, um das Esserlebnis zu verbessern.<\/li>\n<\/ul>\n<\/div>\n\n\n\n<div class=\"wp-block-column is-layout-flow wp-block-column-is-layout-flow\">\n<figure class=\"wp-block-image size-full\"><img fetchpriority=\"high\" decoding=\"async\" width=\"640\" height=\"640\" src=\"https:\/\/www.yongjianceramic.com\/wp-content\/uploads\/2025\/07\/modern-china-dinnerware\uff0cwholesale-crockery\uff0ctable-chargers-in-bulk-1.webp\" alt=\"modern-kitchen-backgeschirr-gro\u00dfhandel-auflauf-kasserollen-im-umfang-1\" class=\"wp-image-4974\" srcset=\"https:\/\/www.yongjianceramic.com\/wp-content\/uploads\/2025\/07\/modern-china-dinnerware\uff0cwholesale-crockery\uff0ctable-chargers-in-bulk-1.webp 640w, https:\/\/www.yongjianceramic.com\/wp-content\/uploads\/2025\/07\/modern-china-dinnerware\uff0cwholesale-crockery\uff0ctable-chargers-in-bulk-1-300x300.webp 300w, https:\/\/www.yongjianceramic.com\/wp-content\/uploads\/2025\/07\/modern-china-dinnerware\uff0cwholesale-crockery\uff0ctable-chargers-in-bulk-1-150x150.webp 150w, https:\/\/www.yongjianceramic.com\/wp-content\/uploads\/2025\/07\/modern-china-dinnerware\uff0cwholesale-crockery\uff0ctable-chargers-in-bulk-1-12x12.webp 12w, https:\/\/www.yongjianceramic.com\/wp-content\/uploads\/2025\/07\/modern-china-dinnerware\uff0cwholesale-crockery\uff0ctable-chargers-in-bulk-1-285x285.webp 285w, https:\/\/www.yongjianceramic.com\/wp-content\/uploads\/2025\/07\/modern-china-dinnerware\uff0cwholesale-crockery\uff0ctable-chargers-in-bulk-1-270x270.webp 270w, https:\/\/www.yongjianceramic.com\/wp-content\/uploads\/2025\/07\/modern-china-dinnerware\uff0cwholesale-crockery\uff0ctable-chargers-in-bulk-1-540x540.webp 540w\" sizes=\"(max-width: 640px) 100vw, 640px\" \/><\/figure>\n<\/div>\n<\/div>","protected":false},"excerpt":{"rendered":"<div class=\"lRu31\" dir=\"ltr\">Willkommen zum Kauf unserer modernen K\u00fcche Backformen Gro\u00dfhandel. Diese gr\u00fcne runde Backform mit doppeltem Stiel hat die Funktion einer Kasserolle. Sie ist aus Hochtemperatur-Keramik hergestellt. Sie hat eine einfache und praktische Form und eignet sich f\u00fcr eine Vielzahl von Gerichten wie gebackenen Reis und Suppe. Mit ihrer frischen Farbgebung und praktischen Leistung ist sie die ideale Wahl f\u00fcr moderne Esstische und Gro\u00dfk\u00fcchen.<\/p>\n<div id=\"ow17\">\u00a0<\/div>\n<\/div>\n<div class=\"UdTY9 WdefRb\" aria-hidden=\"true\" data-location=\"2\">\n<table style=\"border-collapse: collapse; width: 327.02pt;\" border=\"0\" width=\"654\" cellspacing=\"0\" cellpadding=\"0\">\n<tbody>\n<tr style=\"height: 16.50pt;\">\n<td class=\"et3\" style=\"height: 16.50pt; width: 127.20pt;\" width=\"254\" height=\"33\">Hersteller<\/td>\n<td class=\"et3\" style=\"width: 200.15pt;\" width=\"400\">Yongjian<\/td>\n<\/tr>\n<tr style=\"height: 16.50pt;\">\n<td class=\"et3\" style=\"height: 16.50pt;\" height=\"33\">Modell Nr.<\/td>\n<td class=\"et4\" style=\"width: 200.15pt;\" width=\"400\">YJ-147<\/td>\n<\/tr>\n<tr style=\"height: 16.50pt;\">\n<td class=\"et3\" style=\"height: 16.50pt;\" height=\"33\">Produkttyp<\/td>\n<td class=\"et3\">Servierplatte<\/td>\n<\/tr>\n<tr style=\"height: 16.50pt;\">\n<td class=\"et3\" style=\"height: 16.50pt;\" height=\"33\">Material<\/td>\n<td class=\"et3\">Steingut<\/td>\n<\/tr>\n<tr style=\"height: 16.50pt;\">\n<td class=\"et5\" style=\"height: 16.50pt;\" height=\"33\">Farbe<\/td>\n<td class=\"et3\">Als Bild<\/td>\n<\/tr>\n<tr style=\"height: 16.50pt;\">\n<td class=\"et3\" style=\"height: 16.50pt;\" height=\"33\">Dimension<\/td>\n<td class=\"et6\" style=\"width: 200.15pt;\" width=\"400\">Benutzerdefinierte Gr\u00f6\u00dfe<\/td>\n<\/tr>\n<tr style=\"height: 16.50pt;\">\n<td class=\"et3\" style=\"height: 16.50pt;\" height=\"33\">MOQ<\/td>\n<td class=\"et3\">500St\u00fcck<\/td>\n<\/tr>\n<tr style=\"height: 16.50pt;\">\n<td class=\"et3\" style=\"height: 16.50pt;\" height=\"33\">Benutzerdefiniert<\/td>\n<td class=\"et3\">Farbe\/Gr\u00f6\u00dfe\/Logo\/Verpackung<\/td>\n<\/tr>\n<\/tbody>\n<\/table>\n<\/div>","protected":false},"featured_media":4975,"comment_status":"closed","ping_status":"closed","template":"","meta":{"_acf_changed":false},"product_brand":[],"product_cat":[62,99],"product_tag":[81],"class_list":{"0":"post-4973","1":"product","2":"type-product","3":"status-publish","4":"has-post-thumbnail","6":"product_cat-ceramic-plates-wholesale","7":"product_cat-baking-dishes-wholesale","8":"product_tag-modern-design-dinnerware-set-wholesale","10":"first","11":"instock","12":"shipping-taxable","13":"product-type-simple"},"acf":[],"_links":{"self":[{"href":"https:\/\/www.yongjianceramic.com\/de\/wp-json\/wp\/v2\/product\/4973","targetHints":{"allow":["GET"]}}],"collection":[{"href":"https:\/\/www.yongjianceramic.com\/de\/wp-json\/wp\/v2\/product"}],"about":[{"href":"https:\/\/www.yongjianceramic.com\/de\/wp-json\/wp\/v2\/types\/product"}],"replies":[{"embeddable":true,"href":"https:\/\/www.yongjianceramic.com\/de\/wp-json\/wp\/v2\/comments?post=4973"}],"wp:featuredmedia":[{"embeddable":true,"href":"https:\/\/www.yongjianceramic.com\/de\/wp-json\/wp\/v2\/media\/4975"}],"wp:attachment":[{"href":"https:\/\/www.yongjianceramic.com\/de\/wp-json\/wp\/v2\/media?parent=4973"}],"wp:term":[{"taxonomy":"product_brand","embeddable":true,"href":"https:\/\/www.yongjianceramic.com\/de\/wp-json\/wp\/v2\/product_brand?post=4973"},{"taxonomy":"product_cat","embeddable":true,"href":"https:\/\/www.yongjianceramic.com\/de\/wp-json\/wp\/v2\/product_cat?post=4973"},{"taxonomy":"product_tag","embeddable":true,"href":"https:\/\/www.yongjianceramic.com\/de\/wp-json\/wp\/v2\/product_tag?post=4973"}],"curies":[{"name":"wp","href":"https:\/\/api.w.org\/{rel}","templated":true}]}}