{"id":4993,"date":"2025-08-07T17:03:26","date_gmt":"2025-08-07T09:03:26","guid":{"rendered":"https:\/\/www.yongjianceramic.com\/?post_type=product&#038;p=4993"},"modified":"2025-08-07T17:03:30","modified_gmt":"2025-08-07T09:03:30","slug":"customized-baking-dish","status":"publish","type":"product","link":"https:\/\/www.yongjianceramic.com\/de\/produkt\/customized-baking-dish\/","title":{"rendered":"Rechteckige ma\u00dfgeschneiderte Backform, blaue keramische Backformen Gro\u00dfhandel f\u00fcr Haushalt"},"content":{"rendered":"<div class=\"wp-block-columns is-layout-flex wp-container-core-columns-is-layout-9d6595d7 wp-block-columns-is-layout-flex\">\n<div class=\"wp-block-column is-layout-flow wp-block-column-is-layout-flow\">\n<h2 class=\"wp-block-heading\">Hochwertige rechteckige Backform nach Ma\u00df Merkmale:<\/h2>\n\n\n\n<ul class=\"wp-block-list\">\n<li><strong>Doppelstielig Rechteckig Form:<\/strong> Die rechteckige Auflaufform mit doppeltem Griff ist leicht zu transportieren und zu servieren und kann in einem breiten Spektrum von Kochsituationen verwendet werden, einschlie\u00dflich gebackenem Reis, gegrillten Speisen und Desserts.<\/li>\n\n\n\n<li><strong>Reaktive Glasur:<\/strong> Durch den reaktiven Prozess entsteht eine Glasur, die sch\u00f6n flie\u00dft und eine charakteristische Textur aufweist. Blaues Keramik-Backgeschirr im Gro\u00dfhandel hat eine herausragende k\u00fcnstlerische Ausstrahlung, die ein elegantes und innovatives Essumfeld schafft.<\/li>\n\n\n\n<li><strong>Flexibles Design: <\/strong>Die rechteckige, ma\u00dfgeschneiderte Backform eignet sich f\u00fcr viele hausgemachte Speisen wie gebackenen Reis, gebratenes Huhn, Lasagne, Gem\u00fcseauflauf und Desserts usw. Sie ist bequem und praktisch f\u00fcr den wiederholten Gebrauch.<\/li>\n\n\n\n<li><strong>Personalisierte Angaben und Logos:<\/strong> Diese Gro\u00dfhandel Keramik Backformen bieten OEM \/ ODM kundenspezifische Dienstleistungen, einschlie\u00dflich Gr\u00f6\u00dfe, Farbe, Muster und Logo, nach pers\u00f6nlichen Anforderungen und sind f\u00fcr Gro\u00dfhandelsauftr\u00e4ge von Markenkunden.<\/li>\n<\/ul>\n<\/div>\n\n\n\n<div class=\"wp-block-column is-layout-flow wp-block-column-is-layout-flow\">\n<figure class=\"wp-block-image size-full\"><img fetchpriority=\"high\" decoding=\"async\" width=\"640\" height=\"640\" src=\"https:\/\/www.yongjianceramic.com\/wp-content\/uploads\/2025\/08\/custom-ceramic-dinner-plates\uff0ccrockery-wholesale\uff0cceramic-bowl-supplier-4.webp\" alt=\"rechteckiges-bestimmtes-blaues-keramisches-Backgeschirr-Gro\u00dfhandel-f\u00fcr-Haushalt-4\" class=\"wp-image-4997\" srcset=\"https:\/\/www.yongjianceramic.com\/wp-content\/uploads\/2025\/08\/custom-ceramic-dinner-plates\uff0ccrockery-wholesale\uff0cceramic-bowl-supplier-4.webp 640w, https:\/\/www.yongjianceramic.com\/wp-content\/uploads\/2025\/08\/custom-ceramic-dinner-plates\uff0ccrockery-wholesale\uff0cceramic-bowl-supplier-4-300x300.webp 300w, https:\/\/www.yongjianceramic.com\/wp-content\/uploads\/2025\/08\/custom-ceramic-dinner-plates\uff0ccrockery-wholesale\uff0cceramic-bowl-supplier-4-150x150.webp 150w, https:\/\/www.yongjianceramic.com\/wp-content\/uploads\/2025\/08\/custom-ceramic-dinner-plates\uff0ccrockery-wholesale\uff0cceramic-bowl-supplier-4-12x12.webp 12w, https:\/\/www.yongjianceramic.com\/wp-content\/uploads\/2025\/08\/custom-ceramic-dinner-plates\uff0ccrockery-wholesale\uff0cceramic-bowl-supplier-4-285x285.webp 285w, https:\/\/www.yongjianceramic.com\/wp-content\/uploads\/2025\/08\/custom-ceramic-dinner-plates\uff0ccrockery-wholesale\uff0cceramic-bowl-supplier-4-270x270.webp 270w, https:\/\/www.yongjianceramic.com\/wp-content\/uploads\/2025\/08\/custom-ceramic-dinner-plates\uff0ccrockery-wholesale\uff0cceramic-bowl-supplier-4-540x540.webp 540w\" sizes=\"(max-width: 640px) 100vw, 640px\" \/><\/figure>\n<\/div>\n<\/div>","protected":false},"excerpt":{"rendered":"<p>Willkommen zum Kauf unserer ma\u00dfgeschneiderten Backform. Diese rechteckige blaue Gro\u00dfhandels-Keramik-Backform kombiniert ein modernes, zeitgem\u00e4\u00dfes Design und praktische Verwendbarkeit, um das Backen zu Hause sch\u00f6n und bequem zu machen. Hergestellt aus hochwertigem Ton und unter hoher Temperatur gebrannt, hat es perfekte Hitzebest\u00e4ndigkeit und kann unter allen Backbedingungen angewendet werden.<\/p>\n<table style=\"border-collapse: collapse; width: 327.02pt;\" border=\"0\" width=\"654\" cellspacing=\"0\" cellpadding=\"0\">\n<tbody>\n<tr style=\"height: 16.50pt;\">\n<td class=\"et3\" style=\"height: 16.50pt; width: 127.20pt;\" width=\"254\" height=\"33\">Hersteller<\/td>\n<td class=\"et3\" style=\"width: 200.15pt;\" width=\"400\">Yongjian<\/td>\n<\/tr>\n<tr style=\"height: 16.50pt;\">\n<td class=\"et3\" style=\"height: 16.50pt;\" height=\"33\">Modell Nr.<\/td>\n<td class=\"et4\" style=\"width: 200.15pt;\" width=\"400\">YJ-148<\/td>\n<\/tr>\n<tr style=\"height: 16.50pt;\">\n<td class=\"et3\" style=\"height: 16.50pt;\" height=\"33\">Produkttyp<\/td>\n<td class=\"et3\">Servierplatte<\/td>\n<\/tr>\n<tr style=\"height: 16.50pt;\">\n<td class=\"et3\" style=\"height: 16.50pt;\" height=\"33\">Material<\/td>\n<td class=\"et3\">Steingut<\/td>\n<\/tr>\n<tr style=\"height: 16.50pt;\">\n<td class=\"et5\" style=\"height: 16.50pt;\" height=\"33\">Farbe<\/td>\n<td class=\"et3\">Als Bild<\/td>\n<\/tr>\n<tr style=\"height: 16.50pt;\">\n<td class=\"et3\" style=\"height: 16.50pt;\" height=\"33\">Dimension<\/td>\n<td class=\"et6\" style=\"width: 200.15pt;\" width=\"400\">Benutzerdefinierte Gr\u00f6\u00dfe<\/td>\n<\/tr>\n<tr style=\"height: 16.50pt;\">\n<td class=\"et3\" style=\"height: 16.50pt;\" height=\"33\">MOQ<\/td>\n<td class=\"et3\">500St\u00fcck<\/td>\n<\/tr>\n<tr style=\"height: 16.50pt;\">\n<td class=\"et3\" style=\"height: 16.50pt;\" height=\"33\">Benutzerdefiniert<\/td>\n<td class=\"et3\">Farbe\/Gr\u00f6\u00dfe\/Logo\/Verpackung<\/td>\n<\/tr>\n<\/tbody>\n<\/table>\n<p><script src=\"chrome-extension:\/\/fpelahbljekknahkcaegamhcndkfpfnc\/iFrame.js\" type=\"text\/javascript\"><\/script><\/p>","protected":false},"featured_media":4996,"comment_status":"closed","ping_status":"closed","template":"","meta":{"_acf_changed":false},"product_brand":[],"product_cat":[62,99],"product_tag":[81],"class_list":{"0":"post-4993","1":"product","2":"type-product","3":"status-publish","4":"has-post-thumbnail","6":"product_cat-ceramic-plates-wholesale","7":"product_cat-baking-dishes-wholesale","8":"product_tag-modern-design-dinnerware-set-wholesale","10":"first","11":"instock","12":"shipping-taxable","13":"product-type-simple"},"acf":[],"_links":{"self":[{"href":"https:\/\/www.yongjianceramic.com\/de\/wp-json\/wp\/v2\/product\/4993","targetHints":{"allow":["GET"]}}],"collection":[{"href":"https:\/\/www.yongjianceramic.com\/de\/wp-json\/wp\/v2\/product"}],"about":[{"href":"https:\/\/www.yongjianceramic.com\/de\/wp-json\/wp\/v2\/types\/product"}],"replies":[{"embeddable":true,"href":"https:\/\/www.yongjianceramic.com\/de\/wp-json\/wp\/v2\/comments?post=4993"}],"wp:featuredmedia":[{"embeddable":true,"href":"https:\/\/www.yongjianceramic.com\/de\/wp-json\/wp\/v2\/media\/4996"}],"wp:attachment":[{"href":"https:\/\/www.yongjianceramic.com\/de\/wp-json\/wp\/v2\/media?parent=4993"}],"wp:term":[{"taxonomy":"product_brand","embeddable":true,"href":"https:\/\/www.yongjianceramic.com\/de\/wp-json\/wp\/v2\/product_brand?post=4993"},{"taxonomy":"product_cat","embeddable":true,"href":"https:\/\/www.yongjianceramic.com\/de\/wp-json\/wp\/v2\/product_cat?post=4993"},{"taxonomy":"product_tag","embeddable":true,"href":"https:\/\/www.yongjianceramic.com\/de\/wp-json\/wp\/v2\/product_tag?post=4993"}],"curies":[{"name":"wp","href":"https:\/\/api.w.org\/{rel}","templated":true}]}}