{"id":5000,"date":"2025-08-07T16:36:06","date_gmt":"2025-08-07T08:36:06","guid":{"rendered":"https:\/\/www.yongjianceramic.com\/?post_type=product&#038;p=5000"},"modified":"2025-08-07T16:36:10","modified_gmt":"2025-08-07T08:36:10","slug":"custom-baking-dish","status":"publish","type":"product","link":"https:\/\/www.yongjianceramic.com\/de\/produkt\/custom-baking-dish\/","title":{"rendered":"Moderne benutzerdefinierte Backform, quadratische keramische Backform Gro\u00dfhandel"},"content":{"rendered":"<div class=\"wp-block-columns is-layout-flex wp-container-core-columns-is-layout-9d6595d7 wp-block-columns-is-layout-flex\">\n<div class=\"wp-block-column is-layout-flow wp-block-column-is-layout-flow\">\n<h2 class=\"wp-block-heading\">Premium Modern Custom Baking Dish Merkmale:<\/h2>\n\n\n\n<ul class=\"wp-block-list\">\n<li><strong>Quadratisches Design mit zwei Griffen: <\/strong>Die quadratische Gro\u00dfhandels-Keramik-Backform mit doppeltem Griff ist griffig und stabil und eignet sich daher ideal f\u00fcr alle Arten von Gerichten wie gebackenen Reis, gebratenes Gem\u00fcse und Desserts und verleiht ihr ein gl\u00e4nzendes und edles Aussehen.<\/li>\n\n\n\n<li><strong>Florale Ornamentik:<\/strong> Zusammen mit der roten Farbe der Auflaufform und dem bezaubernden Blumenmuster macht beides jeden Tisch zu Hause warm und sch\u00f6n und erhebt ihn in den Rang eines Kunstwerks.<\/li>\n\n\n\n<li><strong>Hochtemperatur-Keramik:<\/strong> Die bei hohen Temperaturen gebrannte keramische Auflaufform ist hitzefrei, hitzebest\u00e4ndig, schadstofffrei und mikrowellengeeignet und bietet somit Lebensmittelsicherheit.<\/li>\n\n\n\n<li><strong>Glatte Glasur, leicht zu reinigen: <\/strong>Die quadratische Gro\u00dfhandels-Keramik-Backform hat eine glatte und schwere Glasur, die Flecken und \u00d6l abweist, leicht zu reinigen und dauerhaft sauber zu halten ist. Geeignet f\u00fcr den t\u00e4glichen Gebrauch zu Hause und im Restaurant.<\/li>\n<\/ul>\n<\/div>\n\n\n\n<div class=\"wp-block-column is-layout-flow wp-block-column-is-layout-flow\">\n<figure class=\"wp-block-image size-full\"><img fetchpriority=\"high\" decoding=\"async\" width=\"640\" height=\"640\" src=\"https:\/\/www.yongjianceramic.com\/wp-content\/uploads\/2025\/08\/custom-tableware\uff0crestaurant-crockery-suppliers\uff0cceramic-plate-manufacturing-process-4.webp\" alt=\"Moderne-Backform-Quadrat-Keramik-Backform-Gro\u00dfhandel-4\" class=\"wp-image-5004\" srcset=\"https:\/\/www.yongjianceramic.com\/wp-content\/uploads\/2025\/08\/custom-tableware\uff0crestaurant-crockery-suppliers\uff0cceramic-plate-manufacturing-process-4.webp 640w, https:\/\/www.yongjianceramic.com\/wp-content\/uploads\/2025\/08\/custom-tableware\uff0crestaurant-crockery-suppliers\uff0cceramic-plate-manufacturing-process-4-300x300.webp 300w, https:\/\/www.yongjianceramic.com\/wp-content\/uploads\/2025\/08\/custom-tableware\uff0crestaurant-crockery-suppliers\uff0cceramic-plate-manufacturing-process-4-150x150.webp 150w, https:\/\/www.yongjianceramic.com\/wp-content\/uploads\/2025\/08\/custom-tableware\uff0crestaurant-crockery-suppliers\uff0cceramic-plate-manufacturing-process-4-12x12.webp 12w, https:\/\/www.yongjianceramic.com\/wp-content\/uploads\/2025\/08\/custom-tableware\uff0crestaurant-crockery-suppliers\uff0cceramic-plate-manufacturing-process-4-285x285.webp 285w, https:\/\/www.yongjianceramic.com\/wp-content\/uploads\/2025\/08\/custom-tableware\uff0crestaurant-crockery-suppliers\uff0cceramic-plate-manufacturing-process-4-270x270.webp 270w, https:\/\/www.yongjianceramic.com\/wp-content\/uploads\/2025\/08\/custom-tableware\uff0crestaurant-crockery-suppliers\uff0cceramic-plate-manufacturing-process-4-540x540.webp 540w\" sizes=\"(max-width: 640px) 100vw, 640px\" \/><\/figure>\n<\/div>\n<\/div>","protected":false},"excerpt":{"rendered":"<p>Willkommen in unserer benutzerdefinierten Backform zu kaufen. Diese zwei-handle rot floralem Muster quadratische Keramik Backform Gro\u00dfhandel ist sowohl stilvoll und funktional. Hergestellt aus Hochtemperatur-Keramik, ist es hitzebest\u00e4ndig und sicher, und kann beim Servieren zahlreicher Gerichte und Restaurant Bankette mit einem Gef\u00fchl von W\u00e4rme und Eleganz zu Ihrem Esstisch verwendet werden.<\/p>\n<table style=\"border-collapse: collapse; width: 327.02pt;\" border=\"0\" width=\"654\" cellspacing=\"0\" cellpadding=\"0\">\n<tbody>\n<tr style=\"height: 16.50pt;\">\n<td class=\"et3\" style=\"height: 16.50pt; width: 127.20pt;\" width=\"254\" height=\"33\">Hersteller<\/td>\n<td class=\"et3\" style=\"width: 200.15pt;\" width=\"400\">Yongjian<\/td>\n<\/tr>\n<tr style=\"height: 16.50pt;\">\n<td class=\"et3\" style=\"height: 16.50pt;\" height=\"33\">Modell Nr.<\/td>\n<td class=\"et4\" style=\"width: 200.15pt;\" width=\"400\">YJ-149<\/td>\n<\/tr>\n<tr style=\"height: 16.50pt;\">\n<td class=\"et3\" style=\"height: 16.50pt;\" height=\"33\">Produkttyp<\/td>\n<td class=\"et3\">Servierplatte<\/td>\n<\/tr>\n<tr style=\"height: 16.50pt;\">\n<td class=\"et3\" style=\"height: 16.50pt;\" height=\"33\">Material<\/td>\n<td class=\"et3\">Steingut<\/td>\n<\/tr>\n<tr style=\"height: 16.50pt;\">\n<td class=\"et5\" style=\"height: 16.50pt;\" height=\"33\">Farbe<\/td>\n<td class=\"et3\">Als Bild<\/td>\n<\/tr>\n<tr style=\"height: 16.50pt;\">\n<td class=\"et3\" style=\"height: 16.50pt;\" height=\"33\">Dimension<\/td>\n<td class=\"et6\" style=\"width: 200.15pt;\" width=\"400\">Benutzerdefinierte Gr\u00f6\u00dfe<\/td>\n<\/tr>\n<tr style=\"height: 16.50pt;\">\n<td class=\"et3\" style=\"height: 16.50pt;\" height=\"33\">MOQ<\/td>\n<td class=\"et3\">500St\u00fcck<\/td>\n<\/tr>\n<tr style=\"height: 16.50pt;\">\n<td class=\"et3\" style=\"height: 16.50pt;\" height=\"33\">Benutzerdefiniert<\/td>\n<td class=\"et3\">Farbe\/Gr\u00f6\u00dfe\/Logo\/Verpackung<\/td>\n<\/tr>\n<\/tbody>\n<\/table>\n<p>\n<script src=\"chrome-extension:\/\/fpelahbljekknahkcaegamhcndkfpfnc\/iFrame.js\" type=\"text\/javascript\"><\/script><\/p>","protected":false},"featured_media":5003,"comment_status":"closed","ping_status":"closed","template":"","meta":{"_acf_changed":false},"product_brand":[],"product_cat":[62,99],"product_tag":[81],"class_list":{"0":"post-5000","1":"product","2":"type-product","3":"status-publish","4":"has-post-thumbnail","6":"product_cat-ceramic-plates-wholesale","7":"product_cat-baking-dishes-wholesale","8":"product_tag-modern-design-dinnerware-set-wholesale","10":"first","11":"instock","12":"shipping-taxable","13":"product-type-simple"},"acf":[],"_links":{"self":[{"href":"https:\/\/www.yongjianceramic.com\/de\/wp-json\/wp\/v2\/product\/5000","targetHints":{"allow":["GET"]}}],"collection":[{"href":"https:\/\/www.yongjianceramic.com\/de\/wp-json\/wp\/v2\/product"}],"about":[{"href":"https:\/\/www.yongjianceramic.com\/de\/wp-json\/wp\/v2\/types\/product"}],"replies":[{"embeddable":true,"href":"https:\/\/www.yongjianceramic.com\/de\/wp-json\/wp\/v2\/comments?post=5000"}],"wp:featuredmedia":[{"embeddable":true,"href":"https:\/\/www.yongjianceramic.com\/de\/wp-json\/wp\/v2\/media\/5003"}],"wp:attachment":[{"href":"https:\/\/www.yongjianceramic.com\/de\/wp-json\/wp\/v2\/media?parent=5000"}],"wp:term":[{"taxonomy":"product_brand","embeddable":true,"href":"https:\/\/www.yongjianceramic.com\/de\/wp-json\/wp\/v2\/product_brand?post=5000"},{"taxonomy":"product_cat","embeddable":true,"href":"https:\/\/www.yongjianceramic.com\/de\/wp-json\/wp\/v2\/product_cat?post=5000"},{"taxonomy":"product_tag","embeddable":true,"href":"https:\/\/www.yongjianceramic.com\/de\/wp-json\/wp\/v2\/product_tag?post=5000"}],"curies":[{"name":"wp","href":"https:\/\/api.w.org\/{rel}","templated":true}]}}