{"id":5006,"date":"2025-08-08T09:34:26","date_gmt":"2025-08-08T01:34:26","guid":{"rendered":"https:\/\/www.yongjianceramic.com\/?post_type=product&#038;p=5006"},"modified":"2025-09-04T10:03:51","modified_gmt":"2025-09-04T02:03:51","slug":"wholesale-cake-baking-pans","status":"publish","type":"product","link":"https:\/\/www.yongjianceramic.com\/de\/produkt\/wholesale-cake-baking-pans\/","title":{"rendered":"Gro\u00dfhandel Kuchen backen Pfannen, kleine Keramikschalen Gro\u00dfhandel Hochzeit Geschirr"},"content":{"rendered":"<div class=\"wp-block-columns is-layout-flex wp-container-core-columns-is-layout-9d6595d7 wp-block-columns-is-layout-flex\">\n<div class=\"wp-block-column is-layout-flow wp-block-column-is-layout-flow\">\n<h2 class=\"wp-block-heading\">Premium Gro\u00dfhandel Kuchen Backformen Eigenschaften:<\/h2>\n\n\n\n<ul class=\"wp-block-list\">\n<li><strong>Einfaches rundes Design: <\/strong>Die Gro\u00dfhandels-Kuchenbackformen mit klassischer runder Form und reinwei\u00dfer Glasur haben ein schlichtes und edles Aussehen, das zu jedem gedeckten Tisch und jeder Feier passt, insbesondere zu Hochzeiten und Banketten.<\/li>\n\n\n\n<li><strong>Hochtemperatur-Keramik:<\/strong> Die Gro\u00dfhandelskuchenbackformen werden bei hoher Temperatur gebrannt, bieten eine h\u00f6here Hitzebest\u00e4ndigkeit und sind backofen- und mikrowellengeeignet, ideal zum Backen von Kuchen, Pudding, gebackenem Reis und vielem mehr.<\/li>\n\n\n\n<li><strong>Economy Size, Universelle L\u00f6sungen: <\/strong>Die gro\u00dfe Backsch\u00fcssel hat die perfekte Gr\u00f6\u00dfe, um Desserts, Salate, Beilagen oder Gew\u00fcrze zu servieren und erf\u00fcllt viele verschiedene Bed\u00fcrfnisse beim Essen.<\/li>\n\n\n\n<li><strong>Sicher, gesund und leicht zu reinigen: <\/strong>Die lose Backform enth\u00e4lt keine sch\u00e4dlichen Chemikalien, die Glasur ist glatt und dickfl\u00fcssig, fettfleckenresistent, leicht zu reinigen und beh\u00e4lt auch bei starker Beanspruchung ihren makellosen Zustand.<\/li>\n<\/ul>\n<\/div>\n\n\n\n<div class=\"wp-block-column is-layout-flow wp-block-column-is-layout-flow\">\n<figure class=\"wp-block-image size-full\"><img fetchpriority=\"high\" decoding=\"async\" width=\"640\" height=\"640\" src=\"https:\/\/www.yongjianceramic.com\/wp-content\/uploads\/2025\/08\/custom-crockerywedding-dinnerware-bulksmall-ceramic-bowls-wholesale-4.webp\" alt=\"gro\u00dfhandel-kuchen-backformen-kleine-keramik-schalen-gro\u00dfhandel-hochzeitsgeschirr-4\" class=\"wp-image-5010\" srcset=\"https:\/\/www.yongjianceramic.com\/wp-content\/uploads\/2025\/08\/custom-crockerywedding-dinnerware-bulksmall-ceramic-bowls-wholesale-4.webp 640w, https:\/\/www.yongjianceramic.com\/wp-content\/uploads\/2025\/08\/custom-crockerywedding-dinnerware-bulksmall-ceramic-bowls-wholesale-4-300x300.webp 300w, https:\/\/www.yongjianceramic.com\/wp-content\/uploads\/2025\/08\/custom-crockerywedding-dinnerware-bulksmall-ceramic-bowls-wholesale-4-150x150.webp 150w, https:\/\/www.yongjianceramic.com\/wp-content\/uploads\/2025\/08\/custom-crockerywedding-dinnerware-bulksmall-ceramic-bowls-wholesale-4-12x12.webp 12w, https:\/\/www.yongjianceramic.com\/wp-content\/uploads\/2025\/08\/custom-crockerywedding-dinnerware-bulksmall-ceramic-bowls-wholesale-4-285x285.webp 285w, https:\/\/www.yongjianceramic.com\/wp-content\/uploads\/2025\/08\/custom-crockerywedding-dinnerware-bulksmall-ceramic-bowls-wholesale-4-270x270.webp 270w, https:\/\/www.yongjianceramic.com\/wp-content\/uploads\/2025\/08\/custom-crockerywedding-dinnerware-bulksmall-ceramic-bowls-wholesale-4-540x540.webp 540w\" sizes=\"(max-width: 640px) 100vw, 640px\" \/><\/figure>\n<\/div>\n<\/div>","protected":false},"excerpt":{"rendered":"<p>Willkommen zum Kauf unserer Gro\u00dfhandel Kuchenbackformen. Diese runde wei\u00dfe Keramik-Backform hat ein einfaches und elegantes Design und kann f\u00fcr viele Backwaren, wie Kuchen und Pudding, verwendet werden. Das Hochtemperatur-Keramikmaterial ist hitzebest\u00e4ndig und sicher im Gebrauch, so vielseitig und praktisch, dass es eine perfekte Wahl f\u00fcr Hochzeiten und t\u00e4gliche Mahlzeiten ist.<\/p>\n<table style=\"border-collapse: collapse; width: 327.02pt;\" border=\"0\" width=\"654\" cellspacing=\"0\" cellpadding=\"0\">\n<tbody>\n<tr style=\"height: 16.50pt;\">\n<td class=\"et3\" style=\"height: 16.50pt; width: 127.20pt;\" width=\"254\" height=\"33\">Hersteller<\/td>\n<td class=\"et3\" style=\"width: 200.15pt;\" width=\"400\">Yongjian<\/td>\n<\/tr>\n<tr style=\"height: 16.50pt;\">\n<td class=\"et3\" style=\"height: 16.50pt;\" height=\"33\">Modell Nr.<\/td>\n<td class=\"et4\" style=\"width: 200.15pt;\" width=\"400\">YJ-150<\/td>\n<\/tr>\n<tr style=\"height: 16.50pt;\">\n<td class=\"et3\" style=\"height: 16.50pt;\" height=\"33\">Produkttyp<\/td>\n<td class=\"et3\">Servierplatte<\/td>\n<\/tr>\n<tr style=\"height: 16.50pt;\">\n<td class=\"et3\" style=\"height: 16.50pt;\" height=\"33\">Material<\/td>\n<td class=\"et3\">Steingut<\/td>\n<\/tr>\n<tr style=\"height: 16.50pt;\">\n<td class=\"et5\" style=\"height: 16.50pt;\" height=\"33\">Farbe<\/td>\n<td class=\"et3\">Als Bild<\/td>\n<\/tr>\n<tr style=\"height: 16.50pt;\">\n<td class=\"et3\" style=\"height: 16.50pt;\" height=\"33\">Dimension<\/td>\n<td class=\"et6\" style=\"width: 200.15pt;\" width=\"400\">Benutzerdefinierte Gr\u00f6\u00dfe<\/td>\n<\/tr>\n<tr style=\"height: 16.50pt;\">\n<td class=\"et3\" style=\"height: 16.50pt;\" height=\"33\">MOQ<\/td>\n<td class=\"et3\">500St\u00fcck<\/td>\n<\/tr>\n<tr style=\"height: 16.50pt;\">\n<td class=\"et3\" style=\"height: 16.50pt;\" height=\"33\">Benutzerdefiniert<\/td>\n<td class=\"et3\">Farbe\/Gr\u00f6\u00dfe\/Logo\/Verpackung<\/td>\n<\/tr>\n<\/tbody>\n<\/table>\n<p><script src=\"chrome-extension:\/\/fpelahbljekknahkcaegamhcndkfpfnc\/iFrame.js\" type=\"text\/javascript\"><\/script><\/p>\n<p>\n<script src=\"chrome-extension:\/\/fpelahbljekknahkcaegamhcndkfpfnc\/iFrame.js\" type=\"text\/javascript\"><\/script><\/p>","protected":false},"featured_media":5009,"comment_status":"closed","ping_status":"closed","template":"","meta":{"_acf_changed":false},"product_brand":[],"product_cat":[99],"product_tag":[81],"class_list":{"0":"post-5006","1":"product","2":"type-product","3":"status-publish","4":"has-post-thumbnail","6":"product_cat-baking-dishes-wholesale","7":"product_tag-modern-design-dinnerware-set-wholesale","9":"first","10":"instock","11":"shipping-taxable","12":"product-type-simple"},"acf":[],"_links":{"self":[{"href":"https:\/\/www.yongjianceramic.com\/de\/wp-json\/wp\/v2\/product\/5006","targetHints":{"allow":["GET"]}}],"collection":[{"href":"https:\/\/www.yongjianceramic.com\/de\/wp-json\/wp\/v2\/product"}],"about":[{"href":"https:\/\/www.yongjianceramic.com\/de\/wp-json\/wp\/v2\/types\/product"}],"replies":[{"embeddable":true,"href":"https:\/\/www.yongjianceramic.com\/de\/wp-json\/wp\/v2\/comments?post=5006"}],"wp:featuredmedia":[{"embeddable":true,"href":"https:\/\/www.yongjianceramic.com\/de\/wp-json\/wp\/v2\/media\/5009"}],"wp:attachment":[{"href":"https:\/\/www.yongjianceramic.com\/de\/wp-json\/wp\/v2\/media?parent=5006"}],"wp:term":[{"taxonomy":"product_brand","embeddable":true,"href":"https:\/\/www.yongjianceramic.com\/de\/wp-json\/wp\/v2\/product_brand?post=5006"},{"taxonomy":"product_cat","embeddable":true,"href":"https:\/\/www.yongjianceramic.com\/de\/wp-json\/wp\/v2\/product_cat?post=5006"},{"taxonomy":"product_tag","embeddable":true,"href":"https:\/\/www.yongjianceramic.com\/de\/wp-json\/wp\/v2\/product_tag?post=5006"}],"curies":[{"name":"wp","href":"https:\/\/api.w.org\/{rel}","templated":true}]}}