{"id":5012,"date":"2025-08-07T17:53:51","date_gmt":"2025-08-07T09:53:51","guid":{"rendered":"https:\/\/www.yongjianceramic.com\/?post_type=product&#038;p=5012"},"modified":"2025-08-07T17:53:54","modified_gmt":"2025-08-07T09:53:54","slug":"custom-bakeware","status":"publish","type":"product","link":"https:\/\/www.yongjianceramic.com\/de\/produkt\/custom-bakeware\/","title":{"rendered":"Doppelte Griff benutzerdefinierte Backformen, Glasur keramische Backform Gro\u00dfhandel"},"content":{"rendered":"<div class=\"wp-block-columns is-layout-flex wp-container-core-columns-is-layout-9d6595d7 wp-block-columns-is-layout-flex\">\n<div class=\"wp-block-column is-layout-flow wp-block-column-is-layout-flow\">\n<h2 class=\"wp-block-heading\">Premium Double Handle Custom Bakeware Merkmale:<\/h2>\n\n\n\n<ul class=\"wp-block-list\">\n<li><strong>Quadratisches Doppelgriff-Design:<\/strong> Die quadratische Backform mit Doppelgriffen liegt gut in der Hand. Die abgerundeten Ecken erleichtern nicht nur das gleichm\u00e4\u00dfige Erhitzen von Lebensmitteln, sondern machen es auch einfach zu halten und zu tragen, bequem und sicher zu verwenden.<\/li>\n\n\n\n<li><strong>Gestreiftes Muster, stilvoll und ansprechend: <\/strong>Die glasierte Keramik-Backform bringt mit ihren leuchtenden orange-wei\u00dfen Streifen ein jugendliches und modernes Flair auf Ihren Tisch.<\/li>\n\n\n\n<li><strong>Hochtemperatur-Keramik: <\/strong>Die quadratischen Backformen, die mit einem Hochtemperatur-Brandverfahren hergestellt werden, bieten eine hervorragende Hitzebest\u00e4ndigkeit, sind backofen- und mikrowellengeeignet und auch nach l\u00e4ngerem Gebrauch rissfest.<\/li>\n\n\n\n<li><strong>Kundenspezifische Dienstleistungen:<\/strong> Diese Gro\u00dfhandel Keramik Backformen bieten OEM \/ ODM kundenspezifische Dienstleistungen, einschlie\u00dflich Gr\u00f6\u00dfe, Farbe, Muster und Logo, nach pers\u00f6nlichen Anforderungen und sind f\u00fcr Gro\u00dfhandelsauftr\u00e4ge von Markenkunden.<\/li>\n<\/ul>\n<\/div>\n\n\n\n<div class=\"wp-block-column is-layout-flow wp-block-column-is-layout-flow\">\n<figure class=\"wp-block-image size-full\"><img fetchpriority=\"high\" decoding=\"async\" width=\"640\" height=\"640\" src=\"https:\/\/www.yongjianceramic.com\/wp-content\/uploads\/2025\/08\/bowl-factoryceramic-dinner-plates-bulkcustom-made-crockery-5.webp\" alt=\"Doppelgriff-Backformen-Glasur-Keramik-Backform-Gro\u00dfhandel-5\" class=\"wp-image-5017\" srcset=\"https:\/\/www.yongjianceramic.com\/wp-content\/uploads\/2025\/08\/bowl-factoryceramic-dinner-plates-bulkcustom-made-crockery-5.webp 640w, https:\/\/www.yongjianceramic.com\/wp-content\/uploads\/2025\/08\/bowl-factoryceramic-dinner-plates-bulkcustom-made-crockery-5-300x300.webp 300w, https:\/\/www.yongjianceramic.com\/wp-content\/uploads\/2025\/08\/bowl-factoryceramic-dinner-plates-bulkcustom-made-crockery-5-150x150.webp 150w, https:\/\/www.yongjianceramic.com\/wp-content\/uploads\/2025\/08\/bowl-factoryceramic-dinner-plates-bulkcustom-made-crockery-5-12x12.webp 12w, https:\/\/www.yongjianceramic.com\/wp-content\/uploads\/2025\/08\/bowl-factoryceramic-dinner-plates-bulkcustom-made-crockery-5-285x285.webp 285w, https:\/\/www.yongjianceramic.com\/wp-content\/uploads\/2025\/08\/bowl-factoryceramic-dinner-plates-bulkcustom-made-crockery-5-270x270.webp 270w, https:\/\/www.yongjianceramic.com\/wp-content\/uploads\/2025\/08\/bowl-factoryceramic-dinner-plates-bulkcustom-made-crockery-5-540x540.webp 540w\" sizes=\"(max-width: 640px) 100vw, 640px\" \/><\/figure>\n<\/div>\n<\/div>","protected":false},"excerpt":{"rendered":"<p>Willkommen zum Kauf unserer quadratischen Backformen. Diese orange-wei\u00df gestreifte Gro\u00dfhandels-Backform mit zwei Griffen besticht durch ihre leuchtenden und stilvollen Farben und eignet sich perfekt f\u00fcr eine Vielzahl von gebackenen und \u00fcberbackenen Gerichten. Hergestellt aus Hochtemperatur-Keramik, ist es praktisch und hitzebest\u00e4ndig, kombiniert Sch\u00f6nheit und Funktionalit\u00e4t, so dass es ein ideales Geschirr f\u00fcr den Einsatz zu Hause und in der Gastronomie.<\/p>\n<table style=\"border-collapse: collapse; width: 327.02pt;\" border=\"0\" width=\"654\" cellspacing=\"0\" cellpadding=\"0\">\n<tbody>\n<tr style=\"height: 16.50pt;\">\n<td class=\"et3\" style=\"height: 16.50pt; width: 127.20pt;\" width=\"254\" height=\"33\">Hersteller<\/td>\n<td class=\"et3\" style=\"width: 200.15pt;\" width=\"400\">Yongjian<\/td>\n<\/tr>\n<tr style=\"height: 16.50pt;\">\n<td class=\"et3\" style=\"height: 16.50pt;\" height=\"33\">Modell Nr.<\/td>\n<td class=\"et4\" style=\"width: 200.15pt;\" width=\"400\">YJ-151<\/td>\n<\/tr>\n<tr style=\"height: 16.50pt;\">\n<td class=\"et3\" style=\"height: 16.50pt;\" height=\"33\">Produkttyp<\/td>\n<td class=\"et3\">Servierplatte<\/td>\n<\/tr>\n<tr style=\"height: 16.50pt;\">\n<td class=\"et3\" style=\"height: 16.50pt;\" height=\"33\">Material<\/td>\n<td class=\"et3\">Steingut<\/td>\n<\/tr>\n<tr style=\"height: 16.50pt;\">\n<td class=\"et5\" style=\"height: 16.50pt;\" height=\"33\">Farbe<\/td>\n<td class=\"et3\">Als Bild<\/td>\n<\/tr>\n<tr style=\"height: 16.50pt;\">\n<td class=\"et3\" style=\"height: 16.50pt;\" height=\"33\">Dimension<\/td>\n<td class=\"et6\" style=\"width: 200.15pt;\" width=\"400\">Benutzerdefinierte Gr\u00f6\u00dfe<\/td>\n<\/tr>\n<tr style=\"height: 16.50pt;\">\n<td class=\"et3\" style=\"height: 16.50pt;\" height=\"33\">MOQ<\/td>\n<td class=\"et3\">500St\u00fcck<\/td>\n<\/tr>\n<tr style=\"height: 16.50pt;\">\n<td class=\"et3\" style=\"height: 16.50pt;\" height=\"33\">Benutzerdefiniert<\/td>\n<td class=\"et3\">Farbe\/Gr\u00f6\u00dfe\/Logo\/Verpackung<\/td>\n<\/tr>\n<\/tbody>\n<\/table>\n<p><script src=\"chrome-extension:\/\/fpelahbljekknahkcaegamhcndkfpfnc\/iFrame.js\" type=\"text\/javascript\"><\/script><\/p>","protected":false},"featured_media":5015,"comment_status":"closed","ping_status":"closed","template":"","meta":{"_acf_changed":false},"product_brand":[],"product_cat":[62,99],"product_tag":[81],"class_list":{"0":"post-5012","1":"product","2":"type-product","3":"status-publish","4":"has-post-thumbnail","6":"product_cat-ceramic-plates-wholesale","7":"product_cat-baking-dishes-wholesale","8":"product_tag-modern-design-dinnerware-set-wholesale","10":"first","11":"instock","12":"shipping-taxable","13":"product-type-simple"},"acf":[],"_links":{"self":[{"href":"https:\/\/www.yongjianceramic.com\/de\/wp-json\/wp\/v2\/product\/5012","targetHints":{"allow":["GET"]}}],"collection":[{"href":"https:\/\/www.yongjianceramic.com\/de\/wp-json\/wp\/v2\/product"}],"about":[{"href":"https:\/\/www.yongjianceramic.com\/de\/wp-json\/wp\/v2\/types\/product"}],"replies":[{"embeddable":true,"href":"https:\/\/www.yongjianceramic.com\/de\/wp-json\/wp\/v2\/comments?post=5012"}],"wp:featuredmedia":[{"embeddable":true,"href":"https:\/\/www.yongjianceramic.com\/de\/wp-json\/wp\/v2\/media\/5015"}],"wp:attachment":[{"href":"https:\/\/www.yongjianceramic.com\/de\/wp-json\/wp\/v2\/media?parent=5012"}],"wp:term":[{"taxonomy":"product_brand","embeddable":true,"href":"https:\/\/www.yongjianceramic.com\/de\/wp-json\/wp\/v2\/product_brand?post=5012"},{"taxonomy":"product_cat","embeddable":true,"href":"https:\/\/www.yongjianceramic.com\/de\/wp-json\/wp\/v2\/product_cat?post=5012"},{"taxonomy":"product_tag","embeddable":true,"href":"https:\/\/www.yongjianceramic.com\/de\/wp-json\/wp\/v2\/product_tag?post=5012"}],"curies":[{"name":"wp","href":"https:\/\/api.w.org\/{rel}","templated":true}]}}