{"id":5030,"date":"2025-08-16T10:05:47","date_gmt":"2025-08-16T02:05:47","guid":{"rendered":"https:\/\/www.yongjianceramic.com\/?post_type=product&#038;p=5030"},"modified":"2025-09-04T10:03:28","modified_gmt":"2025-09-04T02:03:28","slug":"customized-round-baking-pan","status":"publish","type":"product","link":"https:\/\/www.yongjianceramic.com\/de\/produkt\/customized-round-baking-pan\/","title":{"rendered":"Kundenspezifische runde Backform, keramische Kuchenformen Gro\u00dfhandel"},"content":{"rendered":"<div class=\"wp-block-columns is-layout-flex wp-container-core-columns-is-layout-9d6595d7 wp-block-columns-is-layout-flex\">\n<div class=\"wp-block-column is-layout-flow wp-block-column-is-layout-flow\">\n<h2 class=\"wp-block-heading\">Premium Customized Round Baking Pan Eigenschaften:<\/h2>\n\n\n\n<ul class=\"wp-block-list\">\n<li><strong>Runde Form, traditionell und universell: <\/strong>Die runden Tortenformen aus dem Gro\u00dfhandel k\u00f6nnen f\u00fcr verschiedene Gerichte wie Torten, Kuchen und Gratins verwendet werden und bieten kulinarische und pr\u00e4sentative Sch\u00f6nheit.<\/li>\n\n\n\n<li><strong>Dunkelgr\u00fcn mit Wei\u00df, anspruchsvoll und hochwertig: <\/strong>Die dunkelgr\u00fcne Au\u00dfenseite und die wei\u00dfe Innenseite der ma\u00dfgefertigten runden Backform enthalten eine neuartige optische Schichtung, die dem Esstisch einen Hauch von Raffinesse verleihen kann.<\/li>\n\n\n\n<li><strong>Eingraviertes Design, zarte Details:<\/strong> Die aufwendig gravierte Innenseite der individuellen runden Backform verleiht ihr ein handwerkliches Aussehen und handwerklichen Charme.<\/li>\n\n\n\n<li><strong>Hochtemperatur-Keramik, hitzebest\u00e4ndig und sicher:<\/strong> Die Tortenformen in loser Sch\u00fcttung sind aus hochtemperaturgebrannter, hochwertiger Keramik gefertigt, die mikrowellen- und ofenfest ist, hitzebest\u00e4ndig und lange haltbar.<\/li>\n<\/ul>\n<\/div>\n\n\n\n<div class=\"wp-block-column is-layout-flow wp-block-column-is-layout-flow\">\n<figure class=\"wp-block-image size-full\"><img fetchpriority=\"high\" decoding=\"async\" width=\"640\" height=\"640\" src=\"https:\/\/www.yongjianceramic.com\/wp-content\/uploads\/2025\/08\/custom-dinnerware-sets\uff0cceramic-plates-wholesale\uff0ctableware-set-manufacturer-1.webp\" alt=\"kundenspezifische runde Backform-Keramik-Kuchenformen-Gro\u00dfhandel-1\" class=\"wp-image-5031\" srcset=\"https:\/\/www.yongjianceramic.com\/wp-content\/uploads\/2025\/08\/custom-dinnerware-sets\uff0cceramic-plates-wholesale\uff0ctableware-set-manufacturer-1.webp 640w, https:\/\/www.yongjianceramic.com\/wp-content\/uploads\/2025\/08\/custom-dinnerware-sets\uff0cceramic-plates-wholesale\uff0ctableware-set-manufacturer-1-300x300.webp 300w, https:\/\/www.yongjianceramic.com\/wp-content\/uploads\/2025\/08\/custom-dinnerware-sets\uff0cceramic-plates-wholesale\uff0ctableware-set-manufacturer-1-150x150.webp 150w, https:\/\/www.yongjianceramic.com\/wp-content\/uploads\/2025\/08\/custom-dinnerware-sets\uff0cceramic-plates-wholesale\uff0ctableware-set-manufacturer-1-12x12.webp 12w, https:\/\/www.yongjianceramic.com\/wp-content\/uploads\/2025\/08\/custom-dinnerware-sets\uff0cceramic-plates-wholesale\uff0ctableware-set-manufacturer-1-285x285.webp 285w, https:\/\/www.yongjianceramic.com\/wp-content\/uploads\/2025\/08\/custom-dinnerware-sets\uff0cceramic-plates-wholesale\uff0ctableware-set-manufacturer-1-270x270.webp 270w, https:\/\/www.yongjianceramic.com\/wp-content\/uploads\/2025\/08\/custom-dinnerware-sets\uff0cceramic-plates-wholesale\uff0ctableware-set-manufacturer-1-540x540.webp 540w\" sizes=\"(max-width: 640px) 100vw, 640px\" \/><\/figure>\n<\/div>\n<\/div>","protected":false},"excerpt":{"rendered":"<p>Willkommen beim Kauf unserer individuellen runden Backform. Diese runde Backform mit gr\u00fcner und wei\u00dfer Gravur ist mit ihrer edlen Form und den feinen Details nicht nur ein Backwerkzeug, sondern auch eine Tischdekoration. Hochtemperatur-Keramik gemacht, es ist langlebig und sicher, gut f\u00fcr Restaurant und zu Hause verwenden.<\/p>\n<table style=\"border-collapse: collapse; width: 327.02pt;\" border=\"0\" width=\"654\" cellspacing=\"0\" cellpadding=\"0\">\n<tbody>\n<tr style=\"height: 16.50pt;\">\n<td class=\"et3\" style=\"height: 16.50pt; width: 127.20pt;\" width=\"254\" height=\"33\">Hersteller<\/td>\n<td class=\"et3\" style=\"width: 200.15pt;\" width=\"400\">Yongjian<\/td>\n<\/tr>\n<tr style=\"height: 16.50pt;\">\n<td class=\"et3\" style=\"height: 16.50pt;\" height=\"33\">Modell Nr.<\/td>\n<td class=\"et4\" style=\"width: 200.15pt;\" width=\"400\">YJ-152<\/td>\n<\/tr>\n<tr style=\"height: 16.50pt;\">\n<td class=\"et3\" style=\"height: 16.50pt;\" height=\"33\">Produkttyp<\/td>\n<td class=\"et3\">Servierplatte<\/td>\n<\/tr>\n<tr style=\"height: 16.50pt;\">\n<td class=\"et3\" style=\"height: 16.50pt;\" height=\"33\">Material<\/td>\n<td class=\"et3\">Steingut<\/td>\n<\/tr>\n<tr style=\"height: 16.50pt;\">\n<td class=\"et5\" style=\"height: 16.50pt;\" height=\"33\">Farbe<\/td>\n<td class=\"et3\">Als Bild<\/td>\n<\/tr>\n<tr style=\"height: 16.50pt;\">\n<td class=\"et3\" style=\"height: 16.50pt;\" height=\"33\">Dimension<\/td>\n<td class=\"et6\" style=\"width: 200.15pt;\" width=\"400\">Benutzerdefinierte Gr\u00f6\u00dfe<\/td>\n<\/tr>\n<tr style=\"height: 16.50pt;\">\n<td class=\"et3\" style=\"height: 16.50pt;\" height=\"33\">MOQ<\/td>\n<td class=\"et3\">500St\u00fcck<\/td>\n<\/tr>\n<tr style=\"height: 16.50pt;\">\n<td class=\"et3\" style=\"height: 16.50pt;\" height=\"33\">Benutzerdefiniert<\/td>\n<td class=\"et3\">Farbe\/Gr\u00f6\u00dfe\/Logo\/Verpackung<\/td>\n<\/tr>\n<\/tbody>\n<\/table>\n<p>\n<script src=\"chrome-extension:\/\/fpelahbljekknahkcaegamhcndkfpfnc\/iFrame.js\" type=\"text\/javascript\"><\/script><\/p>","protected":false},"featured_media":5035,"comment_status":"closed","ping_status":"closed","template":"","meta":{"_acf_changed":false},"product_brand":[],"product_cat":[99],"product_tag":[88,81],"class_list":{"0":"post-5030","1":"product","2":"type-product","3":"status-publish","4":"has-post-thumbnail","6":"product_cat-baking-dishes-wholesale","7":"product_tag-japanese-style-dinnerware-set-wholesale","8":"product_tag-modern-design-dinnerware-set-wholesale","10":"first","11":"instock","12":"shipping-taxable","13":"product-type-simple"},"acf":[],"_links":{"self":[{"href":"https:\/\/www.yongjianceramic.com\/de\/wp-json\/wp\/v2\/product\/5030","targetHints":{"allow":["GET"]}}],"collection":[{"href":"https:\/\/www.yongjianceramic.com\/de\/wp-json\/wp\/v2\/product"}],"about":[{"href":"https:\/\/www.yongjianceramic.com\/de\/wp-json\/wp\/v2\/types\/product"}],"replies":[{"embeddable":true,"href":"https:\/\/www.yongjianceramic.com\/de\/wp-json\/wp\/v2\/comments?post=5030"}],"wp:featuredmedia":[{"embeddable":true,"href":"https:\/\/www.yongjianceramic.com\/de\/wp-json\/wp\/v2\/media\/5035"}],"wp:attachment":[{"href":"https:\/\/www.yongjianceramic.com\/de\/wp-json\/wp\/v2\/media?parent=5030"}],"wp:term":[{"taxonomy":"product_brand","embeddable":true,"href":"https:\/\/www.yongjianceramic.com\/de\/wp-json\/wp\/v2\/product_brand?post=5030"},{"taxonomy":"product_cat","embeddable":true,"href":"https:\/\/www.yongjianceramic.com\/de\/wp-json\/wp\/v2\/product_cat?post=5030"},{"taxonomy":"product_tag","embeddable":true,"href":"https:\/\/www.yongjianceramic.com\/de\/wp-json\/wp\/v2\/product_tag?post=5030"}],"curies":[{"name":"wp","href":"https:\/\/api.w.org\/{rel}","templated":true}]}}