{"id":5037,"date":"2025-08-16T09:41:52","date_gmt":"2025-08-16T01:41:52","guid":{"rendered":"https:\/\/www.yongjianceramic.com\/?post_type=product&#038;p=5037"},"modified":"2025-09-04T10:03:18","modified_gmt":"2025-09-04T02:03:18","slug":"custom-baking-pan","status":"publish","type":"product","link":"https:\/\/www.yongjianceramic.com\/de\/produkt\/custom-baking-pan\/","title":{"rendered":"Keramische benutzerdefinierte Backform, doppelohrige quadratische Backformen Gro\u00dfhandel"},"content":{"rendered":"<div class=\"wp-block-columns is-layout-flex wp-container-core-columns-is-layout-9d6595d7 wp-block-columns-is-layout-flex\">\n<div class=\"wp-block-column is-layout-flow wp-block-column-is-layout-flow\">\n<h2 class=\"wp-block-heading\">Premium Square Custom-Backform Merkmale:<\/h2>\n\n\n\n<ul class=\"wp-block-list\">\n<li><strong>Quadratische Doppelgriffe Design: <\/strong>Die ma\u00dfgeschneiderte Backform hat Griffe, die sich leicht abnehmen und anbringen lassen und sowohl f\u00fcr den Ofen als auch f\u00fcr den Tisch geeignet sind, was Sicherheit und m\u00fchelose Handhabung gew\u00e4hrleistet.<\/li>\n\n\n\n<li><strong>Hellgr\u00fcn mit himmelblauem Look:<\/strong> Die ma\u00dfgeschneiderte Backform in einer sanften Farbkombination schafft ein angenehmes visuelles Erlebnis und eine einfache, entspannende Essatmosph\u00e4re.<\/li>\n\n\n\n<li><strong>Dekoration Paper Craft, Exquisite Details: <\/strong>Diese quadratischen Backformen Gro\u00dfhandel sind mit hochwertigen Abziehbildern, die Farben sind langlebig und widerstehen verblassen, das Hinzuf\u00fcgen einer einzigartigen dekorativen Touch.<\/li>\n\n\n\n<li><strong>Hitzebest\u00e4ndige Keramik:<\/strong> Diese quadratischen Backformen werden im Gro\u00dfhandel bei hohen Temperaturen gebrannt, wodurch sie hitzebest\u00e4ndig und langlebig sind und sich f\u00fcr den Einsatz im Ofen und in der Mikrowelle eignen.<\/li>\n<\/ul>\n<\/div>\n\n\n\n<div class=\"wp-block-column is-layout-flow wp-block-column-is-layout-flow\">\n<figure class=\"wp-block-image size-full\"><img fetchpriority=\"high\" decoding=\"async\" width=\"640\" height=\"640\" src=\"https:\/\/www.yongjianceramic.com\/wp-content\/uploads\/2025\/08\/tableware-ceramic-wholesaleceramic-manufacturerplates-in-bulk-4.webp\" alt=\"Keramik-Backform-Doppelohr-Quadrat-Backformen-Gro\u00dfhandel-4\" class=\"wp-image-5041\" srcset=\"https:\/\/www.yongjianceramic.com\/wp-content\/uploads\/2025\/08\/tableware-ceramic-wholesaleceramic-manufacturerplates-in-bulk-4.webp 640w, https:\/\/www.yongjianceramic.com\/wp-content\/uploads\/2025\/08\/tableware-ceramic-wholesaleceramic-manufacturerplates-in-bulk-4-300x300.webp 300w, https:\/\/www.yongjianceramic.com\/wp-content\/uploads\/2025\/08\/tableware-ceramic-wholesaleceramic-manufacturerplates-in-bulk-4-150x150.webp 150w, https:\/\/www.yongjianceramic.com\/wp-content\/uploads\/2025\/08\/tableware-ceramic-wholesaleceramic-manufacturerplates-in-bulk-4-12x12.webp 12w, https:\/\/www.yongjianceramic.com\/wp-content\/uploads\/2025\/08\/tableware-ceramic-wholesaleceramic-manufacturerplates-in-bulk-4-285x285.webp 285w, https:\/\/www.yongjianceramic.com\/wp-content\/uploads\/2025\/08\/tableware-ceramic-wholesaleceramic-manufacturerplates-in-bulk-4-270x270.webp 270w, https:\/\/www.yongjianceramic.com\/wp-content\/uploads\/2025\/08\/tableware-ceramic-wholesaleceramic-manufacturerplates-in-bulk-4-540x540.webp 540w\" sizes=\"(max-width: 640px) 100vw, 640px\" \/><\/figure>\n<\/div>\n<\/div>","protected":false},"excerpt":{"rendered":"<p>Willkommen zum Kauf unserer ma\u00dfgeschneiderten Backform. Diese hellgr\u00fcne und himmelblaue quadratische Backform mit zwei Griffen hat ein praktisches Design und einen frischen, minimalistischen Stil. Sie ist perfekt, um k\u00f6stliche Gerichte zuzubereiten und gleichzeitig eine warme Atmosph\u00e4re auf dem Esstisch zu schaffen.<\/p>\n<table style=\"border-collapse: collapse; width: 327.02pt;\" border=\"0\" width=\"654\" cellspacing=\"0\" cellpadding=\"0\">\n<tbody>\n<tr style=\"height: 16.50pt;\">\n<td class=\"et3\" style=\"height: 16.50pt; width: 127.20pt;\" width=\"254\" height=\"33\">Hersteller<\/td>\n<td class=\"et3\" style=\"width: 200.15pt;\" width=\"400\">Yongjian<\/td>\n<\/tr>\n<tr style=\"height: 16.50pt;\">\n<td class=\"et3\" style=\"height: 16.50pt;\" height=\"33\">Modell Nr.<\/td>\n<td class=\"et4\" style=\"width: 200.15pt;\" width=\"400\">YJ-153<\/td>\n<\/tr>\n<tr style=\"height: 16.50pt;\">\n<td class=\"et3\" style=\"height: 16.50pt;\" height=\"33\">Produkttyp<\/td>\n<td class=\"et3\">Servierplatte<\/td>\n<\/tr>\n<tr style=\"height: 16.50pt;\">\n<td class=\"et3\" style=\"height: 16.50pt;\" height=\"33\">Material<\/td>\n<td class=\"et3\">Steingut<\/td>\n<\/tr>\n<tr style=\"height: 16.50pt;\">\n<td class=\"et5\" style=\"height: 16.50pt;\" height=\"33\">Farbe<\/td>\n<td class=\"et3\">Als Bild<\/td>\n<\/tr>\n<tr style=\"height: 16.50pt;\">\n<td class=\"et3\" style=\"height: 16.50pt;\" height=\"33\">Dimension<\/td>\n<td class=\"et6\" style=\"width: 200.15pt;\" width=\"400\">Benutzerdefinierte Gr\u00f6\u00dfe<\/td>\n<\/tr>\n<tr style=\"height: 16.50pt;\">\n<td class=\"et3\" style=\"height: 16.50pt;\" height=\"33\">MOQ<\/td>\n<td class=\"et3\">500St\u00fcck<\/td>\n<\/tr>\n<tr style=\"height: 16.50pt;\">\n<td class=\"et3\" style=\"height: 16.50pt;\" height=\"33\">Benutzerdefiniert<\/td>\n<td class=\"et3\">Farbe\/Gr\u00f6\u00dfe\/Logo\/Verpackung<\/td>\n<\/tr>\n<\/tbody>\n<\/table>\n<p>\n<script src=\"chrome-extension:\/\/fpelahbljekknahkcaegamhcndkfpfnc\/iFrame.js\" type=\"text\/javascript\"><\/script><\/p>","protected":false},"featured_media":5040,"comment_status":"closed","ping_status":"closed","template":"","meta":{"_acf_changed":false},"product_brand":[],"product_cat":[99],"product_tag":[],"class_list":{"0":"post-5037","1":"product","2":"type-product","3":"status-publish","4":"has-post-thumbnail","6":"product_cat-baking-dishes-wholesale","8":"first","9":"instock","10":"shipping-taxable","11":"product-type-simple"},"acf":[],"_links":{"self":[{"href":"https:\/\/www.yongjianceramic.com\/de\/wp-json\/wp\/v2\/product\/5037","targetHints":{"allow":["GET"]}}],"collection":[{"href":"https:\/\/www.yongjianceramic.com\/de\/wp-json\/wp\/v2\/product"}],"about":[{"href":"https:\/\/www.yongjianceramic.com\/de\/wp-json\/wp\/v2\/types\/product"}],"replies":[{"embeddable":true,"href":"https:\/\/www.yongjianceramic.com\/de\/wp-json\/wp\/v2\/comments?post=5037"}],"wp:featuredmedia":[{"embeddable":true,"href":"https:\/\/www.yongjianceramic.com\/de\/wp-json\/wp\/v2\/media\/5040"}],"wp:attachment":[{"href":"https:\/\/www.yongjianceramic.com\/de\/wp-json\/wp\/v2\/media?parent=5037"}],"wp:term":[{"taxonomy":"product_brand","embeddable":true,"href":"https:\/\/www.yongjianceramic.com\/de\/wp-json\/wp\/v2\/product_brand?post=5037"},{"taxonomy":"product_cat","embeddable":true,"href":"https:\/\/www.yongjianceramic.com\/de\/wp-json\/wp\/v2\/product_cat?post=5037"},{"taxonomy":"product_tag","embeddable":true,"href":"https:\/\/www.yongjianceramic.com\/de\/wp-json\/wp\/v2\/product_tag?post=5037"}],"curies":[{"name":"wp","href":"https:\/\/api.w.org\/{rel}","templated":true}]}}