{"id":5043,"date":"2025-08-16T09:31:10","date_gmt":"2025-08-16T01:31:10","guid":{"rendered":"https:\/\/www.yongjianceramic.com\/?post_type=product&#038;p=5043"},"modified":"2025-09-04T10:03:04","modified_gmt":"2025-09-04T02:03:04","slug":"bulk-baking-pans","status":"publish","type":"product","link":"https:\/\/www.yongjianceramic.com\/de\/produkt\/bulk-baking-pans\/","title":{"rendered":"China Bulk Backformen, ma\u00dfgeschneiderte Restaurant Geschirr Gro\u00dfhandel"},"content":{"rendered":"<div class=\"wp-block-columns is-layout-flex wp-container-core-columns-is-layout-9d6595d7 wp-block-columns-is-layout-flex\">\n<div class=\"wp-block-column is-layout-flow wp-block-column-is-layout-flow\">\n<h2 class=\"wp-block-heading\">Premium China Bulk-Backformen Merkmale:<\/h2>\n\n\n\n<ul class=\"wp-block-list\">\n<li><strong>Gro\u00dfes, mittleres und kleines Set f\u00fcr die unterschiedlichsten Kochbed\u00fcrfnisse: <\/strong>Die gro\u00dfen Backformen sind in verschiedenen Gr\u00f6\u00dfen erh\u00e4ltlich und eignen sich zum vielseitigen Kochen, z. B. f\u00fcr Grillgerichte, gebackenen Reis und Desserts.<\/li>\n\n\n\n<li><strong>Innen schwarz glasiert, schmutzabweisend und leicht zu reinigen: <\/strong>Die glatte schwarze Glasur der Backformen reduziert effektiv Lebensmittelr\u00fcckst\u00e4nde, ist leicht zu reinigen und widersteht Flecken.<\/li>\n\n\n\n<li><strong>Au\u00dfen reaktiv glasiert, einzigartige k\u00fcnstlerische Textur:<\/strong> Die reaktiv glasierte Farbe jedes Gro\u00dfhandels-Backgeschirrs flie\u00dft auf nat\u00fcrliche Weise und weist eine einzigartige Textur auf, die die sorgf\u00e4ltige Handwerkskunst des Herstellers unterstreicht.<\/li>\n\n\n\n<li><strong>Hitzebest\u00e4ndige Keramik, sicher und gesund: <\/strong>Das ma\u00dfgeschneiderte Restaurantgeschirr wird bei hohen Temperaturen gebrannt und ist daher f\u00fcr die Verwendung im Ofen und in der Mikrowelle geeignet, was Sicherheit und Langlebigkeit gew\u00e4hrleistet.<\/li>\n<\/ul>\n<\/div>\n\n\n\n<div class=\"wp-block-column is-layout-flow wp-block-column-is-layout-flow\">\n<figure class=\"wp-block-image size-full\"><img fetchpriority=\"high\" decoding=\"async\" width=\"1600\" height=\"1600\" src=\"https:\/\/www.yongjianceramic.com\/wp-content\/uploads\/2025\/08\/wholesale-tableware-setcustomized-dinner-plates-restaurant-dinnerware-wholesale-3.webp\" alt=\"Porzellan-Backformen-individuelles-Restaurant-Geschirr-Gro\u00dfhandel-3\" class=\"wp-image-5046\" srcset=\"https:\/\/www.yongjianceramic.com\/wp-content\/uploads\/2025\/08\/wholesale-tableware-setcustomized-dinner-plates-restaurant-dinnerware-wholesale-3.webp 1600w, https:\/\/www.yongjianceramic.com\/wp-content\/uploads\/2025\/08\/wholesale-tableware-setcustomized-dinner-plates-restaurant-dinnerware-wholesale-3-300x300.webp 300w, https:\/\/www.yongjianceramic.com\/wp-content\/uploads\/2025\/08\/wholesale-tableware-setcustomized-dinner-plates-restaurant-dinnerware-wholesale-3-150x150.webp 150w, https:\/\/www.yongjianceramic.com\/wp-content\/uploads\/2025\/08\/wholesale-tableware-setcustomized-dinner-plates-restaurant-dinnerware-wholesale-3-768x768.webp 768w, https:\/\/www.yongjianceramic.com\/wp-content\/uploads\/2025\/08\/wholesale-tableware-setcustomized-dinner-plates-restaurant-dinnerware-wholesale-3-12x12.webp 12w, https:\/\/www.yongjianceramic.com\/wp-content\/uploads\/2025\/08\/wholesale-tableware-setcustomized-dinner-plates-restaurant-dinnerware-wholesale-3-285x285.webp 285w, https:\/\/www.yongjianceramic.com\/wp-content\/uploads\/2025\/08\/wholesale-tableware-setcustomized-dinner-plates-restaurant-dinnerware-wholesale-3-270x270.webp 270w, https:\/\/www.yongjianceramic.com\/wp-content\/uploads\/2025\/08\/wholesale-tableware-setcustomized-dinner-plates-restaurant-dinnerware-wholesale-3-540x540.webp 540w, https:\/\/www.yongjianceramic.com\/wp-content\/uploads\/2025\/08\/wholesale-tableware-setcustomized-dinner-plates-restaurant-dinnerware-wholesale-3-660x660.webp 660w\" sizes=\"(max-width: 1600px) 100vw, 1600px\" \/><\/figure>\n<\/div>\n<\/div>","protected":false},"excerpt":{"rendered":"<div class=\"highlights-border-container\" data-v-8a832c06=\"\"><span class=\"highlights\" data-v-8a832c06=\"\">Willkommen beim Kauf unserer Gro\u00dfmengen-Backformen. Dieses Set aus gro\u00dfen, mittleren und kleinen Backformen mit schwarzer Glasur auf der Innenseite und reaktiver Glasur auf der Au\u00dfenseite ist sowohl praktisch als auch \u00e4sthetisch ansprechend. Es ist hitzebest\u00e4ndig und langlebig und eignet sich daher zum Backen und Servieren von Gerichten sowohl zu Hause als auch in der Gastronomie.<\/span><\/div>\n<div class=\"text-stats\" data-v-8a832c06=\"\">\u00a0<\/div>\n<table style=\"border-collapse: collapse; width: 327.02pt;\" border=\"0\" width=\"654\" cellspacing=\"0\" cellpadding=\"0\">\n<tbody>\n<tr style=\"height: 16.50pt;\">\n<td class=\"et3\" style=\"height: 16.50pt; width: 127.20pt;\" width=\"254\" height=\"33\">Hersteller<\/td>\n<td class=\"et3\" style=\"width: 200.15pt;\" width=\"400\">Yongjian<\/td>\n<\/tr>\n<tr style=\"height: 16.50pt;\">\n<td class=\"et3\" style=\"height: 16.50pt;\" height=\"33\">Modell Nr.<\/td>\n<td class=\"et4\" style=\"width: 200.15pt;\" width=\"400\">YJ-154<\/td>\n<\/tr>\n<tr style=\"height: 16.50pt;\">\n<td class=\"et5\" style=\"height: 16.50pt; width: 127.20pt;\" width=\"254\" height=\"33\">Essgeschirr Typ<\/td>\n<td class=\"et5\" style=\"width: 200.15pt;\" width=\"400\">Backformen-Set<\/td>\n<\/tr>\n<tr style=\"height: 16.50pt;\">\n<td class=\"et3\" style=\"height: 16.50pt;\" height=\"33\">Technik<\/td>\n<td class=\"et3\">Farben Glasur+Reaktive Glasur<\/td>\n<\/tr>\n<tr style=\"height: 16.50pt;\">\n<td class=\"et3\" style=\"height: 16.50pt;\" height=\"33\">Material<\/td>\n<td class=\"et3\">Steingut<\/td>\n<\/tr>\n<tr style=\"height: 33.00pt;\">\n<td class=\"et6\" style=\"height: 33.00pt;\" height=\"66\">Anwendbar<\/td>\n<td class=\"et5\" style=\"width: 200.15pt;\" width=\"400\">Sterilisator, Geschirrsp\u00fcler, Backofen, Mikrowelle<\/td>\n<\/tr>\n<tr style=\"height: 16.50pt;\">\n<td class=\"et3\" style=\"height: 16.50pt;\" height=\"33\">Dimension<\/td>\n<td class=\"et3\">Als Bild<\/td>\n<\/tr>\n<tr style=\"height: 16.50pt;\">\n<td class=\"et3\" style=\"height: 16.50pt;\" height=\"33\">MOQ<\/td>\n<td class=\"et3\">500St\u00fcck<\/td>\n<\/tr>\n<tr style=\"height: 16.50pt;\">\n<td class=\"et3\" style=\"height: 16.50pt;\" height=\"33\">Benutzerdefiniert<\/td>\n<td class=\"et3\">Farbe\/Gr\u00f6\u00dfe\/Logo\/Verpackung<\/td>\n<\/tr>\n<\/tbody>\n<\/table>\n<p>\n<script src=\"chrome-extension:\/\/fpelahbljekknahkcaegamhcndkfpfnc\/iFrame.js\" type=\"text\/javascript\"><\/script><\/p>","protected":false},"featured_media":5048,"comment_status":"closed","ping_status":"closed","template":"","meta":{"_acf_changed":false},"product_brand":[],"product_cat":[99],"product_tag":[81],"class_list":{"0":"post-5043","1":"product","2":"type-product","3":"status-publish","4":"has-post-thumbnail","6":"product_cat-baking-dishes-wholesale","7":"product_tag-modern-design-dinnerware-set-wholesale","9":"first","10":"instock","11":"shipping-taxable","12":"product-type-simple"},"acf":[],"_links":{"self":[{"href":"https:\/\/www.yongjianceramic.com\/de\/wp-json\/wp\/v2\/product\/5043","targetHints":{"allow":["GET"]}}],"collection":[{"href":"https:\/\/www.yongjianceramic.com\/de\/wp-json\/wp\/v2\/product"}],"about":[{"href":"https:\/\/www.yongjianceramic.com\/de\/wp-json\/wp\/v2\/types\/product"}],"replies":[{"embeddable":true,"href":"https:\/\/www.yongjianceramic.com\/de\/wp-json\/wp\/v2\/comments?post=5043"}],"wp:featuredmedia":[{"embeddable":true,"href":"https:\/\/www.yongjianceramic.com\/de\/wp-json\/wp\/v2\/media\/5048"}],"wp:attachment":[{"href":"https:\/\/www.yongjianceramic.com\/de\/wp-json\/wp\/v2\/media?parent=5043"}],"wp:term":[{"taxonomy":"product_brand","embeddable":true,"href":"https:\/\/www.yongjianceramic.com\/de\/wp-json\/wp\/v2\/product_brand?post=5043"},{"taxonomy":"product_cat","embeddable":true,"href":"https:\/\/www.yongjianceramic.com\/de\/wp-json\/wp\/v2\/product_cat?post=5043"},{"taxonomy":"product_tag","embeddable":true,"href":"https:\/\/www.yongjianceramic.com\/de\/wp-json\/wp\/v2\/product_tag?post=5043"}],"curies":[{"name":"wp","href":"https:\/\/api.w.org\/{rel}","templated":true}]}}