{"id":5051,"date":"2025-08-15T22:34:24","date_gmt":"2025-08-15T14:34:24","guid":{"rendered":"https:\/\/www.yongjianceramic.com\/?post_type=product&#038;p=5051"},"modified":"2025-09-04T10:03:37","modified_gmt":"2025-09-04T02:03:37","slug":"custom-size-baking-pans","status":"publish","type":"product","link":"https:\/\/www.yongjianceramic.com\/de\/produkt\/custom-size-baking-pans\/","title":{"rendered":"Benutzerdefinierte Gr\u00f6\u00dfe Backformen, Gro\u00dfhandel Backformen mit Handle"},"content":{"rendered":"<div class=\"wp-block-columns is-layout-flex wp-container-core-columns-is-layout-9d6595d7 wp-block-columns-is-layout-flex\">\n<div class=\"wp-block-column is-layout-flow wp-block-column-is-layout-flow\">\n<h2 class=\"wp-block-heading\">Premium Custom Size Backformen Merkmale:<\/h2>\n\n\n\n<ul class=\"wp-block-list\">\n<li><strong>Erweiterte gro\u00dfe Ausf\u00fchrung (14 Zoll): <\/strong>Die Backformen in Sondergr\u00f6\u00dfe haben ein gro\u00dfes Fassungsverm\u00f6gen und eignen sich perfekt zum Grillen von Fisch, Fleisch oder gro\u00dfen Gerichten bei Familienfeiern, da sie das Servieren eines Gerichts eleganter machen.<\/li>\n\n\n\n<li><strong>Doppelgriffige Griffe f\u00fcr einfaches Abnehmen:<\/strong> Die Backformen mit doppeltem Griff in Sondergr\u00f6\u00dfe lassen sich leicht herausnehmen und sind hitzebest\u00e4ndig, so dass Sie Ihre Speisen leicht aus dem Ofen nehmen und servieren k\u00f6nnen.<\/li>\n\n\n\n<li><strong>Verschiedene Farben passend zu verschiedenen Tischstilen:<\/strong> Dieses Gro\u00dfhandels-Backgeschirr ist in 4 Farben erh\u00e4ltlich, von warmen T\u00f6nen bis zu frischen T\u00f6nen, perfekt f\u00fcr eine Vielzahl von Restaurant- und Wohnstilen.<\/li>\n\n\n\n<li><strong>Hitzebest\u00e4ndige Keramik, gesund und umweltfreundlich:<\/strong> Diese Gro\u00dfhandels-Backformen sind hochtemperaturbest\u00e4ndig, backofen- und mikrowellengeeignet, sicher und schadstofffrei, langlebig und leicht zu reinigen.<\/li>\n<\/ul>\n<\/div>\n\n\n\n<div class=\"wp-block-column is-layout-flow wp-block-column-is-layout-flow\">\n<figure class=\"wp-block-image size-full\"><img fetchpriority=\"high\" decoding=\"async\" width=\"1600\" height=\"1600\" src=\"https:\/\/www.yongjianceramic.com\/wp-content\/uploads\/2025\/08\/custom-dinnerware-manufacturerwholesale-and-custom-ceramic-platesbulk-dinnerwareceramic-crockery-2.webp\" alt=\"custom-size-backformen-gro\u00dfhandel-backformen-mit-griff-2\" class=\"wp-image-5053\" srcset=\"https:\/\/www.yongjianceramic.com\/wp-content\/uploads\/2025\/08\/custom-dinnerware-manufacturerwholesale-and-custom-ceramic-platesbulk-dinnerwareceramic-crockery-2.webp 1600w, https:\/\/www.yongjianceramic.com\/wp-content\/uploads\/2025\/08\/custom-dinnerware-manufacturerwholesale-and-custom-ceramic-platesbulk-dinnerwareceramic-crockery-2-300x300.webp 300w, https:\/\/www.yongjianceramic.com\/wp-content\/uploads\/2025\/08\/custom-dinnerware-manufacturerwholesale-and-custom-ceramic-platesbulk-dinnerwareceramic-crockery-2-150x150.webp 150w, https:\/\/www.yongjianceramic.com\/wp-content\/uploads\/2025\/08\/custom-dinnerware-manufacturerwholesale-and-custom-ceramic-platesbulk-dinnerwareceramic-crockery-2-768x768.webp 768w, https:\/\/www.yongjianceramic.com\/wp-content\/uploads\/2025\/08\/custom-dinnerware-manufacturerwholesale-and-custom-ceramic-platesbulk-dinnerwareceramic-crockery-2-12x12.webp 12w, https:\/\/www.yongjianceramic.com\/wp-content\/uploads\/2025\/08\/custom-dinnerware-manufacturerwholesale-and-custom-ceramic-platesbulk-dinnerwareceramic-crockery-2-285x285.webp 285w, https:\/\/www.yongjianceramic.com\/wp-content\/uploads\/2025\/08\/custom-dinnerware-manufacturerwholesale-and-custom-ceramic-platesbulk-dinnerwareceramic-crockery-2-270x270.webp 270w, https:\/\/www.yongjianceramic.com\/wp-content\/uploads\/2025\/08\/custom-dinnerware-manufacturerwholesale-and-custom-ceramic-platesbulk-dinnerwareceramic-crockery-2-540x540.webp 540w, https:\/\/www.yongjianceramic.com\/wp-content\/uploads\/2025\/08\/custom-dinnerware-manufacturerwholesale-and-custom-ceramic-platesbulk-dinnerwareceramic-crockery-2-660x660.webp 660w\" sizes=\"(max-width: 1600px) 100vw, 1600px\" \/><\/figure>\n<\/div>\n<\/div>\n\n\n\n<p><\/p>","protected":false},"excerpt":{"rendered":"<p>Willkommen beim Kauf unserer Backformen in Sondergr\u00f6\u00dfe. Eine gro\u00dfe 14-Zoll-Backform mit doppeltem Stiel, die in vier Farben erh\u00e4ltlich ist, bietet ein gro\u00dfes Fassungsverm\u00f6gen und hitzebest\u00e4ndige Sicherheit, was sie ideal f\u00fcr Familienfeiern und gro\u00dfe Portionen in Restaurants macht.<\/p>\n<table style=\"border-collapse: collapse; width: 327.02pt;\" border=\"0\" width=\"654\" cellspacing=\"0\" cellpadding=\"0\">\n<tbody>\n<tr style=\"height: 16.50pt;\">\n<td class=\"et3\" style=\"height: 16.50pt; width: 127.20pt;\" width=\"254\" height=\"33\">Hersteller<\/td>\n<td class=\"et3\" style=\"width: 200.15pt;\" width=\"400\">Yongjian<\/td>\n<\/tr>\n<tr style=\"height: 16.50pt;\">\n<td class=\"et3\" style=\"height: 16.50pt;\" height=\"33\">Modell Nr.<\/td>\n<td class=\"et4\" style=\"width: 200.15pt;\" width=\"400\">YJ-155<\/td>\n<\/tr>\n<tr style=\"height: 16.50pt;\">\n<td class=\"et3\" style=\"height: 16.50pt;\" height=\"33\">Produkttyp<\/td>\n<td class=\"et3\">Servierplatte<\/td>\n<\/tr>\n<tr style=\"height: 16.50pt;\">\n<td class=\"et3\" style=\"height: 16.50pt;\" height=\"33\">Material<\/td>\n<td class=\"et3\">Steingut<\/td>\n<\/tr>\n<tr style=\"height: 16.50pt;\">\n<td class=\"et5\" style=\"height: 16.50pt;\" height=\"33\">Farbe<\/td>\n<td class=\"et3\">Als Bild<\/td>\n<\/tr>\n<tr style=\"height: 16.50pt;\">\n<td class=\"et3\" style=\"height: 16.50pt;\" height=\"33\">Dimension<\/td>\n<td class=\"et6\" style=\"width: 200.15pt;\" width=\"400\">Benutzerdefinierte Gr\u00f6\u00dfe<\/td>\n<\/tr>\n<tr style=\"height: 16.50pt;\">\n<td class=\"et3\" style=\"height: 16.50pt;\" height=\"33\">MOQ<\/td>\n<td class=\"et3\">500St\u00fcck<\/td>\n<\/tr>\n<tr style=\"height: 16.50pt;\">\n<td class=\"et3\" style=\"height: 16.50pt;\" height=\"33\">Benutzerdefiniert<\/td>\n<td class=\"et3\">Farbe\/Gr\u00f6\u00dfe\/Logo\/Verpackung<\/td>\n<\/tr>\n<\/tbody>\n<\/table>\n<p><script src=\"chrome-extension:\/\/fpelahbljekknahkcaegamhcndkfpfnc\/iFrame.js\" type=\"text\/javascript\"><\/script><\/p>","protected":false},"featured_media":5052,"comment_status":"closed","ping_status":"closed","template":"","meta":{"_acf_changed":false},"product_brand":[],"product_cat":[99],"product_tag":[81],"class_list":{"0":"post-5051","1":"product","2":"type-product","3":"status-publish","4":"has-post-thumbnail","6":"product_cat-baking-dishes-wholesale","7":"product_tag-modern-design-dinnerware-set-wholesale","9":"first","10":"instock","11":"shipping-taxable","12":"product-type-simple"},"acf":[],"_links":{"self":[{"href":"https:\/\/www.yongjianceramic.com\/de\/wp-json\/wp\/v2\/product\/5051","targetHints":{"allow":["GET"]}}],"collection":[{"href":"https:\/\/www.yongjianceramic.com\/de\/wp-json\/wp\/v2\/product"}],"about":[{"href":"https:\/\/www.yongjianceramic.com\/de\/wp-json\/wp\/v2\/types\/product"}],"replies":[{"embeddable":true,"href":"https:\/\/www.yongjianceramic.com\/de\/wp-json\/wp\/v2\/comments?post=5051"}],"wp:featuredmedia":[{"embeddable":true,"href":"https:\/\/www.yongjianceramic.com\/de\/wp-json\/wp\/v2\/media\/5052"}],"wp:attachment":[{"href":"https:\/\/www.yongjianceramic.com\/de\/wp-json\/wp\/v2\/media?parent=5051"}],"wp:term":[{"taxonomy":"product_brand","embeddable":true,"href":"https:\/\/www.yongjianceramic.com\/de\/wp-json\/wp\/v2\/product_brand?post=5051"},{"taxonomy":"product_cat","embeddable":true,"href":"https:\/\/www.yongjianceramic.com\/de\/wp-json\/wp\/v2\/product_cat?post=5051"},{"taxonomy":"product_tag","embeddable":true,"href":"https:\/\/www.yongjianceramic.com\/de\/wp-json\/wp\/v2\/product_tag?post=5051"}],"curies":[{"name":"wp","href":"https:\/\/api.w.org\/{rel}","templated":true}]}}