{"id":5073,"date":"2025-08-29T11:28:01","date_gmt":"2025-08-29T03:28:01","guid":{"rendered":"https:\/\/www.yongjianceramic.com\/?post_type=product&#038;p=5073"},"modified":"2025-09-01T09:12:05","modified_gmt":"2025-09-01T01:12:05","slug":"bulk-bakeware-set","status":"publish","type":"product","link":"https:\/\/www.yongjianceramic.com\/de\/produkt\/bulk-bakeware-set\/","title":{"rendered":"Wei\u00df Bulk Backformen Set, Porzellan Abendessen Backformen Gro\u00dfhandel Lieferant"},"content":{"rendered":"<div class=\"wp-block-columns is-layout-flex wp-container-core-columns-is-layout-9d6595d7 wp-block-columns-is-layout-flex\">\n<div class=\"wp-block-column is-layout-flow wp-block-column-is-layout-flow\">\n<h2 class=\"wp-block-heading\">Premium White Bulk Bakeware Set Eigenschaften:<\/h2>\n\n\n\n<ul class=\"wp-block-list\">\n<li><strong>Praktisches und bequemes Design mit zwei Griffen:<\/strong> Die verst\u00e4rkten Griffe an beiden Seiten der Backformen erleichtern das Herausnehmen und Servieren und machen es sicher und einfach, perfekt f\u00fcr den h\u00e4ufigen Gebrauch zu Hause und im Restaurant.<\/li>\n\n\n\n<li><strong>Hochtemperaturbest\u00e4ndiges Porzellan:<\/strong> Das Gro\u00dfhandels-Backgeschirr ist umweltfreundlich und einfach zu reinigen. Da es aus Hochtemperatur-Porzellan besteht, ist es sehr hitzebest\u00e4ndig und kann in der Mikrowelle und im Ofen erhitzt werden.<\/li>\n\n\n\n<li><strong>Vielseitige Mischung:<\/strong> Das gro\u00dfe Backformenset enth\u00e4lt Pfannen in verschiedenen Gr\u00f6\u00dfen zum Backen, Grillen, f\u00fcr Nudeln, Desserts und zum Kochen zu Hause.<\/li>\n\n\n\n<li><strong>Einfaches Wei\u00df, stilvoller Look: <\/strong>Das stilvolle wei\u00dfe Design und Farbschema des Gro\u00dfhandels-Backgeschirrs passt zu jeder Tischdekoration. Es ist bleifrei und ungiftig, mikrowellen-, ofen-, sp\u00fclmaschinen- und gefrierschrankgeeignet und damit perfekt f\u00fcr den Gebrauch zu Hause, im Restaurant und im Hotel.<\/li>\n<\/ul>\n<\/div>\n\n\n\n<div class=\"wp-block-column is-layout-flow wp-block-column-is-layout-flow\">\n<figure class=\"wp-block-image size-full\"><img fetchpriority=\"high\" decoding=\"async\" width=\"2400\" height=\"2400\" src=\"https:\/\/www.yongjianceramic.com\/wp-content\/uploads\/2025\/08\/bulk-dinnerware-sets\uff0cceramic-dinnerware-manufacturing-process\uff0cwhite-porcelain-dinner-plates-bulk-5.webp\" alt=\"Wei\u00dfes-Mulden-Backgeschirr-Set-Porzellan-Backformen-Gro\u00dfhandel-Lieferant-5\" class=\"wp-image-5078\" srcset=\"https:\/\/www.yongjianceramic.com\/wp-content\/uploads\/2025\/08\/bulk-dinnerware-sets\uff0cceramic-dinnerware-manufacturing-process\uff0cwhite-porcelain-dinner-plates-bulk-5.webp 2400w, https:\/\/www.yongjianceramic.com\/wp-content\/uploads\/2025\/08\/bulk-dinnerware-sets\uff0cceramic-dinnerware-manufacturing-process\uff0cwhite-porcelain-dinner-plates-bulk-5-300x300.webp 300w, https:\/\/www.yongjianceramic.com\/wp-content\/uploads\/2025\/08\/bulk-dinnerware-sets\uff0cceramic-dinnerware-manufacturing-process\uff0cwhite-porcelain-dinner-plates-bulk-5-150x150.webp 150w, https:\/\/www.yongjianceramic.com\/wp-content\/uploads\/2025\/08\/bulk-dinnerware-sets\uff0cceramic-dinnerware-manufacturing-process\uff0cwhite-porcelain-dinner-plates-bulk-5-768x768.webp 768w, https:\/\/www.yongjianceramic.com\/wp-content\/uploads\/2025\/08\/bulk-dinnerware-sets\uff0cceramic-dinnerware-manufacturing-process\uff0cwhite-porcelain-dinner-plates-bulk-5-12x12.webp 12w, https:\/\/www.yongjianceramic.com\/wp-content\/uploads\/2025\/08\/bulk-dinnerware-sets\uff0cceramic-dinnerware-manufacturing-process\uff0cwhite-porcelain-dinner-plates-bulk-5-285x285.webp 285w, https:\/\/www.yongjianceramic.com\/wp-content\/uploads\/2025\/08\/bulk-dinnerware-sets\uff0cceramic-dinnerware-manufacturing-process\uff0cwhite-porcelain-dinner-plates-bulk-5-1600x1600.webp 1600w, https:\/\/www.yongjianceramic.com\/wp-content\/uploads\/2025\/08\/bulk-dinnerware-sets\uff0cceramic-dinnerware-manufacturing-process\uff0cwhite-porcelain-dinner-plates-bulk-5-270x270.webp 270w, https:\/\/www.yongjianceramic.com\/wp-content\/uploads\/2025\/08\/bulk-dinnerware-sets\uff0cceramic-dinnerware-manufacturing-process\uff0cwhite-porcelain-dinner-plates-bulk-5-540x540.webp 540w, https:\/\/www.yongjianceramic.com\/wp-content\/uploads\/2025\/08\/bulk-dinnerware-sets\uff0cceramic-dinnerware-manufacturing-process\uff0cwhite-porcelain-dinner-plates-bulk-5-660x660.webp 660w\" sizes=\"(max-width: 2400px) 100vw, 2400px\" \/><\/figure>\n<\/div>\n<\/div>","protected":false},"excerpt":{"rendered":"<p>Als ein zuverl\u00e4ssiger Porzellan Abendessen Backformen Gro\u00dfhandel Anbieter, bieten wir die besten wei\u00dfen Bulk-Backformen Set aus strapazierf\u00e4higem Porzellan, Backofen sicher, mikrowellengeeignet, sp\u00fclmaschinenfest und gefrierfest.OEM &amp; ODM Anpassung und Gro\u00dfhandel Bestellungen sind voll supported.Welcome, uns zu kontaktieren!<\/p>\n<table style=\"border-collapse: collapse; width: 327.02pt;\" border=\"0\" width=\"654\" cellspacing=\"0\" cellpadding=\"0\">\n<tbody>\n<tr style=\"height: 16.50pt;\">\n<td class=\"et3\" style=\"height: 16.50pt; width: 127.20pt;\" width=\"254\" height=\"33\">Hersteller<\/td>\n<td class=\"et3\" style=\"width: 200.15pt;\" width=\"400\">Yongjian<\/td>\n<\/tr>\n<tr style=\"height: 16.50pt;\">\n<td class=\"et3\" style=\"height: 16.50pt;\" height=\"33\">Modell Nr.<\/td>\n<td class=\"et4\" style=\"width: 200.15pt;\" width=\"400\">YJ-156<\/td>\n<\/tr>\n<tr style=\"height: 16.50pt;\">\n<td class=\"et3\" style=\"height: 16.50pt;\" height=\"33\">Produkttyp<\/td>\n<td class=\"et3\">Servierplatte<\/td>\n<\/tr>\n<tr style=\"height: 16.50pt;\">\n<td class=\"et3\" style=\"height: 16.50pt;\" height=\"33\">Material<\/td>\n<td class=\"et3\">Steingut<\/td>\n<\/tr>\n<tr style=\"height: 16.50pt;\">\n<td class=\"et5\" style=\"height: 16.50pt;\" height=\"33\">Farbe<\/td>\n<td class=\"et3\">Als Bild<\/td>\n<\/tr>\n<tr style=\"height: 16.50pt;\">\n<td class=\"et3\" style=\"height: 16.50pt;\" height=\"33\">Dimension<\/td>\n<td class=\"et6\" style=\"width: 200.15pt;\" width=\"400\">Benutzerdefinierte Gr\u00f6\u00dfe<\/td>\n<\/tr>\n<tr style=\"height: 16.50pt;\">\n<td class=\"et3\" style=\"height: 16.50pt;\" height=\"33\">MOQ<\/td>\n<td class=\"et3\">500St\u00fcck<\/td>\n<\/tr>\n<tr style=\"height: 16.50pt;\">\n<td class=\"et3\" style=\"height: 16.50pt;\" height=\"33\">Benutzerdefiniert<\/td>\n<td class=\"et3\">Farbe\/Gr\u00f6\u00dfe\/Logo\/Verpackung<\/td>\n<\/tr>\n<\/tbody>\n<\/table>","protected":false},"featured_media":5075,"comment_status":"closed","ping_status":"closed","template":"","meta":{"_acf_changed":false},"product_brand":[],"product_cat":[62,99],"product_tag":[],"class_list":{"0":"post-5073","1":"product","2":"type-product","3":"status-publish","4":"has-post-thumbnail","6":"product_cat-ceramic-plates-wholesale","7":"product_cat-baking-dishes-wholesale","9":"first","10":"instock","11":"shipping-taxable","12":"product-type-simple"},"acf":[],"_links":{"self":[{"href":"https:\/\/www.yongjianceramic.com\/de\/wp-json\/wp\/v2\/product\/5073","targetHints":{"allow":["GET"]}}],"collection":[{"href":"https:\/\/www.yongjianceramic.com\/de\/wp-json\/wp\/v2\/product"}],"about":[{"href":"https:\/\/www.yongjianceramic.com\/de\/wp-json\/wp\/v2\/types\/product"}],"replies":[{"embeddable":true,"href":"https:\/\/www.yongjianceramic.com\/de\/wp-json\/wp\/v2\/comments?post=5073"}],"wp:featuredmedia":[{"embeddable":true,"href":"https:\/\/www.yongjianceramic.com\/de\/wp-json\/wp\/v2\/media\/5075"}],"wp:attachment":[{"href":"https:\/\/www.yongjianceramic.com\/de\/wp-json\/wp\/v2\/media?parent=5073"}],"wp:term":[{"taxonomy":"product_brand","embeddable":true,"href":"https:\/\/www.yongjianceramic.com\/de\/wp-json\/wp\/v2\/product_brand?post=5073"},{"taxonomy":"product_cat","embeddable":true,"href":"https:\/\/www.yongjianceramic.com\/de\/wp-json\/wp\/v2\/product_cat?post=5073"},{"taxonomy":"product_tag","embeddable":true,"href":"https:\/\/www.yongjianceramic.com\/de\/wp-json\/wp\/v2\/product_tag?post=5073"}],"curies":[{"name":"wp","href":"https:\/\/api.w.org\/{rel}","templated":true}]}}