{"id":5080,"date":"2025-08-29T10:40:24","date_gmt":"2025-08-29T02:40:24","guid":{"rendered":"https:\/\/www.yongjianceramic.com\/?post_type=product&#038;p=5080"},"modified":"2025-09-01T09:12:15","modified_gmt":"2025-09-01T01:12:15","slug":"baking-pan-customized","status":"publish","type":"product","link":"https:\/\/www.yongjianceramic.com\/de\/produkt\/baking-pan-customized\/","title":{"rendered":"White&amp;Blue Backform angepasst, rechteckige Restaurant Geschirr Set Gro\u00dfhandel"},"content":{"rendered":"<div class=\"wp-block-columns is-layout-flex wp-container-core-columns-is-layout-9d6595d7 wp-block-columns-is-layout-flex\">\n<div class=\"wp-block-column is-layout-flow wp-block-column-is-layout-flow\">\n<h2 class=\"wp-block-heading\">Premium White&amp;Blue Baking Pan Customized Eigenschaften:<\/h2>\n\n\n\n<ul class=\"wp-block-list\">\n<li><strong>Klassische Farbkombination aus Wei\u00df und Blau, anpassbar:<\/strong> Die Kombination aus wei\u00dfer und blauer Backform sorgt f\u00fcr einen frischen und eleganten Look. Andere Farben k\u00f6nnen auf Anfrage ebenfalls angepasst werden, um den verschiedenen Stilen von Restaurants oder Wohnungen gerecht zu werden.<\/li>\n\n\n\n<li><strong>Praktisches und sicheres Design mit zwei Griffen:<\/strong> Die Backform ist an beiden Seiten mit praktischen Griffen versehen, so dass sie sich leicht herausnehmen und servieren l\u00e4sst. Langlebig und verbr\u00fchungsbest\u00e4ndig, erm\u00f6glicht sie das sofortige Servieren direkt aus dem Ofen und verbessert das Benutzererlebnis.<\/li>\n\n\n\n<li><strong>Gestreiftes Design, einfach und sch\u00f6n:<\/strong> Das gestreifte Au\u00dfendesign des Gro\u00dfhandels-Keramikgeschirrs verleiht Ihrem Esstisch ein modernes und mehrschichtiges Gef\u00fchl und verleiht ihm eine stilvolle Note.<\/li>\n\n\n\n<li><strong>Hochtemperatur-Porzellan: <\/strong>Das Gro\u00dfhandelsgeschirrset wird mit einem Hochtemperatur-Brandverfahren hergestellt, ist hitzebest\u00e4ndig, ofen- und mikrowellenfest, leicht zu reinigen und umweltfreundlich.<\/li>\n<\/ul>\n<\/div>\n\n\n\n<div class=\"wp-block-column is-layout-flow wp-block-column-is-layout-flow\">\n<figure class=\"wp-block-image size-full\"><img fetchpriority=\"high\" decoding=\"async\" width=\"1221\" height=\"1224\" src=\"https:\/\/www.yongjianceramic.com\/wp-content\/uploads\/2025\/08\/bulk-dinner-plates-whitecustom-charger-plateschinese-restaurant-crockery-1.webp\" alt=\"wei\u00df-blaue-backform-individuell-rechteckig-restaurant-geschirr-set-gro\u00dfhandel-1\" class=\"wp-image-5081\" srcset=\"https:\/\/www.yongjianceramic.com\/wp-content\/uploads\/2025\/08\/bulk-dinner-plates-whitecustom-charger-plateschinese-restaurant-crockery-1.webp 1221w, https:\/\/www.yongjianceramic.com\/wp-content\/uploads\/2025\/08\/bulk-dinner-plates-whitecustom-charger-plateschinese-restaurant-crockery-1-300x300.webp 300w, https:\/\/www.yongjianceramic.com\/wp-content\/uploads\/2025\/08\/bulk-dinner-plates-whitecustom-charger-plateschinese-restaurant-crockery-1-150x150.webp 150w, https:\/\/www.yongjianceramic.com\/wp-content\/uploads\/2025\/08\/bulk-dinner-plates-whitecustom-charger-plateschinese-restaurant-crockery-1-768x770.webp 768w, https:\/\/www.yongjianceramic.com\/wp-content\/uploads\/2025\/08\/bulk-dinner-plates-whitecustom-charger-plateschinese-restaurant-crockery-1-12x12.webp 12w, https:\/\/www.yongjianceramic.com\/wp-content\/uploads\/2025\/08\/bulk-dinner-plates-whitecustom-charger-plateschinese-restaurant-crockery-1-285x286.webp 285w, https:\/\/www.yongjianceramic.com\/wp-content\/uploads\/2025\/08\/bulk-dinner-plates-whitecustom-charger-plateschinese-restaurant-crockery-1-270x270.webp 270w, https:\/\/www.yongjianceramic.com\/wp-content\/uploads\/2025\/08\/bulk-dinner-plates-whitecustom-charger-plateschinese-restaurant-crockery-1-540x540.webp 540w, https:\/\/www.yongjianceramic.com\/wp-content\/uploads\/2025\/08\/bulk-dinner-plates-whitecustom-charger-plateschinese-restaurant-crockery-1-658x660.webp 658w\" sizes=\"(max-width: 1221px) 100vw, 1221px\" \/><\/figure>\n<\/div>\n<\/div>\n\n\n\n<p><\/p>","protected":false},"excerpt":{"rendered":"<p>Willkommen zum Kauf unserer Backform nach Ma\u00df. Diese wei\u00df-blaue rechteckige Backform mit zwei Griffen hat ein einfaches und elegantes Streifendesign. Individuelle Farben sind m\u00f6glich. Hergestellt aus Hochtemperatur-Porzellan, ist sie sowohl praktisch als auch sch\u00f6n, perfekt f\u00fcr das Backen zu Hause und in Restaurants.<\/p>\n<table style=\"border-collapse: collapse; width: 327.02pt;\" border=\"0\" width=\"654\" cellspacing=\"0\" cellpadding=\"0\">\n<tbody>\n<tr style=\"height: 16.50pt;\">\n<td class=\"et3\" style=\"height: 16.50pt; width: 127.20pt;\" width=\"254\" height=\"33\">Hersteller<\/td>\n<td class=\"et3\" style=\"width: 200.15pt;\" width=\"400\">Yongjian<\/td>\n<\/tr>\n<tr style=\"height: 16.50pt;\">\n<td class=\"et3\" style=\"height: 16.50pt;\" height=\"33\">Modell Nr.<\/td>\n<td class=\"et4\" style=\"width: 200.15pt;\" width=\"400\">YJ-157<\/td>\n<\/tr>\n<tr style=\"height: 16.50pt;\">\n<td class=\"et3\" style=\"height: 16.50pt;\" height=\"33\">Produkttyp<\/td>\n<td class=\"et3\">Servierplatte<\/td>\n<\/tr>\n<tr style=\"height: 16.50pt;\">\n<td class=\"et3\" style=\"height: 16.50pt;\" height=\"33\">Material<\/td>\n<td class=\"et3\">Steingut<\/td>\n<\/tr>\n<tr style=\"height: 16.50pt;\">\n<td class=\"et5\" style=\"height: 16.50pt;\" height=\"33\">Farbe<\/td>\n<td class=\"et3\">Als Bild<\/td>\n<\/tr>\n<tr style=\"height: 16.50pt;\">\n<td class=\"et3\" style=\"height: 16.50pt;\" height=\"33\">Dimension<\/td>\n<td class=\"et6\" style=\"width: 200.15pt;\" width=\"400\">Benutzerdefinierte Gr\u00f6\u00dfe<\/td>\n<\/tr>\n<tr style=\"height: 16.50pt;\">\n<td class=\"et3\" style=\"height: 16.50pt;\" height=\"33\">MOQ<\/td>\n<td class=\"et3\">500St\u00fcck<\/td>\n<\/tr>\n<tr style=\"height: 16.50pt;\">\n<td class=\"et3\" style=\"height: 16.50pt;\" height=\"33\">Benutzerdefiniert<\/td>\n<td class=\"et3\">Farbe\/Gr\u00f6\u00dfe\/Logo\/Verpackung<\/td>\n<\/tr>\n<\/tbody>\n<\/table>","protected":false},"featured_media":5083,"comment_status":"closed","ping_status":"closed","template":"","meta":{"_acf_changed":false},"product_brand":[],"product_cat":[62,99],"product_tag":[],"class_list":{"0":"post-5080","1":"product","2":"type-product","3":"status-publish","4":"has-post-thumbnail","6":"product_cat-ceramic-plates-wholesale","7":"product_cat-baking-dishes-wholesale","9":"first","10":"instock","11":"shipping-taxable","12":"product-type-simple"},"acf":[],"_links":{"self":[{"href":"https:\/\/www.yongjianceramic.com\/de\/wp-json\/wp\/v2\/product\/5080","targetHints":{"allow":["GET"]}}],"collection":[{"href":"https:\/\/www.yongjianceramic.com\/de\/wp-json\/wp\/v2\/product"}],"about":[{"href":"https:\/\/www.yongjianceramic.com\/de\/wp-json\/wp\/v2\/types\/product"}],"replies":[{"embeddable":true,"href":"https:\/\/www.yongjianceramic.com\/de\/wp-json\/wp\/v2\/comments?post=5080"}],"wp:featuredmedia":[{"embeddable":true,"href":"https:\/\/www.yongjianceramic.com\/de\/wp-json\/wp\/v2\/media\/5083"}],"wp:attachment":[{"href":"https:\/\/www.yongjianceramic.com\/de\/wp-json\/wp\/v2\/media?parent=5080"}],"wp:term":[{"taxonomy":"product_brand","embeddable":true,"href":"https:\/\/www.yongjianceramic.com\/de\/wp-json\/wp\/v2\/product_brand?post=5080"},{"taxonomy":"product_cat","embeddable":true,"href":"https:\/\/www.yongjianceramic.com\/de\/wp-json\/wp\/v2\/product_cat?post=5080"},{"taxonomy":"product_tag","embeddable":true,"href":"https:\/\/www.yongjianceramic.com\/de\/wp-json\/wp\/v2\/product_tag?post=5080"}],"curies":[{"name":"wp","href":"https:\/\/api.w.org\/{rel}","templated":true}]}}