{"id":5086,"date":"2025-08-29T10:21:06","date_gmt":"2025-08-29T02:21:06","guid":{"rendered":"https:\/\/www.yongjianceramic.com\/?post_type=product&#038;p=5086"},"modified":"2025-09-04T10:02:30","modified_gmt":"2025-09-04T02:02:30","slug":"wholesale-small-baking-pans","status":"publish","type":"product","link":"https:\/\/www.yongjianceramic.com\/de\/produkt\/wholesale-small-baking-pans\/","title":{"rendered":"Gro\u00dfhandel kleine Backformen, Keramik-Geschirr Hersteller Gro\u00dfhandel f\u00fcr Hochzeiten"},"content":{"rendered":"<div class=\"wp-block-columns is-layout-flex wp-container-core-columns-is-layout-9d6595d7 wp-block-columns-is-layout-flex\">\n<div class=\"wp-block-column is-layout-flow wp-block-column-is-layout-flow\">\n<h2 class=\"wp-block-heading\">Premium Gro\u00dfhandel kleine Backformen Eigenschaften:<\/h2>\n\n\n\n<ul class=\"wp-block-list\">\n<li><strong>Minimalistischer wei\u00dfer Stil: <\/strong>Diese kleinen Backformen f\u00fcr den Gro\u00dfhandel Reines quadratisches Design mit moderner Schlichtheit, perfekt f\u00fcr Hochzeiten, Hotels und Haushalte.<\/li>\n\n\n\n<li><strong>Doppelgriff-Design: <\/strong>Diese Gro\u00dfhandels-Backformen sind leicht zu tragen und zu servieren, ideal f\u00fcr hei\u00dfe Speisen, Suppen oder Backwaren.<\/li>\n\n\n\n<li><strong>Mehrzweck-Anwendung:<\/strong> Die personalisierten Keramiksch\u00fcsseln sind vielseitig einsetzbar und k\u00f6nnen als Backform, Suppensch\u00fcssel, Salatsch\u00fcssel oder Serviersch\u00fcssel verwendet werden.<\/li>\n\n\n\n<li><strong>Langlebiges keramisches Material:<\/strong> Die individuell gestalteten Keramikschalen sind aus hochwertigem Porzellan gefertigt, backofen-, mikrowellen- und sp\u00fclmaschinenfest, umweltfreundlich und langlebig.<\/li>\n<\/ul>\n<\/div>\n\n\n\n<div class=\"wp-block-column is-layout-flow wp-block-column-is-layout-flow\">\n<figure class=\"wp-block-image size-full\"><img fetchpriority=\"high\" decoding=\"async\" width=\"1600\" height=\"1600\" src=\"https:\/\/www.yongjianceramic.com\/wp-content\/uploads\/2025\/08\/wholesale-dinnerware-for-weddings\uff0cceramic-dinnerware-manufacturer\uff0ccustom-serving-bowl-6.webp\" alt=\"gro\u00dfhandel-kleine-backformen-keramik-geschirr-hersteller-gro\u00dfhandel-f\u00fcr-hochzeiten-6\" class=\"wp-image-5091\" srcset=\"https:\/\/www.yongjianceramic.com\/wp-content\/uploads\/2025\/08\/wholesale-dinnerware-for-weddings\uff0cceramic-dinnerware-manufacturer\uff0ccustom-serving-bowl-6.webp 1600w, https:\/\/www.yongjianceramic.com\/wp-content\/uploads\/2025\/08\/wholesale-dinnerware-for-weddings\uff0cceramic-dinnerware-manufacturer\uff0ccustom-serving-bowl-6-300x300.webp 300w, https:\/\/www.yongjianceramic.com\/wp-content\/uploads\/2025\/08\/wholesale-dinnerware-for-weddings\uff0cceramic-dinnerware-manufacturer\uff0ccustom-serving-bowl-6-150x150.webp 150w, https:\/\/www.yongjianceramic.com\/wp-content\/uploads\/2025\/08\/wholesale-dinnerware-for-weddings\uff0cceramic-dinnerware-manufacturer\uff0ccustom-serving-bowl-6-768x768.webp 768w, https:\/\/www.yongjianceramic.com\/wp-content\/uploads\/2025\/08\/wholesale-dinnerware-for-weddings\uff0cceramic-dinnerware-manufacturer\uff0ccustom-serving-bowl-6-12x12.webp 12w, https:\/\/www.yongjianceramic.com\/wp-content\/uploads\/2025\/08\/wholesale-dinnerware-for-weddings\uff0cceramic-dinnerware-manufacturer\uff0ccustom-serving-bowl-6-285x285.webp 285w, https:\/\/www.yongjianceramic.com\/wp-content\/uploads\/2025\/08\/wholesale-dinnerware-for-weddings\uff0cceramic-dinnerware-manufacturer\uff0ccustom-serving-bowl-6-270x270.webp 270w, https:\/\/www.yongjianceramic.com\/wp-content\/uploads\/2025\/08\/wholesale-dinnerware-for-weddings\uff0cceramic-dinnerware-manufacturer\uff0ccustom-serving-bowl-6-540x540.webp 540w, https:\/\/www.yongjianceramic.com\/wp-content\/uploads\/2025\/08\/wholesale-dinnerware-for-weddings\uff0cceramic-dinnerware-manufacturer\uff0ccustom-serving-bowl-6-660x660.webp 660w\" sizes=\"(max-width: 1600px) 100vw, 1600px\" \/><\/figure>\n<\/div>\n<\/div>","protected":false},"excerpt":{"rendered":"<p>Gro\u00dfhandel Kauf der quadratischen Gro\u00dfhandel kleine Backformen mit doppelten Griffen, einfache wei\u00dfe Suppensch\u00fcssel Typ. Universell zum Backen, Servieren und Catering. Porzellan Z\u00e4higkeit, ideal f\u00fcr Hochzeiten, Restaurants und Heimgebrauch.<\/p>\n<table style=\"border-collapse: collapse; width: 327.02pt;\" border=\"0\" width=\"654\" cellspacing=\"0\" cellpadding=\"0\">\n<tbody>\n<tr style=\"height: 16.50pt;\">\n<td class=\"et3\" style=\"height: 16.50pt; width: 127.20pt;\" width=\"254\" height=\"33\">Hersteller<\/td>\n<td class=\"et3\" style=\"width: 200.15pt;\" width=\"400\">Yongjian<\/td>\n<\/tr>\n<tr style=\"height: 16.50pt;\">\n<td class=\"et3\" style=\"height: 16.50pt;\" height=\"33\">Modell Nr.<\/td>\n<td class=\"et4\" style=\"width: 200.15pt;\" width=\"400\">YJ-158<\/td>\n<\/tr>\n<tr style=\"height: 16.50pt;\">\n<td class=\"et3\" style=\"height: 16.50pt;\" height=\"33\">Produkttyp<\/td>\n<td class=\"et3\">Schalen mit Henkel<\/td>\n<\/tr>\n<tr style=\"height: 16.50pt;\">\n<td class=\"et3\" style=\"height: 16.50pt;\" height=\"33\">Material<\/td>\n<td class=\"et3\">Steingut<\/td>\n<\/tr>\n<tr style=\"height: 16.50pt;\">\n<td class=\"et5\" style=\"height: 16.50pt;\" height=\"33\">Farbe<\/td>\n<td class=\"et3\">Als Bild<\/td>\n<\/tr>\n<tr style=\"height: 16.50pt;\">\n<td class=\"et3\" style=\"height: 16.50pt;\" height=\"33\">Dimension<\/td>\n<td class=\"et6\" style=\"width: 200.15pt;\" width=\"400\">Benutzerdefinierte Gr\u00f6\u00dfe<\/td>\n<\/tr>\n<tr style=\"height: 16.50pt;\">\n<td class=\"et3\" style=\"height: 16.50pt;\" height=\"33\">MOQ<\/td>\n<td class=\"et3\">500St\u00fcck<\/td>\n<\/tr>\n<tr style=\"height: 16.50pt;\">\n<td class=\"et3\" style=\"height: 16.50pt;\" height=\"33\">Benutzerdefiniert<\/td>\n<td class=\"et3\">Farbe\/Gr\u00f6\u00dfe\/Logo\/Verpackung<\/td>\n<\/tr>\n<\/tbody>\n<\/table>","protected":false},"featured_media":5089,"comment_status":"closed","ping_status":"closed","template":"","meta":{"_acf_changed":false},"product_brand":[],"product_cat":[99],"product_tag":[],"class_list":{"0":"post-5086","1":"product","2":"type-product","3":"status-publish","4":"has-post-thumbnail","6":"product_cat-baking-dishes-wholesale","8":"first","9":"instock","10":"shipping-taxable","11":"product-type-simple"},"acf":[],"_links":{"self":[{"href":"https:\/\/www.yongjianceramic.com\/de\/wp-json\/wp\/v2\/product\/5086","targetHints":{"allow":["GET"]}}],"collection":[{"href":"https:\/\/www.yongjianceramic.com\/de\/wp-json\/wp\/v2\/product"}],"about":[{"href":"https:\/\/www.yongjianceramic.com\/de\/wp-json\/wp\/v2\/types\/product"}],"replies":[{"embeddable":true,"href":"https:\/\/www.yongjianceramic.com\/de\/wp-json\/wp\/v2\/comments?post=5086"}],"wp:featuredmedia":[{"embeddable":true,"href":"https:\/\/www.yongjianceramic.com\/de\/wp-json\/wp\/v2\/media\/5089"}],"wp:attachment":[{"href":"https:\/\/www.yongjianceramic.com\/de\/wp-json\/wp\/v2\/media?parent=5086"}],"wp:term":[{"taxonomy":"product_brand","embeddable":true,"href":"https:\/\/www.yongjianceramic.com\/de\/wp-json\/wp\/v2\/product_brand?post=5086"},{"taxonomy":"product_cat","embeddable":true,"href":"https:\/\/www.yongjianceramic.com\/de\/wp-json\/wp\/v2\/product_cat?post=5086"},{"taxonomy":"product_tag","embeddable":true,"href":"https:\/\/www.yongjianceramic.com\/de\/wp-json\/wp\/v2\/product_tag?post=5086"}],"curies":[{"name":"wp","href":"https:\/\/api.w.org\/{rel}","templated":true}]}}