{"id":5094,"date":"2025-08-29T09:59:40","date_gmt":"2025-08-29T01:59:40","guid":{"rendered":"https:\/\/www.yongjianceramic.com\/?post_type=product&#038;p=5094"},"modified":"2025-09-04T10:01:54","modified_gmt":"2025-09-04T02:01:54","slug":"ceramic-baking-dish-wholesale","status":"publish","type":"product","link":"https:\/\/www.yongjianceramic.com\/de\/produkt\/ceramic-baking-dish-wholesale\/","title":{"rendered":"Gro\u00dfe Gr\u00f6\u00dfe b\u00f6hmischen keramischen Backform Gro\u00dfhandel, benutzerdefinierte Pasta Schalen Lieferanten"},"content":{"rendered":"<div class=\"wp-block-columns is-layout-flex wp-container-core-columns-is-layout-9d6595d7 wp-block-columns-is-layout-flex\">\n<div class=\"wp-block-column is-layout-flow wp-block-column-is-layout-flow\">\n<h2 class=\"wp-block-heading\">Premium Bohemian Keramik Backform Gro\u00dfhandel Eigenschaften:<\/h2>\n\n\n\n<ul class=\"wp-block-list\">\n<li><strong>Boh\u00e8me-inspirierter Stil:<\/strong> Die runde Keramik-Backform im Gro\u00dfhandel mit gepr\u00e4gter Oberfl\u00e4che sorgt f\u00fcr ein unbeschwertes, unkonventionelles und exotisches Aussehen.<\/li>\n\n\n\n<li><strong>Backen bei hoher Temperatur: <\/strong>Die Hochtemperatur-gebrannte Keramik-Backform im Gro\u00dfhandel ist aus hochwertiger Keramik, hitze- und rissbest\u00e4ndig, geeignet f\u00fcr h\u00e4ufiges Backen und Tischgebrauch.<\/li>\n\n\n\n<li><strong>Funktionale Flexibilit\u00e4t: <\/strong>Diese ma\u00dfgefertigten Nudelschalen sind vielseitig genug, um mehrere Funktionen zu erf\u00fcllen - sie eignen sich als Backform, Nudelsch\u00fcssel, Salatsch\u00fcssel oder Dessertteller f\u00fcr verschiedene Essensw\u00fcnsche.<\/li>\n\n\n\n<li><strong>Personalisierte Optionen: <\/strong>Unsere gro\u00dfen Gro\u00dfhandels-Keramik-Backformen sind in Farbe, Gr\u00f6\u00dfe und Verpackung anpassbar. Dies macht es geeignet f\u00fcr Restaurants, Hochzeiten, Bankette, und Firmengeschenke.<\/li>\n<\/ul>\n<\/div>\n\n\n\n<div class=\"wp-block-column is-layout-flow wp-block-column-is-layout-flow\">\n<figure class=\"wp-block-image size-full\"><img fetchpriority=\"high\" decoding=\"async\" width=\"1600\" height=\"1600\" src=\"https:\/\/www.yongjianceramic.com\/wp-content\/uploads\/2025\/08\/china-ceramic-platescrockery-factorycustom-pasta-bowls-1.webp\" alt=\"big-size-bohemian-ceramic-baking-dish-wholesale-custom-pasta-bowls-supplier-1\" class=\"wp-image-5095\" srcset=\"https:\/\/www.yongjianceramic.com\/wp-content\/uploads\/2025\/08\/china-ceramic-platescrockery-factorycustom-pasta-bowls-1.webp 1600w, https:\/\/www.yongjianceramic.com\/wp-content\/uploads\/2025\/08\/china-ceramic-platescrockery-factorycustom-pasta-bowls-1-300x300.webp 300w, https:\/\/www.yongjianceramic.com\/wp-content\/uploads\/2025\/08\/china-ceramic-platescrockery-factorycustom-pasta-bowls-1-150x150.webp 150w, https:\/\/www.yongjianceramic.com\/wp-content\/uploads\/2025\/08\/china-ceramic-platescrockery-factorycustom-pasta-bowls-1-768x768.webp 768w, https:\/\/www.yongjianceramic.com\/wp-content\/uploads\/2025\/08\/china-ceramic-platescrockery-factorycustom-pasta-bowls-1-12x12.webp 12w, https:\/\/www.yongjianceramic.com\/wp-content\/uploads\/2025\/08\/china-ceramic-platescrockery-factorycustom-pasta-bowls-1-285x285.webp 285w, https:\/\/www.yongjianceramic.com\/wp-content\/uploads\/2025\/08\/china-ceramic-platescrockery-factorycustom-pasta-bowls-1-270x270.webp 270w, https:\/\/www.yongjianceramic.com\/wp-content\/uploads\/2025\/08\/china-ceramic-platescrockery-factorycustom-pasta-bowls-1-540x540.webp 540w, https:\/\/www.yongjianceramic.com\/wp-content\/uploads\/2025\/08\/china-ceramic-platescrockery-factorycustom-pasta-bowls-1-660x660.webp 660w\" sizes=\"(max-width: 1600px) 100vw, 1600px\" \/><\/figure>\n<\/div>\n<\/div>","protected":false},"excerpt":{"rendered":"<p>Wir laden Sie ein, unsere Keramik-Backform im Gro\u00dfhandel zu kaufen. Dieses b\u00f6hmisch inspirierte, runde Tablett mit Pr\u00e4gung ist nicht nur sch\u00f6n, sondern auch langlebig und vielseitig einsetzbar. Es ist ideal f\u00fcr den Einsatz zu Hause und im Restaurant.<\/p>\n<table style=\"border-collapse: collapse; width: 327.02pt;\" border=\"0\" width=\"654\" cellspacing=\"0\" cellpadding=\"0\">\n<tbody>\n<tr style=\"height: 16.50pt;\">\n<td class=\"et3\" style=\"height: 16.50pt; width: 127.20pt;\" width=\"254\" height=\"33\">Hersteller<\/td>\n<td class=\"et3\" style=\"width: 200.15pt;\" width=\"400\">Yongjian<\/td>\n<\/tr>\n<tr style=\"height: 16.50pt;\">\n<td class=\"et3\" style=\"height: 16.50pt;\" height=\"33\">Modell Nr.<\/td>\n<td class=\"et4\" style=\"width: 200.15pt;\" width=\"400\">YJ-159<\/td>\n<\/tr>\n<tr style=\"height: 16.50pt;\">\n<td class=\"et3\" style=\"height: 16.50pt;\" height=\"33\">Produkttyp<\/td>\n<td class=\"et3\">Servierplatte<\/td>\n<\/tr>\n<tr style=\"height: 16.50pt;\">\n<td class=\"et3\" style=\"height: 16.50pt;\" height=\"33\">Material<\/td>\n<td class=\"et3\">Steingut<\/td>\n<\/tr>\n<tr style=\"height: 16.50pt;\">\n<td class=\"et5\" style=\"height: 16.50pt;\" height=\"33\">Farbe<\/td>\n<td class=\"et3\">Als Bild<\/td>\n<\/tr>\n<tr style=\"height: 16.50pt;\">\n<td class=\"et3\" style=\"height: 16.50pt;\" height=\"33\">Dimension<\/td>\n<td class=\"et6\" style=\"width: 200.15pt;\" width=\"400\">Benutzerdefinierte Gr\u00f6\u00dfe<\/td>\n<\/tr>\n<tr style=\"height: 16.50pt;\">\n<td class=\"et3\" style=\"height: 16.50pt;\" height=\"33\">MOQ<\/td>\n<td class=\"et3\">500St\u00fcck<\/td>\n<\/tr>\n<tr style=\"height: 16.50pt;\">\n<td class=\"et3\" style=\"height: 16.50pt;\" height=\"33\">Benutzerdefiniert<\/td>\n<td class=\"et3\">Farbe\/Gr\u00f6\u00dfe\/Logo\/Verpackung<\/td>\n<\/tr>\n<\/tbody>\n<\/table>","protected":false},"featured_media":5097,"comment_status":"closed","ping_status":"closed","template":"","meta":{"_acf_changed":false},"product_brand":[],"product_cat":[99],"product_tag":[84],"class_list":{"0":"post-5094","1":"product","2":"type-product","3":"status-publish","4":"has-post-thumbnail","6":"product_cat-baking-dishes-wholesale","7":"product_tag-retro-design-dinnerware-wholesale","9":"first","10":"instock","11":"shipping-taxable","12":"product-type-simple"},"acf":[],"_links":{"self":[{"href":"https:\/\/www.yongjianceramic.com\/de\/wp-json\/wp\/v2\/product\/5094","targetHints":{"allow":["GET"]}}],"collection":[{"href":"https:\/\/www.yongjianceramic.com\/de\/wp-json\/wp\/v2\/product"}],"about":[{"href":"https:\/\/www.yongjianceramic.com\/de\/wp-json\/wp\/v2\/types\/product"}],"replies":[{"embeddable":true,"href":"https:\/\/www.yongjianceramic.com\/de\/wp-json\/wp\/v2\/comments?post=5094"}],"wp:featuredmedia":[{"embeddable":true,"href":"https:\/\/www.yongjianceramic.com\/de\/wp-json\/wp\/v2\/media\/5097"}],"wp:attachment":[{"href":"https:\/\/www.yongjianceramic.com\/de\/wp-json\/wp\/v2\/media?parent=5094"}],"wp:term":[{"taxonomy":"product_brand","embeddable":true,"href":"https:\/\/www.yongjianceramic.com\/de\/wp-json\/wp\/v2\/product_brand?post=5094"},{"taxonomy":"product_cat","embeddable":true,"href":"https:\/\/www.yongjianceramic.com\/de\/wp-json\/wp\/v2\/product_cat?post=5094"},{"taxonomy":"product_tag","embeddable":true,"href":"https:\/\/www.yongjianceramic.com\/de\/wp-json\/wp\/v2\/product_tag?post=5094"}],"curies":[{"name":"wp","href":"https:\/\/api.w.org\/{rel}","templated":true}]}}