{"id":5169,"date":"2025-10-23T17:15:33","date_gmt":"2025-10-23T09:15:33","guid":{"rendered":"https:\/\/www.yongjianceramic.com\/?post_type=product&#038;p=5169"},"modified":"2025-10-23T17:34:19","modified_gmt":"2025-10-23T09:34:19","slug":"catering-dinner-plates-in-bulk","status":"publish","type":"product","link":"https:\/\/www.yongjianceramic.com\/de\/produkt\/catering-dinner-plates-in-bulk\/","title":{"rendered":"8-Zoll-Catering-Teller mit Spiralmuster in gro\u00dfen Mengen"},"content":{"rendered":"<div class=\"wp-block-columns is-layout-flex wp-container-core-columns-is-layout-9d6595d7 wp-block-columns-is-layout-flex\">\n<div class=\"wp-block-column is-layout-flow wp-block-column-is-layout-flow\">\n<h2 class=\"wp-block-heading\">Premium-Catering-Teller in gro\u00dfen Mengen Merkmale:<\/h2>\n\n\n\n<ul class=\"wp-block-list\">\n<li><strong>Hochwertiges Porzellan Material: <\/strong>Diese Gro\u00dfk\u00fcchenteller sind aus hochwertigem Porzellan gefertigt, das bei hoher Temperatur gebrannt wurde, um eine lange Haltbarkeit, Kratzfestigkeit und eine dauerhaft gl\u00e4nzende Oberfl\u00e4che zu gew\u00e4hrleisten.<\/li>\n\n\n\n<li><strong>Sch\u00f6nes handgemaltes Design:<\/strong> Unsere Catering-Teller in loser Sch\u00fcttung eignen sich sowohl f\u00fcr private als auch f\u00fcr gewerbliche Zwecke. Sie sind mit einem sch\u00f6nen, handgemalten blauen Akzent versehen, der eine k\u00fcnstlerische Note mit moderner Raffinesse f\u00fcr jeden Essanlass bietet.<\/li>\n\n\n\n<li><strong>Standard 8-Zoll Gr\u00f6\u00dfe: <\/strong>Unsere Gro\u00dfhandelsteller eignen sich am besten f\u00fcr den Einsatz in Restaurants und zu Hause, um Hauptgerichte, Beilagen, Suppen, Desserts, Salate und Vorspeisen zu servieren.<\/li>\n\n\n\n<li><strong>Sicher f\u00fcr den allt\u00e4glichen Gebrauch: <\/strong>Unsere Speiseteller f\u00fcr die Gastronomie haben eine v\u00f6llig freie und kadmiumfreie Glasur, sind lebensmittelecht und sp\u00fclmaschinenfest nach nationalen und internationalen Sicherheitsstandards (FDA\/LFGB-konform).<\/li>\n<\/ul>\n<\/div>\n\n\n\n<div class=\"wp-block-column is-layout-flow wp-block-column-is-layout-flow\">\n<figure class=\"wp-block-image size-full\"><img fetchpriority=\"high\" decoding=\"async\" width=\"1080\" height=\"1080\" src=\"https:\/\/www.yongjianceramic.com\/wp-content\/uploads\/2025\/10\/8-inch-catering-dinner-plates-in-bulk-with-spiral-pattern-3.webp\" alt=\"8-Zoll-Gastronomie-Teller-im-Gro\u00dfpack-mit-Spiral-Muster-3\" class=\"wp-image-5172\" srcset=\"https:\/\/www.yongjianceramic.com\/wp-content\/uploads\/2025\/10\/8-inch-catering-dinner-plates-in-bulk-with-spiral-pattern-3.webp 1080w, https:\/\/www.yongjianceramic.com\/wp-content\/uploads\/2025\/10\/8-inch-catering-dinner-plates-in-bulk-with-spiral-pattern-3-300x300.webp 300w, https:\/\/www.yongjianceramic.com\/wp-content\/uploads\/2025\/10\/8-inch-catering-dinner-plates-in-bulk-with-spiral-pattern-3-150x150.webp 150w, https:\/\/www.yongjianceramic.com\/wp-content\/uploads\/2025\/10\/8-inch-catering-dinner-plates-in-bulk-with-spiral-pattern-3-768x768.webp 768w, https:\/\/www.yongjianceramic.com\/wp-content\/uploads\/2025\/10\/8-inch-catering-dinner-plates-in-bulk-with-spiral-pattern-3-12x12.webp 12w, https:\/\/www.yongjianceramic.com\/wp-content\/uploads\/2025\/10\/8-inch-catering-dinner-plates-in-bulk-with-spiral-pattern-3-285x285.webp 285w, https:\/\/www.yongjianceramic.com\/wp-content\/uploads\/2025\/10\/8-inch-catering-dinner-plates-in-bulk-with-spiral-pattern-3-270x270.webp 270w, https:\/\/www.yongjianceramic.com\/wp-content\/uploads\/2025\/10\/8-inch-catering-dinner-plates-in-bulk-with-spiral-pattern-3-540x540.webp 540w, https:\/\/www.yongjianceramic.com\/wp-content\/uploads\/2025\/10\/8-inch-catering-dinner-plates-in-bulk-with-spiral-pattern-3-660x660.webp 660w\" sizes=\"(max-width: 1080px) 100vw, 1080px\" \/><\/figure>\n<\/div>\n<\/div>","protected":false},"excerpt":{"rendered":"<p>Kommen Sie und kaufen Sie diese 8-Zoll-Gastronomieteller in gro\u00dfen Mengen von Yongjian mit einem handgemalten spiralf\u00f6rmigen blauen Design, das alte Techniken mit modernem Stil kombiniert. Es ist Chip-resistent, langlebig und sicher f\u00fcr den t\u00e4glichen Gebrauch, aus hochgebrannten Porzellan. Der Teller eignet sich zum Servieren einer Vielzahl von Speisen und verleiht jeder Mahlzeit k\u00fcnstlerische Eleganz. Gro\u00dfhandel und kundenspezifische Dienstleistungen k\u00f6nnen f\u00fcr internationale K\u00e4ufer und Restaurantlieferanten angeboten werden.<\/p>\n<table border=\"0\" width=\"309\" cellspacing=\"0\" cellpadding=\"0\">\n<tbody>\n<tr>\n<td width=\"120\" height=\"17\">Hersteller<\/td>\n<td width=\"189\">Yongjian<\/td>\n<\/tr>\n<tr>\n<td height=\"18\">Modell Nr.<\/td>\n<td width=\"189\">YJ-160<\/td>\n<\/tr>\n<tr>\n<td height=\"17\">Produkttyp<\/td>\n<td>Essteller<\/td>\n<\/tr>\n<tr>\n<td height=\"17\">Material<\/td>\n<td>Porzellan<\/td>\n<\/tr>\n<tr>\n<td height=\"17\">Farbe<\/td>\n<td>Als Bild<\/td>\n<\/tr>\n<tr>\n<td height=\"18\">Dimension<\/td>\n<td width=\"189\">20*20*4cm<\/td>\n<\/tr>\n<tr>\n<td height=\"17\">MOQ<\/td>\n<td>500St\u00fcck<\/td>\n<\/tr>\n<tr>\n<td height=\"17\">Benutzerdefiniert<\/td>\n<td>Farbe\/Gr\u00f6\u00dfe\/Logo\/Verpackung<\/td>\n<\/tr>\n<\/tbody>\n<\/table>","protected":false},"featured_media":5170,"comment_status":"closed","ping_status":"closed","template":"","meta":{"_acf_changed":false},"product_brand":[],"product_cat":[93,62],"product_tag":[81],"class_list":{"0":"post-5169","1":"product","2":"type-product","3":"status-publish","4":"has-post-thumbnail","6":"product_cat-bulk-dinner-plates","7":"product_cat-ceramic-plates-wholesale","8":"product_tag-modern-design-dinnerware-set-wholesale","10":"first","11":"instock","12":"shipping-taxable","13":"product-type-simple"},"acf":[],"_links":{"self":[{"href":"https:\/\/www.yongjianceramic.com\/de\/wp-json\/wp\/v2\/product\/5169","targetHints":{"allow":["GET"]}}],"collection":[{"href":"https:\/\/www.yongjianceramic.com\/de\/wp-json\/wp\/v2\/product"}],"about":[{"href":"https:\/\/www.yongjianceramic.com\/de\/wp-json\/wp\/v2\/types\/product"}],"replies":[{"embeddable":true,"href":"https:\/\/www.yongjianceramic.com\/de\/wp-json\/wp\/v2\/comments?post=5169"}],"wp:featuredmedia":[{"embeddable":true,"href":"https:\/\/www.yongjianceramic.com\/de\/wp-json\/wp\/v2\/media\/5170"}],"wp:attachment":[{"href":"https:\/\/www.yongjianceramic.com\/de\/wp-json\/wp\/v2\/media?parent=5169"}],"wp:term":[{"taxonomy":"product_brand","embeddable":true,"href":"https:\/\/www.yongjianceramic.com\/de\/wp-json\/wp\/v2\/product_brand?post=5169"},{"taxonomy":"product_cat","embeddable":true,"href":"https:\/\/www.yongjianceramic.com\/de\/wp-json\/wp\/v2\/product_cat?post=5169"},{"taxonomy":"product_tag","embeddable":true,"href":"https:\/\/www.yongjianceramic.com\/de\/wp-json\/wp\/v2\/product_tag?post=5169"}],"curies":[{"name":"wp","href":"https:\/\/api.w.org\/{rel}","templated":true}]}}