{"id":5173,"date":"2025-10-23T17:34:27","date_gmt":"2025-10-23T09:34:27","guid":{"rendered":"https:\/\/www.yongjianceramic.com\/?post_type=product&#038;p=5173"},"modified":"2025-10-30T11:27:18","modified_gmt":"2025-10-30T03:27:18","slug":"bulk-ceramic-dishes","status":"publish","type":"product","link":"https:\/\/www.yongjianceramic.com\/de\/produkt\/bulk-ceramic-dishes\/","title":{"rendered":"Keramikgeschirr mit strahlendem Punktmuster f\u00fcr Restaurant und Haushalt"},"content":{"rendered":"<div class=\"wp-block-columns is-layout-flex wp-container-core-columns-is-layout-9d6595d7 wp-block-columns-is-layout-flex\">\n<div class=\"wp-block-column is-layout-flow wp-block-column-is-layout-flow\">\n<h2 class=\"wp-block-heading\">Premium Bulk Ceramic Dishes Merkmale:<\/h2>\n\n\n\n<ul class=\"wp-block-list\">\n<li><strong>Modernes strahlendes Punktmuster:<\/strong> Das lose Keramikgeschirr wurde von Hand mit einem geometrischen Sonnenschliff-Muster verziert und verleiht dem Esszimmer einen modernen Stil, der sich perfekt f\u00fcr Restaurants und Boutique-Geschirrgruppen eignet.<\/li>\n\n\n\n<li><strong>Hochwertiges Porzellan Material: <\/strong>Die massiven Keramikplatten sind aus bei hoher Temperatur gebranntem Porzellan gefertigt und bieten eine haltbare, splitterfreie Oberfl\u00e4che, die einen dauerhaften Glanz bewahrt.<\/li>\n\n\n\n<li><strong>Mehrzweck 8-Zoll-Durchmesser:<\/strong> Der Gro\u00dfhandelsteller mit einem Durchmesser von 20 cm eignet sich gut zum Servieren von Salaten, Vorspeisen oder Desserts und ist perfekt f\u00fcr informelles Porzellan und Catering.<\/li>\n\n\n\n<li><strong>OEM\/ODM-Anpassungsdienst:<\/strong> Yongjian kann den Druck von Logos, die \u00c4nderung von Farben und die Anpassung von Verpackungen f\u00fcr Gro\u00dfabnehmer und Vermittler im Gastgewerbe \u00fcbernehmen.<\/li>\n<\/ul>\n<\/div>\n\n\n\n<div class=\"wp-block-column is-layout-flow wp-block-column-is-layout-flow\">\n<figure class=\"wp-block-image size-full\"><img fetchpriority=\"high\" decoding=\"async\" width=\"1080\" height=\"1080\" src=\"https:\/\/www.yongjianceramic.com\/wp-content\/uploads\/2025\/10\/bulk-ceramic-dishes-with-radiating-dot-pattern-for-restaurant-home-3.webp\" alt=\"bulk-keramik-geschirr-mit-strahlendem-punkt-muster-f\u00fcr-restaurant-&amp;-home-3\" class=\"wp-image-5177\" srcset=\"https:\/\/www.yongjianceramic.com\/wp-content\/uploads\/2025\/10\/bulk-ceramic-dishes-with-radiating-dot-pattern-for-restaurant-home-3.webp 1080w, https:\/\/www.yongjianceramic.com\/wp-content\/uploads\/2025\/10\/bulk-ceramic-dishes-with-radiating-dot-pattern-for-restaurant-home-3-300x300.webp 300w, https:\/\/www.yongjianceramic.com\/wp-content\/uploads\/2025\/10\/bulk-ceramic-dishes-with-radiating-dot-pattern-for-restaurant-home-3-150x150.webp 150w, https:\/\/www.yongjianceramic.com\/wp-content\/uploads\/2025\/10\/bulk-ceramic-dishes-with-radiating-dot-pattern-for-restaurant-home-3-768x768.webp 768w, https:\/\/www.yongjianceramic.com\/wp-content\/uploads\/2025\/10\/bulk-ceramic-dishes-with-radiating-dot-pattern-for-restaurant-home-3-12x12.webp 12w, https:\/\/www.yongjianceramic.com\/wp-content\/uploads\/2025\/10\/bulk-ceramic-dishes-with-radiating-dot-pattern-for-restaurant-home-3-285x285.webp 285w, https:\/\/www.yongjianceramic.com\/wp-content\/uploads\/2025\/10\/bulk-ceramic-dishes-with-radiating-dot-pattern-for-restaurant-home-3-270x270.webp 270w, https:\/\/www.yongjianceramic.com\/wp-content\/uploads\/2025\/10\/bulk-ceramic-dishes-with-radiating-dot-pattern-for-restaurant-home-3-540x540.webp 540w, https:\/\/www.yongjianceramic.com\/wp-content\/uploads\/2025\/10\/bulk-ceramic-dishes-with-radiating-dot-pattern-for-restaurant-home-3-660x660.webp 660w\" sizes=\"(max-width: 1080px) 100vw, 1080px\" \/><\/figure>\n<\/div>\n<\/div>","protected":false},"excerpt":{"rendered":"<p>Das Keramikgeschirr von Yongjian hat ein wundersch\u00f6nes strahlendes Punktmuster. Hergestellt aus hochwertigem Porzellan, ist es langlebig, lebensmittelecht und ideal f\u00fcr den Gebrauch zu Hause und in der Gastronomie.<\/p>\n<table border=\"0\" width=\"309\" cellspacing=\"0\" cellpadding=\"0\">\n<tbody>\n<tr>\n<td width=\"120\" height=\"17\">Hersteller<\/td>\n<td width=\"189\">Yongjian<\/td>\n<\/tr>\n<tr>\n<td height=\"18\">Modell Nr.<\/td>\n<td width=\"189\">YJ-161<\/td>\n<\/tr>\n<tr>\n<td height=\"17\">Produkttyp<\/td>\n<td>Essteller<\/td>\n<\/tr>\n<tr>\n<td height=\"17\">Material<\/td>\n<td>Porzellan<\/td>\n<\/tr>\n<tr>\n<td height=\"17\">Farbe<\/td>\n<td>Als Bild<\/td>\n<\/tr>\n<tr>\n<td height=\"18\">Dimension<\/td>\n<td width=\"189\">20*20*4cm<\/td>\n<\/tr>\n<tr>\n<td height=\"17\">MOQ<\/td>\n<td>500St\u00fcck<\/td>\n<\/tr>\n<tr>\n<td height=\"17\">Benutzerdefiniert<\/td>\n<td>Farbe\/Gr\u00f6\u00dfe\/Logo\/Verpackung<\/td>\n<\/tr>\n<\/tbody>\n<\/table>","protected":false},"featured_media":5175,"comment_status":"closed","ping_status":"closed","template":"","meta":{"_acf_changed":false},"product_brand":[],"product_cat":[93,62],"product_tag":[81],"class_list":{"0":"post-5173","1":"product","2":"type-product","3":"status-publish","4":"has-post-thumbnail","6":"product_cat-bulk-dinner-plates","7":"product_cat-ceramic-plates-wholesale","8":"product_tag-modern-design-dinnerware-set-wholesale","10":"first","11":"instock","12":"shipping-taxable","13":"product-type-simple"},"acf":[],"_links":{"self":[{"href":"https:\/\/www.yongjianceramic.com\/de\/wp-json\/wp\/v2\/product\/5173","targetHints":{"allow":["GET"]}}],"collection":[{"href":"https:\/\/www.yongjianceramic.com\/de\/wp-json\/wp\/v2\/product"}],"about":[{"href":"https:\/\/www.yongjianceramic.com\/de\/wp-json\/wp\/v2\/types\/product"}],"replies":[{"embeddable":true,"href":"https:\/\/www.yongjianceramic.com\/de\/wp-json\/wp\/v2\/comments?post=5173"}],"wp:featuredmedia":[{"embeddable":true,"href":"https:\/\/www.yongjianceramic.com\/de\/wp-json\/wp\/v2\/media\/5175"}],"wp:attachment":[{"href":"https:\/\/www.yongjianceramic.com\/de\/wp-json\/wp\/v2\/media?parent=5173"}],"wp:term":[{"taxonomy":"product_brand","embeddable":true,"href":"https:\/\/www.yongjianceramic.com\/de\/wp-json\/wp\/v2\/product_brand?post=5173"},{"taxonomy":"product_cat","embeddable":true,"href":"https:\/\/www.yongjianceramic.com\/de\/wp-json\/wp\/v2\/product_cat?post=5173"},{"taxonomy":"product_tag","embeddable":true,"href":"https:\/\/www.yongjianceramic.com\/de\/wp-json\/wp\/v2\/product_tag?post=5173"}],"curies":[{"name":"wp","href":"https:\/\/api.w.org\/{rel}","templated":true}]}}