{"id":5225,"date":"2025-11-06T08:48:30","date_gmt":"2025-11-06T00:48:30","guid":{"rendered":"https:\/\/www.yongjianceramic.com\/?post_type=product&#038;p=5225"},"modified":"2025-11-06T09:50:23","modified_gmt":"2025-11-06T01:50:23","slug":"custom-ceramic-dishes","status":"publish","type":"product","link":"https:\/\/www.yongjianceramic.com\/de\/produkt\/custom-ceramic-dishes\/","title":{"rendered":"Einfache benutzerdefinierte keramische Gerichte, Restaurant Abendessen Teller Gro\u00dfhandel"},"content":{"rendered":"<div class=\"wp-block-columns is-layout-flex wp-container-core-columns-is-layout-9d6595d7 wp-block-columns-is-layout-flex\">\n<div class=\"wp-block-column is-layout-flow wp-block-column-is-layout-flow\">\n<h2 class=\"wp-block-heading\">Premium Custom Ceramic Dishes Merkmale:<\/h2>\n\n\n\n<ul class=\"wp-block-list\">\n<li><strong>Schaffung eines neuen Umfelds:<\/strong> Die blau-wei\u00dfe Farbpalette und die nat\u00fcrlichen Blumendesigns verleihen diesem individuellen Keramikgeschirr eine ruhige und neue visuelle \u00c4sthetik, die mit der heiteren und lebendigen Qualit\u00e4t der Natur auf Ihrem Tisch oder in Ihrem Haus ankommt.<\/li>\n\n\n\n<li><strong>Sch\u00f6ne florale Muster:<\/strong> Auf diesen individuellen Keramikschalen sind Blumenmuster aus der Natur in verschiedenen Gr\u00f6\u00dfen in einem kreisf\u00f6rmigen Muster ge\u00e4tzt. Die Schalen haben ein d\u00fcnnes braunes Detail um den Rand herum, um ein sch\u00f6nes Detail, einen k\u00fcnstlerischen Eindruck und ein Gef\u00fchl f\u00fcr Rhythmus zu vermitteln.<\/li>\n\n\n\n<li><strong>Funktional und praktisch:<\/strong> Diese Restaurantteller im Gro\u00dfhandel sind von normaler Gr\u00f6\u00dfe und eignen sich sowohl zum Servieren von Speisen als auch zum Ausstellen von Gegenst\u00e4nden.<\/li>\n\n\n\n<li><strong>Hochwertiges und langlebiges Material:<\/strong> Diese Restaurantteller f\u00fcr den Gro\u00dfhandel werden aus hochwertigen keramischen Rohstoffen hergestellt, die bei hohen Temperaturen gebrannt werden, was zu einer zarten und doch harten Textur, einer glatten, gleichm\u00e4\u00dfigen Glasur und Haltbarkeit f\u00fchrt. Sie sind au\u00dferdem wasserfest.<\/li>\n<\/ul>\n<\/div>\n\n\n\n<div class=\"wp-block-column is-layout-flow wp-block-column-is-layout-flow\">\n<figure class=\"wp-block-image size-full\"><img fetchpriority=\"high\" decoding=\"async\" width=\"1080\" height=\"1080\" src=\"https:\/\/www.yongjianceramic.com\/wp-content\/uploads\/2025\/11\/custom-ceramic-dishes-restaurant-dinner-plates-wholesale-3.webp\" alt=\"keramik-geschirr-restaurant-geschirr-grosshandel-3\" class=\"wp-image-5228\" srcset=\"https:\/\/www.yongjianceramic.com\/wp-content\/uploads\/2025\/11\/custom-ceramic-dishes-restaurant-dinner-plates-wholesale-3.webp 1080w, https:\/\/www.yongjianceramic.com\/wp-content\/uploads\/2025\/11\/custom-ceramic-dishes-restaurant-dinner-plates-wholesale-3-300x300.webp 300w, https:\/\/www.yongjianceramic.com\/wp-content\/uploads\/2025\/11\/custom-ceramic-dishes-restaurant-dinner-plates-wholesale-3-150x150.webp 150w, https:\/\/www.yongjianceramic.com\/wp-content\/uploads\/2025\/11\/custom-ceramic-dishes-restaurant-dinner-plates-wholesale-3-768x768.webp 768w, https:\/\/www.yongjianceramic.com\/wp-content\/uploads\/2025\/11\/custom-ceramic-dishes-restaurant-dinner-plates-wholesale-3-12x12.webp 12w, https:\/\/www.yongjianceramic.com\/wp-content\/uploads\/2025\/11\/custom-ceramic-dishes-restaurant-dinner-plates-wholesale-3-285x285.webp 285w, https:\/\/www.yongjianceramic.com\/wp-content\/uploads\/2025\/11\/custom-ceramic-dishes-restaurant-dinner-plates-wholesale-3-270x270.webp 270w, https:\/\/www.yongjianceramic.com\/wp-content\/uploads\/2025\/11\/custom-ceramic-dishes-restaurant-dinner-plates-wholesale-3-540x540.webp 540w, https:\/\/www.yongjianceramic.com\/wp-content\/uploads\/2025\/11\/custom-ceramic-dishes-restaurant-dinner-plates-wholesale-3-660x660.webp 660w\" sizes=\"(max-width: 1080px) 100vw, 1080px\" \/><\/figure>\n<\/div>\n<\/div>","protected":false},"excerpt":{"rendered":"<p>Willkommen zum Kauf unserer benutzerdefinierten Keramikgeschirr. Dieses Restaurant Essteller Gro\u00dfhandel verf\u00fcgt \u00fcber eine erfrischende blaue und wei\u00dfe Farbgebung und nat\u00fcrliche Blumenmuster, strahlt eine minimalistische nordische k\u00fcnstlerische Atmosph\u00e4re. Es ist nicht nur ein praktischer Teller, sondern auch eine elegante Heimdekoration. Dank seiner Standardgr\u00f6\u00dfe eignet er sich f\u00fcr verschiedene Essbereiche, von zu Hause bis hin zu Restaurants und Hotels, und verbindet Funktionalit\u00e4t und \u00c4sthetik.<\/p>\n<table border=\"0\" width=\"309\" cellspacing=\"0\" cellpadding=\"0\">\n<tbody>\n<tr>\n<td width=\"120\" height=\"17\">Hersteller<\/td>\n<td width=\"189\">Yongjian<\/td>\n<\/tr>\n<tr>\n<td height=\"18\">Modell Nr.<\/td>\n<td width=\"189\">YJ-165<\/td>\n<\/tr>\n<tr>\n<td height=\"17\">Produkttyp<\/td>\n<td>Essteller<\/td>\n<\/tr>\n<tr>\n<td height=\"17\">Material<\/td>\n<td>Porzellan<\/td>\n<\/tr>\n<tr>\n<td height=\"17\">Farbe<\/td>\n<td>Als Bild<\/td>\n<\/tr>\n<tr>\n<td height=\"18\">Dimension<\/td>\n<td width=\"189\">20*20*4cm<\/td>\n<\/tr>\n<tr>\n<td height=\"17\">MOQ<\/td>\n<td>500St\u00fcck<\/td>\n<\/tr>\n<tr>\n<td height=\"17\">Benutzerdefiniert<\/td>\n<td>Farbe\/Gr\u00f6\u00dfe\/Logo\/Verpackung<\/td>\n<\/tr>\n<\/tbody>\n<\/table>","protected":false},"featured_media":5226,"comment_status":"closed","ping_status":"closed","template":"","meta":{"_acf_changed":false},"product_brand":[],"product_cat":[93,62],"product_tag":[81],"class_list":{"0":"post-5225","1":"product","2":"type-product","3":"status-publish","4":"has-post-thumbnail","6":"product_cat-bulk-dinner-plates","7":"product_cat-ceramic-plates-wholesale","8":"product_tag-modern-design-dinnerware-set-wholesale","10":"first","11":"instock","12":"shipping-taxable","13":"product-type-simple"},"acf":[],"_links":{"self":[{"href":"https:\/\/www.yongjianceramic.com\/de\/wp-json\/wp\/v2\/product\/5225","targetHints":{"allow":["GET"]}}],"collection":[{"href":"https:\/\/www.yongjianceramic.com\/de\/wp-json\/wp\/v2\/product"}],"about":[{"href":"https:\/\/www.yongjianceramic.com\/de\/wp-json\/wp\/v2\/types\/product"}],"replies":[{"embeddable":true,"href":"https:\/\/www.yongjianceramic.com\/de\/wp-json\/wp\/v2\/comments?post=5225"}],"wp:featuredmedia":[{"embeddable":true,"href":"https:\/\/www.yongjianceramic.com\/de\/wp-json\/wp\/v2\/media\/5226"}],"wp:attachment":[{"href":"https:\/\/www.yongjianceramic.com\/de\/wp-json\/wp\/v2\/media?parent=5225"}],"wp:term":[{"taxonomy":"product_brand","embeddable":true,"href":"https:\/\/www.yongjianceramic.com\/de\/wp-json\/wp\/v2\/product_brand?post=5225"},{"taxonomy":"product_cat","embeddable":true,"href":"https:\/\/www.yongjianceramic.com\/de\/wp-json\/wp\/v2\/product_cat?post=5225"},{"taxonomy":"product_tag","embeddable":true,"href":"https:\/\/www.yongjianceramic.com\/de\/wp-json\/wp\/v2\/product_tag?post=5225"}],"curies":[{"name":"wp","href":"https:\/\/api.w.org\/{rel}","templated":true}]}}