{"id":5233,"date":"2025-11-06T10:40:25","date_gmt":"2025-11-06T02:40:25","guid":{"rendered":"https:\/\/www.yongjianceramic.com\/?post_type=product&#038;p=5233"},"modified":"2025-11-06T11:24:35","modified_gmt":"2025-11-06T03:24:35","slug":"porcelain-dinner-plates-wholesale","status":"publish","type":"product","link":"https:\/\/www.yongjianceramic.com\/de\/produkt\/porcelain-dinner-plates-wholesale\/","title":{"rendered":"Porzellan Essteller Gro\u00dfhandel, ODM Keramik Geschirr Versorgung"},"content":{"rendered":"<div class=\"wp-block-columns is-layout-flex wp-container-core-columns-is-layout-9d6595d7 wp-block-columns-is-layout-flex\">\n<div class=\"wp-block-column is-layout-flow wp-block-column-is-layout-flow\">\n<h2 class=\"wp-block-heading\">Premium Porzellan Essteller Gro\u00dfhandel Merkmale:<\/h2>\n\n\n\n<ul class=\"wp-block-list\">\n<li><strong>Unverwechselbarer Stil:<\/strong> Das tiefblaue, wirbelnde Muster auf diesen Porzellantellern im Gro\u00dfhandel ist modern und k\u00fcnstlerisch, hat aber auch eine elegante Form und glatte Linien. Dieses Muster f\u00fcgt einen visuellen Charme auf den Tisch, die moderne Kunstwerke mit \u00f6stlichen Geschmack kombiniert.<\/li>\n\n\n\n<li><strong>Qualit\u00e4t Porzellan Stoff:<\/strong> Unsere Porzellanteller im Gro\u00dfhandel sind aus hochwertigem, bei hoher Temperatur gebranntem Porzellan hergestellt. Es ist hart und dicht, wird nicht absorbieren Wasser so leicht, ist langlebig und verschlei\u00dffest, und hat dauerhaften Glanz nach l\u00e4ngerem Gebrauch.<\/li>\n\n\n\n<li><strong>Glatte Glasur:<\/strong> Die Oberfl\u00e4che unserer individuell gestalteten Keramikschalen hat eine zarte und glatte Glasur, die leicht zu reinigen ist und keine \u00d6lflecken oder Verf\u00e4rbungen annimmt. Die Oberfl\u00e4chen entsprechen dem Sicherheitsstandard f\u00fcr den t\u00e4glichen Gebrauch.<\/li>\n\n\n\n<li><strong>Multiszenen-Anwendung: <\/strong>Unser individuelles Keramikgeschirr eignet sich f\u00fcr den Einsatz in Privathaushalten, Restaurants, Hotels, Caf\u00e9s und anderen gastronomischen Betrieben und kann auch als Geschenk oder Teil von Geschirrsets verwendet werden.<\/li>\n\n\n\n<li><strong>Anpassungsservice verf\u00fcgbar:<\/strong> Diese Porzellanteller f\u00fcr den Gro\u00dfhandel bieten OEM\/ODM-Dienstleistungen, die die Anpassung von Logos, Mustern, Farben und Verpackungen an die Bed\u00fcrfnisse des Kunden erm\u00f6glichen, um die Anforderungen an die Individualit\u00e4t der Marke zu erf\u00fcllen.<\/li>\n<\/ul>\n<\/div>\n\n\n\n<div class=\"wp-block-column is-layout-flow wp-block-column-is-layout-flow\">\n<figure class=\"wp-block-image size-full\"><img fetchpriority=\"high\" decoding=\"async\" width=\"1080\" height=\"1080\" src=\"https:\/\/www.yongjianceramic.com\/wp-content\/uploads\/2025\/11\/porcelain-dinner-plates-wholesale-odm-ceramic-dish-supply-3.webp\" alt=\"porzellan-geschirr-grosshandel-odm-keramik-geschirr-lieferung-3\" class=\"wp-image-5237\" srcset=\"https:\/\/www.yongjianceramic.com\/wp-content\/uploads\/2025\/11\/porcelain-dinner-plates-wholesale-odm-ceramic-dish-supply-3.webp 1080w, https:\/\/www.yongjianceramic.com\/wp-content\/uploads\/2025\/11\/porcelain-dinner-plates-wholesale-odm-ceramic-dish-supply-3-300x300.webp 300w, https:\/\/www.yongjianceramic.com\/wp-content\/uploads\/2025\/11\/porcelain-dinner-plates-wholesale-odm-ceramic-dish-supply-3-150x150.webp 150w, https:\/\/www.yongjianceramic.com\/wp-content\/uploads\/2025\/11\/porcelain-dinner-plates-wholesale-odm-ceramic-dish-supply-3-768x768.webp 768w, https:\/\/www.yongjianceramic.com\/wp-content\/uploads\/2025\/11\/porcelain-dinner-plates-wholesale-odm-ceramic-dish-supply-3-12x12.webp 12w, https:\/\/www.yongjianceramic.com\/wp-content\/uploads\/2025\/11\/porcelain-dinner-plates-wholesale-odm-ceramic-dish-supply-3-285x285.webp 285w, https:\/\/www.yongjianceramic.com\/wp-content\/uploads\/2025\/11\/porcelain-dinner-plates-wholesale-odm-ceramic-dish-supply-3-270x270.webp 270w, https:\/\/www.yongjianceramic.com\/wp-content\/uploads\/2025\/11\/porcelain-dinner-plates-wholesale-odm-ceramic-dish-supply-3-540x540.webp 540w, https:\/\/www.yongjianceramic.com\/wp-content\/uploads\/2025\/11\/porcelain-dinner-plates-wholesale-odm-ceramic-dish-supply-3-660x660.webp 660w\" sizes=\"(max-width: 1080px) 100vw, 1080px\" \/><\/figure>\n<\/div>\n<\/div>","protected":false},"excerpt":{"rendered":"<p>Willkommen zum Kauf dieser Porzellan Essteller Gro\u00dfhandel. Mit einem einzigartigen blauen wirbelnden Muster Design, sind diese hochwertigen Porzellanteller bei hohen Temperaturen gebrannt und sind weit verbreitet in Restaurants, Hotels und zu Hause essen verwendet. Wir unterst\u00fctzen OEM\/ODM-Service und sind ideal f\u00fcr Co-Branding-Partnerschaften und Gro\u00dfhandel, und bieten ein Produkt, das \u00e4sthetischen Wert und verbesserte Wettbewerbsf\u00e4higkeit erh\u00f6ht hat.<\/p>\n<table border=\"0\" width=\"309\" cellspacing=\"0\" cellpadding=\"0\">\n<tbody>\n<tr>\n<td width=\"120\" height=\"17\">Hersteller<\/td>\n<td width=\"189\">Yongjian<\/td>\n<\/tr>\n<tr>\n<td height=\"18\">Modell Nr.<\/td>\n<td width=\"189\">YJ-167<\/td>\n<\/tr>\n<tr>\n<td height=\"17\">Produkttyp<\/td>\n<td>Essteller<\/td>\n<\/tr>\n<tr>\n<td height=\"17\">Material<\/td>\n<td>Porzellan<\/td>\n<\/tr>\n<tr>\n<td height=\"17\">Farbe<\/td>\n<td>Als Bild<\/td>\n<\/tr>\n<tr>\n<td height=\"18\">Dimension<\/td>\n<td width=\"189\">20*20*4cm<\/td>\n<\/tr>\n<tr>\n<td height=\"17\">MOQ<\/td>\n<td>500St\u00fcck<\/td>\n<\/tr>\n<tr>\n<td height=\"17\">Benutzerdefiniert<\/td>\n<td>Farbe\/Gr\u00f6\u00dfe\/Logo\/Verpackung<\/td>\n<\/tr>\n<\/tbody>\n<\/table>","protected":false},"featured_media":5235,"comment_status":"closed","ping_status":"closed","template":"","meta":{"_acf_changed":false},"product_brand":[],"product_cat":[93,62],"product_tag":[81],"class_list":{"0":"post-5233","1":"product","2":"type-product","3":"status-publish","4":"has-post-thumbnail","6":"product_cat-bulk-dinner-plates","7":"product_cat-ceramic-plates-wholesale","8":"product_tag-modern-design-dinnerware-set-wholesale","10":"first","11":"instock","12":"shipping-taxable","13":"product-type-simple"},"acf":[],"_links":{"self":[{"href":"https:\/\/www.yongjianceramic.com\/de\/wp-json\/wp\/v2\/product\/5233","targetHints":{"allow":["GET"]}}],"collection":[{"href":"https:\/\/www.yongjianceramic.com\/de\/wp-json\/wp\/v2\/product"}],"about":[{"href":"https:\/\/www.yongjianceramic.com\/de\/wp-json\/wp\/v2\/types\/product"}],"replies":[{"embeddable":true,"href":"https:\/\/www.yongjianceramic.com\/de\/wp-json\/wp\/v2\/comments?post=5233"}],"wp:featuredmedia":[{"embeddable":true,"href":"https:\/\/www.yongjianceramic.com\/de\/wp-json\/wp\/v2\/media\/5235"}],"wp:attachment":[{"href":"https:\/\/www.yongjianceramic.com\/de\/wp-json\/wp\/v2\/media?parent=5233"}],"wp:term":[{"taxonomy":"product_brand","embeddable":true,"href":"https:\/\/www.yongjianceramic.com\/de\/wp-json\/wp\/v2\/product_brand?post=5233"},{"taxonomy":"product_cat","embeddable":true,"href":"https:\/\/www.yongjianceramic.com\/de\/wp-json\/wp\/v2\/product_cat?post=5233"},{"taxonomy":"product_tag","embeddable":true,"href":"https:\/\/www.yongjianceramic.com\/de\/wp-json\/wp\/v2\/product_tag?post=5233"}],"curies":[{"name":"wp","href":"https:\/\/api.w.org\/{rel}","templated":true}]}}