{"id":5238,"date":"2025-11-06T11:26:07","date_gmt":"2025-11-06T03:26:07","guid":{"rendered":"https:\/\/www.yongjianceramic.com\/?post_type=product&#038;p=5238"},"modified":"2025-11-06T14:25:24","modified_gmt":"2025-11-06T06:25:24","slug":"bulk-wholesale-ceramic-plates","status":"publish","type":"product","link":"https:\/\/www.yongjianceramic.com\/de\/produkt\/bulk-wholesale-ceramic-plates\/","title":{"rendered":"Bulk Gro\u00dfhandel Keramik-Platten mit Chrysantheme Muster"},"content":{"rendered":"<div class=\"wp-block-columns is-layout-flex wp-container-core-columns-is-layout-9d6595d7 wp-block-columns-is-layout-flex\">\n<div class=\"wp-block-column is-layout-flow wp-block-column-is-layout-flow\">\n<h2 class=\"wp-block-heading\">Premium Bulk Gro\u00dfhandel keramische Platten Merkmale:<\/h2>\n\n\n\n<ul class=\"wp-block-list\">\n<li><strong>Chrysantheme Muster Design:<\/strong> Diese Bulk-Gro\u00dfhandel Keramikplatten hat eine sch\u00f6ne Chrysantheme Muster, das von der traditionellen chinesischen Kunst inspiriert ist. Diese eleganten Platten haben eine Reinheit und zeitlose Sch\u00f6nheit zu ihnen.<\/li>\n\n\n\n<li><strong>Hochwertiges Keramikmaterial:<\/strong> Diese Gro\u00dfhandel Essteller ist von dauerhaften hochgebrannten Keramik gemacht. Die Haltbarkeit dieser Platte f\u00fchrt zu einer hervorragenden H\u00e4rte, glatte Textur und Widerstand gegen Verschlei\u00df und Kratzer im Zusammenhang mit dem t\u00e4glichen Gebrauch.<\/li>\n\n\n\n<li><strong>Bleifreie, lebensmittelechte Glasur:<\/strong> Diese Bulk-Gro\u00dfhandel Keramikplatten ist mit bleifreien ungiftige Glasur, die umweltfreundlich und sicher f\u00fcr Lebensmittel ist fertig. Es ist ideal f\u00fcr den Heimgebrauch oder Restaurants.<\/li>\n\n\n\n<li><strong>Perfekt f\u00fcr den jederzeitigen Einsatz:<\/strong> Diese individuellen Essteller eignen sich perfekt f\u00fcr die t\u00e4gliche K\u00fcche, das Catering, die Verwendung an Tischen in Restaurants oder Hotels. Das k\u00fcnstlerische Muster ist eine Bereicherung f\u00fcr das Servieren von Speisen und pr\u00e4sentiert sch\u00f6n auf einem Esstisch.<\/li>\n<\/ul>\n<\/div>\n\n\n\n<div class=\"wp-block-column is-layout-flow wp-block-column-is-layout-flow\">\n<figure class=\"wp-block-image size-full\"><img fetchpriority=\"high\" decoding=\"async\" width=\"1080\" height=\"1080\" src=\"https:\/\/www.yongjianceramic.com\/wp-content\/uploads\/2025\/11\/bulk-wholesale-ceramic-plates-with-chrysanthemum-pattern-3.webp\" alt=\"bulk-gro\u00dfhandel-keramik-platten-mit-chrysanthemen-muster-3\" class=\"wp-image-5241\" srcset=\"https:\/\/www.yongjianceramic.com\/wp-content\/uploads\/2025\/11\/bulk-wholesale-ceramic-plates-with-chrysanthemum-pattern-3.webp 1080w, https:\/\/www.yongjianceramic.com\/wp-content\/uploads\/2025\/11\/bulk-wholesale-ceramic-plates-with-chrysanthemum-pattern-3-300x300.webp 300w, https:\/\/www.yongjianceramic.com\/wp-content\/uploads\/2025\/11\/bulk-wholesale-ceramic-plates-with-chrysanthemum-pattern-3-150x150.webp 150w, https:\/\/www.yongjianceramic.com\/wp-content\/uploads\/2025\/11\/bulk-wholesale-ceramic-plates-with-chrysanthemum-pattern-3-768x768.webp 768w, https:\/\/www.yongjianceramic.com\/wp-content\/uploads\/2025\/11\/bulk-wholesale-ceramic-plates-with-chrysanthemum-pattern-3-12x12.webp 12w, https:\/\/www.yongjianceramic.com\/wp-content\/uploads\/2025\/11\/bulk-wholesale-ceramic-plates-with-chrysanthemum-pattern-3-285x285.webp 285w, https:\/\/www.yongjianceramic.com\/wp-content\/uploads\/2025\/11\/bulk-wholesale-ceramic-plates-with-chrysanthemum-pattern-3-270x270.webp 270w, https:\/\/www.yongjianceramic.com\/wp-content\/uploads\/2025\/11\/bulk-wholesale-ceramic-plates-with-chrysanthemum-pattern-3-540x540.webp 540w, https:\/\/www.yongjianceramic.com\/wp-content\/uploads\/2025\/11\/bulk-wholesale-ceramic-plates-with-chrysanthemum-pattern-3-660x660.webp 660w\" sizes=\"(max-width: 1080px) 100vw, 1080px\" \/><\/figure>\n<\/div>\n<\/div>","protected":false},"excerpt":{"rendered":"<p>Willkommen bei diesen Gro\u00dfhandels-Keramiktellern, die aus langlebiger, lebensmittelechter Keramik mit einer glatten Glasur hergestellt sind und sich ideal f\u00fcr Restaurants, Hotels und den Hausgebrauch eignen. Der Teller verf\u00fcgt \u00fcber eine elegante Chrysantheme Muster mit einer glatten Linie, ein Gleichgewicht zwischen modernen minimalistischen \u00c4sthetik und traditionellen \u00f6stlichen Einfluss. Es handelt sich um ein hochleistungsf\u00e4higes kommerzielles Geschirr, das zudem langlebig und praktisch ist. OEM- und ODM-Dienstleistungen sind verf\u00fcgbar.<\/p>\n<table border=\"0\" width=\"309\" cellspacing=\"0\" cellpadding=\"0\">\n<tbody>\n<tr>\n<td width=\"120\" height=\"17\">Hersteller<\/td>\n<td width=\"189\">Yongjian<\/td>\n<\/tr>\n<tr>\n<td height=\"18\">Modell Nr.<\/td>\n<td width=\"189\">YJ-168<\/td>\n<\/tr>\n<tr>\n<td height=\"17\">Produkttyp<\/td>\n<td>Essteller<\/td>\n<\/tr>\n<tr>\n<td height=\"17\">Material<\/td>\n<td>Porzellan<\/td>\n<\/tr>\n<tr>\n<td height=\"17\">Farbe<\/td>\n<td>Als Bild<\/td>\n<\/tr>\n<tr>\n<td height=\"18\">Dimension<\/td>\n<td width=\"189\">20*20*4cm<\/td>\n<\/tr>\n<tr>\n<td height=\"17\">MOQ<\/td>\n<td>500St\u00fcck<\/td>\n<\/tr>\n<tr>\n<td height=\"17\">Benutzerdefiniert<\/td>\n<td>Farbe\/Gr\u00f6\u00dfe\/Logo\/Verpackung<\/td>\n<\/tr>\n<\/tbody>\n<\/table>","protected":false},"featured_media":5239,"comment_status":"closed","ping_status":"closed","template":"","meta":{"_acf_changed":false},"product_brand":[],"product_cat":[93,62],"product_tag":[81,86],"class_list":{"0":"post-5238","1":"product","2":"type-product","3":"status-publish","4":"has-post-thumbnail","6":"product_cat-bulk-dinner-plates","7":"product_cat-ceramic-plates-wholesale","8":"product_tag-modern-design-dinnerware-set-wholesale","9":"product_tag-oriental-style-dinnerware-wholesale","11":"first","12":"instock","13":"shipping-taxable","14":"product-type-simple"},"acf":[],"_links":{"self":[{"href":"https:\/\/www.yongjianceramic.com\/de\/wp-json\/wp\/v2\/product\/5238","targetHints":{"allow":["GET"]}}],"collection":[{"href":"https:\/\/www.yongjianceramic.com\/de\/wp-json\/wp\/v2\/product"}],"about":[{"href":"https:\/\/www.yongjianceramic.com\/de\/wp-json\/wp\/v2\/types\/product"}],"replies":[{"embeddable":true,"href":"https:\/\/www.yongjianceramic.com\/de\/wp-json\/wp\/v2\/comments?post=5238"}],"wp:featuredmedia":[{"embeddable":true,"href":"https:\/\/www.yongjianceramic.com\/de\/wp-json\/wp\/v2\/media\/5239"}],"wp:attachment":[{"href":"https:\/\/www.yongjianceramic.com\/de\/wp-json\/wp\/v2\/media?parent=5238"}],"wp:term":[{"taxonomy":"product_brand","embeddable":true,"href":"https:\/\/www.yongjianceramic.com\/de\/wp-json\/wp\/v2\/product_brand?post=5238"},{"taxonomy":"product_cat","embeddable":true,"href":"https:\/\/www.yongjianceramic.com\/de\/wp-json\/wp\/v2\/product_cat?post=5238"},{"taxonomy":"product_tag","embeddable":true,"href":"https:\/\/www.yongjianceramic.com\/de\/wp-json\/wp\/v2\/product_tag?post=5238"}],"curies":[{"name":"wp","href":"https:\/\/api.w.org\/{rel}","templated":true}]}}