{"id":5242,"date":"2025-11-06T12:00:37","date_gmt":"2025-11-06T04:00:37","guid":{"rendered":"https:\/\/www.yongjianceramic.com\/?post_type=product&#038;p=5242"},"modified":"2025-11-06T15:26:13","modified_gmt":"2025-11-06T07:26:13","slug":"custom-printed-soup-bowls","status":"publish","type":"product","link":"https:\/\/www.yongjianceramic.com\/de\/produkt\/custom-printed-soup-bowls\/","title":{"rendered":"Individuell bedruckte Suppenschalen mit floralem Mandala-Muster"},"content":{"rendered":"<div class=\"wp-block-columns is-layout-flex wp-container-core-columns-is-layout-9d6595d7 wp-block-columns-is-layout-flex\">\n<div class=\"wp-block-column is-layout-flow wp-block-column-is-layout-flow\">\n<h2 class=\"wp-block-heading\">Premium individuell bedruckte Suppenschalen Merkmale:<\/h2>\n\n\n\n<ul class=\"wp-block-list\">\n<li><strong>Unverwechselbares florales Mandala-Design: <\/strong>Diese individuell bedruckten Suppenschalen zeigen sch\u00f6ne Mandala-Blumenmuster im Inneren der Schalen, mit weichen Farben mit komplizierten Schichten. Der K\u00f6rper der Schale verf\u00fcgt \u00fcber eine hohe S\u00e4ttigung Hintergrundfarbe mit einfachen wei\u00dfen floralen handgezeichneten Muster-Designs, die eine Ost trifft West-Stil von Kunst und Design zu zeigen.<\/li>\n\n\n\n<li><strong>Ein-Griff-Design: <\/strong>Diese individuell bedruckten Suppenschalen haben auf einer Seite einen einzelnen Griff. Der Griff erm\u00f6glicht ein einfaches Greifen von hei\u00dfen Suppen oder Brei und schafft Leistung und Komfort.<\/li>\n\n\n\n<li><strong>Hochwertiges keramisches Material: <\/strong>Diese Suppenschalen f\u00fcr den Gro\u00dfhandel sind aus hochwertiger Keramik gefertigt, die bei hohen Temperaturen gebrannt wurde, was sie robust, hitzebest\u00e4ndig und rissfest macht. Sie haben eine glatte, gl\u00e4nzende Glasur, die leicht zu waschen und sicher zu essen, da sie ungiftig sind und f\u00fcr den t\u00e4glichen Gebrauch zu Hause, Caf\u00e9s und Restaurants machen.<\/li>\n\n\n\n<li><strong>Breites Spektrum an Anwendungen:<\/strong> Diese Gro\u00dfhandelssuppenschalen mit einem Griff eignen sich zum Servieren von Suppen, M\u00fcsli, Desserts, Salaten usw. Diese Schalen sind ideal f\u00fcr Haushalte, Restaurants, Hotels oder Geschenksets.<\/li>\n<\/ul>\n<\/div>\n\n\n\n<div class=\"wp-block-column is-vertically-aligned-center is-layout-flow wp-block-column-is-layout-flow\"><div class=\"wp-block-image\">\n<figure class=\"aligncenter size-full\"><img fetchpriority=\"high\" decoding=\"async\" width=\"1080\" height=\"1080\" src=\"https:\/\/www.yongjianceramic.com\/wp-content\/uploads\/2025\/11\/custom-printed-soup-bowls-with-mandala-floral-pattern-5.webp\" alt=\"Individuell bedruckte Suppenschalen-mit-Mandala-Blumen-Muster-5\" class=\"wp-image-5248\" srcset=\"https:\/\/www.yongjianceramic.com\/wp-content\/uploads\/2025\/11\/custom-printed-soup-bowls-with-mandala-floral-pattern-5.webp 1080w, https:\/\/www.yongjianceramic.com\/wp-content\/uploads\/2025\/11\/custom-printed-soup-bowls-with-mandala-floral-pattern-5-300x300.webp 300w, https:\/\/www.yongjianceramic.com\/wp-content\/uploads\/2025\/11\/custom-printed-soup-bowls-with-mandala-floral-pattern-5-150x150.webp 150w, https:\/\/www.yongjianceramic.com\/wp-content\/uploads\/2025\/11\/custom-printed-soup-bowls-with-mandala-floral-pattern-5-768x768.webp 768w, https:\/\/www.yongjianceramic.com\/wp-content\/uploads\/2025\/11\/custom-printed-soup-bowls-with-mandala-floral-pattern-5-12x12.webp 12w, https:\/\/www.yongjianceramic.com\/wp-content\/uploads\/2025\/11\/custom-printed-soup-bowls-with-mandala-floral-pattern-5-285x285.webp 285w, https:\/\/www.yongjianceramic.com\/wp-content\/uploads\/2025\/11\/custom-printed-soup-bowls-with-mandala-floral-pattern-5-270x270.webp 270w, https:\/\/www.yongjianceramic.com\/wp-content\/uploads\/2025\/11\/custom-printed-soup-bowls-with-mandala-floral-pattern-5-540x540.webp 540w, https:\/\/www.yongjianceramic.com\/wp-content\/uploads\/2025\/11\/custom-printed-soup-bowls-with-mandala-floral-pattern-5-660x660.webp 660w\" sizes=\"(max-width: 1080px) 100vw, 1080px\" \/><\/figure>\n<\/div><\/div>\n<\/div>\n\n\n\n<p><\/p>","protected":false},"excerpt":{"rendered":"<p>Willkommen bei unseren individuell bedruckten Suppenschalen mit elegantem Mandala-Blumenmotiv und einem einzigen Griff, die aus langlebiger Keramik gefertigt sind und OEM\/ODM-Service unterst\u00fctzen. Ideal zum Servieren von Suppen oder M\u00fcsli in Haushalten, Caf\u00e9s und Restaurants, kombinieren diese Schalen k\u00fcnstlerisches Design mit Alltagstauglichkeit und sind perfekt f\u00fcr Massenanpassung und Markenwerbung.<\/p>\n<table border=\"0\" width=\"309\" cellspacing=\"0\" cellpadding=\"0\">\n<tbody>\n<tr>\n<td width=\"120\" height=\"17\">Hersteller<\/td>\n<td width=\"189\">Yongjian<\/td>\n<\/tr>\n<tr>\n<td height=\"36\">Modell Nr.<\/td>\n<td width=\"189\">YJ-169<br \/>YJ-170<\/td>\n<\/tr>\n<tr>\n<td height=\"17\">Produkttyp<\/td>\n<td>Henkelschalen, Suppen- und Ramenschalen<\/td>\n<\/tr>\n<tr>\n<td height=\"17\">Material<\/td>\n<td>Porzellan<\/td>\n<\/tr>\n<tr>\n<td height=\"17\">Farbe<\/td>\n<td>Als Bild<\/td>\n<\/tr>\n<tr>\n<td height=\"18\">Dimension<\/td>\n<td width=\"189\">15*15*5,5cm<\/td>\n<\/tr>\n<tr>\n<td height=\"17\">MOQ<\/td>\n<td>500St\u00fcck<\/td>\n<\/tr>\n<tr>\n<td height=\"17\">Benutzerdefiniert<\/td>\n<td>Farbe\/Gr\u00f6\u00dfe\/Logo\/Verpackung<\/td>\n<\/tr>\n<\/tbody>\n<\/table>","protected":false},"featured_media":5249,"comment_status":"closed","ping_status":"closed","template":"","meta":{"_acf_changed":false},"product_brand":[],"product_cat":[63,75,73],"product_tag":[84],"class_list":{"0":"post-5242","1":"product","2":"type-product","3":"status-publish","4":"has-post-thumbnail","6":"product_cat-wholesale-bowls","7":"product_cat-handled-bowls-wholesale","8":"product_cat-bulk-soup-bowls","9":"product_tag-retro-design-dinnerware-wholesale","11":"first","12":"instock","13":"shipping-taxable","14":"product-type-simple"},"acf":[],"_links":{"self":[{"href":"https:\/\/www.yongjianceramic.com\/de\/wp-json\/wp\/v2\/product\/5242","targetHints":{"allow":["GET"]}}],"collection":[{"href":"https:\/\/www.yongjianceramic.com\/de\/wp-json\/wp\/v2\/product"}],"about":[{"href":"https:\/\/www.yongjianceramic.com\/de\/wp-json\/wp\/v2\/types\/product"}],"replies":[{"embeddable":true,"href":"https:\/\/www.yongjianceramic.com\/de\/wp-json\/wp\/v2\/comments?post=5242"}],"wp:featuredmedia":[{"embeddable":true,"href":"https:\/\/www.yongjianceramic.com\/de\/wp-json\/wp\/v2\/media\/5249"}],"wp:attachment":[{"href":"https:\/\/www.yongjianceramic.com\/de\/wp-json\/wp\/v2\/media?parent=5242"}],"wp:term":[{"taxonomy":"product_brand","embeddable":true,"href":"https:\/\/www.yongjianceramic.com\/de\/wp-json\/wp\/v2\/product_brand?post=5242"},{"taxonomy":"product_cat","embeddable":true,"href":"https:\/\/www.yongjianceramic.com\/de\/wp-json\/wp\/v2\/product_cat?post=5242"},{"taxonomy":"product_tag","embeddable":true,"href":"https:\/\/www.yongjianceramic.com\/de\/wp-json\/wp\/v2\/product_tag?post=5242"}],"curies":[{"name":"wp","href":"https:\/\/api.w.org\/{rel}","templated":true}]}}