{"id":5339,"date":"2025-12-04T15:44:58","date_gmt":"2025-12-04T07:44:58","guid":{"rendered":"https:\/\/www.yongjianceramic.com\/?post_type=product&#038;p=5339"},"modified":"2025-12-04T16:50:21","modified_gmt":"2025-12-04T08:50:21","slug":"ceramic-serving-platter-wholesale","status":"publish","type":"product","link":"https:\/\/www.yongjianceramic.com\/de\/produkt\/ceramic-serving-platter-wholesale\/","title":{"rendered":"3-stufige Keramik-Servierplatte mit Schmetterlingsrand im Gro\u00dfhandel"},"content":{"rendered":"<div class=\"wp-block-columns is-layout-flex wp-container-core-columns-is-layout-9d6595d7 wp-block-columns-is-layout-flex\">\n<div class=\"wp-block-column is-layout-flow wp-block-column-is-layout-flow\">\n<h2 class=\"wp-block-heading\">Hochwertige 3-stufige Keramik-Servierplatte Gro\u00dfhandel Merkmale:<\/h2>\n\n\n\n<ul class=\"wp-block-list\">\n<li><strong>Elegantes Schmetterlingsdesign mit Goldrand:<\/strong> Unsere dreist\u00f6ckige Keramik-Servierplatte f\u00fcr den Gro\u00dfhandel ist mit einem exquisiten goldenen Schmetterlingsrand verziert, der luxuri\u00f6se Details und einen hochwertigen europ\u00e4ischen Stil verk\u00f6rpert. Der goldene Rand bildet einen exquisiten Kontrast zum wei\u00dfen Porzellan und unterstreicht das Gef\u00fchl von Luxus.<\/li>\n\n\n\n<li><strong>Hochwertiges Keramikmaterial:<\/strong> Diese ma\u00dfgeschneiderten rechteckigen Schalen sind aus hochwertigem Keramikmaterial gefertigt und verf\u00fcgen \u00fcber eine dicke und strapazierf\u00e4hige Oberfl\u00e4che, die nicht so leicht zerbricht. Die Oberfl\u00e4che ist so glatt und empfindlich, dass die Reinigung kein gro\u00dfes Problem darstellt. Diese Schale eignet sich zur Pr\u00e4sentation von Desserts, Obst, Kuchen und vielen anderen Lebensmitteln.<\/li>\n\n\n\n<li><strong>Mehrstufiges Design: <\/strong>Die dreistufige Struktur dieser rechteckigen Keramikschalen f\u00fcr den Gro\u00dfhandel ist in den Durchmessern 15 cm, 20 cm und 25 cm erh\u00e4ltlich und erm\u00f6glicht so die Pr\u00e4sentation verschiedener Desserts nach Kategorien, wodurch sie leicht zug\u00e4nglich und optisch ansprechend sind.<\/li>\n\n\n\n<li><strong>Stabile Metallst\u00fctzstange: <\/strong>Unsere dreistufige Keramik-Servierplatte f\u00fcr den Gro\u00dfhandel verf\u00fcgt \u00fcber eine vergoldete Metallst\u00fctzstange, die f\u00fcr eine sehr stabile Struktur sorgt, die Gewicht tr\u00e4gt und die Stabilit\u00e4t der Pr\u00e4sentation gew\u00e4hrleistet. Ein gebogener goldener Griff an der Oberseite sorgt f\u00fcr einen sicheren Halt, der das Bewegen der Platte oder den Zugriff auf die einzelnen Ebenen erleichtert, um gleichzeitig Funktionalit\u00e4t und Sicherheit zu gew\u00e4hrleisten.<\/li>\n<\/ul>\n<\/div>\n\n\n\n<div class=\"wp-block-column is-vertically-aligned-center is-layout-flow wp-block-column-is-layout-flow\"><div class=\"wp-block-image\">\n<figure class=\"aligncenter size-full\"><img fetchpriority=\"high\" decoding=\"async\" width=\"800\" height=\"800\" src=\"https:\/\/www.yongjianceramic.com\/wp-content\/uploads\/2025\/12\/3-tier-ceramic-serving-platter-wholesale-with-butterfly-rim-1.webp\" alt=\"3-stufige Keramik-Servierplatte mit Schmetterlingsrand \u2013 Gro\u00dfhandel\" class=\"wp-image-5340\" srcset=\"https:\/\/www.yongjianceramic.com\/wp-content\/uploads\/2025\/12\/3-tier-ceramic-serving-platter-wholesale-with-butterfly-rim-1.webp 800w, https:\/\/www.yongjianceramic.com\/wp-content\/uploads\/2025\/12\/3-tier-ceramic-serving-platter-wholesale-with-butterfly-rim-1-300x300.webp 300w, https:\/\/www.yongjianceramic.com\/wp-content\/uploads\/2025\/12\/3-tier-ceramic-serving-platter-wholesale-with-butterfly-rim-1-150x150.webp 150w, https:\/\/www.yongjianceramic.com\/wp-content\/uploads\/2025\/12\/3-tier-ceramic-serving-platter-wholesale-with-butterfly-rim-1-768x768.webp 768w, https:\/\/www.yongjianceramic.com\/wp-content\/uploads\/2025\/12\/3-tier-ceramic-serving-platter-wholesale-with-butterfly-rim-1-12x12.webp 12w, https:\/\/www.yongjianceramic.com\/wp-content\/uploads\/2025\/12\/3-tier-ceramic-serving-platter-wholesale-with-butterfly-rim-1-285x285.webp 285w, https:\/\/www.yongjianceramic.com\/wp-content\/uploads\/2025\/12\/3-tier-ceramic-serving-platter-wholesale-with-butterfly-rim-1-270x270.webp 270w, https:\/\/www.yongjianceramic.com\/wp-content\/uploads\/2025\/12\/3-tier-ceramic-serving-platter-wholesale-with-butterfly-rim-1-540x540.webp 540w, https:\/\/www.yongjianceramic.com\/wp-content\/uploads\/2025\/12\/3-tier-ceramic-serving-platter-wholesale-with-butterfly-rim-1-660x660.webp 660w\" sizes=\"(max-width: 800px) 100vw, 800px\" \/><\/figure>\n<\/div><\/div>\n<\/div>","protected":false},"excerpt":{"rendered":"<p>Willkommen zum Kauf dieser 3-stufigen Keramik-Servierplatte im Gro\u00dfhandel mit luxuri\u00f6sem Schmetterlingsrand in Gold und einer Metallst\u00fctzstange \u2013 eine elegante L\u00f6sung zum Servieren von Desserts, Cupcakes, Obst und Geb\u00e4ck. Mit drei rechteckigen Tellern hat der dreist\u00f6ckige Servierst\u00e4nder eine Gesamth\u00f6he von 38 cm und bietet viel Platz f\u00fcr Ihre besten Leckereien \u2013 ideal f\u00fcr den Einsatz in Hotels, B\u00e4ckereien, Caf\u00e9s und bei Partyveranstaltungen. Er ist die perfekte Wahl f\u00fcr den Gro\u00dfeinkauf und hochwertige Keramik-Ausstellungsst\u00e4nder.<\/p>\n<table border=\"0\" width=\"309\" cellspacing=\"0\" cellpadding=\"0\">\n<tbody>\n<tr>\n<td width=\"120\" height=\"17\">Hersteller<\/td>\n<td width=\"189\">Yongjian<\/td>\n<\/tr>\n<tr>\n<td height=\"18\">Modell Nr.<\/td>\n<td width=\"189\">YJ-201<\/td>\n<\/tr>\n<tr>\n<td height=\"17\">Produkttyp<\/td>\n<td>Servierplatte<\/td>\n<\/tr>\n<tr>\n<td height=\"17\">Material<\/td>\n<td>Porzellan<\/td>\n<\/tr>\n<tr>\n<td height=\"17\">Farbe<\/td>\n<td>Als Bild<\/td>\n<\/tr>\n<tr>\n<td height=\"17\">Dimension<\/td>\n<td>Als Bild<\/td>\n<\/tr>\n<tr>\n<td height=\"17\">MOQ<\/td>\n<td>500St\u00fcck<\/td>\n<\/tr>\n<tr>\n<td height=\"17\">Benutzerdefiniert<\/td>\n<td>Farbe\/Gr\u00f6\u00dfe\/Logo\/Verpackung<\/td>\n<\/tr>\n<\/tbody>\n<\/table>","protected":false},"featured_media":5340,"comment_status":"closed","ping_status":"closed","template":"","meta":{"_acf_changed":false},"product_brand":[],"product_cat":[62,76],"product_tag":[84],"class_list":{"0":"post-5339","1":"product","2":"type-product","3":"status-publish","4":"has-post-thumbnail","6":"product_cat-ceramic-plates-wholesale","7":"product_cat-wholesale-serving-platters","8":"product_tag-retro-design-dinnerware-wholesale","10":"first","11":"instock","12":"shipping-taxable","13":"product-type-simple"},"acf":[],"_links":{"self":[{"href":"https:\/\/www.yongjianceramic.com\/de\/wp-json\/wp\/v2\/product\/5339","targetHints":{"allow":["GET"]}}],"collection":[{"href":"https:\/\/www.yongjianceramic.com\/de\/wp-json\/wp\/v2\/product"}],"about":[{"href":"https:\/\/www.yongjianceramic.com\/de\/wp-json\/wp\/v2\/types\/product"}],"replies":[{"embeddable":true,"href":"https:\/\/www.yongjianceramic.com\/de\/wp-json\/wp\/v2\/comments?post=5339"}],"wp:featuredmedia":[{"embeddable":true,"href":"https:\/\/www.yongjianceramic.com\/de\/wp-json\/wp\/v2\/media\/5340"}],"wp:attachment":[{"href":"https:\/\/www.yongjianceramic.com\/de\/wp-json\/wp\/v2\/media?parent=5339"}],"wp:term":[{"taxonomy":"product_brand","embeddable":true,"href":"https:\/\/www.yongjianceramic.com\/de\/wp-json\/wp\/v2\/product_brand?post=5339"},{"taxonomy":"product_cat","embeddable":true,"href":"https:\/\/www.yongjianceramic.com\/de\/wp-json\/wp\/v2\/product_cat?post=5339"},{"taxonomy":"product_tag","embeddable":true,"href":"https:\/\/www.yongjianceramic.com\/de\/wp-json\/wp\/v2\/product_tag?post=5339"}],"curies":[{"name":"wp","href":"https:\/\/api.w.org\/{rel}","templated":true}]}}