{"id":5341,"date":"2025-12-04T16:19:02","date_gmt":"2025-12-04T08:19:02","guid":{"rendered":"https:\/\/www.yongjianceramic.com\/?post_type=product&#038;p=5341"},"modified":"2025-12-04T16:58:35","modified_gmt":"2025-12-04T08:58:35","slug":"ceramic-serving-tray-custom","status":"publish","type":"product","link":"https:\/\/www.yongjianceramic.com\/de\/produkt\/ceramic-serving-tray-custom\/","title":{"rendered":"2-st\u00f6ckiges Keramik-Serviertablett, individuell gestaltbar, Dessertst\u00e4nder, Gro\u00dfhandel"},"content":{"rendered":"<div class=\"wp-block-columns is-layout-flex wp-container-core-columns-is-layout-9d6595d7 wp-block-columns-is-layout-flex\">\n<div class=\"wp-block-column is-layout-flow wp-block-column-is-layout-flow\">\n<h2 class=\"wp-block-heading\">Premium 2-st\u00f6ckiges Serviertablett aus Keramik \u2013 Sonderausstattung:<\/h2>\n\n\n\n<ul class=\"wp-block-list\">\n<li><strong>Hervorragende Handwerkskunst und Materialien:<\/strong> Dieses zweist\u00f6ckige Serviertablett aus Keramik ist aus hochwertiger Keramik gefertigt; die glatte, empfindliche Oberfl\u00e4che ist verschlei\u00dffest und leicht zu reinigen. Es ist mit einer zarten Goldverzierung mit einem gepr\u00e4gten Schmetterlingsdetail verziert, das ihm einen besonders edlen und eleganten Look verleiht und gleichzeitig seinen Glanz f\u00fcr immer bewahrt.<\/li>\n\n\n\n<li><strong>Praktisches zweistufiges Design:<\/strong> Dieser Keramik-Dessertst\u00e4nder f\u00fcr den Gro\u00dfhandel verf\u00fcgt \u00fcber eine zweist\u00f6ckige Struktur und bietet reichlich Platz f\u00fcr verschiedene Desserts, Kuchen, Snacks, Obst usw. Die obere Etage hat einen Durchmesser von 21 cm, die untere Etage einen Durchmesser von 26 cm, wodurch ein markantes mehrst\u00f6ckiges Design entsteht, das sich f\u00fcr gewerbliche Auslagen oder Familienfeiern eignet.<\/li>\n\n\n\n<li><strong>Praktischer Goldgriff:<\/strong> Dieser Keramik-Dessertst\u00e4nder f\u00fcr den Gro\u00dfhandel verf\u00fcgt \u00fcber einen geschwungenen goldenen Metallgriff an der Oberseite, der eine einfache Handhabung und Bewegung erm\u00f6glicht und gleichzeitig als sch\u00f6nes dekoratives Element dient.<\/li>\n\n\n\n<li><strong>Positionierung im High-End-Markt: <\/strong>Dieses zweist\u00f6ckige Serviertablett aus Keramik zeichnet sich durch ein klassisches europ\u00e4isches Retro-Design aus. Die reinwei\u00dfe Keramik mit luxuri\u00f6ser Goldverzierung und gepr\u00e4gten Details bietet au\u00dfergew\u00f6hnliche Qualit\u00e4t und entspricht perfekt den Qualit\u00e4tsanforderungen von High-End-Hotels, Boutique-Caf\u00e9s, B\u00e4ckereien und Bankettveranstaltungen.<\/li>\n\n\n\n<li><strong>Bequeme Beschaffung und Verpackung:<\/strong> Wir bieten wettbewerbsf\u00e4hige Gro\u00dfhandelspreise. Die Produkte werden einzeln in Luftpolsterfolie verpackt und in verst\u00e4rkten Kartons versandt, um einen sicheren Transport zu gew\u00e4hrleisten und den weltweiten Versand von Gro\u00dfmengen zu erm\u00f6glichen.<\/li>\n<\/ul>\n<\/div>\n\n\n\n<div class=\"wp-block-column is-vertically-aligned-center is-layout-flow wp-block-column-is-layout-flow\"><div class=\"wp-block-image\">\n<figure class=\"aligncenter size-full\"><img fetchpriority=\"high\" decoding=\"async\" width=\"800\" height=\"800\" src=\"https:\/\/www.yongjianceramic.com\/wp-content\/uploads\/2025\/12\/2-tier-ceramic-serving-tray-custom-dessert-stand-wholesale-1.webp\" alt=\"2-stufiges Keramik-Serviertablett \u2013 individueller Dessertst\u00e4nder \u2013 Gro\u00dfhandel \u2013 1\" class=\"wp-image-5342\" srcset=\"https:\/\/www.yongjianceramic.com\/wp-content\/uploads\/2025\/12\/2-tier-ceramic-serving-tray-custom-dessert-stand-wholesale-1.webp 800w, https:\/\/www.yongjianceramic.com\/wp-content\/uploads\/2025\/12\/2-tier-ceramic-serving-tray-custom-dessert-stand-wholesale-1-300x300.webp 300w, https:\/\/www.yongjianceramic.com\/wp-content\/uploads\/2025\/12\/2-tier-ceramic-serving-tray-custom-dessert-stand-wholesale-1-150x150.webp 150w, https:\/\/www.yongjianceramic.com\/wp-content\/uploads\/2025\/12\/2-tier-ceramic-serving-tray-custom-dessert-stand-wholesale-1-768x768.webp 768w, https:\/\/www.yongjianceramic.com\/wp-content\/uploads\/2025\/12\/2-tier-ceramic-serving-tray-custom-dessert-stand-wholesale-1-12x12.webp 12w, https:\/\/www.yongjianceramic.com\/wp-content\/uploads\/2025\/12\/2-tier-ceramic-serving-tray-custom-dessert-stand-wholesale-1-285x285.webp 285w, https:\/\/www.yongjianceramic.com\/wp-content\/uploads\/2025\/12\/2-tier-ceramic-serving-tray-custom-dessert-stand-wholesale-1-270x270.webp 270w, https:\/\/www.yongjianceramic.com\/wp-content\/uploads\/2025\/12\/2-tier-ceramic-serving-tray-custom-dessert-stand-wholesale-1-540x540.webp 540w, https:\/\/www.yongjianceramic.com\/wp-content\/uploads\/2025\/12\/2-tier-ceramic-serving-tray-custom-dessert-stand-wholesale-1-660x660.webp 660w\" sizes=\"(max-width: 800px) 100vw, 800px\" \/><\/figure>\n<\/div><\/div>\n<\/div>","protected":false},"excerpt":{"rendered":"<p>Willkommen beim Kauf dieses 2-st\u00f6ckigen Keramik-Serviertabletts, das speziell f\u00fcr hochwertige gewerbliche Umgebungen entwickelt wurde. Wei\u00dfes Porzellan mit goldfarbenem Rand in Schmetterlingsform sorgt f\u00fcr ein elegantes und raffiniertes Design. Der stabile und langlebige Metallst\u00e4nder und die doppelschichtige Struktur eignen sich ideal f\u00fcr die Pr\u00e4sentation von Kuchen, Desserts und Obst und sind somit perfekt f\u00fcr den Nachmittagstee, Partys oder Hotel-Catering-Auslagen. Wir bieten auch individuelle Anpassungen an, sodass sie sich ideal f\u00fcr Dessertbuffets und den Gro\u00dfhandel mit Geschirr eignen.<\/p>\n<table border=\"0\" width=\"309\" cellspacing=\"0\" cellpadding=\"0\">\n<tbody>\n<tr>\n<td width=\"120\" height=\"17\">Hersteller<\/td>\n<td width=\"189\">Yongjian<\/td>\n<\/tr>\n<tr>\n<td height=\"18\">Modell Nr.<\/td>\n<td width=\"189\">YJ-203<\/td>\n<\/tr>\n<tr>\n<td height=\"17\">Produkttyp<\/td>\n<td>Servierplatte<\/td>\n<\/tr>\n<tr>\n<td height=\"17\">Material<\/td>\n<td>Porzellan<\/td>\n<\/tr>\n<tr>\n<td height=\"17\">Farbe<\/td>\n<td>Als Bild<\/td>\n<\/tr>\n<tr>\n<td height=\"17\">Dimension<\/td>\n<td>Als Bild<\/td>\n<\/tr>\n<tr>\n<td height=\"17\">MOQ<\/td>\n<td>500St\u00fcck<\/td>\n<\/tr>\n<tr>\n<td height=\"17\">Benutzerdefiniert<\/td>\n<td>Farbe\/Gr\u00f6\u00dfe\/Logo\/Verpackung<\/td>\n<\/tr>\n<\/tbody>\n<\/table>","protected":false},"featured_media":5342,"comment_status":"closed","ping_status":"closed","template":"","meta":{"_acf_changed":false},"product_brand":[],"product_cat":[62,76],"product_tag":[84],"class_list":{"0":"post-5341","1":"product","2":"type-product","3":"status-publish","4":"has-post-thumbnail","6":"product_cat-ceramic-plates-wholesale","7":"product_cat-wholesale-serving-platters","8":"product_tag-retro-design-dinnerware-wholesale","10":"first","11":"instock","12":"shipping-taxable","13":"product-type-simple"},"acf":[],"_links":{"self":[{"href":"https:\/\/www.yongjianceramic.com\/de\/wp-json\/wp\/v2\/product\/5341","targetHints":{"allow":["GET"]}}],"collection":[{"href":"https:\/\/www.yongjianceramic.com\/de\/wp-json\/wp\/v2\/product"}],"about":[{"href":"https:\/\/www.yongjianceramic.com\/de\/wp-json\/wp\/v2\/types\/product"}],"replies":[{"embeddable":true,"href":"https:\/\/www.yongjianceramic.com\/de\/wp-json\/wp\/v2\/comments?post=5341"}],"wp:featuredmedia":[{"embeddable":true,"href":"https:\/\/www.yongjianceramic.com\/de\/wp-json\/wp\/v2\/media\/5342"}],"wp:attachment":[{"href":"https:\/\/www.yongjianceramic.com\/de\/wp-json\/wp\/v2\/media?parent=5341"}],"wp:term":[{"taxonomy":"product_brand","embeddable":true,"href":"https:\/\/www.yongjianceramic.com\/de\/wp-json\/wp\/v2\/product_brand?post=5341"},{"taxonomy":"product_cat","embeddable":true,"href":"https:\/\/www.yongjianceramic.com\/de\/wp-json\/wp\/v2\/product_cat?post=5341"},{"taxonomy":"product_tag","embeddable":true,"href":"https:\/\/www.yongjianceramic.com\/de\/wp-json\/wp\/v2\/product_tag?post=5341"}],"curies":[{"name":"wp","href":"https:\/\/api.w.org\/{rel}","templated":true}]}}