{"id":5343,"date":"2025-12-04T16:59:03","date_gmt":"2025-12-04T08:59:03","guid":{"rendered":"https:\/\/www.yongjianceramic.com\/?post_type=product&#038;p=5343"},"modified":"2025-12-04T18:01:42","modified_gmt":"2025-12-04T10:01:42","slug":"wholesale-round-ceramic-plate","status":"publish","type":"product","link":"https:\/\/www.yongjianceramic.com\/de\/produkt\/wholesale-round-ceramic-plate\/","title":{"rendered":"Dreischichtiger runder Keramik-Tellerst\u00e4nder f\u00fcr Partys"},"content":{"rendered":"<div class=\"wp-block-columns is-layout-flex wp-container-core-columns-is-layout-9d6595d7 wp-block-columns-is-layout-flex\">\n<div class=\"wp-block-column is-layout-flow wp-block-column-is-layout-flow\">\n<h2 class=\"wp-block-heading\">Hochwertiger runder Keramik-Tellerst\u00e4nder f\u00fcr den Gro\u00dfhandel Eigenschaften:<\/h2>\n\n\n\n<ul class=\"wp-block-list\">\n<li><strong>Klare dreischichtige Struktur:<\/strong> Diese dreilagigen runden Keramikteller f\u00fcr den Gro\u00dfhandel verf\u00fcgen \u00fcber klar definierte Ebenen (26 cm\/21 cm\/15 cm) und bieten ausreichend Platz f\u00fcr die Kategorisierung und Pr\u00e4sentation verschiedener Desserts, wodurch die Pr\u00e4sentation optimiert und gleichzeitig Platz auf dem Tisch gespart wird.<\/li>\n\n\n\n<li><strong>Leicht zu reinigen: <\/strong>Diese runden Keramikteller f\u00fcr den Gro\u00dfhandel bestehen aus einer hochdichten Keramikstruktur, wodurch die Oberfl\u00e4che eine gute Best\u00e4ndigkeit gegen Lebensmittelflecken aufweist. Selbst Sahne und Schokolade lassen sich leicht abwischen. Die Tellerfl\u00e4che kann direkt mit Wasser abgesp\u00fclt oder leicht von Hand gesp\u00fclt werden, was die Pflege vereinfacht.<\/li>\n\n\n\n<li><strong>Kommerzielle Qualit\u00e4t und Design:<\/strong> Diese Dessertst\u00e4nder aus Keramik sind f\u00fcr gewerbliche Zwecke wie Partys, Hotels und hochwertige B\u00e4ckereien gedacht. Mit ihrem europ\u00e4ischen Luxusstil steigern sie die Attraktivit\u00e4t von Desserttischen und Banketttischen erheblich und wecken das Verlangen der Verbraucher.<\/li>\n\n\n\n<li><strong>Lebensmitteltauglichkeit und kommerzielle Qualit\u00e4t und Design: <\/strong>Diese Dessertst\u00e4nder aus Keramik wurden f\u00fcr gewerbliche Umgebungen wie Partys, Hotels und hochwertige B\u00e4ckereien entwickelt. Der europ\u00e4ische Luxusstil wertet Dessert- und Banketttische optisch auf und weckt das Interesse der Kunden.<\/li>\n\n\n\n<li><strong>Bequeme Beschaffung und Verpackung:<\/strong> Wir bieten wettbewerbsf\u00e4hige Gro\u00dfhandelspreise. Die Produkte werden einzeln in Luftpolsterfolie verpackt und in verst\u00e4rkten Kartons versandt, um einen sicheren Transport zu gew\u00e4hrleisten und den weltweiten Versand von Gro\u00dfmengen zu erm\u00f6glichen.<\/li>\n<\/ul>\n<\/div>\n\n\n\n<div class=\"wp-block-column is-vertically-aligned-center is-layout-flow wp-block-column-is-layout-flow\"><div class=\"wp-block-image\">\n<figure class=\"aligncenter size-full\"><img fetchpriority=\"high\" decoding=\"async\" width=\"800\" height=\"800\" src=\"https:\/\/www.yongjianceramic.com\/wp-content\/uploads\/2025\/12\/three-layer-wholesale-round-ceramic-plate-stand-for-parties-1.webp\" alt=\"Dreischichtiger Gro\u00dfhandels-Rundtellerst\u00e4nder aus Keramik f\u00fcr Partys 1\" class=\"wp-image-5345\" srcset=\"https:\/\/www.yongjianceramic.com\/wp-content\/uploads\/2025\/12\/three-layer-wholesale-round-ceramic-plate-stand-for-parties-1.webp 800w, https:\/\/www.yongjianceramic.com\/wp-content\/uploads\/2025\/12\/three-layer-wholesale-round-ceramic-plate-stand-for-parties-1-300x300.webp 300w, https:\/\/www.yongjianceramic.com\/wp-content\/uploads\/2025\/12\/three-layer-wholesale-round-ceramic-plate-stand-for-parties-1-150x150.webp 150w, https:\/\/www.yongjianceramic.com\/wp-content\/uploads\/2025\/12\/three-layer-wholesale-round-ceramic-plate-stand-for-parties-1-768x768.webp 768w, https:\/\/www.yongjianceramic.com\/wp-content\/uploads\/2025\/12\/three-layer-wholesale-round-ceramic-plate-stand-for-parties-1-12x12.webp 12w, https:\/\/www.yongjianceramic.com\/wp-content\/uploads\/2025\/12\/three-layer-wholesale-round-ceramic-plate-stand-for-parties-1-285x285.webp 285w, https:\/\/www.yongjianceramic.com\/wp-content\/uploads\/2025\/12\/three-layer-wholesale-round-ceramic-plate-stand-for-parties-1-270x270.webp 270w, https:\/\/www.yongjianceramic.com\/wp-content\/uploads\/2025\/12\/three-layer-wholesale-round-ceramic-plate-stand-for-parties-1-540x540.webp 540w, https:\/\/www.yongjianceramic.com\/wp-content\/uploads\/2025\/12\/three-layer-wholesale-round-ceramic-plate-stand-for-parties-1-660x660.webp 660w\" sizes=\"(max-width: 800px) 100vw, 800px\" \/><\/figure>\n<\/div><\/div>\n<\/div>","protected":false},"excerpt":{"rendered":"<p>Willkommen zum Kauf dieses dreist\u00f6ckigen runden Keramikplattenst\u00e4nders im Gro\u00dfhandel. Er besteht aus hochwertigem Porzellan mit einem einzigartigen goldfarbenen Randdesign in Schmetterlingsform und eignet sich mit seinem eleganten und raffinierten Aussehen perfekt f\u00fcr die Pr\u00e4sentation von Kuchen, Desserts und Obst. Die stabile Metallst\u00e4nderstruktur sorgt f\u00fcr eine sichere und zuverl\u00e4ssige Pr\u00e4sentation. Ob f\u00fcr Hochzeitsfeiern, Desserttische oder den Nachmittagstee im Hotel \u2013 er wertet m\u00fchelos die gesamte Einrichtung auf und ist somit die ideale Wahl f\u00fcr den Gro\u00dfhandel, das Catering und die Veranstaltungsdekoration.<\/p>\n<table border=\"0\" width=\"309\" cellspacing=\"0\" cellpadding=\"0\">\n<tbody>\n<tr>\n<td width=\"120\" height=\"17\">Hersteller<\/td>\n<td width=\"189\">Yongjian<\/td>\n<\/tr>\n<tr>\n<td height=\"18\">Modell Nr.<\/td>\n<td width=\"189\">YJ-202<\/td>\n<\/tr>\n<tr>\n<td height=\"17\">Produkttyp<\/td>\n<td>Servierplatte<\/td>\n<\/tr>\n<tr>\n<td height=\"17\">Material<\/td>\n<td>Porzellan<\/td>\n<\/tr>\n<tr>\n<td height=\"17\">Farbe<\/td>\n<td>Als Bild<\/td>\n<\/tr>\n<tr>\n<td height=\"17\">Dimension<\/td>\n<td>Als Bild<\/td>\n<\/tr>\n<tr>\n<td height=\"17\">MOQ<\/td>\n<td>500St\u00fcck<\/td>\n<\/tr>\n<tr>\n<td height=\"17\">Benutzerdefiniert<\/td>\n<td>Farbe\/Gr\u00f6\u00dfe\/Logo\/Verpackung<\/td>\n<\/tr>\n<\/tbody>\n<\/table>","protected":false},"featured_media":5345,"comment_status":"closed","ping_status":"closed","template":"","meta":{"_acf_changed":false},"product_brand":[],"product_cat":[62,76],"product_tag":[84],"class_list":{"0":"post-5343","1":"product","2":"type-product","3":"status-publish","4":"has-post-thumbnail","6":"product_cat-ceramic-plates-wholesale","7":"product_cat-wholesale-serving-platters","8":"product_tag-retro-design-dinnerware-wholesale","10":"first","11":"instock","12":"shipping-taxable","13":"product-type-simple"},"acf":[],"_links":{"self":[{"href":"https:\/\/www.yongjianceramic.com\/de\/wp-json\/wp\/v2\/product\/5343","targetHints":{"allow":["GET"]}}],"collection":[{"href":"https:\/\/www.yongjianceramic.com\/de\/wp-json\/wp\/v2\/product"}],"about":[{"href":"https:\/\/www.yongjianceramic.com\/de\/wp-json\/wp\/v2\/types\/product"}],"replies":[{"embeddable":true,"href":"https:\/\/www.yongjianceramic.com\/de\/wp-json\/wp\/v2\/comments?post=5343"}],"wp:featuredmedia":[{"embeddable":true,"href":"https:\/\/www.yongjianceramic.com\/de\/wp-json\/wp\/v2\/media\/5345"}],"wp:attachment":[{"href":"https:\/\/www.yongjianceramic.com\/de\/wp-json\/wp\/v2\/media?parent=5343"}],"wp:term":[{"taxonomy":"product_brand","embeddable":true,"href":"https:\/\/www.yongjianceramic.com\/de\/wp-json\/wp\/v2\/product_brand?post=5343"},{"taxonomy":"product_cat","embeddable":true,"href":"https:\/\/www.yongjianceramic.com\/de\/wp-json\/wp\/v2\/product_cat?post=5343"},{"taxonomy":"product_tag","embeddable":true,"href":"https:\/\/www.yongjianceramic.com\/de\/wp-json\/wp\/v2\/product_tag?post=5343"}],"curies":[{"name":"wp","href":"https:\/\/api.w.org\/{rel}","templated":true}]}}