{"id":5344,"date":"2025-12-04T17:49:50","date_gmt":"2025-12-04T09:49:50","guid":{"rendered":"https:\/\/www.yongjianceramic.com\/?post_type=product&#038;p=5344"},"modified":"2025-12-04T23:54:12","modified_gmt":"2025-12-04T15:54:12","slug":"ceramic-tableware-wholesale","status":"publish","type":"product","link":"https:\/\/www.yongjianceramic.com\/de\/produkt\/ceramic-tableware-wholesale\/","title":{"rendered":"Gro\u00dfhandel mit l\u00e4ndlichem Keramikgeschirr, Lieferung von Geschirrsets"},"content":{"rendered":"<div class=\"wp-block-columns is-layout-flex wp-container-core-columns-is-layout-9d6595d7 wp-block-columns-is-layout-flex\">\n<div class=\"wp-block-column is-layout-flow wp-block-column-is-layout-flow\">\n<h2 class=\"wp-block-heading\">Hochwertiges l\u00e4ndliches Keramikgeschirr im Gro\u00dfhandel Merkmale:<\/h2>\n\n\n\n<ul class=\"wp-block-list\">\n<li><strong>Frisches und einheitliches Design: <\/strong>Diese l\u00e4ndlichen Keramikgeschirre im Gro\u00dfhandel zeigen einen frischen, pastoralen Stil mit einer cremewei\u00dfen Grundfarbe und einem zarten Muster aus gelben Blumen und gr\u00fcnem Laub. Alle Artikel sind in einem einheitlichen Design gehalten, wodurch eine visuelle Harmonie entsteht, die den Look Ihres Esstisches m\u00fchelos aufwertet.<\/li>\n\n\n\n<li><strong>Hochwertige keramische Handwerkskunst:<\/strong> Unser individuelles Geschirrset besteht aus strapazierf\u00e4higem Keramikmaterial mit ausgezeichneter H\u00e4rte und Abriebfestigkeit. Die glatte Glasur ist leicht abwaschbar, lichtbest\u00e4ndig und fleckenunempfindlich.<\/li>\n\n\n\n<li><strong>Verschiedene Formen und Gr\u00f6\u00dfen:<\/strong> Diese l\u00e4ndlichen Keramikgeschirr-Gro\u00dfhandelsartikel umfassen eine Vielzahl von Formen, von 4-Zoll-Tellern bis zu 9,5-Zoll-Sch\u00fcsseln, wie Suppensch\u00fcsseln, Reissch\u00fcsseln, tiefe Teller und Sch\u00fcsseln mit zwei Henkeln. Das komplette Sortiment an Gr\u00f6\u00dfen erf\u00fcllt verschiedene Anforderungen f\u00fcr t\u00e4gliche Familienmahlzeiten, Suppen und das Servieren von Hauptgerichten und Speisen.<\/li>\n\n\n\n<li><strong>Geeignet f\u00fcr K\u00fcchenger\u00e4te:<\/strong> Alle Teile unseres ma\u00dfgeschneiderten Geschirrsets sind f\u00fcr den Gebrauch im Backofen, Dampfgarer, Mikrowelle, Sterilisator und Hei\u00dfluftfritteuse geeignet. Dies ist besonders wichtig f\u00fcr Gro\u00dfk\u00fcchen, darunter Restaurants, Hotels, B\u00e4ckereien usw., da es die Arbeit in der K\u00fcche vereinfacht.<\/li>\n\n\n\n<li><strong>Ideal f\u00fcr den Gro\u00dfhandel und die individuelle Anpassung:<\/strong> Dieses umfangreiche Sortiment an Keramikgeschirr f\u00fcr den Gro\u00dfhandel ist ideal f\u00fcr H\u00e4ndler, Superm\u00e4rkte, Einrichtungsmarken und Zulieferer der Gastronomie. Es sind gro\u00dfe Liefermengen verf\u00fcgbar, bei gleichbleibender Qualit\u00e4tskontrolle und zuverl\u00e4ssigen Produktionskapazit\u00e4ten.<\/li>\n<\/ul>\n<\/div>\n\n\n\n<div class=\"wp-block-column is-layout-flow wp-block-column-is-layout-flow\">\n<figure class=\"wp-block-image size-full\"><img fetchpriority=\"high\" decoding=\"async\" width=\"800\" height=\"800\" src=\"https:\/\/www.yongjianceramic.com\/wp-content\/uploads\/2025\/12\/rural-ceramic-tableware-wholesale-dinnerware-sets-supply-9.webp\" alt=\"L\u00e4ndliche Keramikgeschirr-Gro\u00dfhandel-Geschirrsets-Lieferung-9\" class=\"wp-image-5354\" srcset=\"https:\/\/www.yongjianceramic.com\/wp-content\/uploads\/2025\/12\/rural-ceramic-tableware-wholesale-dinnerware-sets-supply-9.webp 800w, https:\/\/www.yongjianceramic.com\/wp-content\/uploads\/2025\/12\/rural-ceramic-tableware-wholesale-dinnerware-sets-supply-9-300x300.webp 300w, https:\/\/www.yongjianceramic.com\/wp-content\/uploads\/2025\/12\/rural-ceramic-tableware-wholesale-dinnerware-sets-supply-9-150x150.webp 150w, https:\/\/www.yongjianceramic.com\/wp-content\/uploads\/2025\/12\/rural-ceramic-tableware-wholesale-dinnerware-sets-supply-9-768x768.webp 768w, https:\/\/www.yongjianceramic.com\/wp-content\/uploads\/2025\/12\/rural-ceramic-tableware-wholesale-dinnerware-sets-supply-9-12x12.webp 12w, https:\/\/www.yongjianceramic.com\/wp-content\/uploads\/2025\/12\/rural-ceramic-tableware-wholesale-dinnerware-sets-supply-9-285x285.webp 285w, https:\/\/www.yongjianceramic.com\/wp-content\/uploads\/2025\/12\/rural-ceramic-tableware-wholesale-dinnerware-sets-supply-9-270x270.webp 270w, https:\/\/www.yongjianceramic.com\/wp-content\/uploads\/2025\/12\/rural-ceramic-tableware-wholesale-dinnerware-sets-supply-9-540x540.webp 540w, https:\/\/www.yongjianceramic.com\/wp-content\/uploads\/2025\/12\/rural-ceramic-tableware-wholesale-dinnerware-sets-supply-9-660x660.webp 660w\" sizes=\"(max-width: 800px) 100vw, 800px\" \/><\/figure>\n<\/div>\n<\/div>\n\n\n\n<p><\/p>","protected":false},"excerpt":{"rendered":"<p>Willkommen beim Kauf unseres l\u00e4ndlichen Keramikgeschirrs im Gro\u00dfhandel. Wir bieten eine vollst\u00e4ndige Auswahl an Formen und Gr\u00f6\u00dfen, von 4-Zoll-Tellern bis zu 9,5-Zoll-Sch\u00fcsseln, darunter Suppensch\u00fcsseln, Reissch\u00fcsseln, tiefe Sch\u00fcsseln und Sch\u00fcsseln mit zwei Henkeln. Diese Geschirrkollektion eignet sich f\u00fcr Gro\u00dfh\u00e4ndler, Einzelh\u00e4ndler und Hotelprojekte und bietet eine passende und hochwertige Geschirrl\u00f6sung f\u00fcr den privaten und gewerblichen Gebrauch.<\/p>\n<table width=\"309\">\n<tbody>\n<tr>\n<td width=\"120\">Hersteller<\/td>\n<td width=\"189\">Yongjian<\/td>\n<\/tr>\n<tr>\n<td>Modell Nr.<\/td>\n<td width=\"189\">YJ-204<\/td>\n<\/tr>\n<tr>\n<td width=\"120\">Essgeschirr Typ<\/td>\n<td width=\"189\">Teller, Platten, Schalen<\/td>\n<\/tr>\n<tr>\n<td>Technik<\/td>\n<td>Farben Glasur, Applikation<\/td>\n<\/tr>\n<tr>\n<td>Material<\/td>\n<td>Steingut<\/td>\n<\/tr>\n<tr>\n<td>Anwendbar<\/td>\n<td width=\"189\">Sterilisator, Geschirrsp\u00fcler, Backofen, Mikrowelle<\/td>\n<\/tr>\n<tr>\n<td>Dimension<\/td>\n<td>Als Bild<\/td>\n<\/tr>\n<tr>\n<td>MOQ<\/td>\n<td>500St\u00fcck<\/td>\n<\/tr>\n<tr>\n<td>Benutzerdefiniert<\/td>\n<td>Farbe\/Gr\u00f6\u00dfe\/Logo\/Verpackung<\/td>\n<\/tr>\n<\/tbody>\n<\/table>","protected":false},"featured_media":5346,"comment_status":"closed","ping_status":"closed","template":"","meta":{"_acf_changed":false},"product_brand":[],"product_cat":[64,82,85],"product_tag":[81,86],"class_list":{"0":"post-5344","1":"product","2":"type-product","3":"status-publish","4":"has-post-thumbnail","6":"product_cat-dinnerware-sets","7":"product_cat-bulk-dinnerware-sets","8":"product_cat-wholesale-dinnerware-sets","9":"product_tag-modern-design-dinnerware-set-wholesale","10":"product_tag-oriental-style-dinnerware-wholesale","12":"first","13":"instock","14":"shipping-taxable","15":"product-type-simple"},"acf":[],"_links":{"self":[{"href":"https:\/\/www.yongjianceramic.com\/de\/wp-json\/wp\/v2\/product\/5344","targetHints":{"allow":["GET"]}}],"collection":[{"href":"https:\/\/www.yongjianceramic.com\/de\/wp-json\/wp\/v2\/product"}],"about":[{"href":"https:\/\/www.yongjianceramic.com\/de\/wp-json\/wp\/v2\/types\/product"}],"replies":[{"embeddable":true,"href":"https:\/\/www.yongjianceramic.com\/de\/wp-json\/wp\/v2\/comments?post=5344"}],"wp:featuredmedia":[{"embeddable":true,"href":"https:\/\/www.yongjianceramic.com\/de\/wp-json\/wp\/v2\/media\/5346"}],"wp:attachment":[{"href":"https:\/\/www.yongjianceramic.com\/de\/wp-json\/wp\/v2\/media?parent=5344"}],"wp:term":[{"taxonomy":"product_brand","embeddable":true,"href":"https:\/\/www.yongjianceramic.com\/de\/wp-json\/wp\/v2\/product_brand?post=5344"},{"taxonomy":"product_cat","embeddable":true,"href":"https:\/\/www.yongjianceramic.com\/de\/wp-json\/wp\/v2\/product_cat?post=5344"},{"taxonomy":"product_tag","embeddable":true,"href":"https:\/\/www.yongjianceramic.com\/de\/wp-json\/wp\/v2\/product_tag?post=5344"}],"curies":[{"name":"wp","href":"https:\/\/api.w.org\/{rel}","templated":true}]}}