{"id":5357,"date":"2025-12-05T00:13:44","date_gmt":"2025-12-04T16:13:44","guid":{"rendered":"https:\/\/www.yongjianceramic.com\/?post_type=product&#038;p=5357"},"modified":"2025-12-05T09:09:09","modified_gmt":"2025-12-05T01:09:09","slug":"custom-porcelain-dinnerware","status":"publish","type":"product","link":"https:\/\/www.yongjianceramic.com\/de\/produkt\/custom-porcelain-dinnerware\/","title":{"rendered":"Individuell gestaltete Porzellangeschirr, Catering-Geschirr"},"content":{"rendered":"<div class=\"wp-block-columns is-layout-flex wp-container-core-columns-is-layout-9d6595d7 wp-block-columns-is-layout-flex\">\n<div class=\"wp-block-column is-layout-flow wp-block-column-is-layout-flow\">\n<h2 class=\"wp-block-heading\">Besondere Merkmale des hochwertigen Porzellangeschirrs:<\/h2>\n\n\n\n<ul class=\"wp-block-list\">\n<li><strong>Hochwertiges Porzellanmaterial: <\/strong>Dieses ma\u00dfgefertigte Porzellangeschirr wird aus hochwertigem Porzellan-Ton hergestellt, der ihm eine feine Textur und hohe Strapazierf\u00e4higkeit verleiht. Es ist hitzebest\u00e4ndig, kratzfest und f\u00fcr den Einsatz in Hotels geeignet.<\/li>\n\n\n\n<li><strong>Farbenfrohes Blumenmuster:<\/strong> Dieses ma\u00dfgefertigte Porzellangeschirrset weist dasselbe Blumenmuster in Rot, Gelb und Blau (farbenfroh) auf, das einen lebendigen traditionellen Touch verleiht und klassische Sch\u00f6nheit in das moderne Leben bringt. Ideal f\u00fcr Hotelbankette, chinesische Restaurants, Themenplatten und private Zusammenk\u00fcnfte.<\/li>\n\n\n\n<li><strong>Reichhaltige Vielfalt und vollst\u00e4ndige Gr\u00f6\u00dfen:<\/strong> Unser Catering-Geschirr umfasst mehr als zehn verschiedene Formen, darunter Suppentassen mit zwei Henkeln, tiefe Teller mit gew\u00f6lbtem Rand, Fischteller, achteckige Teller, quadratische Teller und vieles mehr in verschiedenen Gr\u00f6\u00dfen von 4 bis 14 Zoll. Damit wird der Bedarf an chinesischen und westlichen Gerichten, Suppen, Grundnahrungsmitteln und Desserts f\u00fcr verschiedene Catering-Anl\u00e4sse gedeckt.<\/li>\n\n\n\n<li><strong>Exquisite Handwerkskunst und praktisches Design:<\/strong> Unser Catering-Geschirr ist mit durchdachten Details wie gewellten, gebogenen Kanten, doppelten Griffen und einem steinartigen Randmuster versehen, die nicht nur sch\u00f6n aussehen, sondern auch die Handhabung erleichtern und f\u00fcr mehr Stabilit\u00e4t beim Halten sorgen. Jedes Geschirrteil ist mit einer zarten blauen Umrandung fein handbemalt, was das gesamte Geschirr eleganter und strukturierter macht.<\/li>\n<\/ul>\n<\/div>\n\n\n\n<div class=\"wp-block-column is-layout-flow wp-block-column-is-layout-flow\">\n<figure class=\"wp-block-image size-full\"><img fetchpriority=\"high\" decoding=\"async\" width=\"800\" height=\"800\" src=\"https:\/\/www.yongjianceramic.com\/wp-content\/uploads\/2025\/12\/custom-porcelain-dinnerware-catering-tableware-supplies-5.webp\" alt=\"ma\u00dfgefertigtes-Porzellan-Geschirr-Catering-Tischgeschirr-Zubeh\u00f6r-5\" class=\"wp-image-5362\" srcset=\"https:\/\/www.yongjianceramic.com\/wp-content\/uploads\/2025\/12\/custom-porcelain-dinnerware-catering-tableware-supplies-5.webp 800w, https:\/\/www.yongjianceramic.com\/wp-content\/uploads\/2025\/12\/custom-porcelain-dinnerware-catering-tableware-supplies-5-300x300.webp 300w, https:\/\/www.yongjianceramic.com\/wp-content\/uploads\/2025\/12\/custom-porcelain-dinnerware-catering-tableware-supplies-5-150x150.webp 150w, https:\/\/www.yongjianceramic.com\/wp-content\/uploads\/2025\/12\/custom-porcelain-dinnerware-catering-tableware-supplies-5-768x768.webp 768w, https:\/\/www.yongjianceramic.com\/wp-content\/uploads\/2025\/12\/custom-porcelain-dinnerware-catering-tableware-supplies-5-12x12.webp 12w, https:\/\/www.yongjianceramic.com\/wp-content\/uploads\/2025\/12\/custom-porcelain-dinnerware-catering-tableware-supplies-5-285x285.webp 285w, https:\/\/www.yongjianceramic.com\/wp-content\/uploads\/2025\/12\/custom-porcelain-dinnerware-catering-tableware-supplies-5-270x270.webp 270w, https:\/\/www.yongjianceramic.com\/wp-content\/uploads\/2025\/12\/custom-porcelain-dinnerware-catering-tableware-supplies-5-540x540.webp 540w, https:\/\/www.yongjianceramic.com\/wp-content\/uploads\/2025\/12\/custom-porcelain-dinnerware-catering-tableware-supplies-5-660x660.webp 660w\" sizes=\"(max-width: 800px) 100vw, 800px\" \/><\/figure>\n<\/div>\n<\/div>\n\n\n\n<p><\/p>","protected":false},"excerpt":{"rendered":"<p>Willkommen beim Kauf unseres ma\u00dfgeschneiderten Porzellangeschirrs mit lebendigen, raffinierten und orientalisch inspirierten Designs mit einem einheitlichen Blumenmuster und blauen R\u00e4ndern. Wir bieten eine gro\u00dfe Auswahl an Sch\u00fcsseln, Tellern und Schalen, die sich f\u00fcr den vielf\u00e4ltigen Einsatz in Hotels, Restaurants und der Lebensmittelversorgungskette eignen. Ideal f\u00fcr den professionellen Gro\u00dfhandel und die Markenanpassung von Geschirr.<\/p>\n<table width=\"309\">\n<tbody>\n<tr>\n<td width=\"120\">Hersteller<\/td>\n<td width=\"189\">Yongjian<\/td>\n<\/tr>\n<tr>\n<td>Modell Nr.<\/td>\n<td width=\"189\">YJ-214<\/td>\n<\/tr>\n<tr>\n<td width=\"120\">Essgeschirr Typ<\/td>\n<td width=\"189\">Teller, Platten, Schalen<\/td>\n<\/tr>\n<tr>\n<td>Technik<\/td>\n<td>Farben Glasur, Applikation<\/td>\n<\/tr>\n<tr>\n<td>Material<\/td>\n<td>Porzellan<\/td>\n<\/tr>\n<tr>\n<td>Anwendbar<\/td>\n<td width=\"189\">Sterilisator, Geschirrsp\u00fcler, Backofen, Mikrowelle<\/td>\n<\/tr>\n<tr>\n<td>Dimension<\/td>\n<td>Als Bild<\/td>\n<\/tr>\n<tr>\n<td>MOQ<\/td>\n<td>500St\u00fcck<\/td>\n<\/tr>\n<tr>\n<td>Benutzerdefiniert<\/td>\n<td>Farbe\/Gr\u00f6\u00dfe\/Logo\/Verpackung<\/td>\n<\/tr>\n<\/tbody>\n<\/table>","protected":false},"featured_media":5358,"comment_status":"closed","ping_status":"closed","template":"","meta":{"_acf_changed":false},"product_brand":[],"product_cat":[64,85],"product_tag":[86],"class_list":{"0":"post-5357","1":"product","2":"type-product","3":"status-publish","4":"has-post-thumbnail","6":"product_cat-dinnerware-sets","7":"product_cat-wholesale-dinnerware-sets","8":"product_tag-oriental-style-dinnerware-wholesale","10":"first","11":"instock","12":"shipping-taxable","13":"product-type-simple"},"acf":[],"_links":{"self":[{"href":"https:\/\/www.yongjianceramic.com\/de\/wp-json\/wp\/v2\/product\/5357","targetHints":{"allow":["GET"]}}],"collection":[{"href":"https:\/\/www.yongjianceramic.com\/de\/wp-json\/wp\/v2\/product"}],"about":[{"href":"https:\/\/www.yongjianceramic.com\/de\/wp-json\/wp\/v2\/types\/product"}],"replies":[{"embeddable":true,"href":"https:\/\/www.yongjianceramic.com\/de\/wp-json\/wp\/v2\/comments?post=5357"}],"wp:featuredmedia":[{"embeddable":true,"href":"https:\/\/www.yongjianceramic.com\/de\/wp-json\/wp\/v2\/media\/5358"}],"wp:attachment":[{"href":"https:\/\/www.yongjianceramic.com\/de\/wp-json\/wp\/v2\/media?parent=5357"}],"wp:term":[{"taxonomy":"product_brand","embeddable":true,"href":"https:\/\/www.yongjianceramic.com\/de\/wp-json\/wp\/v2\/product_brand?post=5357"},{"taxonomy":"product_cat","embeddable":true,"href":"https:\/\/www.yongjianceramic.com\/de\/wp-json\/wp\/v2\/product_cat?post=5357"},{"taxonomy":"product_tag","embeddable":true,"href":"https:\/\/www.yongjianceramic.com\/de\/wp-json\/wp\/v2\/product_tag?post=5357"}],"curies":[{"name":"wp","href":"https:\/\/api.w.org\/{rel}","templated":true}]}}