{"id":5488,"date":"2026-04-21T17:15:05","date_gmt":"2026-04-21T08:01:06","guid":{"rendered":"https:\/\/www.yongjianceramic.com\/?post_type=product&#038;p=5488"},"modified":"2026-04-21T19:51:14","modified_gmt":"2026-04-21T11:51:14","slug":"custom-baking-pans","status":"publish","type":"product","link":"https:\/\/www.yongjianceramic.com\/de\/produkt\/custom-baking-pans\/","title":{"rendered":"Benutzerdefinierte Backformen, Gro\u00dfhandel keramische Backform Set"},"content":{"rendered":"<div class=\"wp-block-columns is-layout-flex wp-container-core-columns-is-layout-9d6595d7 wp-block-columns-is-layout-flex\">\n<div class=\"wp-block-column is-layout-flow wp-block-column-is-layout-flow\">\n<h2 class=\"wp-block-heading\">Premium Custom-Backformen Merkmale:<\/h2>\n\n\n\n<ul class=\"wp-block-list\">\n<li><strong>Vielseitiges 3-teiliges Backset:<\/strong> Unsere ma\u00dfgeschneiderten Backformen umfassen eine Brotbackform, eine 8\u00d78-Backform und eine \u00fcbergro\u00dfe 13\u00d79-Auflaufform, die sich perfekt zum Backen von Brot, Brownies, Lasagne und vielem mehr eignet. Ideal f\u00fcr den Einsatz in der privaten und gewerblichen K\u00fcche.<\/li>\n\n\n\n<li><strong>Hochwertiges, ofenfestes Keramikmaterial:<\/strong> Unsere kundenspezifischen Backformen sind aus hochgebrannter Keramik hergestellt. Dieses Gro\u00dfhandels-Keramik-Backformen-Set bietet eine hervorragende W\u00e4rmespeicherung und gleichm\u00e4\u00dfige Backergebnisse. Sicher f\u00fcr Backofen, Mikrowelle und Sp\u00fclmaschine geeignet.<\/li>\n\n\n\n<li><strong>Kundenspezifische OEM- und ODM-L\u00f6sungen: <\/strong>Dieses Gro\u00dfhandels-Keramik-Backformen-Set l\u00e4sst sich vollst\u00e4ndig individuell gestalten, einschlie\u00dflich Gr\u00f6\u00dfe, Farbe, Glasur (matt\/reaktiv), Logo und Verpackung. Perfekt f\u00fcr Marken, Gro\u00dfh\u00e4ndler und Eigenmarkenverk\u00e4ufer.<\/li>\n\n\n\n<li><strong>Langlebige und widerstandsf\u00e4hige Oberfl\u00e4che:<\/strong> Unsere ma\u00dfgefertigte Backform hat eine glatte, glasierte Oberfl\u00e4che, die resistent gegen Kratzer und Flecken ist. Das macht sie stark genug f\u00fcr h\u00e4ufigen Gebrauch, ohne dass sie verblasst, und gibt Ihnen eine Backform mit einem hochwertigen Aussehen f\u00fcr eine lange Zeit.<\/li>\n\n\n\n<li><strong>Gro\u00dfhandel Factory Direct Supply:<\/strong> Als professioneller Hersteller von keramischen Backformen bietet Ihnen Yongjian den besten Preis, eine gute Produktionskapazit\u00e4t und einen zuverl\u00e4ssigen globalen Versand f\u00fcr Ihre Gro\u00dfbestellung.<\/li>\n<\/ul>\n<\/div>\n\n\n\n<div class=\"wp-block-column is-layout-flow wp-block-column-is-layout-flow\">\n<figure class=\"wp-block-image size-full\"><img fetchpriority=\"high\" decoding=\"async\" width=\"1250\" height=\"1500\" src=\"https:\/\/www.yongjianceramic.com\/wp-content\/uploads\/2026\/04\/custom-baking-pans-wholesale-ceramic-baking-dish-set-5.webp\" alt=\"Custom-Backformen-Gro\u00dfhandel-Keramik-Backformen-Set-5\" class=\"wp-image-5493\" srcset=\"https:\/\/www.yongjianceramic.com\/wp-content\/uploads\/2026\/04\/custom-baking-pans-wholesale-ceramic-baking-dish-set-5.webp 1250w, https:\/\/www.yongjianceramic.com\/wp-content\/uploads\/2026\/04\/custom-baking-pans-wholesale-ceramic-baking-dish-set-5-250x300.webp 250w, https:\/\/www.yongjianceramic.com\/wp-content\/uploads\/2026\/04\/custom-baking-pans-wholesale-ceramic-baking-dish-set-5-768x922.webp 768w, https:\/\/www.yongjianceramic.com\/wp-content\/uploads\/2026\/04\/custom-baking-pans-wholesale-ceramic-baking-dish-set-5-10x12.webp 10w, https:\/\/www.yongjianceramic.com\/wp-content\/uploads\/2026\/04\/custom-baking-pans-wholesale-ceramic-baking-dish-set-5-285x342.webp 285w, https:\/\/www.yongjianceramic.com\/wp-content\/uploads\/2026\/04\/custom-baking-pans-wholesale-ceramic-baking-dish-set-5-550x660.webp 550w, https:\/\/www.yongjianceramic.com\/wp-content\/uploads\/2026\/04\/custom-baking-pans-wholesale-ceramic-baking-dish-set-5-125x150.webp 125w\" sizes=\"(max-width: 1250px) 100vw, 1250px\" \/><\/figure>\n<\/div>\n<\/div>\n\n\n\n<div class=\"wp-block-columns is-layout-flex wp-container-core-columns-is-layout-9d6595d7 wp-block-columns-is-layout-flex\">\n<div class=\"wp-block-column is-layout-flow wp-block-column-is-layout-flow\">\n<figure class=\"wp-block-image size-full is-style-default\"><img decoding=\"async\" width=\"800\" height=\"800\" src=\"https:\/\/www.yongjianceramic.com\/wp-content\/uploads\/2026\/04\/custom-baking-pans-wholesale-ceramic-baking-dish-set-1.webp\" alt=\"Custom-Backformen-Gro\u00dfhandel-Keramik-Backformen-Set-1\" class=\"wp-image-5489\" style=\"object-fit:cover\" srcset=\"https:\/\/www.yongjianceramic.com\/wp-content\/uploads\/2026\/04\/custom-baking-pans-wholesale-ceramic-baking-dish-set-1.webp 800w, https:\/\/www.yongjianceramic.com\/wp-content\/uploads\/2026\/04\/custom-baking-pans-wholesale-ceramic-baking-dish-set-1-300x300.webp 300w, https:\/\/www.yongjianceramic.com\/wp-content\/uploads\/2026\/04\/custom-baking-pans-wholesale-ceramic-baking-dish-set-1-150x150.webp 150w, https:\/\/www.yongjianceramic.com\/wp-content\/uploads\/2026\/04\/custom-baking-pans-wholesale-ceramic-baking-dish-set-1-768x768.webp 768w, https:\/\/www.yongjianceramic.com\/wp-content\/uploads\/2026\/04\/custom-baking-pans-wholesale-ceramic-baking-dish-set-1-12x12.webp 12w, https:\/\/www.yongjianceramic.com\/wp-content\/uploads\/2026\/04\/custom-baking-pans-wholesale-ceramic-baking-dish-set-1-285x285.webp 285w, https:\/\/www.yongjianceramic.com\/wp-content\/uploads\/2026\/04\/custom-baking-pans-wholesale-ceramic-baking-dish-set-1-270x270.webp 270w, https:\/\/www.yongjianceramic.com\/wp-content\/uploads\/2026\/04\/custom-baking-pans-wholesale-ceramic-baking-dish-set-1-540x540.webp 540w, https:\/\/www.yongjianceramic.com\/wp-content\/uploads\/2026\/04\/custom-baking-pans-wholesale-ceramic-baking-dish-set-1-660x660.webp 660w\" sizes=\"(max-width: 800px) 100vw, 800px\" \/><\/figure>\n<\/div>\n\n\n\n<div class=\"wp-block-column is-layout-flow wp-block-column-is-layout-flow\">\n<figure class=\"wp-block-image size-full is-style-default\"><img decoding=\"async\" width=\"800\" height=\"800\" src=\"https:\/\/www.yongjianceramic.com\/wp-content\/uploads\/2026\/04\/custom-baking-pans-wholesale-ceramic-baking-dish-set-2.webp\" alt=\"Custom-Backformen-Gro\u00dfhandel-Keramik-Backformen-Set-2\" class=\"wp-image-5490\" srcset=\"https:\/\/www.yongjianceramic.com\/wp-content\/uploads\/2026\/04\/custom-baking-pans-wholesale-ceramic-baking-dish-set-2.webp 800w, https:\/\/www.yongjianceramic.com\/wp-content\/uploads\/2026\/04\/custom-baking-pans-wholesale-ceramic-baking-dish-set-2-300x300.webp 300w, https:\/\/www.yongjianceramic.com\/wp-content\/uploads\/2026\/04\/custom-baking-pans-wholesale-ceramic-baking-dish-set-2-150x150.webp 150w, https:\/\/www.yongjianceramic.com\/wp-content\/uploads\/2026\/04\/custom-baking-pans-wholesale-ceramic-baking-dish-set-2-768x768.webp 768w, https:\/\/www.yongjianceramic.com\/wp-content\/uploads\/2026\/04\/custom-baking-pans-wholesale-ceramic-baking-dish-set-2-12x12.webp 12w, https:\/\/www.yongjianceramic.com\/wp-content\/uploads\/2026\/04\/custom-baking-pans-wholesale-ceramic-baking-dish-set-2-285x285.webp 285w, https:\/\/www.yongjianceramic.com\/wp-content\/uploads\/2026\/04\/custom-baking-pans-wholesale-ceramic-baking-dish-set-2-270x270.webp 270w, https:\/\/www.yongjianceramic.com\/wp-content\/uploads\/2026\/04\/custom-baking-pans-wholesale-ceramic-baking-dish-set-2-540x540.webp 540w, https:\/\/www.yongjianceramic.com\/wp-content\/uploads\/2026\/04\/custom-baking-pans-wholesale-ceramic-baking-dish-set-2-660x660.webp 660w\" sizes=\"(max-width: 800px) 100vw, 800px\" \/><\/figure>\n<\/div>\n\n\n\n<div class=\"wp-block-column is-layout-flow wp-block-column-is-layout-flow\">\n<figure class=\"wp-block-image size-full is-style-default\"><img loading=\"lazy\" decoding=\"async\" width=\"800\" height=\"800\" src=\"https:\/\/www.yongjianceramic.com\/wp-content\/uploads\/2026\/04\/custom-baking-pans-wholesale-ceramic-baking-dish-set-9.webp\" alt=\"Custom-Backformen-Gro\u00dfhandel-Keramik-Backformen-Set-9\" class=\"wp-image-5497\" srcset=\"https:\/\/www.yongjianceramic.com\/wp-content\/uploads\/2026\/04\/custom-baking-pans-wholesale-ceramic-baking-dish-set-9.webp 800w, https:\/\/www.yongjianceramic.com\/wp-content\/uploads\/2026\/04\/custom-baking-pans-wholesale-ceramic-baking-dish-set-9-300x300.webp 300w, https:\/\/www.yongjianceramic.com\/wp-content\/uploads\/2026\/04\/custom-baking-pans-wholesale-ceramic-baking-dish-set-9-150x150.webp 150w, https:\/\/www.yongjianceramic.com\/wp-content\/uploads\/2026\/04\/custom-baking-pans-wholesale-ceramic-baking-dish-set-9-768x768.webp 768w, https:\/\/www.yongjianceramic.com\/wp-content\/uploads\/2026\/04\/custom-baking-pans-wholesale-ceramic-baking-dish-set-9-12x12.webp 12w, https:\/\/www.yongjianceramic.com\/wp-content\/uploads\/2026\/04\/custom-baking-pans-wholesale-ceramic-baking-dish-set-9-285x285.webp 285w, https:\/\/www.yongjianceramic.com\/wp-content\/uploads\/2026\/04\/custom-baking-pans-wholesale-ceramic-baking-dish-set-9-270x270.webp 270w, https:\/\/www.yongjianceramic.com\/wp-content\/uploads\/2026\/04\/custom-baking-pans-wholesale-ceramic-baking-dish-set-9-540x540.webp 540w, https:\/\/www.yongjianceramic.com\/wp-content\/uploads\/2026\/04\/custom-baking-pans-wholesale-ceramic-baking-dish-set-9-660x660.webp 660w\" sizes=\"(max-width: 800px) 100vw, 800px\" \/><\/figure>\n<\/div>\n<\/div>","protected":false},"excerpt":{"rendered":"<p>Wir begr\u00fc\u00dfen Sie zum Kauf unserer ma\u00dfgeschneiderten Backformen, die aus hochwertiger, ofenfester Keramik hergestellt sind. Jedes Teil hat eine hervorragende W\u00e4rmespeicherung und Haltbarkeit f\u00fcr eine langfristige Nutzung. Sie sind backofen-, mikrowellen- und sp\u00fclmaschinenfest f\u00fcr den privaten und gewerblichen Gebrauch. Als zuverl\u00e4ssiger Hersteller bieten wir kundenspezifische OEM\/ODM-L\u00f6sungen f\u00fcr Gro\u00dfh\u00e4ndler, K\u00fcchenartikelmarken und E-Commerce-Verk\u00e4ufer, die ihre eigene Keramik-Backformen-Linie mit den besten Preisen und Lieferzeiten erstellen m\u00f6chten.<\/p>\n<table border=\"0\" width=\"309\" cellspacing=\"0\" cellpadding=\"0\">\n<tbody>\n<tr>\n<td width=\"120\" height=\"17\">Hersteller<\/td>\n<td width=\"189\">Yongjian<\/td>\n<\/tr>\n<tr>\n<td height=\"18\">Modell Nr.<\/td>\n<td width=\"189\">YJ1, YJ2, YJ3<\/td>\n<\/tr>\n<tr>\n<td height=\"17\">Produkttyp<\/td>\n<td>Backformen<\/td>\n<\/tr>\n<tr>\n<td height=\"17\">Material<\/td>\n<td>Porzellan<\/td>\n<\/tr>\n<tr>\n<td height=\"17\">Form<\/td>\n<td>Rechteckig<\/td>\n<\/tr>\n<tr>\n<td height=\"17\">Farbe<\/td>\n<td>Schwarz, Wei\u00df, Gr\u00fcn, kundenspezifische Farben verf\u00fcgbar<\/td>\n<\/tr>\n<tr>\n<td height=\"53\">Dimension<\/td>\n<td width=\"189\">19,8*12,4*6,1 cm<br \/>19,8*20,3*6,1 cm<br \/>36,6*26,7*7,1 cm<\/td>\n<\/tr>\n<tr>\n<td height=\"17\">MOQ<\/td>\n<td>500St\u00fcck<\/td>\n<\/tr>\n<tr>\n<td height=\"17\">Benutzerdefiniert<\/td>\n<td>Farbe\/Gr\u00f6\u00dfe\/Logo\/Verpackung<\/td>\n<\/tr>\n<\/tbody>\n<\/table>","protected":false},"featured_media":5492,"comment_status":"closed","ping_status":"closed","template":"","meta":{"_acf_changed":false},"product_brand":[],"product_cat":[62,99],"product_tag":[81],"class_list":{"0":"post-5488","1":"product","2":"type-product","3":"status-publish","4":"has-post-thumbnail","6":"product_cat-ceramic-plates-wholesale","7":"product_cat-baking-dishes-wholesale","8":"product_tag-modern-design-dinnerware-set-wholesale","10":"first","11":"instock","12":"shipping-taxable","13":"product-type-simple"},"acf":[],"_links":{"self":[{"href":"https:\/\/www.yongjianceramic.com\/de\/wp-json\/wp\/v2\/product\/5488","targetHints":{"allow":["GET"]}}],"collection":[{"href":"https:\/\/www.yongjianceramic.com\/de\/wp-json\/wp\/v2\/product"}],"about":[{"href":"https:\/\/www.yongjianceramic.com\/de\/wp-json\/wp\/v2\/types\/product"}],"replies":[{"embeddable":true,"href":"https:\/\/www.yongjianceramic.com\/de\/wp-json\/wp\/v2\/comments?post=5488"}],"wp:featuredmedia":[{"embeddable":true,"href":"https:\/\/www.yongjianceramic.com\/de\/wp-json\/wp\/v2\/media\/5492"}],"wp:attachment":[{"href":"https:\/\/www.yongjianceramic.com\/de\/wp-json\/wp\/v2\/media?parent=5488"}],"wp:term":[{"taxonomy":"product_brand","embeddable":true,"href":"https:\/\/www.yongjianceramic.com\/de\/wp-json\/wp\/v2\/product_brand?post=5488"},{"taxonomy":"product_cat","embeddable":true,"href":"https:\/\/www.yongjianceramic.com\/de\/wp-json\/wp\/v2\/product_cat?post=5488"},{"taxonomy":"product_tag","embeddable":true,"href":"https:\/\/www.yongjianceramic.com\/de\/wp-json\/wp\/v2\/product_tag?post=5488"}],"curies":[{"name":"wp","href":"https:\/\/api.w.org\/{rel}","templated":true}]}}