{"id":5501,"date":"2026-04-21T18:13:00","date_gmt":"2026-04-21T09:27:20","guid":{"rendered":"https:\/\/www.yongjianceramic.com\/?post_type=product&#038;p=5501"},"modified":"2026-04-21T18:14:02","modified_gmt":"2026-04-21T10:14:02","slug":"ceramic-ramekins-wholesale","status":"publish","type":"product","link":"https:\/\/www.yongjianceramic.com\/de\/produkt\/ceramic-ramekins-wholesale\/","title":{"rendered":"3,6-Zoll-Keramik-Ramekins Gro\u00dfhandel, Backofen sicher Souffle Cups Versorgung"},"content":{"rendered":"<div class=\"wp-block-columns is-layout-flex wp-container-core-columns-is-layout-9d6595d7 wp-block-columns-is-layout-flex\">\n<div class=\"wp-block-column is-layout-flow wp-block-column-is-layout-flow\">\n<h2 class=\"wp-block-heading\">Premium-Keramik-Ramekins Gro\u00dfhandel Merkmale:<\/h2>\n\n\n\n<ul class=\"wp-block-list\">\n<li><strong>Kunsthandwerkliches Mattes Design: <\/strong>Diese Keramikschalen aus dem Gro\u00dfhandel haben eine einzigartige matt-wei\u00dfe Glasur mit nat\u00fcrlichen schwarzen Sprenkeln und einen warmen tonigen Rand, der eine handwerkliche \u00c4sthetik vermittelt. Perfekt f\u00fcr nordische, moderne und rustikale Restaurant- oder Einzelhandelsgeschirrlinien.<\/li>\n\n\n\n<li><strong>Backofenfeste Keramik:<\/strong> Diese aus hochgebrannter Keramik gefertigten Auflaufformen halten im Gro\u00dfhandel extremen Temperaturschwankungen stand. Sie eignen sich zum Backen im Ofen, zum Erhitzen in der Mikrowelle und zum Aufbewahren im Gefrierschrank - ideal f\u00fcr Aufl\u00e4ufe, Desserts und Beilagen.<\/li>\n\n\n\n<li><strong>Stapelbares Design:<\/strong> Unsere Auflaufformen f\u00fcr den Gro\u00dfhandel sind mit einem glatten, stabilen Boden ausgestattet, der das Stapeln erleichtert. Sie helfen Restaurants, Catering-Unternehmen und Gro\u00dfh\u00e4ndlern dabei, Lagerplatz zu sparen und gleichzeitig gro\u00dfe Best\u00e4nde effizient zu verwalten.<\/li>\n\n\n\n<li><strong>Bleifrei und lebensmittelecht f\u00fcr globale M\u00e4rkte:<\/strong> Diese keramischen Auflauff\u00f6rmchen sind im Gro\u00dfhandel 100% blei- und cadmiumfrei und entsprechen den internationalen Lebensmittelsicherheitsstandards. Sicher f\u00fcr den t\u00e4glichen Gebrauch und geeignet f\u00fcr den Export nach Europa, in die USA und andere regulierte M\u00e4rkte.<\/li>\n\n\n\n<li><strong>Fabrik direkt Gro\u00dfhandel mit Customization Support:<\/strong> Professioneller Hersteller von Keramikgeschirr mit wettbewerbsf\u00e4higen Fabrikpreisen. Unterst\u00fctzt OEM\/ODM-Dienstleistungen, einschlie\u00dflich Logodruck, individuelle Glasurfarben und Verpackungsl\u00f6sungen f\u00fcr Markeninhaber und H\u00e4ndler.<\/li>\n<\/ul>\n<\/div>\n\n\n\n<div class=\"wp-block-column is-layout-flow wp-block-column-is-layout-flow\">\n<figure class=\"wp-block-image size-full\"><img fetchpriority=\"high\" decoding=\"async\" width=\"1250\" height=\"1500\" src=\"https:\/\/www.yongjianceramic.com\/wp-content\/uploads\/2026\/04\/ceramic-ramekins-wholesale-oven-safe-souffle-cups-supply-6.webp\" alt=\"keramische-ramekins-gro\u00dfhandel-ofen-sicher-souffle-cups-supply-6\" class=\"wp-image-5507\" srcset=\"https:\/\/www.yongjianceramic.com\/wp-content\/uploads\/2026\/04\/ceramic-ramekins-wholesale-oven-safe-souffle-cups-supply-6.webp 1250w, https:\/\/www.yongjianceramic.com\/wp-content\/uploads\/2026\/04\/ceramic-ramekins-wholesale-oven-safe-souffle-cups-supply-6-250x300.webp 250w, https:\/\/www.yongjianceramic.com\/wp-content\/uploads\/2026\/04\/ceramic-ramekins-wholesale-oven-safe-souffle-cups-supply-6-768x922.webp 768w, https:\/\/www.yongjianceramic.com\/wp-content\/uploads\/2026\/04\/ceramic-ramekins-wholesale-oven-safe-souffle-cups-supply-6-10x12.webp 10w, https:\/\/www.yongjianceramic.com\/wp-content\/uploads\/2026\/04\/ceramic-ramekins-wholesale-oven-safe-souffle-cups-supply-6-285x342.webp 285w, https:\/\/www.yongjianceramic.com\/wp-content\/uploads\/2026\/04\/ceramic-ramekins-wholesale-oven-safe-souffle-cups-supply-6-550x660.webp 550w, https:\/\/www.yongjianceramic.com\/wp-content\/uploads\/2026\/04\/ceramic-ramekins-wholesale-oven-safe-souffle-cups-supply-6-125x150.webp 125w\" sizes=\"(max-width: 1250px) 100vw, 1250px\" \/><\/figure>\n<\/div>\n<\/div>","protected":false},"excerpt":{"rendered":"<p>Willkommen zum Kauf unserer hochwertigen Keramik-Auflaufformen Gro\u00dfhandel Versorgung f\u00fcr Restaurants, Einzelh\u00e4ndler und Markeninhaber. Diese ofenfesten 3,6-Zoll-Auflaufformen bestehen aus langlebiger, hochgebrannter Keramik, einem stapelbaren Design und einer einzigartigen, handwerklichen, matten Oberfl\u00e4che. Die direkte Preisgestaltung ab Werk mit flexibler OEM-Anpassung gew\u00e4hrleistet eine zuverl\u00e4ssige Lieferung in gro\u00dfen Mengen und eine starke Markendifferenzierung.<\/p>\n<table border=\"0\" width=\"346\" cellspacing=\"0\" cellpadding=\"0\">\n<tbody>\n<tr>\n<td width=\"120\" height=\"17\">Hersteller<\/td>\n<td width=\"225\">Yongjian<\/td>\n<\/tr>\n<tr>\n<td height=\"18\">Modell Nr.<\/td>\n<td width=\"225\">YJ4<\/td>\n<\/tr>\n<tr>\n<td height=\"17\">Produkttyp<\/td>\n<td>Backformen<\/td>\n<\/tr>\n<tr>\n<td height=\"17\">Material<\/td>\n<td>Porzellan<\/td>\n<\/tr>\n<tr>\n<td height=\"17\">Form<\/td>\n<td>Rund<\/td>\n<\/tr>\n<tr>\n<td height=\"17\">Farbe<\/td>\n<td>Wei\u00df, kundenspezifische Farben verf\u00fcgbar<\/td>\n<\/tr>\n<tr>\n<td height=\"18\">Dimension<\/td>\n<td width=\"225\">9,1*9,1*5,6 cm<\/td>\n<\/tr>\n<tr>\n<td height=\"17\">MOQ<\/td>\n<td>500St\u00fcck<\/td>\n<\/tr>\n<tr>\n<td height=\"17\">Benutzerdefiniert<\/td>\n<td>Farbe\/Gr\u00f6\u00dfe\/Logo\/Verpackung<\/td>\n<\/tr>\n<tr>\n<td height=\"17\">Paket<\/td>\n<td>Gro\u00dfpackung\/ Schaumstoffkarton\/ Brauner Karton<\/td>\n<\/tr>\n<\/tbody>\n<\/table>","protected":false},"featured_media":5502,"comment_status":"closed","ping_status":"closed","template":"","meta":{"_acf_changed":false},"product_brand":[],"product_cat":[62,99],"product_tag":[81],"class_list":{"0":"post-5501","1":"product","2":"type-product","3":"status-publish","4":"has-post-thumbnail","6":"product_cat-ceramic-plates-wholesale","7":"product_cat-baking-dishes-wholesale","8":"product_tag-modern-design-dinnerware-set-wholesale","10":"first","11":"instock","12":"shipping-taxable","13":"product-type-simple"},"acf":[],"_links":{"self":[{"href":"https:\/\/www.yongjianceramic.com\/de\/wp-json\/wp\/v2\/product\/5501","targetHints":{"allow":["GET"]}}],"collection":[{"href":"https:\/\/www.yongjianceramic.com\/de\/wp-json\/wp\/v2\/product"}],"about":[{"href":"https:\/\/www.yongjianceramic.com\/de\/wp-json\/wp\/v2\/types\/product"}],"replies":[{"embeddable":true,"href":"https:\/\/www.yongjianceramic.com\/de\/wp-json\/wp\/v2\/comments?post=5501"}],"wp:featuredmedia":[{"embeddable":true,"href":"https:\/\/www.yongjianceramic.com\/de\/wp-json\/wp\/v2\/media\/5502"}],"wp:attachment":[{"href":"https:\/\/www.yongjianceramic.com\/de\/wp-json\/wp\/v2\/media?parent=5501"}],"wp:term":[{"taxonomy":"product_brand","embeddable":true,"href":"https:\/\/www.yongjianceramic.com\/de\/wp-json\/wp\/v2\/product_brand?post=5501"},{"taxonomy":"product_cat","embeddable":true,"href":"https:\/\/www.yongjianceramic.com\/de\/wp-json\/wp\/v2\/product_cat?post=5501"},{"taxonomy":"product_tag","embeddable":true,"href":"https:\/\/www.yongjianceramic.com\/de\/wp-json\/wp\/v2\/product_tag?post=5501"}],"curies":[{"name":"wp","href":"https:\/\/api.w.org\/{rel}","templated":true}]}}