{"id":5512,"date":"2026-04-22T09:23:50","date_gmt":"2026-04-22T01:23:50","guid":{"rendered":"https:\/\/www.yongjianceramic.com\/?post_type=product&#038;p=5512"},"modified":"2026-04-22T10:56:57","modified_gmt":"2026-04-22T02:56:57","slug":"wholesale-ceramic-baking-dish-set","status":"publish","type":"product","link":"https:\/\/www.yongjianceramic.com\/de\/produkt\/wholesale-ceramic-baking-dish-set\/","title":{"rendered":"Gro\u00dfhandel keramische Backform Set, kommerzielle Backformen Bulk"},"content":{"rendered":"<div class=\"wp-block-columns is-layout-flex wp-container-core-columns-is-layout-9d6595d7 wp-block-columns-is-layout-flex\">\n<div class=\"wp-block-column is-layout-flow wp-block-column-is-layout-flow\">\n<h2 class=\"wp-block-heading\">Premium-Gro\u00dfhandel Keramik-Backform Set Eigenschaften:<\/h2>\n\n\n\n<ul class=\"wp-block-list\">\n<li><strong>Platzsparendes Nesting-Design:<\/strong> Dieses Gro\u00dfhandels-Keramik-Backformen-Set verf\u00fcgt \u00fcber ein intelligentes Nesting-Design mit drei perfekt aufeinander abgestimmten Gr\u00f6\u00dfen. Es reduziert den Lagerplatz f\u00fcr den Endverbraucher und minimiert gleichzeitig das Versandvolumen und das Bruchrisiko - ideal f\u00fcr Gro\u00dfabnehmer und eCommerce-Verk\u00e4ufer.<\/li>\n\n\n\n<li><strong>Vielseitige Gr\u00f6\u00dfen f\u00fcr Gewerbe und Einzelhandel:<\/strong> Dieses Gro\u00dfhandels-Keramik-Backformen-Set wurde f\u00fcr verschiedene Kochbed\u00fcrfnisse entwickelt und umfasst gro\u00dfe, mittlere und kleine Formen. Es eignet sich perfekt zum Braten, Backen und Servieren und erf\u00fcllt sowohl die Anforderungen der Gastronomie als auch des Einzelhandels.<\/li>\n\n\n\n<li><strong>Hervorragende W\u00e4rmespeicherung f\u00fcr gleichm\u00e4\u00dfige Backergebnisse: <\/strong>Diese kommerziellen Backformen aus dicker, hochwertiger Keramik sorgen f\u00fcr eine gleichm\u00e4\u00dfige W\u00e4rmeverteilung, verhindern Anbrennen und verbessern die Kochleistung. H\u00e4lt Speisen nach dem Servieren l\u00e4nger warm - perfekt f\u00fcr den Einsatz in der Gastronomie.<\/li>\n\n\n\n<li><strong>Dauerhafte Glasur f\u00fcr langfristige Verwendung: <\/strong>Die kommerziellen Backformen sind mit einer hochdichten, kratzfesten Glasur beschichtet. Sie ist antihaftbeschichtet, leicht zu reinigen und beh\u00e4lt ihre leuchtende Farbe auch bei h\u00e4ufigem Gebrauch in der Sp\u00fclmaschine.<\/li>\n\n\n\n<li><strong>OEM-freundliche Lieferung in gro\u00dfen Mengen mit sicherer Verpackung:<\/strong> Wir bieten die MOQ f\u00fcr Gro\u00dfhandel Keramik Backform Set auf Ihre Anfrage. Wir sind in der Lage, f\u00fcr den ganzen Satz oder durch einzelne Gr\u00f6\u00dfe in der Menge zu produzieren. Die benutzerdefinierte Schutzverpackung entspricht den eCommerce-Standards zur Verringerung der Sch\u00e4den beim Transport.<\/li>\n<\/ul>\n<\/div>\n\n\n\n<div class=\"wp-block-column is-layout-flow wp-block-column-is-layout-flow\">\n<figure class=\"wp-block-image size-full\"><img fetchpriority=\"high\" decoding=\"async\" width=\"1000\" height=\"1037\" src=\"https:\/\/www.yongjianceramic.com\/wp-content\/uploads\/2026\/04\/wholesale-ceramic-baking-dish-set-commercial-baking-pans-bulk-5.webp\" alt=\"gro\u00dfhandel-keramik-backformen-set-gewerbliche-backformen- bulk-5\" class=\"wp-image-5520\" srcset=\"https:\/\/www.yongjianceramic.com\/wp-content\/uploads\/2026\/04\/wholesale-ceramic-baking-dish-set-commercial-baking-pans-bulk-5.webp 1000w, https:\/\/www.yongjianceramic.com\/wp-content\/uploads\/2026\/04\/wholesale-ceramic-baking-dish-set-commercial-baking-pans-bulk-5-289x300.webp 289w, https:\/\/www.yongjianceramic.com\/wp-content\/uploads\/2026\/04\/wholesale-ceramic-baking-dish-set-commercial-baking-pans-bulk-5-768x796.webp 768w, https:\/\/www.yongjianceramic.com\/wp-content\/uploads\/2026\/04\/wholesale-ceramic-baking-dish-set-commercial-baking-pans-bulk-5-12x12.webp 12w, https:\/\/www.yongjianceramic.com\/wp-content\/uploads\/2026\/04\/wholesale-ceramic-baking-dish-set-commercial-baking-pans-bulk-5-285x296.webp 285w, https:\/\/www.yongjianceramic.com\/wp-content\/uploads\/2026\/04\/wholesale-ceramic-baking-dish-set-commercial-baking-pans-bulk-5-636x660.webp 636w, https:\/\/www.yongjianceramic.com\/wp-content\/uploads\/2026\/04\/wholesale-ceramic-baking-dish-set-commercial-baking-pans-bulk-5-145x150.webp 145w\" sizes=\"(max-width: 1000px) 100vw, 1000px\" \/><\/figure>\n<\/div>\n<\/div>\n\n\n\n<div class=\"wp-block-columns is-layout-flex wp-container-core-columns-is-layout-9d6595d7 wp-block-columns-is-layout-flex\">\n<div class=\"wp-block-column is-layout-flow wp-block-column-is-layout-flow\">\n<figure class=\"wp-block-image size-full is-style-default\"><img decoding=\"async\" width=\"800\" height=\"800\" src=\"https:\/\/www.yongjianceramic.com\/wp-content\/uploads\/2026\/04\/wholesale-ceramic-baking-dish-set-commercial-baking-pans-1.webp\" alt=\"Gro\u00dfhandel-Keramik-Backformen-Set-gewerbliche-Backformen-1\" class=\"wp-image-5513\" style=\"object-fit:cover\" srcset=\"https:\/\/www.yongjianceramic.com\/wp-content\/uploads\/2026\/04\/wholesale-ceramic-baking-dish-set-commercial-baking-pans-1.webp 800w, https:\/\/www.yongjianceramic.com\/wp-content\/uploads\/2026\/04\/wholesale-ceramic-baking-dish-set-commercial-baking-pans-1-300x300.webp 300w, https:\/\/www.yongjianceramic.com\/wp-content\/uploads\/2026\/04\/wholesale-ceramic-baking-dish-set-commercial-baking-pans-1-150x150.webp 150w, https:\/\/www.yongjianceramic.com\/wp-content\/uploads\/2026\/04\/wholesale-ceramic-baking-dish-set-commercial-baking-pans-1-768x768.webp 768w, https:\/\/www.yongjianceramic.com\/wp-content\/uploads\/2026\/04\/wholesale-ceramic-baking-dish-set-commercial-baking-pans-1-12x12.webp 12w, https:\/\/www.yongjianceramic.com\/wp-content\/uploads\/2026\/04\/wholesale-ceramic-baking-dish-set-commercial-baking-pans-1-285x285.webp 285w, https:\/\/www.yongjianceramic.com\/wp-content\/uploads\/2026\/04\/wholesale-ceramic-baking-dish-set-commercial-baking-pans-1-270x270.webp 270w, https:\/\/www.yongjianceramic.com\/wp-content\/uploads\/2026\/04\/wholesale-ceramic-baking-dish-set-commercial-baking-pans-1-540x540.webp 540w, https:\/\/www.yongjianceramic.com\/wp-content\/uploads\/2026\/04\/wholesale-ceramic-baking-dish-set-commercial-baking-pans-1-660x660.webp 660w\" sizes=\"(max-width: 800px) 100vw, 800px\" \/><\/figure>\n<\/div>\n\n\n\n<div class=\"wp-block-column is-layout-flow wp-block-column-is-layout-flow\">\n<figure class=\"wp-block-image size-full is-style-default\"><img decoding=\"async\" width=\"800\" height=\"800\" src=\"https:\/\/www.yongjianceramic.com\/wp-content\/uploads\/2026\/04\/wholesale-ceramic-baking-dish-set-commercial-baking-pans-2.webp\" alt=\"gro\u00dfhandel-keramik-backformen-set-gewerbliche-backformen-2\" class=\"wp-image-5514\" srcset=\"https:\/\/www.yongjianceramic.com\/wp-content\/uploads\/2026\/04\/wholesale-ceramic-baking-dish-set-commercial-baking-pans-2.webp 800w, https:\/\/www.yongjianceramic.com\/wp-content\/uploads\/2026\/04\/wholesale-ceramic-baking-dish-set-commercial-baking-pans-2-300x300.webp 300w, https:\/\/www.yongjianceramic.com\/wp-content\/uploads\/2026\/04\/wholesale-ceramic-baking-dish-set-commercial-baking-pans-2-150x150.webp 150w, https:\/\/www.yongjianceramic.com\/wp-content\/uploads\/2026\/04\/wholesale-ceramic-baking-dish-set-commercial-baking-pans-2-768x768.webp 768w, https:\/\/www.yongjianceramic.com\/wp-content\/uploads\/2026\/04\/wholesale-ceramic-baking-dish-set-commercial-baking-pans-2-12x12.webp 12w, https:\/\/www.yongjianceramic.com\/wp-content\/uploads\/2026\/04\/wholesale-ceramic-baking-dish-set-commercial-baking-pans-2-285x285.webp 285w, https:\/\/www.yongjianceramic.com\/wp-content\/uploads\/2026\/04\/wholesale-ceramic-baking-dish-set-commercial-baking-pans-2-270x270.webp 270w, https:\/\/www.yongjianceramic.com\/wp-content\/uploads\/2026\/04\/wholesale-ceramic-baking-dish-set-commercial-baking-pans-2-540x540.webp 540w, https:\/\/www.yongjianceramic.com\/wp-content\/uploads\/2026\/04\/wholesale-ceramic-baking-dish-set-commercial-baking-pans-2-660x660.webp 660w\" sizes=\"(max-width: 800px) 100vw, 800px\" \/><\/figure>\n<\/div>\n\n\n\n<div class=\"wp-block-column is-layout-flow wp-block-column-is-layout-flow\">\n<figure class=\"wp-block-image size-full is-style-default\"><img loading=\"lazy\" decoding=\"async\" width=\"800\" height=\"800\" src=\"https:\/\/www.yongjianceramic.com\/wp-content\/uploads\/2026\/04\/wholesale-ceramic-baking-dish-set-commercial-baking-pans-3.webp\" alt=\"gro\u00dfhandel-keramik-backformen-set-gewerbliche-backformen-3\" class=\"wp-image-5515\" srcset=\"https:\/\/www.yongjianceramic.com\/wp-content\/uploads\/2026\/04\/wholesale-ceramic-baking-dish-set-commercial-baking-pans-3.webp 800w, https:\/\/www.yongjianceramic.com\/wp-content\/uploads\/2026\/04\/wholesale-ceramic-baking-dish-set-commercial-baking-pans-3-300x300.webp 300w, https:\/\/www.yongjianceramic.com\/wp-content\/uploads\/2026\/04\/wholesale-ceramic-baking-dish-set-commercial-baking-pans-3-150x150.webp 150w, https:\/\/www.yongjianceramic.com\/wp-content\/uploads\/2026\/04\/wholesale-ceramic-baking-dish-set-commercial-baking-pans-3-768x768.webp 768w, https:\/\/www.yongjianceramic.com\/wp-content\/uploads\/2026\/04\/wholesale-ceramic-baking-dish-set-commercial-baking-pans-3-12x12.webp 12w, https:\/\/www.yongjianceramic.com\/wp-content\/uploads\/2026\/04\/wholesale-ceramic-baking-dish-set-commercial-baking-pans-3-285x285.webp 285w, https:\/\/www.yongjianceramic.com\/wp-content\/uploads\/2026\/04\/wholesale-ceramic-baking-dish-set-commercial-baking-pans-3-270x270.webp 270w, https:\/\/www.yongjianceramic.com\/wp-content\/uploads\/2026\/04\/wholesale-ceramic-baking-dish-set-commercial-baking-pans-3-540x540.webp 540w, https:\/\/www.yongjianceramic.com\/wp-content\/uploads\/2026\/04\/wholesale-ceramic-baking-dish-set-commercial-baking-pans-3-660x660.webp 660w\" sizes=\"(max-width: 800px) 100vw, 800px\" \/><\/figure>\n<\/div>\n<\/div>","protected":false},"excerpt":{"rendered":"<p>Willkommen zum Kauf unseres Gro\u00dfhandels-Keramik-Backformen-Sets, das f\u00fcr B2B-K\u00e4ufer entwickelt wurde, die haltbare, platzsparende und vielseitige Backformen suchen. Mit seinem verschachtelbaren Design, der hervorragenden W\u00e4rmespeicherung und der handels\u00fcblichen Glasur ist es ideal f\u00fcr den Gro\u00dfhandel, Einzelhandel und E-Commerce-Vertrieb. Mit flexiblen Gro\u00dfeinkaufsoptionen und einer sicheren Exportverpackung ist dieses Keramik-Backformen-Set perfekt f\u00fcr das Wachstum Ihres K\u00fcchengeschirrgesch\u00e4fts.<\/p>\n<table border=\"0\" width=\"346\" cellspacing=\"0\" cellpadding=\"0\">\n<tbody>\n<tr>\n<td width=\"120\" height=\"17\">Hersteller<\/td>\n<td width=\"225\">Yongjian<\/td>\n<\/tr>\n<tr>\n<td height=\"18\">Modell Nr.<\/td>\n<td width=\"225\">YJ5\uff0cYJ6, YJ7<\/td>\n<\/tr>\n<tr>\n<td height=\"17\">Produkttyp<\/td>\n<td>Backformen<\/td>\n<\/tr>\n<tr>\n<td height=\"17\">Material<\/td>\n<td>Porzellan<\/td>\n<\/tr>\n<tr>\n<td height=\"17\">Form<\/td>\n<td>Rechteckig<\/td>\n<\/tr>\n<tr>\n<td height=\"17\">Farbe<\/td>\n<td>Rot und Wei\u00df, kundenspezifische Farben verf\u00fcgbar<\/td>\n<\/tr>\n<tr>\n<td height=\"53\">Dimension<\/td>\n<td width=\"225\">17,8*11,4*5,1 cm<br \/>17,8*17,8*5,1 cm<br \/>34,3*23,9*6,9 cm<\/td>\n<\/tr>\n<tr>\n<td height=\"17\">MOQ<\/td>\n<td>500St\u00fcck<\/td>\n<\/tr>\n<tr>\n<td height=\"17\">Benutzerdefiniert<\/td>\n<td>Farbe\/Gr\u00f6\u00dfe\/Logo\/Verpackung<\/td>\n<\/tr>\n<tr>\n<td height=\"17\">Paket<\/td>\n<td>Gro\u00dfpackung\/ Schaumstoffkarton\/ Brauner Karton<\/td>\n<\/tr>\n<\/tbody>\n<\/table>","protected":false},"featured_media":5518,"comment_status":"closed","ping_status":"closed","template":"","meta":{"_acf_changed":false},"product_brand":[],"product_cat":[62,99],"product_tag":[81],"class_list":{"0":"post-5512","1":"product","2":"type-product","3":"status-publish","4":"has-post-thumbnail","6":"product_cat-ceramic-plates-wholesale","7":"product_cat-baking-dishes-wholesale","8":"product_tag-modern-design-dinnerware-set-wholesale","10":"first","11":"instock","12":"shipping-taxable","13":"product-type-simple"},"acf":[],"_links":{"self":[{"href":"https:\/\/www.yongjianceramic.com\/de\/wp-json\/wp\/v2\/product\/5512","targetHints":{"allow":["GET"]}}],"collection":[{"href":"https:\/\/www.yongjianceramic.com\/de\/wp-json\/wp\/v2\/product"}],"about":[{"href":"https:\/\/www.yongjianceramic.com\/de\/wp-json\/wp\/v2\/types\/product"}],"replies":[{"embeddable":true,"href":"https:\/\/www.yongjianceramic.com\/de\/wp-json\/wp\/v2\/comments?post=5512"}],"wp:featuredmedia":[{"embeddable":true,"href":"https:\/\/www.yongjianceramic.com\/de\/wp-json\/wp\/v2\/media\/5518"}],"wp:attachment":[{"href":"https:\/\/www.yongjianceramic.com\/de\/wp-json\/wp\/v2\/media?parent=5512"}],"wp:term":[{"taxonomy":"product_brand","embeddable":true,"href":"https:\/\/www.yongjianceramic.com\/de\/wp-json\/wp\/v2\/product_brand?post=5512"},{"taxonomy":"product_cat","embeddable":true,"href":"https:\/\/www.yongjianceramic.com\/de\/wp-json\/wp\/v2\/product_cat?post=5512"},{"taxonomy":"product_tag","embeddable":true,"href":"https:\/\/www.yongjianceramic.com\/de\/wp-json\/wp\/v2\/product_tag?post=5512"}],"curies":[{"name":"wp","href":"https:\/\/api.w.org\/{rel}","templated":true}]}}