{"id":5523,"date":"2026-04-22T14:48:46","date_gmt":"2026-04-22T06:48:46","guid":{"rendered":"https:\/\/www.yongjianceramic.com\/?post_type=product&#038;p=5523"},"modified":"2026-04-22T16:14:04","modified_gmt":"2026-04-22T08:14:04","slug":"wholesale-ceramic-bakeware-set","status":"publish","type":"product","link":"https:\/\/www.yongjianceramic.com\/de\/produkt\/wholesale-ceramic-bakeware-set\/","title":{"rendered":"Gro\u00dfhandel Keramik Backformen Set, Verschachtelung Backformen Bulk"},"content":{"rendered":"<div class=\"wp-block-columns is-layout-flex wp-container-core-columns-is-layout-9d6595d7 wp-block-columns-is-layout-flex\">\n<div class=\"wp-block-column is-layout-flow wp-block-column-is-layout-flow\">\n<h2 class=\"wp-block-heading\">Premium-Gro\u00dfhandel Keramik-Backformen Set Eigenschaften:<\/h2>\n\n\n\n<ul class=\"wp-block-list\">\n<li><strong>Ergonomischer Griff:<\/strong> Unser Gro\u00dfhandels-Keramik-Backformen-Set verf\u00fcgt \u00fcber breite, einteilige Griffe, die auch mit schweren Ofenhandschuhen sicher in der Hand liegen und einen sicheren, einfachen Transport vom Ofen zum Tisch erm\u00f6glichen.<\/li>\n\n\n\n<li><strong>Leicht zu reinigende Antihaft-Glasur: <\/strong>Diese Gro\u00dfhandels-Backformen sind mit einer dichten, hochwertigen Glasur beschichtet, die der Aufnahme von Lebensmittelger\u00fcchen und Fett widersteht. Ob von Hand gewaschen oder sp\u00fclmaschinenfest, sie bleiben makellos.<\/li>\n\n\n\n<li><strong>Flexibel bestellen:<\/strong> Als direkter Hersteller von Keramikgeschirr unterst\u00fctzen wir Komplettbestellungen oder Teilbestellungen auf der Grundlage der Marktnachfrage, so dass unsere Kunden die Reaktion des Marktes flexibel testen k\u00f6nnen.<\/li>\n\n\n\n<li><strong>OEM\/ODM-Anpassung f\u00fcr Markenk\u00e4ufer: <\/strong>Unser Gro\u00dfhandels-Keramik-Backformen-Set unterst\u00fctzt die Anpassung von Gr\u00f6\u00dfe, Farbe, Logo und Verpackung, um die vielf\u00e4ltigen Bed\u00fcrfnisse von grenz\u00fcberschreitenden E-Commerce-Unternehmen, Markeninhabern und Gro\u00dfh\u00e4ndlern zu erf\u00fcllen und ihnen beim Aufbau unabh\u00e4ngiger Markenproduktlinien zu helfen.<\/li>\n<\/ul>\n<\/div>\n\n\n\n<div class=\"wp-block-column is-layout-flow wp-block-column-is-layout-flow\">\n<figure class=\"wp-block-image size-full\"><img fetchpriority=\"high\" decoding=\"async\" width=\"1500\" height=\"1500\" src=\"https:\/\/www.yongjianceramic.com\/wp-content\/uploads\/2026\/04\/wholesale-ceramic-bakeware-set-nesting-baking-dishes-bulk-6.webp\" alt=\"gro\u00dfhandel-keramik-backformen-set-nesting-backformen- bulk-6\" class=\"wp-image-5532\" srcset=\"https:\/\/www.yongjianceramic.com\/wp-content\/uploads\/2026\/04\/wholesale-ceramic-bakeware-set-nesting-baking-dishes-bulk-6.webp 1500w, https:\/\/www.yongjianceramic.com\/wp-content\/uploads\/2026\/04\/wholesale-ceramic-bakeware-set-nesting-baking-dishes-bulk-6-300x300.webp 300w, https:\/\/www.yongjianceramic.com\/wp-content\/uploads\/2026\/04\/wholesale-ceramic-bakeware-set-nesting-baking-dishes-bulk-6-150x150.webp 150w, https:\/\/www.yongjianceramic.com\/wp-content\/uploads\/2026\/04\/wholesale-ceramic-bakeware-set-nesting-baking-dishes-bulk-6-768x768.webp 768w, https:\/\/www.yongjianceramic.com\/wp-content\/uploads\/2026\/04\/wholesale-ceramic-bakeware-set-nesting-baking-dishes-bulk-6-12x12.webp 12w, https:\/\/www.yongjianceramic.com\/wp-content\/uploads\/2026\/04\/wholesale-ceramic-bakeware-set-nesting-baking-dishes-bulk-6-285x285.webp 285w, https:\/\/www.yongjianceramic.com\/wp-content\/uploads\/2026\/04\/wholesale-ceramic-bakeware-set-nesting-baking-dishes-bulk-6-270x270.webp 270w, https:\/\/www.yongjianceramic.com\/wp-content\/uploads\/2026\/04\/wholesale-ceramic-bakeware-set-nesting-baking-dishes-bulk-6-540x540.webp 540w, https:\/\/www.yongjianceramic.com\/wp-content\/uploads\/2026\/04\/wholesale-ceramic-bakeware-set-nesting-baking-dishes-bulk-6-660x660.webp 660w\" sizes=\"(max-width: 1500px) 100vw, 1500px\" \/><\/figure>\n<\/div>\n<\/div>\n\n\n\n<div class=\"wp-block-columns is-layout-flex wp-container-core-columns-is-layout-9d6595d7 wp-block-columns-is-layout-flex\">\n<div class=\"wp-block-column is-layout-flow wp-block-column-is-layout-flow\">\n<figure class=\"wp-block-image size-full is-style-default\"><img decoding=\"async\" width=\"800\" height=\"800\" src=\"https:\/\/www.yongjianceramic.com\/wp-content\/uploads\/2026\/04\/two-tone-wholesale-ceramic-bakeware-set-nesting-baking-dishes-with-handles-1.webp\" alt=\"zweifarbiges-Gro\u00dfhandel-Keramik-Backformen-Set-Backformen mit Griffen-1\" class=\"wp-image-5524\" style=\"object-fit:cover\" srcset=\"https:\/\/www.yongjianceramic.com\/wp-content\/uploads\/2026\/04\/two-tone-wholesale-ceramic-bakeware-set-nesting-baking-dishes-with-handles-1.webp 800w, https:\/\/www.yongjianceramic.com\/wp-content\/uploads\/2026\/04\/two-tone-wholesale-ceramic-bakeware-set-nesting-baking-dishes-with-handles-1-300x300.webp 300w, https:\/\/www.yongjianceramic.com\/wp-content\/uploads\/2026\/04\/two-tone-wholesale-ceramic-bakeware-set-nesting-baking-dishes-with-handles-1-150x150.webp 150w, https:\/\/www.yongjianceramic.com\/wp-content\/uploads\/2026\/04\/two-tone-wholesale-ceramic-bakeware-set-nesting-baking-dishes-with-handles-1-768x768.webp 768w, https:\/\/www.yongjianceramic.com\/wp-content\/uploads\/2026\/04\/two-tone-wholesale-ceramic-bakeware-set-nesting-baking-dishes-with-handles-1-12x12.webp 12w, https:\/\/www.yongjianceramic.com\/wp-content\/uploads\/2026\/04\/two-tone-wholesale-ceramic-bakeware-set-nesting-baking-dishes-with-handles-1-285x285.webp 285w, https:\/\/www.yongjianceramic.com\/wp-content\/uploads\/2026\/04\/two-tone-wholesale-ceramic-bakeware-set-nesting-baking-dishes-with-handles-1-270x270.webp 270w, https:\/\/www.yongjianceramic.com\/wp-content\/uploads\/2026\/04\/two-tone-wholesale-ceramic-bakeware-set-nesting-baking-dishes-with-handles-1-540x540.webp 540w, https:\/\/www.yongjianceramic.com\/wp-content\/uploads\/2026\/04\/two-tone-wholesale-ceramic-bakeware-set-nesting-baking-dishes-with-handles-1-660x660.webp 660w\" sizes=\"(max-width: 800px) 100vw, 800px\" \/><\/figure>\n<\/div>\n\n\n\n<div class=\"wp-block-column is-layout-flow wp-block-column-is-layout-flow\">\n<figure class=\"wp-block-image size-full is-style-default\"><img decoding=\"async\" width=\"800\" height=\"800\" src=\"https:\/\/www.yongjianceramic.com\/wp-content\/uploads\/2026\/04\/two-tone-wholesale-ceramic-bakeware-set-nesting-baking-dishes-with-handles-2.webp\" alt=\"Zweifarbiges-Gro\u00dfhandel-Keramik-Backgeschirr-Set-Backformen-mit-Griff-2\" class=\"wp-image-5525\" srcset=\"https:\/\/www.yongjianceramic.com\/wp-content\/uploads\/2026\/04\/two-tone-wholesale-ceramic-bakeware-set-nesting-baking-dishes-with-handles-2.webp 800w, https:\/\/www.yongjianceramic.com\/wp-content\/uploads\/2026\/04\/two-tone-wholesale-ceramic-bakeware-set-nesting-baking-dishes-with-handles-2-300x300.webp 300w, https:\/\/www.yongjianceramic.com\/wp-content\/uploads\/2026\/04\/two-tone-wholesale-ceramic-bakeware-set-nesting-baking-dishes-with-handles-2-150x150.webp 150w, https:\/\/www.yongjianceramic.com\/wp-content\/uploads\/2026\/04\/two-tone-wholesale-ceramic-bakeware-set-nesting-baking-dishes-with-handles-2-768x768.webp 768w, https:\/\/www.yongjianceramic.com\/wp-content\/uploads\/2026\/04\/two-tone-wholesale-ceramic-bakeware-set-nesting-baking-dishes-with-handles-2-12x12.webp 12w, https:\/\/www.yongjianceramic.com\/wp-content\/uploads\/2026\/04\/two-tone-wholesale-ceramic-bakeware-set-nesting-baking-dishes-with-handles-2-285x285.webp 285w, https:\/\/www.yongjianceramic.com\/wp-content\/uploads\/2026\/04\/two-tone-wholesale-ceramic-bakeware-set-nesting-baking-dishes-with-handles-2-270x270.webp 270w, https:\/\/www.yongjianceramic.com\/wp-content\/uploads\/2026\/04\/two-tone-wholesale-ceramic-bakeware-set-nesting-baking-dishes-with-handles-2-540x540.webp 540w, https:\/\/www.yongjianceramic.com\/wp-content\/uploads\/2026\/04\/two-tone-wholesale-ceramic-bakeware-set-nesting-baking-dishes-with-handles-2-660x660.webp 660w\" sizes=\"(max-width: 800px) 100vw, 800px\" \/><\/figure>\n<\/div>\n\n\n\n<div class=\"wp-block-column is-layout-flow wp-block-column-is-layout-flow\">\n<figure class=\"wp-block-image size-full is-style-default\"><img loading=\"lazy\" decoding=\"async\" width=\"800\" height=\"800\" src=\"https:\/\/www.yongjianceramic.com\/wp-content\/uploads\/2026\/04\/two-tone-wholesale-ceramic-bakeware-set-nesting-baking-dishes-with-handles-3.webp\" alt=\"Zweifarbiges-Gro\u00dfhandel-Keramik-Backgeschirr-Set-Backformen-mit-Griff-3\" class=\"wp-image-5526\" srcset=\"https:\/\/www.yongjianceramic.com\/wp-content\/uploads\/2026\/04\/two-tone-wholesale-ceramic-bakeware-set-nesting-baking-dishes-with-handles-3.webp 800w, https:\/\/www.yongjianceramic.com\/wp-content\/uploads\/2026\/04\/two-tone-wholesale-ceramic-bakeware-set-nesting-baking-dishes-with-handles-3-300x300.webp 300w, https:\/\/www.yongjianceramic.com\/wp-content\/uploads\/2026\/04\/two-tone-wholesale-ceramic-bakeware-set-nesting-baking-dishes-with-handles-3-150x150.webp 150w, https:\/\/www.yongjianceramic.com\/wp-content\/uploads\/2026\/04\/two-tone-wholesale-ceramic-bakeware-set-nesting-baking-dishes-with-handles-3-768x768.webp 768w, https:\/\/www.yongjianceramic.com\/wp-content\/uploads\/2026\/04\/two-tone-wholesale-ceramic-bakeware-set-nesting-baking-dishes-with-handles-3-12x12.webp 12w, https:\/\/www.yongjianceramic.com\/wp-content\/uploads\/2026\/04\/two-tone-wholesale-ceramic-bakeware-set-nesting-baking-dishes-with-handles-3-285x285.webp 285w, https:\/\/www.yongjianceramic.com\/wp-content\/uploads\/2026\/04\/two-tone-wholesale-ceramic-bakeware-set-nesting-baking-dishes-with-handles-3-270x270.webp 270w, https:\/\/www.yongjianceramic.com\/wp-content\/uploads\/2026\/04\/two-tone-wholesale-ceramic-bakeware-set-nesting-baking-dishes-with-handles-3-540x540.webp 540w, https:\/\/www.yongjianceramic.com\/wp-content\/uploads\/2026\/04\/two-tone-wholesale-ceramic-bakeware-set-nesting-baking-dishes-with-handles-3-660x660.webp 660w\" sizes=\"(max-width: 800px) 100vw, 800px\" \/><\/figure>\n<\/div>\n<\/div>","protected":false},"excerpt":{"rendered":"<p>Willkommen zum Kauf unseres zweifarbigen Gro\u00dfhandels-Keramik-Backgeschirr-Sets mit verschachteltem Design und leicht zu greifenden Griffen, ideal f\u00fcr Gro\u00dfabnehmer und K\u00fcchenartikelmarken. Hergestellt aus haltbarem Steinzeug, das eine gleichm\u00e4\u00dfige W\u00e4rmeverteilung gew\u00e4hrleistet, ist dieses stapelbare Backformenset auch platzsparend in der K\u00fcche und hilft, gleichm\u00e4\u00dfige Backergebnisse zu erzielen. OEM\/ODM-Anpassung f\u00fcr Gro\u00dfhandels- und Eigenmarkenprojekte m\u00f6glich.<\/p>\n<table border=\"0\" width=\"346\" cellspacing=\"0\" cellpadding=\"0\">\n<tbody>\n<tr>\n<td width=\"120\" height=\"17\">Hersteller<\/td>\n<td width=\"225\">Yongjian<\/td>\n<\/tr>\n<tr>\n<td height=\"18\">Modell Nr.<\/td>\n<td width=\"225\">YJ8\uff0cYJ9, YJ10<\/td>\n<\/tr>\n<tr>\n<td height=\"17\">Produkttyp<\/td>\n<td>Backformen<\/td>\n<\/tr>\n<tr>\n<td height=\"17\">Material<\/td>\n<td>Porzellan<\/td>\n<\/tr>\n<tr>\n<td height=\"17\">Form<\/td>\n<td>Rechteckig<\/td>\n<\/tr>\n<tr>\n<td height=\"17\">Farbe<\/td>\n<td>Dunkelblau und Wei\u00df, kundenspezifische Farben verf\u00fcgbar<\/td>\n<\/tr>\n<tr>\n<td height=\"53\">Dimension<\/td>\n<td width=\"225\">17,8*11,4*5,1 cm<br \/>17,8*17,8*5,1 cm<br \/>34,3*23,9*6,9 cm<\/td>\n<\/tr>\n<tr>\n<td height=\"17\">MOQ<\/td>\n<td>500St\u00fcck<\/td>\n<\/tr>\n<tr>\n<td height=\"17\">Benutzerdefiniert<\/td>\n<td>Farbe\/Gr\u00f6\u00dfe\/Logo\/Verpackung<\/td>\n<\/tr>\n<tr>\n<td height=\"17\">Paket<\/td>\n<td>Gro\u00dfpackung\/ Schaumstoffkarton\/ Brauner Karton<\/td>\n<\/tr>\n<\/tbody>\n<\/table>","protected":false},"featured_media":5530,"comment_status":"closed","ping_status":"closed","template":"","meta":{"_acf_changed":false},"product_brand":[],"product_cat":[62,99],"product_tag":[81],"class_list":{"0":"post-5523","1":"product","2":"type-product","3":"status-publish","4":"has-post-thumbnail","6":"product_cat-ceramic-plates-wholesale","7":"product_cat-baking-dishes-wholesale","8":"product_tag-modern-design-dinnerware-set-wholesale","10":"first","11":"instock","12":"shipping-taxable","13":"product-type-simple"},"acf":[],"_links":{"self":[{"href":"https:\/\/www.yongjianceramic.com\/de\/wp-json\/wp\/v2\/product\/5523","targetHints":{"allow":["GET"]}}],"collection":[{"href":"https:\/\/www.yongjianceramic.com\/de\/wp-json\/wp\/v2\/product"}],"about":[{"href":"https:\/\/www.yongjianceramic.com\/de\/wp-json\/wp\/v2\/types\/product"}],"replies":[{"embeddable":true,"href":"https:\/\/www.yongjianceramic.com\/de\/wp-json\/wp\/v2\/comments?post=5523"}],"wp:featuredmedia":[{"embeddable":true,"href":"https:\/\/www.yongjianceramic.com\/de\/wp-json\/wp\/v2\/media\/5530"}],"wp:attachment":[{"href":"https:\/\/www.yongjianceramic.com\/de\/wp-json\/wp\/v2\/media?parent=5523"}],"wp:term":[{"taxonomy":"product_brand","embeddable":true,"href":"https:\/\/www.yongjianceramic.com\/de\/wp-json\/wp\/v2\/product_brand?post=5523"},{"taxonomy":"product_cat","embeddable":true,"href":"https:\/\/www.yongjianceramic.com\/de\/wp-json\/wp\/v2\/product_cat?post=5523"},{"taxonomy":"product_tag","embeddable":true,"href":"https:\/\/www.yongjianceramic.com\/de\/wp-json\/wp\/v2\/product_tag?post=5523"}],"curies":[{"name":"wp","href":"https:\/\/api.w.org\/{rel}","templated":true}]}}