{"id":5533,"date":"2026-04-22T16:25:46","date_gmt":"2026-04-22T08:25:46","guid":{"rendered":"https:\/\/www.yongjianceramic.com\/?post_type=product&#038;p=5533"},"modified":"2026-04-22T18:09:39","modified_gmt":"2026-04-22T10:09:39","slug":"wholesale-baking-dishes","status":"publish","type":"product","link":"https:\/\/www.yongjianceramic.com\/de\/produkt\/wholesale-baking-dishes\/","title":{"rendered":"5,5-Zoll-Gro\u00dfhandel Backformen, keramische Tart Pan f\u00fcr Restaurants"},"content":{"rendered":"<div class=\"wp-block-columns is-layout-flex wp-container-core-columns-is-layout-9d6595d7 wp-block-columns-is-layout-flex\">\n<div class=\"wp-block-column is-layout-flow wp-block-column-is-layout-flow\">\n<h2 class=\"wp-block-heading\">Premium Gro\u00dfhandel Backformen Merkmale:<\/h2>\n\n\n\n<ul class=\"wp-block-list\">\n<li><strong>Elegante geriffelte Kante: <\/strong>Das klassische geriffelte Randdesign erh\u00f6ht die visuelle Attraktivit\u00e4t von Gro\u00dfhandels-Backformen und hilft B\u00e4ckereien und Restaurants, sch\u00f6n geformte Torten und Kuchen mit gleichbleibenden, professionellen Ergebnissen herzustellen.<\/li>\n\n\n\n<li><strong>Platzsparendes, schlankes Felgendesign: <\/strong>Diese Gro\u00dfhandels-Backformen verf\u00fcgen \u00fcber eine grifflose, glatte Randstruktur, die ein kompaktes Stapeln und eine effiziente Lagerung erm\u00f6glicht - ideal f\u00fcr Gro\u00dfk\u00fcchen mit begrenztem Platzangebot.<\/li>\n\n\n\n<li><strong>Modernes mattes Finish f\u00fcr Premium-Look: <\/strong>Die von Morandi inspirierte matte Glasur unserer individuellen Keramik-Tortenform verbessert die Pr\u00e4sentation von Speisen und entspricht den modernen Trends in der Gastronomie und den sozialen Medien, wodurch die Gerichte f\u00fcr die Kunden attraktiver werden.<\/li>\n\n\n\n<li><strong>Langlebiges und hitzebest\u00e4ndiges Keramikmaterial:<\/strong> Diese Gro\u00dfhandels-Backformen aus hochwertiger Keramik bieten eine hervorragende thermische Stabilit\u00e4t, die auch bei wiederholten Back- und Gefrierzyklen keine Risse entstehen l\u00e4sst - perfekt f\u00fcr den h\u00e4ufigen Gebrauch in der Gastronomie.<\/li>\n\n\n\n<li><strong>OEM-Anpassung und Produktionskapazit\u00e4t:<\/strong> Als professionelles Keramikunternehmen k\u00f6nnen wir einen flexiblen OEM\/ODM-Service, kundenspezifische Farben, Gr\u00f6\u00dfen und Verpackungen sowie eine starke Massenproduktion und schnelle Lieferung anbieten.<\/li>\n<\/ul>\n<\/div>\n\n\n\n<div class=\"wp-block-column is-layout-flow wp-block-column-is-layout-flow\">\n<figure class=\"wp-block-image size-full\"><img fetchpriority=\"high\" decoding=\"async\" width=\"1286\" height=\"1500\" src=\"https:\/\/www.yongjianceramic.com\/wp-content\/uploads\/2026\/04\/wholesale-baking-dishes-custom-ceramic-tart-pan-4.webp\" alt=\"Gro\u00dfhandel-Backformen-individuelle-Keramik-Kuchenform-4\" class=\"wp-image-5537\" srcset=\"https:\/\/www.yongjianceramic.com\/wp-content\/uploads\/2026\/04\/wholesale-baking-dishes-custom-ceramic-tart-pan-4.webp 1286w, https:\/\/www.yongjianceramic.com\/wp-content\/uploads\/2026\/04\/wholesale-baking-dishes-custom-ceramic-tart-pan-4-257x300.webp 257w, https:\/\/www.yongjianceramic.com\/wp-content\/uploads\/2026\/04\/wholesale-baking-dishes-custom-ceramic-tart-pan-4-768x896.webp 768w, https:\/\/www.yongjianceramic.com\/wp-content\/uploads\/2026\/04\/wholesale-baking-dishes-custom-ceramic-tart-pan-4-10x12.webp 10w, https:\/\/www.yongjianceramic.com\/wp-content\/uploads\/2026\/04\/wholesale-baking-dishes-custom-ceramic-tart-pan-4-285x332.webp 285w, https:\/\/www.yongjianceramic.com\/wp-content\/uploads\/2026\/04\/wholesale-baking-dishes-custom-ceramic-tart-pan-4-566x660.webp 566w, https:\/\/www.yongjianceramic.com\/wp-content\/uploads\/2026\/04\/wholesale-baking-dishes-custom-ceramic-tart-pan-4-129x150.webp 129w\" sizes=\"(max-width: 1286px) 100vw, 1286px\" \/><\/figure>\n<\/div>\n<\/div>","protected":false},"excerpt":{"rendered":"<p>Willkommen zum Kauf dieser 5,5-Zoll-Gro\u00dfhandels-Backformen, die f\u00fcr Restaurants, B\u00e4ckereien und Foodservice-Marken auf der Suche nach kommerziellen, stilvollen Keramik-Backformen konzipiert sind. Ofen-zu-Tisch-Mini-Keramik-Backformen mit leicht zu reinigen glasierte Oberfl\u00e4che, die ideal f\u00fcr den Gro\u00dfeinkauf mit voller OEM \/ ODM-Anpassung ist, perfekt f\u00fcr Hotels, Catering und Einzelhandel Marken, die f\u00fcr hochwertige Keramik-Backformen L\u00f6sungen suchen.<\/p>\n<table border=\"0\" width=\"346\" cellspacing=\"0\" cellpadding=\"0\">\n<tbody>\n<tr>\n<td width=\"120\" height=\"17\">Hersteller<\/td>\n<td width=\"225\">Yongjian<\/td>\n<\/tr>\n<tr>\n<td height=\"18\">Modell Nr.<\/td>\n<td width=\"225\">YJ11<\/td>\n<\/tr>\n<tr>\n<td height=\"17\">Produkttyp<\/td>\n<td>Backformen<\/td>\n<\/tr>\n<tr>\n<td height=\"17\">Material<\/td>\n<td>Porzellan<\/td>\n<\/tr>\n<tr>\n<td height=\"17\">Form<\/td>\n<td>Rund<\/td>\n<\/tr>\n<tr>\n<td height=\"17\">Farbe<\/td>\n<td>Blau und Wei\u00df, kundenspezifische Farben verf\u00fcgbar<\/td>\n<\/tr>\n<tr>\n<td height=\"18\">Dimension<\/td>\n<td width=\"225\">17*17*4,6 cm<\/td>\n<\/tr>\n<tr>\n<td height=\"17\">MOQ<\/td>\n<td>500St\u00fcck<\/td>\n<\/tr>\n<tr>\n<td height=\"17\">Benutzerdefiniert<\/td>\n<td>Farbe\/Gr\u00f6\u00dfe\/Logo\/Verpackung<\/td>\n<\/tr>\n<tr>\n<td height=\"17\">Paket<\/td>\n<td>Gro\u00dfpackung\/ Schaumstoffkarton\/ Brauner Karton<\/td>\n<\/tr>\n<\/tbody>\n<\/table>","protected":false},"featured_media":5534,"comment_status":"closed","ping_status":"closed","template":"","meta":{"_acf_changed":false},"product_brand":[],"product_cat":[62,99],"product_tag":[81],"class_list":{"0":"post-5533","1":"product","2":"type-product","3":"status-publish","4":"has-post-thumbnail","6":"product_cat-ceramic-plates-wholesale","7":"product_cat-baking-dishes-wholesale","8":"product_tag-modern-design-dinnerware-set-wholesale","10":"first","11":"instock","12":"shipping-taxable","13":"product-type-simple"},"acf":[],"_links":{"self":[{"href":"https:\/\/www.yongjianceramic.com\/de\/wp-json\/wp\/v2\/product\/5533","targetHints":{"allow":["GET"]}}],"collection":[{"href":"https:\/\/www.yongjianceramic.com\/de\/wp-json\/wp\/v2\/product"}],"about":[{"href":"https:\/\/www.yongjianceramic.com\/de\/wp-json\/wp\/v2\/types\/product"}],"replies":[{"embeddable":true,"href":"https:\/\/www.yongjianceramic.com\/de\/wp-json\/wp\/v2\/comments?post=5533"}],"wp:featuredmedia":[{"embeddable":true,"href":"https:\/\/www.yongjianceramic.com\/de\/wp-json\/wp\/v2\/media\/5534"}],"wp:attachment":[{"href":"https:\/\/www.yongjianceramic.com\/de\/wp-json\/wp\/v2\/media?parent=5533"}],"wp:term":[{"taxonomy":"product_brand","embeddable":true,"href":"https:\/\/www.yongjianceramic.com\/de\/wp-json\/wp\/v2\/product_brand?post=5533"},{"taxonomy":"product_cat","embeddable":true,"href":"https:\/\/www.yongjianceramic.com\/de\/wp-json\/wp\/v2\/product_cat?post=5533"},{"taxonomy":"product_tag","embeddable":true,"href":"https:\/\/www.yongjianceramic.com\/de\/wp-json\/wp\/v2\/product_tag?post=5533"}],"curies":[{"name":"wp","href":"https:\/\/api.w.org\/{rel}","templated":true}]}}