{"id":5557,"date":"2026-05-07T14:17:16","date_gmt":"2026-05-07T06:17:16","guid":{"rendered":"https:\/\/www.yongjianceramic.com\/?post_type=product&#038;p=5557"},"modified":"2026-05-07T16:18:06","modified_gmt":"2026-05-07T08:18:06","slug":"wholesale-ceramic-baking-pan-set","status":"publish","type":"product","link":"https:\/\/www.yongjianceramic.com\/de\/produkt\/wholesale-ceramic-baking-pan-set\/","title":{"rendered":"Gro\u00dfhandel Keramik Backen Pan Set, Matte Backformen Versorgung"},"content":{"rendered":"<div class=\"wp-block-columns is-layout-flex wp-container-core-columns-is-layout-9d6595d7 wp-block-columns-is-layout-flex\">\n<div class=\"wp-block-column is-layout-flow wp-block-column-is-layout-flow\">\n<h2 class=\"wp-block-heading\">Premium-Gro\u00dfhandel Keramik-Backform Set Eigenschaften:<\/h2>\n\n\n\n<ul class=\"wp-block-list\">\n<li><strong>Morandi Matte Glaze:<\/strong> Das Gro\u00dfhandels-Keramik-Backformen-Set zeichnet sich durch eine matte Glasur mit geringer S\u00e4ttigung aus, die f\u00fcr eine glatte Textur und ein elegantes Aussehen sorgt, was sie f\u00fcr den Einzelhandel, das Gastgewerbe und Haushaltswarenmarken \u00e4u\u00dferst attraktiv macht.<\/li>\n\n\n\n<li><strong>Platzsparendes Nesting-Design: <\/strong>Das 3-teilige Backformenset aus Keramik ist stapelbar und erm\u00f6glicht so eine effiziente Lagerung und Verpackung sowie eine effizientere Beladung der Beh\u00e4lter.<\/li>\n\n\n\n<li><strong>Handels\u00fcbliche Qualit\u00e4t:<\/strong> Dieses Gro\u00dfhandels-Keramik-Backformen-Set aus dicker, hochgebrannter Keramik sorgt f\u00fcr eine gleichm\u00e4\u00dfige W\u00e4rmeverteilung, h\u00e4lt Speisen l\u00e4nger warm und ist damit ideal f\u00fcr Restaurants, Catering-Services und Gro\u00dfk\u00fcchen.<\/li>\n\n\n\n<li><strong>Integrierte Anti-Rutsch-Griffe: <\/strong>Das Gro\u00dfhandels-Keramik-Backformen-Set hat ergonomische, integrierte Griffe, die f\u00fcr Langlebigkeit verst\u00e4rkt sind und einen sicheren Halt bieten. Dieses praktische Merkmal verbessert die Sicherheit und den Komfort in der professionellen K\u00fcche.<\/li>\n\n\n\n<li><strong>Individuelle Anpassung und flexibles Gro\u00dfhandelsangebot: <\/strong>Als direkter Keramikhersteller unterst\u00fctzt Yongjian flexible MOQ-Optionen und Gro\u00dfhandelsbestellungen. Diese 3-teiligen kundenspezifischen Keramik-Backformen-Sets sind ideal f\u00fcr Marken, die neue Markttrends mit geringerem Lagerdruck und schnellerer Produkteinf\u00fchrung testen m\u00f6chten.<\/li>\n<\/ul>\n<\/div>\n\n\n\n<div class=\"wp-block-column is-layout-flow wp-block-column-is-layout-flow\">\n<figure class=\"wp-block-image size-full\"><img fetchpriority=\"high\" decoding=\"async\" width=\"1000\" height=\"1000\" src=\"https:\/\/www.yongjianceramic.com\/wp-content\/uploads\/2026\/05\/wholesale-ceramic-baking-pan-set-matte-baking-dishes-supply-7.webp\" alt=\"Gro\u00dfhandel-Keramik-Backformen-Set-Matte-Backformen-Lieferungen-7\" class=\"wp-image-5564\" srcset=\"https:\/\/www.yongjianceramic.com\/wp-content\/uploads\/2026\/05\/wholesale-ceramic-baking-pan-set-matte-baking-dishes-supply-7.webp 1000w, https:\/\/www.yongjianceramic.com\/wp-content\/uploads\/2026\/05\/wholesale-ceramic-baking-pan-set-matte-baking-dishes-supply-7-300x300.webp 300w, https:\/\/www.yongjianceramic.com\/wp-content\/uploads\/2026\/05\/wholesale-ceramic-baking-pan-set-matte-baking-dishes-supply-7-150x150.webp 150w, https:\/\/www.yongjianceramic.com\/wp-content\/uploads\/2026\/05\/wholesale-ceramic-baking-pan-set-matte-baking-dishes-supply-7-768x768.webp 768w, https:\/\/www.yongjianceramic.com\/wp-content\/uploads\/2026\/05\/wholesale-ceramic-baking-pan-set-matte-baking-dishes-supply-7-12x12.webp 12w, https:\/\/www.yongjianceramic.com\/wp-content\/uploads\/2026\/05\/wholesale-ceramic-baking-pan-set-matte-baking-dishes-supply-7-285x285.webp 285w, https:\/\/www.yongjianceramic.com\/wp-content\/uploads\/2026\/05\/wholesale-ceramic-baking-pan-set-matte-baking-dishes-supply-7-270x270.webp 270w, https:\/\/www.yongjianceramic.com\/wp-content\/uploads\/2026\/05\/wholesale-ceramic-baking-pan-set-matte-baking-dishes-supply-7-540x540.webp 540w, https:\/\/www.yongjianceramic.com\/wp-content\/uploads\/2026\/05\/wholesale-ceramic-baking-pan-set-matte-baking-dishes-supply-7-660x660.webp 660w\" sizes=\"(max-width: 1000px) 100vw, 1000px\" \/><\/figure>\n<\/div>\n<\/div>\n\n\n\n<div class=\"wp-block-columns is-layout-flex wp-container-core-columns-is-layout-9d6595d7 wp-block-columns-is-layout-flex\">\n<div class=\"wp-block-column is-layout-flow wp-block-column-is-layout-flow\">\n<figure class=\"wp-block-image size-full is-style-default\"><img decoding=\"async\" width=\"800\" height=\"800\" src=\"https:\/\/www.yongjianceramic.com\/wp-content\/uploads\/2026\/05\/wholesale-ceramic-baking-pan-set-matte-baking-dishes-supply-1.webp\" alt=\"Gro\u00dfhandel-Keramik-Backformen-Set-Matte-Backformen-Vorrat-1\" class=\"wp-image-5558\" style=\"object-fit:cover\" srcset=\"https:\/\/www.yongjianceramic.com\/wp-content\/uploads\/2026\/05\/wholesale-ceramic-baking-pan-set-matte-baking-dishes-supply-1.webp 800w, https:\/\/www.yongjianceramic.com\/wp-content\/uploads\/2026\/05\/wholesale-ceramic-baking-pan-set-matte-baking-dishes-supply-1-300x300.webp 300w, https:\/\/www.yongjianceramic.com\/wp-content\/uploads\/2026\/05\/wholesale-ceramic-baking-pan-set-matte-baking-dishes-supply-1-150x150.webp 150w, https:\/\/www.yongjianceramic.com\/wp-content\/uploads\/2026\/05\/wholesale-ceramic-baking-pan-set-matte-baking-dishes-supply-1-768x768.webp 768w, https:\/\/www.yongjianceramic.com\/wp-content\/uploads\/2026\/05\/wholesale-ceramic-baking-pan-set-matte-baking-dishes-supply-1-12x12.webp 12w, https:\/\/www.yongjianceramic.com\/wp-content\/uploads\/2026\/05\/wholesale-ceramic-baking-pan-set-matte-baking-dishes-supply-1-285x285.webp 285w, https:\/\/www.yongjianceramic.com\/wp-content\/uploads\/2026\/05\/wholesale-ceramic-baking-pan-set-matte-baking-dishes-supply-1-270x270.webp 270w, https:\/\/www.yongjianceramic.com\/wp-content\/uploads\/2026\/05\/wholesale-ceramic-baking-pan-set-matte-baking-dishes-supply-1-540x540.webp 540w, https:\/\/www.yongjianceramic.com\/wp-content\/uploads\/2026\/05\/wholesale-ceramic-baking-pan-set-matte-baking-dishes-supply-1-660x660.webp 660w\" sizes=\"(max-width: 800px) 100vw, 800px\" \/><\/figure>\n<\/div>\n\n\n\n<div class=\"wp-block-column is-layout-flow wp-block-column-is-layout-flow\">\n<figure class=\"wp-block-image size-full is-style-default\"><img decoding=\"async\" width=\"800\" height=\"800\" src=\"https:\/\/www.yongjianceramic.com\/wp-content\/uploads\/2026\/05\/wholesale-ceramic-baking-pan-set-matte-baking-dishes-supply-2.webp\" alt=\"Gro\u00dfhandel-Keramik-Backformen-Set-Matte-Backformen-Versorgung-2\" class=\"wp-image-5559\" srcset=\"https:\/\/www.yongjianceramic.com\/wp-content\/uploads\/2026\/05\/wholesale-ceramic-baking-pan-set-matte-baking-dishes-supply-2.webp 800w, https:\/\/www.yongjianceramic.com\/wp-content\/uploads\/2026\/05\/wholesale-ceramic-baking-pan-set-matte-baking-dishes-supply-2-300x300.webp 300w, https:\/\/www.yongjianceramic.com\/wp-content\/uploads\/2026\/05\/wholesale-ceramic-baking-pan-set-matte-baking-dishes-supply-2-150x150.webp 150w, https:\/\/www.yongjianceramic.com\/wp-content\/uploads\/2026\/05\/wholesale-ceramic-baking-pan-set-matte-baking-dishes-supply-2-768x768.webp 768w, https:\/\/www.yongjianceramic.com\/wp-content\/uploads\/2026\/05\/wholesale-ceramic-baking-pan-set-matte-baking-dishes-supply-2-12x12.webp 12w, https:\/\/www.yongjianceramic.com\/wp-content\/uploads\/2026\/05\/wholesale-ceramic-baking-pan-set-matte-baking-dishes-supply-2-285x285.webp 285w, https:\/\/www.yongjianceramic.com\/wp-content\/uploads\/2026\/05\/wholesale-ceramic-baking-pan-set-matte-baking-dishes-supply-2-270x270.webp 270w, https:\/\/www.yongjianceramic.com\/wp-content\/uploads\/2026\/05\/wholesale-ceramic-baking-pan-set-matte-baking-dishes-supply-2-540x540.webp 540w, https:\/\/www.yongjianceramic.com\/wp-content\/uploads\/2026\/05\/wholesale-ceramic-baking-pan-set-matte-baking-dishes-supply-2-660x660.webp 660w\" sizes=\"(max-width: 800px) 100vw, 800px\" \/><\/figure>\n<\/div>\n\n\n\n<div class=\"wp-block-column is-layout-flow wp-block-column-is-layout-flow\">\n<figure class=\"wp-block-image size-full is-style-default\"><img loading=\"lazy\" decoding=\"async\" width=\"800\" height=\"800\" src=\"https:\/\/www.yongjianceramic.com\/wp-content\/uploads\/2026\/05\/wholesale-ceramic-baking-pan-set-matte-baking-dishes-supply-3.webp\" alt=\"Gro\u00dfhandel-Keramik-Backformen-Satz-Matte-Backformen-Lieferungen-3\" class=\"wp-image-5560\" srcset=\"https:\/\/www.yongjianceramic.com\/wp-content\/uploads\/2026\/05\/wholesale-ceramic-baking-pan-set-matte-baking-dishes-supply-3.webp 800w, https:\/\/www.yongjianceramic.com\/wp-content\/uploads\/2026\/05\/wholesale-ceramic-baking-pan-set-matte-baking-dishes-supply-3-300x300.webp 300w, https:\/\/www.yongjianceramic.com\/wp-content\/uploads\/2026\/05\/wholesale-ceramic-baking-pan-set-matte-baking-dishes-supply-3-150x150.webp 150w, https:\/\/www.yongjianceramic.com\/wp-content\/uploads\/2026\/05\/wholesale-ceramic-baking-pan-set-matte-baking-dishes-supply-3-768x768.webp 768w, https:\/\/www.yongjianceramic.com\/wp-content\/uploads\/2026\/05\/wholesale-ceramic-baking-pan-set-matte-baking-dishes-supply-3-12x12.webp 12w, https:\/\/www.yongjianceramic.com\/wp-content\/uploads\/2026\/05\/wholesale-ceramic-baking-pan-set-matte-baking-dishes-supply-3-285x285.webp 285w, https:\/\/www.yongjianceramic.com\/wp-content\/uploads\/2026\/05\/wholesale-ceramic-baking-pan-set-matte-baking-dishes-supply-3-270x270.webp 270w, https:\/\/www.yongjianceramic.com\/wp-content\/uploads\/2026\/05\/wholesale-ceramic-baking-pan-set-matte-baking-dishes-supply-3-540x540.webp 540w, https:\/\/www.yongjianceramic.com\/wp-content\/uploads\/2026\/05\/wholesale-ceramic-baking-pan-set-matte-baking-dishes-supply-3-660x660.webp 660w\" sizes=\"(max-width: 800px) 100vw, 800px\" \/><\/figure>\n<\/div>\n<\/div>","protected":false},"excerpt":{"rendered":"<p>Willkommen zum Kauf unseres Gro\u00dfhandels-Keramik-Backformen-Sets mit moderner matter Glasur, stapelbarer Verschachtelung und kommerzieller Keramikkonstruktion. Diese rechteckigen Backformen wurden f\u00fcr den Einsatz im Ofen entwickelt und verbinden elegante \u00c4sthetik mit dauerhafter Leistung f\u00fcr Restaurants, Einzelh\u00e4ndler, Catering-Unternehmen und Haushaltswarenmarken.<\/p>\n<table border=\"0\" width=\"346\" cellspacing=\"0\" cellpadding=\"0\">\n<tbody>\n<tr>\n<td width=\"120\" height=\"17\">Hersteller<\/td>\n<td width=\"225\">Yongjian<\/td>\n<\/tr>\n<tr>\n<td height=\"18\">Modell Nr.<\/td>\n<td width=\"225\">YJ12\uff0cYJ13, YJ14<\/td>\n<\/tr>\n<tr>\n<td height=\"17\">Produkttyp<\/td>\n<td>Backformen<\/td>\n<\/tr>\n<tr>\n<td height=\"17\">Material<\/td>\n<td>Porzellan<\/td>\n<\/tr>\n<tr>\n<td height=\"17\">Form<\/td>\n<td>Rechteckig<\/td>\n<\/tr>\n<tr>\n<td height=\"17\">Farbe<\/td>\n<td>Dunkelblau, kundenspezifische Farben verf\u00fcgbar<\/td>\n<\/tr>\n<tr>\n<td height=\"53\">Dimension<\/td>\n<td width=\"225\">20.3*15.2*6.4cm<br \/>29.2*19.1*6.9cm<br \/>35.1*22.9*7.6cm<\/td>\n<\/tr>\n<tr>\n<td height=\"17\">MOQ<\/td>\n<td>500St\u00fcck<\/td>\n<\/tr>\n<tr>\n<td height=\"17\">Benutzerdefiniert<\/td>\n<td>Farbe\/Gr\u00f6\u00dfe\/Logo\/Verpackung<\/td>\n<\/tr>\n<tr>\n<td height=\"17\">Paket<\/td>\n<td>Gro\u00dfpackung\/ Schaumstoffkarton\/ Brauner Karton<\/td>\n<\/tr>\n<\/tbody>\n<\/table>","protected":false},"featured_media":5562,"comment_status":"closed","ping_status":"closed","template":"","meta":{"_acf_changed":false},"product_brand":[],"product_cat":[62,99],"product_tag":[81],"class_list":{"0":"post-5557","1":"product","2":"type-product","3":"status-publish","4":"has-post-thumbnail","6":"product_cat-ceramic-plates-wholesale","7":"product_cat-baking-dishes-wholesale","8":"product_tag-modern-design-dinnerware-set-wholesale","10":"first","11":"instock","12":"shipping-taxable","13":"product-type-simple"},"acf":[],"_links":{"self":[{"href":"https:\/\/www.yongjianceramic.com\/de\/wp-json\/wp\/v2\/product\/5557","targetHints":{"allow":["GET"]}}],"collection":[{"href":"https:\/\/www.yongjianceramic.com\/de\/wp-json\/wp\/v2\/product"}],"about":[{"href":"https:\/\/www.yongjianceramic.com\/de\/wp-json\/wp\/v2\/types\/product"}],"replies":[{"embeddable":true,"href":"https:\/\/www.yongjianceramic.com\/de\/wp-json\/wp\/v2\/comments?post=5557"}],"wp:featuredmedia":[{"embeddable":true,"href":"https:\/\/www.yongjianceramic.com\/de\/wp-json\/wp\/v2\/media\/5562"}],"wp:attachment":[{"href":"https:\/\/www.yongjianceramic.com\/de\/wp-json\/wp\/v2\/media?parent=5557"}],"wp:term":[{"taxonomy":"product_brand","embeddable":true,"href":"https:\/\/www.yongjianceramic.com\/de\/wp-json\/wp\/v2\/product_brand?post=5557"},{"taxonomy":"product_cat","embeddable":true,"href":"https:\/\/www.yongjianceramic.com\/de\/wp-json\/wp\/v2\/product_cat?post=5557"},{"taxonomy":"product_tag","embeddable":true,"href":"https:\/\/www.yongjianceramic.com\/de\/wp-json\/wp\/v2\/product_tag?post=5557"}],"curies":[{"name":"wp","href":"https:\/\/api.w.org\/{rel}","templated":true}]}}