{"id":5569,"date":"2026-05-07T16:21:14","date_gmt":"2026-05-07T08:21:14","guid":{"rendered":"https:\/\/www.yongjianceramic.com\/?post_type=product&#038;p=5569"},"modified":"2026-05-07T17:56:05","modified_gmt":"2026-05-07T09:56:05","slug":"ceramic-pie-pan-wholesale","status":"publish","type":"product","link":"https:\/\/www.yongjianceramic.com\/de\/produkt\/ceramic-pie-pan-wholesale\/","title":{"rendered":"10-Zoll-Keramik-Kuchenform Gro\u00dfhandel mit geriffeltem Rand"},"content":{"rendered":"<div class=\"wp-block-columns is-layout-flex wp-container-core-columns-is-layout-9d6595d7 wp-block-columns-is-layout-flex\">\n<div class=\"wp-block-column is-layout-flow wp-block-column-is-layout-flow\">\n<h2 class=\"wp-block-heading\">Premium-Keramik-Kuchenform Gro\u00dfhandel Eigenschaften:<\/h2>\n\n\n\n<ul class=\"wp-block-list\">\n<li><strong>Hochwertiges Keramikmaterial: <\/strong>Diese 10-Zoll-Keramikkuchenform aus hochgebrannter Keramik bietet eine gleichm\u00e4\u00dfige W\u00e4rmespeicherung f\u00fcr perfekt gebackene Kuchen, Quiches und Tartes.<\/li>\n\n\n\n<li><strong>Elegantes geriffeltes Randdesign:<\/strong> Die Keramikkuchenform f\u00fcr den Gro\u00dfhandel hat einen klassischen geriffelten Rand, der eine sch\u00f6ne Krustenform erzeugt und die Produktpr\u00e4sentation f\u00fcr B\u00e4ckereien, Restaurants und Einzelhandelsmarken f\u00fcr K\u00fcchenger\u00e4te verbessert. Geriffelte Kuchenformen sind sehr beliebt f\u00fcr professionell aussehende Backwaren.<\/li>\n\n\n\n<li><strong>Backofenfest f\u00fcr den gewerblichen Einsatz:<\/strong> Die Keramikkuchenform wurde f\u00fcr den Gro\u00dfhandel und die Gastronomie entwickelt und ist resistent gegen hohe Temperaturen, Kratzer und den t\u00e4glichen Gebrauch in der K\u00fcche.<\/li>\n\n\n\n<li><strong>Ideale Gr\u00f6\u00dfe f\u00fcr mehrere Backanwendungen: <\/strong>Die runde 10-Zoll-Keramikkuchenform f\u00fcr den Gro\u00dfhandel eignet sich perfekt f\u00fcr Obstkuchen, K\u00fcrbiskuchen, Quiches, K\u00e4sekuchen, Topfkuchen und Desserts und ist damit eine vielseitige Option f\u00fcr Superm\u00e4rkte, B\u00e4ckereimarken und Gastst\u00e4tten.<\/li>\n\n\n\n<li><strong>Effiziente und flexible Produktion: <\/strong>Als Hersteller bieten wir eine schnelle Produktionsreaktion f\u00fcr unsere 10-Zoll-Keramik-Kuchenform im Gro\u00dfhandel und unterst\u00fctzen Sie bei der Anpassung exklusiver Markenfarbschemata.<\/li>\n<\/ul>\n<\/div>\n\n\n\n<div class=\"wp-block-column is-layout-flow wp-block-column-is-layout-flow\">\n<figure class=\"wp-block-image size-full\"><img fetchpriority=\"high\" decoding=\"async\" width=\"1500\" height=\"1000\" src=\"https:\/\/www.yongjianceramic.com\/wp-content\/uploads\/2026\/05\/10-inch-round-ceramic-pie-pan-wholesale-with-fluted-edge-14.webp\" alt=\"10-Zoll-Rund-Keramik-Kuchenpfanne-Gro\u00dfhandel-mit-Rillen-Rand-14\" class=\"wp-image-5583\" srcset=\"https:\/\/www.yongjianceramic.com\/wp-content\/uploads\/2026\/05\/10-inch-round-ceramic-pie-pan-wholesale-with-fluted-edge-14.webp 1500w, https:\/\/www.yongjianceramic.com\/wp-content\/uploads\/2026\/05\/10-inch-round-ceramic-pie-pan-wholesale-with-fluted-edge-14-300x200.webp 300w, https:\/\/www.yongjianceramic.com\/wp-content\/uploads\/2026\/05\/10-inch-round-ceramic-pie-pan-wholesale-with-fluted-edge-14-768x512.webp 768w, https:\/\/www.yongjianceramic.com\/wp-content\/uploads\/2026\/05\/10-inch-round-ceramic-pie-pan-wholesale-with-fluted-edge-14-18x12.webp 18w, https:\/\/www.yongjianceramic.com\/wp-content\/uploads\/2026\/05\/10-inch-round-ceramic-pie-pan-wholesale-with-fluted-edge-14-285x190.webp 285w, https:\/\/www.yongjianceramic.com\/wp-content\/uploads\/2026\/05\/10-inch-round-ceramic-pie-pan-wholesale-with-fluted-edge-14-660x440.webp 660w, https:\/\/www.yongjianceramic.com\/wp-content\/uploads\/2026\/05\/10-inch-round-ceramic-pie-pan-wholesale-with-fluted-edge-14-150x100.webp 150w\" sizes=\"(max-width: 1500px) 100vw, 1500px\" \/><\/figure>\n<\/div>\n<\/div>\n\n\n\n<div class=\"wp-block-columns is-layout-flex wp-container-core-columns-is-layout-9d6595d7 wp-block-columns-is-layout-flex\">\n<div class=\"wp-block-column is-layout-flow wp-block-column-is-layout-flow\">\n<figure class=\"wp-block-image size-full\"><img decoding=\"async\" width=\"694\" height=\"640\" src=\"https:\/\/www.yongjianceramic.com\/wp-content\/uploads\/2026\/05\/10-inch-round-ceramic-pie-pan-wholesale-with-fluted-edge-11.webp\" alt=\"10-Zoll-Keramik-Kuchenpfanne-Gro\u00dfhandel-mit-geriffeltem-Rand-11\" class=\"wp-image-5580\" srcset=\"https:\/\/www.yongjianceramic.com\/wp-content\/uploads\/2026\/05\/10-inch-round-ceramic-pie-pan-wholesale-with-fluted-edge-11.webp 694w, https:\/\/www.yongjianceramic.com\/wp-content\/uploads\/2026\/05\/10-inch-round-ceramic-pie-pan-wholesale-with-fluted-edge-11-300x277.webp 300w, https:\/\/www.yongjianceramic.com\/wp-content\/uploads\/2026\/05\/10-inch-round-ceramic-pie-pan-wholesale-with-fluted-edge-11-13x12.webp 13w, https:\/\/www.yongjianceramic.com\/wp-content\/uploads\/2026\/05\/10-inch-round-ceramic-pie-pan-wholesale-with-fluted-edge-11-285x263.webp 285w, https:\/\/www.yongjianceramic.com\/wp-content\/uploads\/2026\/05\/10-inch-round-ceramic-pie-pan-wholesale-with-fluted-edge-11-660x609.webp 660w, https:\/\/www.yongjianceramic.com\/wp-content\/uploads\/2026\/05\/10-inch-round-ceramic-pie-pan-wholesale-with-fluted-edge-11-150x138.webp 150w\" sizes=\"(max-width: 694px) 100vw, 694px\" \/><\/figure>\n<\/div>\n\n\n\n<div class=\"wp-block-column is-layout-flow wp-block-column-is-layout-flow\">\n<figure class=\"wp-block-image size-full\"><img decoding=\"async\" width=\"694\" height=\"640\" src=\"https:\/\/www.yongjianceramic.com\/wp-content\/uploads\/2026\/05\/10-inch-round-ceramic-pie-pan-wholesale-with-fluted-edge-10.webp\" alt=\"10-Zoll-Rund-Keramik-Kuchenpfanne-Gro\u00dfhandel-mit-Rillenrand-10\" class=\"wp-image-5579\" srcset=\"https:\/\/www.yongjianceramic.com\/wp-content\/uploads\/2026\/05\/10-inch-round-ceramic-pie-pan-wholesale-with-fluted-edge-10.webp 694w, https:\/\/www.yongjianceramic.com\/wp-content\/uploads\/2026\/05\/10-inch-round-ceramic-pie-pan-wholesale-with-fluted-edge-10-300x277.webp 300w, https:\/\/www.yongjianceramic.com\/wp-content\/uploads\/2026\/05\/10-inch-round-ceramic-pie-pan-wholesale-with-fluted-edge-10-13x12.webp 13w, https:\/\/www.yongjianceramic.com\/wp-content\/uploads\/2026\/05\/10-inch-round-ceramic-pie-pan-wholesale-with-fluted-edge-10-285x263.webp 285w, https:\/\/www.yongjianceramic.com\/wp-content\/uploads\/2026\/05\/10-inch-round-ceramic-pie-pan-wholesale-with-fluted-edge-10-660x609.webp 660w, https:\/\/www.yongjianceramic.com\/wp-content\/uploads\/2026\/05\/10-inch-round-ceramic-pie-pan-wholesale-with-fluted-edge-10-150x138.webp 150w\" sizes=\"(max-width: 694px) 100vw, 694px\" \/><\/figure>\n<\/div>\n<\/div>","protected":false},"excerpt":{"rendered":"<p>Willkommen zum Kauf dieser 5,5-Zoll-Gro\u00dfhandels-Backformen, die f\u00fcr Restaurants, B\u00e4ckereien und Foodservice-Marken auf der Suche nach kommerziellen, stilvollen Keramik-Backformen konzipiert sind. Ofen-zu-Tisch-Mini-Keramik-Backformen mit leicht zu reinigen glasierte Oberfl\u00e4che, die ideal f\u00fcr den Gro\u00dfeinkauf mit voller OEM \/ ODM-Anpassung ist, perfekt f\u00fcr Hotels, Catering und Einzelhandel Marken, die f\u00fcr hochwertige Keramik-Backformen L\u00f6sungen suchen.<\/p>\n<table border=\"0\" width=\"346\" cellspacing=\"0\" cellpadding=\"0\">\n<tbody>\n<tr>\n<td width=\"120\" height=\"17\">Hersteller<\/td>\n<td width=\"225\">Yongjian<\/td>\n<\/tr>\n<tr>\n<td height=\"18\">Modell Nr.<\/td>\n<td width=\"225\">YJ11<\/td>\n<\/tr>\n<tr>\n<td height=\"17\">Produkttyp<\/td>\n<td>Backformen<\/td>\n<\/tr>\n<tr>\n<td height=\"17\">Material<\/td>\n<td>Porzellan<\/td>\n<\/tr>\n<tr>\n<td height=\"17\">Form<\/td>\n<td>Rund<\/td>\n<\/tr>\n<tr>\n<td height=\"17\">Farbe<\/td>\n<td>Blau und Wei\u00df, kundenspezifische Farben verf\u00fcgbar<\/td>\n<\/tr>\n<tr>\n<td height=\"18\">Dimension<\/td>\n<td width=\"225\">17*17*4,6 cm<\/td>\n<\/tr>\n<tr>\n<td height=\"17\">MOQ<\/td>\n<td>500St\u00fcck<\/td>\n<\/tr>\n<tr>\n<td height=\"17\">Benutzerdefiniert<\/td>\n<td>Farbe\/Gr\u00f6\u00dfe\/Logo\/Verpackung<\/td>\n<\/tr>\n<tr>\n<td height=\"17\">Paket<\/td>\n<td>Gro\u00dfpackung\/ Schaumstoffkarton\/ Brauner Karton<\/td>\n<\/tr>\n<\/tbody>\n<\/table>","protected":false},"featured_media":5575,"comment_status":"closed","ping_status":"closed","template":"","meta":{"_acf_changed":false},"product_brand":[],"product_cat":[62,99],"product_tag":[81],"class_list":{"0":"post-5569","1":"product","2":"type-product","3":"status-publish","4":"has-post-thumbnail","6":"product_cat-ceramic-plates-wholesale","7":"product_cat-baking-dishes-wholesale","8":"product_tag-modern-design-dinnerware-set-wholesale","10":"first","11":"instock","12":"shipping-taxable","13":"product-type-simple"},"acf":[],"_links":{"self":[{"href":"https:\/\/www.yongjianceramic.com\/de\/wp-json\/wp\/v2\/product\/5569","targetHints":{"allow":["GET"]}}],"collection":[{"href":"https:\/\/www.yongjianceramic.com\/de\/wp-json\/wp\/v2\/product"}],"about":[{"href":"https:\/\/www.yongjianceramic.com\/de\/wp-json\/wp\/v2\/types\/product"}],"replies":[{"embeddable":true,"href":"https:\/\/www.yongjianceramic.com\/de\/wp-json\/wp\/v2\/comments?post=5569"}],"wp:featuredmedia":[{"embeddable":true,"href":"https:\/\/www.yongjianceramic.com\/de\/wp-json\/wp\/v2\/media\/5575"}],"wp:attachment":[{"href":"https:\/\/www.yongjianceramic.com\/de\/wp-json\/wp\/v2\/media?parent=5569"}],"wp:term":[{"taxonomy":"product_brand","embeddable":true,"href":"https:\/\/www.yongjianceramic.com\/de\/wp-json\/wp\/v2\/product_brand?post=5569"},{"taxonomy":"product_cat","embeddable":true,"href":"https:\/\/www.yongjianceramic.com\/de\/wp-json\/wp\/v2\/product_cat?post=5569"},{"taxonomy":"product_tag","embeddable":true,"href":"https:\/\/www.yongjianceramic.com\/de\/wp-json\/wp\/v2\/product_tag?post=5569"}],"curies":[{"name":"wp","href":"https:\/\/api.w.org\/{rel}","templated":true}]}}