{"id":2412,"date":"2024-08-28T07:21:14","date_gmt":"2024-08-28T07:21:14","guid":{"rendered":"https:\/\/www.yongjianceramic.com\/?post_type=product&#038;p=2412"},"modified":"2025-11-04T15:29:38","modified_gmt":"2025-11-04T07:29:38","slug":"chinese-rice-bowls-bulk","status":"publish","type":"product","link":"https:\/\/www.yongjianceramic.com\/es\/producto\/chinese-rice-bowls-bulk\/","title":{"rendered":"Tazones de Arroz Chino de 4.5 pulgadas a Granel, Tazones de Cer\u00e1mica Personalizados"},"content":{"rendered":"<div class=\"wp-block-columns is-layout-flex wp-container-core-columns-is-layout-9d6595d7 wp-block-columns-is-layout-flex\">\n<div class=\"wp-block-column is-layout-flow wp-block-column-is-layout-flow\">\n<h2 class=\"wp-block-heading\">Tazones de arroz chinos a granel de primera calidad Caracter\u00edsticas:<\/h2>\n\n\n\n<ul class=\"wp-block-list\">\n<li><strong>Porcelana de alta calidad: <\/strong>El material de porcelana de alta calidad seleccionado garantiza la durabilidad y seguridad de nuestros cuencos de arroz chinos a granel, sin plomo ni cadmio, lo que garantiza la seguridad alimentaria y la salud, aptos para su uso a largo plazo en hogares e industrias de restauraci\u00f3n.<\/li>\n\n\n\n<li><strong>Dise\u00f1o exquisito: <\/strong>Nuestros cuencos de cer\u00e1mica a granel adoptan un dise\u00f1o de encaje optimizado, decorativo y elegante. Los colores blanco y negro puros a\u00f1aden un toque de moda moderna y detalles exquisitos a la mesa de comedor.<\/li>\n\n\n\n<li><strong>Practicidad: <\/strong>Estos cuencos de arroz chinos a granel no s\u00f3lo son adecuados para contener arroz, sino que tambi\u00e9n se pueden utilizar para contener sopa, fideos, yogur y otros alimentos, y se pueden utilizar en microondas y hornos para satisfacer diversas necesidades diet\u00e9ticas diarias.<\/li>\n\n\n\n<li><strong>F\u00e1cil de limpiar: <\/strong>La superficie lisa de cer\u00e1mica de nuestros cuencos de cer\u00e1mica a granel facilita su limpieza, admite el lavado a mano y en lavavajillas, ahorra tiempo y energ\u00eda y los mantiene limpios y brillantes durante mucho tiempo.<\/li>\n<\/ul>\n<\/div>\n\n\n\n<div class=\"wp-block-column is-vertically-aligned-center is-layout-flow wp-block-column-is-layout-flow\"><div class=\"wp-block-image\">\n<figure class=\"aligncenter size-full\"><img fetchpriority=\"high\" decoding=\"async\" width=\"750\" height=\"750\" src=\"https:\/\/www.yongjianceramic.com\/wp-content\/uploads\/2024\/08\/4.5-Inch-Chinese-Rice-Bowls-Bulk-Wholesale-Ceramic-Bowls-3.webp\" alt=\"4.5-Inch Chinese Rice Bowls Bulk, Mayorista de Tazones de Cer\u00e1mica-3\" class=\"wp-image-2994\" srcset=\"https:\/\/www.yongjianceramic.com\/wp-content\/uploads\/2024\/08\/4.5-Inch-Chinese-Rice-Bowls-Bulk-Wholesale-Ceramic-Bowls-3.webp 750w, https:\/\/www.yongjianceramic.com\/wp-content\/uploads\/2024\/08\/4.5-Inch-Chinese-Rice-Bowls-Bulk-Wholesale-Ceramic-Bowls-3-300x300.webp 300w, https:\/\/www.yongjianceramic.com\/wp-content\/uploads\/2024\/08\/4.5-Inch-Chinese-Rice-Bowls-Bulk-Wholesale-Ceramic-Bowls-3-150x150.webp 150w, https:\/\/www.yongjianceramic.com\/wp-content\/uploads\/2024\/08\/4.5-Inch-Chinese-Rice-Bowls-Bulk-Wholesale-Ceramic-Bowls-3-12x12.webp 12w, https:\/\/www.yongjianceramic.com\/wp-content\/uploads\/2024\/08\/4.5-Inch-Chinese-Rice-Bowls-Bulk-Wholesale-Ceramic-Bowls-3-285x285.webp 285w, https:\/\/www.yongjianceramic.com\/wp-content\/uploads\/2024\/08\/4.5-Inch-Chinese-Rice-Bowls-Bulk-Wholesale-Ceramic-Bowls-3-270x270.webp 270w, https:\/\/www.yongjianceramic.com\/wp-content\/uploads\/2024\/08\/4.5-Inch-Chinese-Rice-Bowls-Bulk-Wholesale-Ceramic-Bowls-3-540x540.webp 540w, https:\/\/www.yongjianceramic.com\/wp-content\/uploads\/2024\/08\/4.5-Inch-Chinese-Rice-Bowls-Bulk-Wholesale-Ceramic-Bowls-3-660x660.webp 660w\" sizes=\"(max-width: 750px) 100vw, 750px\" \/><\/figure>\n<\/div><\/div>\n<\/div>","protected":false},"excerpt":{"rendered":"<p>Bienvenido a comprar cuencos de cer\u00e1mica al por mayor. Nuestra serie de cuencos de arroz chinos al por mayor es famosa por su alta calidad y practicidad. Estos cuencos de cer\u00e1mica de bonito dise\u00f1o no s\u00f3lo son duraderos y f\u00e1ciles de limpiar, sino que pueden satisfacer una gran variedad de necesidades culinarias, por lo que son ideales para el hogar y la hosteler\u00eda.<\/p>\n<table style=\"border-collapse: collapse; width: 275.02pt;\" border=\"0\" width=\"275\" cellspacing=\"0\" cellpadding=\"0\">\n<tbody>\n<tr style=\"height: 17.60pt;\">\n<td class=\"et3\" style=\"height: 17.60pt; width: 108.35pt;\" width=\"108\" height=\"17\">Fabricante<\/td>\n<td class=\"et3\" style=\"width: 167.10pt;\" width=\"167\">Yongjian<\/td>\n<\/tr>\n<tr style=\"height: 17.60pt;\">\n<td class=\"et3\" style=\"height: 17.60pt;\" height=\"17\">N\u00ba de modelo<\/td>\n<td class=\"et4\">YJ-015<\/td>\n<\/tr>\n<tr style=\"height: 17.60pt;\">\n<td class=\"et3\" style=\"height: 17.60pt;\" height=\"17\">Tipo de producto<\/td>\n<td class=\"et3\">Cuenco de arroz<\/td>\n<\/tr>\n<tr style=\"height: 17.60pt;\">\n<td class=\"et3\" style=\"height: 17.60pt;\" height=\"17\">Material<\/td>\n<td class=\"et3\">Porcelana<\/td>\n<\/tr>\n<tr style=\"height: 17.60pt;\">\n<td class=\"et4\" style=\"height: 17.60pt;\" height=\"17\">Color<\/td>\n<td class=\"et3\">Blanco\/Negro<\/td>\n<\/tr>\n<tr style=\"height: 18.00pt;\">\n<td class=\"et3\" style=\"height: 18.00pt;\" height=\"18\">Dimensi\u00f3n<\/td>\n<td class=\"et5\" style=\"width: 167.10pt;\" width=\"167\">Bol de 4,5 pulgadas, 12*12*6<\/td>\n<\/tr>\n<tr style=\"height: 17.60pt;\">\n<td class=\"et3\" style=\"height: 17.60pt;\" height=\"17\">MOQ<\/td>\n<td class=\"et3\">500 unidades<\/td>\n<\/tr>\n<tr style=\"height: 17.60pt;\">\n<td class=\"et3\" style=\"height: 17.60pt;\" height=\"17\">A medida<\/td>\n<td class=\"et3\">Color\/Tama\u00f1o\/Logotipo\/Embalaje<\/td>\n<\/tr>\n<\/tbody>\n<\/table>","protected":false},"featured_media":2992,"comment_status":"closed","ping_status":"closed","template":"","meta":{"_acf_changed":false},"product_brand":[],"product_cat":[72,63],"product_tag":[96],"class_list":{"0":"post-2412","1":"product","2":"type-product","3":"status-publish","4":"has-post-thumbnail","6":"product_cat-rice-bowls-bulk","7":"product_cat-wholesale-bowls","8":"product_tag-black-white-dinnerware-wholesale","10":"first","11":"instock","12":"shipping-taxable","13":"product-type-simple"},"acf":[],"_links":{"self":[{"href":"https:\/\/www.yongjianceramic.com\/es\/wp-json\/wp\/v2\/product\/2412","targetHints":{"allow":["GET"]}}],"collection":[{"href":"https:\/\/www.yongjianceramic.com\/es\/wp-json\/wp\/v2\/product"}],"about":[{"href":"https:\/\/www.yongjianceramic.com\/es\/wp-json\/wp\/v2\/types\/product"}],"replies":[{"embeddable":true,"href":"https:\/\/www.yongjianceramic.com\/es\/wp-json\/wp\/v2\/comments?post=2412"}],"wp:featuredmedia":[{"embeddable":true,"href":"https:\/\/www.yongjianceramic.com\/es\/wp-json\/wp\/v2\/media\/2992"}],"wp:attachment":[{"href":"https:\/\/www.yongjianceramic.com\/es\/wp-json\/wp\/v2\/media?parent=2412"}],"wp:term":[{"taxonomy":"product_brand","embeddable":true,"href":"https:\/\/www.yongjianceramic.com\/es\/wp-json\/wp\/v2\/product_brand?post=2412"},{"taxonomy":"product_cat","embeddable":true,"href":"https:\/\/www.yongjianceramic.com\/es\/wp-json\/wp\/v2\/product_cat?post=2412"},{"taxonomy":"product_tag","embeddable":true,"href":"https:\/\/www.yongjianceramic.com\/es\/wp-json\/wp\/v2\/product_tag?post=2412"}],"curies":[{"name":"wp","href":"https:\/\/api.w.org\/{rel}","templated":true}]}}