{"id":2421,"date":"2024-08-28T07:24:34","date_gmt":"2024-08-28T07:24:34","guid":{"rendered":"https:\/\/www.yongjianceramic.com\/?post_type=product&#038;p=2421"},"modified":"2025-11-04T15:35:34","modified_gmt":"2025-11-04T07:35:34","slug":"porcelain-soup-bowls-wholesale","status":"publish","type":"product","link":"https:\/\/www.yongjianceramic.com\/es\/producto\/porcelain-soup-bowls-wholesale\/","title":{"rendered":"8-Inch Porcelain Soup Bowls Wholesale, Noodle Bowls Supply"},"content":{"rendered":"<div class=\"wp-block-columns is-layout-flex wp-container-core-columns-is-layout-9d6595d7 wp-block-columns-is-layout-flex\">\n<div class=\"wp-block-column is-layout-flow wp-block-column-is-layout-flow\">\n<h2 class=\"wp-block-heading\">Premium Porcelana Tazones de sopa al por mayor Caracter\u00edsticas:<\/h2>\n\n\n\n<ul class=\"wp-block-list\">\n<li><strong>Dise\u00f1o \u00fanico: <\/strong>Estos cuencos de sopa de porcelana al por mayor adoptan un dise\u00f1o de encaje de hoja de loto, con una forma \u00fanica y novedosa, muy adecuada para catering de alta gama y comidas familiares.<\/li>\n\n\n\n<li><strong>Seleccione cer\u00e1micas seguras y de calidad:<\/strong> Nuestros cuencos cer\u00e1micos a granel est\u00e1n fabricados con porcelana duradera y de alta calidad, y presentan una excelente resistencia al calor. No se rompen ni se desgastan f\u00e1cilmente, ni pierden color con el uso prolongado, al tiempo que conservan el brillo del cuenco.<\/li>\n\n\n\n<li><strong>Vajilla funcional:<\/strong> Estos cuencos de porcelana para sopa al por mayor no solo son adecuados para sopas, sino tambi\u00e9n para servir arroz, ensaladas, fideos y otros alimentos. Son cuencos ideales para satisfacer las diversas opciones gastron\u00f3micas en restaurantes y\/o en casa.<\/li>\n\n\n\n<li><strong>Suave\/Delicado:<\/strong> Nuestros cuencos de cer\u00e1mica a granel tienen una superficie suave y delicada y se lavan f\u00e1cilmente; se pueden lavar f\u00e1cilmente a mano o en el lavavajillas. Para ahorrar tiempo y energ\u00eda, manteni\u00e9ndolos limpios e higi\u00e9nicos.<\/li>\n<\/ul>\n<\/div>\n\n\n\n<div class=\"wp-block-column is-vertically-aligned-center is-layout-flow wp-block-column-is-layout-flow\"><div class=\"wp-block-image\">\n<figure class=\"aligncenter size-full\"><img fetchpriority=\"high\" decoding=\"async\" width=\"750\" height=\"750\" src=\"https:\/\/www.yongjianceramic.com\/wp-content\/uploads\/2024\/08\/8-Inch-Porcelain-Soup-Bowls-Wholesale-Bulk-Noodle-Bowls-6.webp\" alt=\"8-Inch Porcelain Soup Bowls Wholesale, Bulk Noodle Bowls-6\" class=\"wp-image-3005\" srcset=\"https:\/\/www.yongjianceramic.com\/wp-content\/uploads\/2024\/08\/8-Inch-Porcelain-Soup-Bowls-Wholesale-Bulk-Noodle-Bowls-6.webp 750w, https:\/\/www.yongjianceramic.com\/wp-content\/uploads\/2024\/08\/8-Inch-Porcelain-Soup-Bowls-Wholesale-Bulk-Noodle-Bowls-6-300x300.webp 300w, https:\/\/www.yongjianceramic.com\/wp-content\/uploads\/2024\/08\/8-Inch-Porcelain-Soup-Bowls-Wholesale-Bulk-Noodle-Bowls-6-150x150.webp 150w, https:\/\/www.yongjianceramic.com\/wp-content\/uploads\/2024\/08\/8-Inch-Porcelain-Soup-Bowls-Wholesale-Bulk-Noodle-Bowls-6-12x12.webp 12w, https:\/\/www.yongjianceramic.com\/wp-content\/uploads\/2024\/08\/8-Inch-Porcelain-Soup-Bowls-Wholesale-Bulk-Noodle-Bowls-6-285x285.webp 285w, https:\/\/www.yongjianceramic.com\/wp-content\/uploads\/2024\/08\/8-Inch-Porcelain-Soup-Bowls-Wholesale-Bulk-Noodle-Bowls-6-270x270.webp 270w, https:\/\/www.yongjianceramic.com\/wp-content\/uploads\/2024\/08\/8-Inch-Porcelain-Soup-Bowls-Wholesale-Bulk-Noodle-Bowls-6-540x540.webp 540w, https:\/\/www.yongjianceramic.com\/wp-content\/uploads\/2024\/08\/8-Inch-Porcelain-Soup-Bowls-Wholesale-Bulk-Noodle-Bowls-6-660x660.webp 660w\" sizes=\"(max-width: 750px) 100vw, 750px\" \/><\/figure>\n<\/div><\/div>\n<\/div>","protected":false},"excerpt":{"rendered":"<p>Bienvenido a la compra al por mayor de cuencos de porcelana. Nuestros cuencos de sopa de porcelana al por mayor destacan por su dise\u00f1o \u00fanico y su durabilidad, mejorando su experiencia gastron\u00f3mica tanto en restaurantes como en comidas en casa. F\u00e1ciles de lavar, limpiar y mantener; una vajilla cotidiana conquistada y eficiente.<\/p>\n<table style=\"border-collapse: collapse; width: 275.02pt;\" border=\"0\" width=\"275\" cellspacing=\"0\" cellpadding=\"0\">\n<tbody>\n<tr style=\"height: 17.60pt;\">\n<td class=\"et3\" style=\"height: 17.60pt; width: 108.35pt;\" width=\"108\" height=\"17\">Fabricante<\/td>\n<td class=\"et3\" style=\"width: 167.10pt;\" width=\"167\">Yongjian<\/td>\n<\/tr>\n<tr style=\"height: 17.60pt;\">\n<td class=\"et3\" style=\"height: 17.60pt;\" height=\"17\">N\u00ba de modelo<\/td>\n<td class=\"et4\">YJ-001<\/td>\n<\/tr>\n<tr style=\"height: 17.60pt;\">\n<td class=\"et3\" style=\"height: 17.60pt;\" height=\"17\">Tipo de producto<\/td>\n<td class=\"et4\">Cuenco para sopa<\/td>\n<\/tr>\n<tr style=\"height: 17.60pt;\">\n<td class=\"et3\" style=\"height: 17.60pt;\" height=\"17\">Material<\/td>\n<td class=\"et3\">Porcelana<\/td>\n<\/tr>\n<tr style=\"height: 17.60pt;\">\n<td class=\"et4\" style=\"height: 17.60pt;\" height=\"17\">Color<\/td>\n<td class=\"et3\">Blanco\/Negro<\/td>\n<\/tr>\n<tr style=\"height: 36.00pt;\">\n<td class=\"et3\" style=\"height: 36.00pt;\" height=\"36\">Dimensi\u00f3n<\/td>\n<td class=\"et5\" style=\"width: 167.10pt;\" width=\"167\">Taz\u00f3n de sopa de 8 pulgadas, 20,2*20,2*6<\/td>\n<\/tr>\n<tr style=\"height: 17.60pt;\">\n<td class=\"et3\" style=\"height: 17.60pt;\" height=\"17\">MOQ<\/td>\n<td class=\"et3\">500 unidades<\/td>\n<\/tr>\n<tr style=\"height: 17.60pt;\">\n<td class=\"et3\" style=\"height: 17.60pt;\" height=\"17\">A medida<\/td>\n<td class=\"et3\">Color\/Tama\u00f1o\/Logotipo\/Embalaje<\/td>\n<\/tr>\n<\/tbody>\n<\/table>","protected":false},"featured_media":3002,"comment_status":"closed","ping_status":"closed","template":"","meta":{"_acf_changed":false},"product_brand":[],"product_cat":[73,63],"product_tag":[96],"class_list":{"0":"post-2421","1":"product","2":"type-product","3":"status-publish","4":"has-post-thumbnail","6":"product_cat-bulk-soup-bowls","7":"product_cat-wholesale-bowls","8":"product_tag-black-white-dinnerware-wholesale","10":"first","11":"instock","12":"shipping-taxable","13":"product-type-simple"},"acf":[],"_links":{"self":[{"href":"https:\/\/www.yongjianceramic.com\/es\/wp-json\/wp\/v2\/product\/2421","targetHints":{"allow":["GET"]}}],"collection":[{"href":"https:\/\/www.yongjianceramic.com\/es\/wp-json\/wp\/v2\/product"}],"about":[{"href":"https:\/\/www.yongjianceramic.com\/es\/wp-json\/wp\/v2\/types\/product"}],"replies":[{"embeddable":true,"href":"https:\/\/www.yongjianceramic.com\/es\/wp-json\/wp\/v2\/comments?post=2421"}],"wp:featuredmedia":[{"embeddable":true,"href":"https:\/\/www.yongjianceramic.com\/es\/wp-json\/wp\/v2\/media\/3002"}],"wp:attachment":[{"href":"https:\/\/www.yongjianceramic.com\/es\/wp-json\/wp\/v2\/media?parent=2421"}],"wp:term":[{"taxonomy":"product_brand","embeddable":true,"href":"https:\/\/www.yongjianceramic.com\/es\/wp-json\/wp\/v2\/product_brand?post=2421"},{"taxonomy":"product_cat","embeddable":true,"href":"https:\/\/www.yongjianceramic.com\/es\/wp-json\/wp\/v2\/product_cat?post=2421"},{"taxonomy":"product_tag","embeddable":true,"href":"https:\/\/www.yongjianceramic.com\/es\/wp-json\/wp\/v2\/product_tag?post=2421"}],"curies":[{"name":"wp","href":"https:\/\/api.w.org\/{rel}","templated":true}]}}