{"id":2443,"date":"2024-08-28T08:54:02","date_gmt":"2024-08-28T08:54:02","guid":{"rendered":"https:\/\/www.yongjianceramic.com\/?post_type=product&#038;p=2443"},"modified":"2024-12-04T11:19:21","modified_gmt":"2024-12-04T03:19:21","slug":"soup-bowls-with-handles-bulk","status":"publish","type":"product","link":"https:\/\/www.yongjianceramic.com\/es\/producto\/soup-bowls-with-handles-bulk\/","title":{"rendered":"10-Inch Soup Bowls With Handles Bulk, Mayorista de Tazones para Servir"},"content":{"rendered":"<div class=\"wp-block-columns is-layout-flex wp-container-core-columns-is-layout-9d6595d7 wp-block-columns-is-layout-flex\">\n<div class=\"wp-block-column is-layout-flow wp-block-column-is-layout-flow\">\n<h2 class=\"wp-block-heading\">Premium Sopa Tazones Con Asas Caracter\u00edsticas a granel:<\/h2>\n\n\n\n<ul class=\"wp-block-list\">\n<li><strong>Dise\u00f1o del asa: <\/strong>Estos cuencos soperos con asas a granel son f\u00e1ciles de transportar y mover, reducen el riesgo de que la sopa caliente se derrame y escueza, y son muy adecuados para servir alimentos calientes como sopas y guisos calientes.<\/li>\n\n\n\n<li><strong>Resistente y duradero: <\/strong>El cuerpo del cuenco de nuestros cuencos para servir al por mayor est\u00e1 fabricado en cer\u00e1mica de alta calidad, que es robusta y duradera, resistente a las altas temperaturas y al agrietamiento, lo que garantiza que siga manteniendo un aspecto brillante y una integridad estructural tras un uso prolongado.<\/li>\n\n\n\n<li><strong>Gran capacidad:<\/strong> Estos cuencos soperos con asas a granel de dise\u00f1o de gran capacidad son adecuados para una gran variedad de alimentos, como sopas, guisos, gachas, etc. Es una opci\u00f3n ideal para mesas familiares, restaurantes y cafeter\u00edas, y puede satisfacer las necesidades gastron\u00f3micas de diferentes ocasiones.<\/li>\n\n\n\n<li><strong>Dise\u00f1o f\u00e1cil de limpiar: <\/strong>La superficie lisa de cer\u00e1mica hace que nuestros cuencos para servir al por mayor sean f\u00e1ciles de limpiar. Se pueden lavar a mano o en el lavavajillas, lo que ahorra tiempo y energ\u00eda al tiempo que mantiene los cuencos higi\u00e9nicos y limpios.<\/li>\n<\/ul>\n<\/div>\n\n\n\n<div class=\"wp-block-column is-vertically-aligned-center is-layout-flow wp-block-column-is-layout-flow\"><div class=\"wp-block-image\">\n<figure class=\"aligncenter size-full\"><img fetchpriority=\"high\" decoding=\"async\" width=\"750\" height=\"750\" src=\"https:\/\/www.yongjianceramic.com\/wp-content\/uploads\/2024\/08\/Soup-Bowls-With-Handles-Bulk-Wholesale-Serving-Bowls-5.webp\" alt=\"Tazones para sopa con asas al por mayor, Tazones para servir al por mayor-5\" class=\"wp-image-3016\" srcset=\"https:\/\/www.yongjianceramic.com\/wp-content\/uploads\/2024\/08\/Soup-Bowls-With-Handles-Bulk-Wholesale-Serving-Bowls-5.webp 750w, https:\/\/www.yongjianceramic.com\/wp-content\/uploads\/2024\/08\/Soup-Bowls-With-Handles-Bulk-Wholesale-Serving-Bowls-5-300x300.webp 300w, https:\/\/www.yongjianceramic.com\/wp-content\/uploads\/2024\/08\/Soup-Bowls-With-Handles-Bulk-Wholesale-Serving-Bowls-5-150x150.webp 150w, https:\/\/www.yongjianceramic.com\/wp-content\/uploads\/2024\/08\/Soup-Bowls-With-Handles-Bulk-Wholesale-Serving-Bowls-5-12x12.webp 12w, https:\/\/www.yongjianceramic.com\/wp-content\/uploads\/2024\/08\/Soup-Bowls-With-Handles-Bulk-Wholesale-Serving-Bowls-5-285x285.webp 285w, https:\/\/www.yongjianceramic.com\/wp-content\/uploads\/2024\/08\/Soup-Bowls-With-Handles-Bulk-Wholesale-Serving-Bowls-5-270x270.webp 270w, https:\/\/www.yongjianceramic.com\/wp-content\/uploads\/2024\/08\/Soup-Bowls-With-Handles-Bulk-Wholesale-Serving-Bowls-5-540x540.webp 540w, https:\/\/www.yongjianceramic.com\/wp-content\/uploads\/2024\/08\/Soup-Bowls-With-Handles-Bulk-Wholesale-Serving-Bowls-5-660x660.webp 660w\" sizes=\"(max-width: 750px) 100vw, 750px\" \/><\/figure>\n<\/div><\/div>\n<\/div>","protected":false},"excerpt":{"rendered":"<p>Bienvenido a comprar cuencos con asas a granel. Combinando practicidad y aspecto elegante, estos tazones de sopa de cer\u00e1mica de 10 pulgadas con asas a granel son una opci\u00f3n ideal para servir una variedad de sopas y guisos, c\u00f3modo de usar y f\u00e1cil de limpiar.<\/p>\n<table style=\"border-collapse: collapse; width: 365.02pt;\" border=\"0\" width=\"365\" cellspacing=\"0\" cellpadding=\"0\">\n<tbody>\n<tr style=\"height: 17.60pt;\">\n<td class=\"et3\" style=\"height: 17.60pt; width: 120.25pt;\" width=\"120\" height=\"17\">Fabricante<\/td>\n<td class=\"et3\" style=\"width: 245.25pt;\" width=\"245\">Yongjian<\/td>\n<\/tr>\n<tr style=\"height: 18.00pt;\">\n<td class=\"et3\" style=\"height: 18.00pt;\" height=\"18\">N\u00ba de modelo<\/td>\n<td class=\"et4\" style=\"width: 245.25pt;\" width=\"245\">YJ-002<\/td>\n<\/tr>\n<tr style=\"height: 18.00pt;\">\n<td class=\"et3\" style=\"height: 18.00pt;\" height=\"18\">Tipo de producto<\/td>\n<td class=\"et4\" style=\"width: 245.25pt;\" width=\"245\">Cuencos con asa, fuentes y ensaladeras<\/td>\n<\/tr>\n<tr style=\"height: 17.60pt;\">\n<td class=\"et3\" style=\"height: 17.60pt;\" height=\"17\">Material<\/td>\n<td class=\"et3\">Porcelana<\/td>\n<\/tr>\n<tr style=\"height: 17.60pt;\">\n<td class=\"et5\" style=\"height: 17.60pt;\" height=\"17\">Color<\/td>\n<td class=\"et3\">Blanco\/Negro<\/td>\n<\/tr>\n<tr style=\"height: 18.00pt;\">\n<td class=\"et3\" style=\"height: 18.00pt;\" height=\"18\">Dimensi\u00f3n<\/td>\n<td class=\"et4\" style=\"width: 245.25pt;\" width=\"245\">24.7*21*6.5<\/td>\n<\/tr>\n<tr style=\"height: 17.60pt;\">\n<td class=\"et3\" style=\"height: 17.60pt;\" height=\"17\">MOQ<\/td>\n<td class=\"et3\">500 unidades<\/td>\n<\/tr>\n<tr style=\"height: 17.60pt;\">\n<td class=\"et3\" style=\"height: 17.60pt;\" height=\"17\">A medida<\/td>\n<td class=\"et3\">Color\/Tama\u00f1o\/Logotipo\/Embalaje<\/td>\n<\/tr>\n<\/tbody>\n<\/table>","protected":false},"featured_media":3017,"comment_status":"closed","ping_status":"closed","template":"","meta":{"_acf_changed":false},"product_brand":[],"product_cat":[75,63,74],"product_tag":[96],"class_list":{"0":"post-2443","1":"product","2":"type-product","3":"status-publish","4":"has-post-thumbnail","6":"product_cat-handled-bowls-wholesale","7":"product_cat-wholesale-bowls","8":"product_cat-bulk-serving-bowls","9":"product_tag-black-white-dinnerware-wholesale","11":"first","12":"instock","13":"shipping-taxable","14":"product-type-simple"},"acf":[],"_links":{"self":[{"href":"https:\/\/www.yongjianceramic.com\/es\/wp-json\/wp\/v2\/product\/2443","targetHints":{"allow":["GET"]}}],"collection":[{"href":"https:\/\/www.yongjianceramic.com\/es\/wp-json\/wp\/v2\/product"}],"about":[{"href":"https:\/\/www.yongjianceramic.com\/es\/wp-json\/wp\/v2\/types\/product"}],"replies":[{"embeddable":true,"href":"https:\/\/www.yongjianceramic.com\/es\/wp-json\/wp\/v2\/comments?post=2443"}],"wp:featuredmedia":[{"embeddable":true,"href":"https:\/\/www.yongjianceramic.com\/es\/wp-json\/wp\/v2\/media\/3017"}],"wp:attachment":[{"href":"https:\/\/www.yongjianceramic.com\/es\/wp-json\/wp\/v2\/media?parent=2443"}],"wp:term":[{"taxonomy":"product_brand","embeddable":true,"href":"https:\/\/www.yongjianceramic.com\/es\/wp-json\/wp\/v2\/product_brand?post=2443"},{"taxonomy":"product_cat","embeddable":true,"href":"https:\/\/www.yongjianceramic.com\/es\/wp-json\/wp\/v2\/product_cat?post=2443"},{"taxonomy":"product_tag","embeddable":true,"href":"https:\/\/www.yongjianceramic.com\/es\/wp-json\/wp\/v2\/product_tag?post=2443"}],"curies":[{"name":"wp","href":"https:\/\/api.w.org\/{rel}","templated":true}]}}