{"id":2464,"date":"2024-08-28T09:57:30","date_gmt":"2024-08-28T09:57:30","guid":{"rendered":"https:\/\/www.yongjianceramic.com\/?post_type=product&#038;p=2464"},"modified":"2025-11-04T16:02:56","modified_gmt":"2025-11-04T08:02:56","slug":"deep-serving-platters-wholesale","status":"publish","type":"product","link":"https:\/\/www.yongjianceramic.com\/es\/producto\/deep-serving-platters-wholesale\/","title":{"rendered":"8 Inch Deep Serving Platters Mayorista, Platos de Cer\u00e1mica a Granel"},"content":{"rendered":"<div class=\"wp-block-columns is-layout-flex wp-container-core-columns-is-layout-9d6595d7 wp-block-columns-is-layout-flex\">\n<div class=\"wp-block-column is-layout-flow wp-block-column-is-layout-flow\">\n<h2 class=\"wp-block-heading\">Premium Platos de servir al por mayor Caracter\u00edsticas:<\/h2>\n\n\n\n<ul class=\"wp-block-list\">\n<li><strong>Adecuado para una gran variedad de platos: <\/strong>El dise\u00f1o de nuestras fuentes para servir al por mayor ofrece espacio suficiente para acomodar una serie de platos caldosos, como guisos, pasta, sopas, etc., para satisfacer las variadas necesidades de los restaurantes y del consumo dom\u00e9stico.<\/li>\n\n\n\n<li><strong>Aspecto sencillo y elegante:<\/strong> Aspecto sencillo y refinado: El dise\u00f1o cl\u00e1sico de plato hondo de estos platos de cer\u00e1mica a granel es adecuado para una serie de otras formas de poner la mesa, desde cenas familiares en casa hasta restaurantes, y puede contribuir al placer de comer y crear belleza.<\/li>\n\n\n\n<li><strong>F\u00e1cil de limpiar: <\/strong>Nuestras fuentes para servir al por mayor tienen un acabado cer\u00e1mico liso f\u00e1cil de lavar a mano y en el lavavajillas, lo que ahorra tiempo y supera las estrictas pruebas de higiene.<\/li>\n\n\n\n<li><strong>Resistente al calor y al desgaste: <\/strong>Estas placas de cer\u00e1mica a granel utilizan cer\u00e1mica de alta calidad que ofrecer\u00e1 resistencia al desgaste, resistencia al calor y resistencia al agrietamiento y se puede utilizar durante mucho tiempo con una gran apariencia, y son adecuados para un uso intensivo en restaurantes comerciales.<\/li>\n<\/ul>\n<\/div>\n\n\n\n<div class=\"wp-block-column is-vertically-aligned-center is-layout-flow wp-block-column-is-layout-flow\"><div class=\"wp-block-image\">\n<figure class=\"aligncenter size-full\"><img fetchpriority=\"high\" decoding=\"async\" width=\"750\" height=\"750\" src=\"https:\/\/www.yongjianceramic.com\/wp-content\/uploads\/2024\/08\/Catering-Deep-Serving-Platters-Wholesale-Bulk-Ceramic-Plates-6.webp\" alt=\"Catering Platos Profundos al por mayor, Platos de Cer\u00e1mica a granel-6\" class=\"wp-image-3048\" srcset=\"https:\/\/www.yongjianceramic.com\/wp-content\/uploads\/2024\/08\/Catering-Deep-Serving-Platters-Wholesale-Bulk-Ceramic-Plates-6.webp 750w, https:\/\/www.yongjianceramic.com\/wp-content\/uploads\/2024\/08\/Catering-Deep-Serving-Platters-Wholesale-Bulk-Ceramic-Plates-6-300x300.webp 300w, https:\/\/www.yongjianceramic.com\/wp-content\/uploads\/2024\/08\/Catering-Deep-Serving-Platters-Wholesale-Bulk-Ceramic-Plates-6-150x150.webp 150w, https:\/\/www.yongjianceramic.com\/wp-content\/uploads\/2024\/08\/Catering-Deep-Serving-Platters-Wholesale-Bulk-Ceramic-Plates-6-12x12.webp 12w, https:\/\/www.yongjianceramic.com\/wp-content\/uploads\/2024\/08\/Catering-Deep-Serving-Platters-Wholesale-Bulk-Ceramic-Plates-6-285x285.webp 285w, https:\/\/www.yongjianceramic.com\/wp-content\/uploads\/2024\/08\/Catering-Deep-Serving-Platters-Wholesale-Bulk-Ceramic-Plates-6-270x270.webp 270w, https:\/\/www.yongjianceramic.com\/wp-content\/uploads\/2024\/08\/Catering-Deep-Serving-Platters-Wholesale-Bulk-Ceramic-Plates-6-540x540.webp 540w, https:\/\/www.yongjianceramic.com\/wp-content\/uploads\/2024\/08\/Catering-Deep-Serving-Platters-Wholesale-Bulk-Ceramic-Plates-6-660x660.webp 660w\" sizes=\"(max-width: 750px) 100vw, 750px\" \/><\/figure>\n<\/div><\/div>\n<\/div>","protected":false},"excerpt":{"rendered":"<p>Bienvenido a comprar platos de cer\u00e1mica al por mayor. Nuestros platos de servir al por mayor son una opci\u00f3n ideal para la vajilla de comedor del hogar o de la empresa, son capaces de servir varios tipos de alimentos caldosos. Su facilidad de limpieza y su estilo bello y sencillo garantizan funcionalidad y glamour.<\/p>\n<table style=\"border-collapse: collapse; width: 365.02pt;\" border=\"0\" width=\"365\" cellspacing=\"0\" cellpadding=\"0\">\n<tbody>\n<tr style=\"height: 17.60pt;\">\n<td class=\"et3\" style=\"height: 17.60pt; width: 120.25pt;\" width=\"120\" height=\"17\">Fabricante<\/td>\n<td class=\"et3\" style=\"width: 245.25pt;\" width=\"245\">Yongjian<\/td>\n<\/tr>\n<tr style=\"height: 18.00pt;\">\n<td class=\"et3\" style=\"height: 18.00pt;\" height=\"18\">N\u00ba de modelo<\/td>\n<td class=\"et4\" style=\"width: 245.25pt;\" width=\"245\">YJ-005<\/td>\n<\/tr>\n<tr style=\"height: 18.00pt;\">\n<td class=\"et3\" style=\"height: 18.00pt;\" height=\"18\">Tipo de producto<\/td>\n<td class=\"et4\" style=\"width: 245.25pt;\" width=\"245\">Bandeja, plato hondo<\/td>\n<\/tr>\n<tr style=\"height: 17.60pt;\">\n<td class=\"et3\" style=\"height: 17.60pt;\" height=\"17\">Material<\/td>\n<td class=\"et3\">Porcelana<\/td>\n<\/tr>\n<tr style=\"height: 17.60pt;\">\n<td class=\"et5\" style=\"height: 17.60pt;\" height=\"17\">Color<\/td>\n<td class=\"et3\">Blanco\/Negro<\/td>\n<\/tr>\n<tr style=\"height: 18.00pt;\">\n<td class=\"et3\" style=\"height: 18.00pt;\" height=\"18\">Dimensi\u00f3n<\/td>\n<td class=\"et4\" style=\"width: 245.25pt;\" width=\"245\">20*20*3.8<\/td>\n<\/tr>\n<tr style=\"height: 17.60pt;\">\n<td class=\"et3\" style=\"height: 17.60pt;\" height=\"17\">MOQ<\/td>\n<td class=\"et3\">500 unidades<\/td>\n<\/tr>\n<tr style=\"height: 17.60pt;\">\n<td class=\"et3\" style=\"height: 17.60pt;\" height=\"17\">A medida<\/td>\n<td class=\"et3\">Color\/Tama\u00f1o\/Logotipo\/Embalaje<\/td>\n<\/tr>\n<\/tbody>\n<\/table>","protected":false},"featured_media":3051,"comment_status":"closed","ping_status":"closed","template":"","meta":{"_acf_changed":false},"product_brand":[],"product_cat":[77,62,76],"product_tag":[96],"class_list":{"0":"post-2464","1":"product","2":"type-product","3":"status-publish","4":"has-post-thumbnail","6":"product_cat-deep-plates-wholesale","7":"product_cat-ceramic-plates-wholesale","8":"product_cat-wholesale-serving-platters","9":"product_tag-black-white-dinnerware-wholesale","11":"first","12":"instock","13":"shipping-taxable","14":"product-type-simple"},"acf":[],"_links":{"self":[{"href":"https:\/\/www.yongjianceramic.com\/es\/wp-json\/wp\/v2\/product\/2464","targetHints":{"allow":["GET"]}}],"collection":[{"href":"https:\/\/www.yongjianceramic.com\/es\/wp-json\/wp\/v2\/product"}],"about":[{"href":"https:\/\/www.yongjianceramic.com\/es\/wp-json\/wp\/v2\/types\/product"}],"replies":[{"embeddable":true,"href":"https:\/\/www.yongjianceramic.com\/es\/wp-json\/wp\/v2\/comments?post=2464"}],"wp:featuredmedia":[{"embeddable":true,"href":"https:\/\/www.yongjianceramic.com\/es\/wp-json\/wp\/v2\/media\/3051"}],"wp:attachment":[{"href":"https:\/\/www.yongjianceramic.com\/es\/wp-json\/wp\/v2\/media?parent=2464"}],"wp:term":[{"taxonomy":"product_brand","embeddable":true,"href":"https:\/\/www.yongjianceramic.com\/es\/wp-json\/wp\/v2\/product_brand?post=2464"},{"taxonomy":"product_cat","embeddable":true,"href":"https:\/\/www.yongjianceramic.com\/es\/wp-json\/wp\/v2\/product_cat?post=2464"},{"taxonomy":"product_tag","embeddable":true,"href":"https:\/\/www.yongjianceramic.com\/es\/wp-json\/wp\/v2\/product_tag?post=2464"}],"curies":[{"name":"wp","href":"https:\/\/api.w.org\/{rel}","templated":true}]}}