{"id":2511,"date":"2024-08-28T12:13:09","date_gmt":"2024-08-28T12:13:09","guid":{"rendered":"https:\/\/www.yongjianceramic.com\/?post_type=product&#038;p=2511"},"modified":"2025-04-20T14:20:24","modified_gmt":"2025-04-20T06:20:24","slug":"tea-cups-and-saucers-wholesale","status":"publish","type":"product","link":"https:\/\/www.yongjianceramic.com\/es\/producto\/tea-cups-and-saucers-wholesale\/","title":{"rendered":"Tazas de t\u00e9 y platillos de cer\u00e1mica al por mayor a precios al por mayor"},"content":{"rendered":"<div class=\"wp-block-columns is-layout-flex wp-container-core-columns-is-layout-9d6595d7 wp-block-columns-is-layout-flex\">\n<div class=\"wp-block-column is-layout-flow wp-block-column-is-layout-flow\">\n<h2 class=\"wp-block-heading\">Tazas de T\u00e9 y Platillos Premium al por mayor Caracter\u00edsticas:<\/h2>\n\n\n\n<ul class=\"wp-block-list\">\n<li><strong>Duradera:<\/strong> Nuestras tazas y platillos de t\u00e9 al por mayor est\u00e1n fabricados en cer\u00e1mica de alta calidad, resistente a las altas temperaturas y a las grietas, con superficies lisas y delicadas, antiincrustantes y f\u00e1ciles de limpiar, y pueden permanecer brillantes y nuevos tras un uso prolongado.<\/li>\n\n\n\n<li><strong>Dise\u00f1o exquisito: <\/strong>El dise\u00f1o de estas tazas de t\u00e9 a granel suministradas por la f\u00e1brica presta atenci\u00f3n a los detalles, con formas elegantes y generosas, exquisitas y \u00fanicas, que a\u00f1aden elegancia y sabor al entorno del comedor, y es una opci\u00f3n ideal para reuniones familiares, ceremonias del t\u00e9 y banquetes formales.<\/li>\n\n\n\n<li><strong>Tacto c\u00f3modo: <\/strong>El dise\u00f1o de nuestras tazas y platillos de t\u00e9 al por mayor es ergon\u00f3mico, c\u00f3modo de sostener, y el tama\u00f1o del platillo es moderado, f\u00e1cil de sujetar, lo que permite disfrutar mejor del t\u00e9 y el caf\u00e9.<\/li>\n\n\n\n<li><strong>Variedad de colores: <\/strong>Proporcionamos una variedad de opciones de color para las tazas de t\u00e9 a granel para satisfacer las necesidades de diferentes estilos y ocasiones, adecuadas para varios estilos de decoraci\u00f3n de restaurantes y hogares.<\/li>\n<\/ul>\n<\/div>\n\n\n\n<div class=\"wp-block-column is-vertically-aligned-center is-layout-flow wp-block-column-is-layout-flow\"><div class=\"wp-block-image\">\n<figure class=\"aligncenter size-full\"><img fetchpriority=\"high\" decoding=\"async\" width=\"800\" height=\"800\" src=\"https:\/\/www.yongjianceramic.com\/wp-content\/uploads\/2024\/08\/Premium-Ceramic-Tea-Cups-and-Saucers-Wholesale-at-Bulk-Price-3-1.webp\" alt=\"Tazas de t\u00e9 y platillos de cer\u00e1mica al por mayor a granel Precio-3\" class=\"wp-image-3054\" srcset=\"https:\/\/www.yongjianceramic.com\/wp-content\/uploads\/2024\/08\/Premium-Ceramic-Tea-Cups-and-Saucers-Wholesale-at-Bulk-Price-3-1.webp 800w, https:\/\/www.yongjianceramic.com\/wp-content\/uploads\/2024\/08\/Premium-Ceramic-Tea-Cups-and-Saucers-Wholesale-at-Bulk-Price-3-1-300x300.webp 300w, https:\/\/www.yongjianceramic.com\/wp-content\/uploads\/2024\/08\/Premium-Ceramic-Tea-Cups-and-Saucers-Wholesale-at-Bulk-Price-3-1-150x150.webp 150w, https:\/\/www.yongjianceramic.com\/wp-content\/uploads\/2024\/08\/Premium-Ceramic-Tea-Cups-and-Saucers-Wholesale-at-Bulk-Price-3-1-768x768.webp 768w, https:\/\/www.yongjianceramic.com\/wp-content\/uploads\/2024\/08\/Premium-Ceramic-Tea-Cups-and-Saucers-Wholesale-at-Bulk-Price-3-1-12x12.webp 12w, https:\/\/www.yongjianceramic.com\/wp-content\/uploads\/2024\/08\/Premium-Ceramic-Tea-Cups-and-Saucers-Wholesale-at-Bulk-Price-3-1-285x285.webp 285w, https:\/\/www.yongjianceramic.com\/wp-content\/uploads\/2024\/08\/Premium-Ceramic-Tea-Cups-and-Saucers-Wholesale-at-Bulk-Price-3-1-270x270.webp 270w, https:\/\/www.yongjianceramic.com\/wp-content\/uploads\/2024\/08\/Premium-Ceramic-Tea-Cups-and-Saucers-Wholesale-at-Bulk-Price-3-1-540x540.webp 540w, https:\/\/www.yongjianceramic.com\/wp-content\/uploads\/2024\/08\/Premium-Ceramic-Tea-Cups-and-Saucers-Wholesale-at-Bulk-Price-3-1-660x660.webp 660w\" sizes=\"(max-width: 800px) 100vw, 800px\" \/><\/figure>\n<\/div><\/div>\n<\/div>","protected":false},"excerpt":{"rendered":"<p>Bienvenido a comprar tazas y platillos de cer\u00e1mica. Nuestras tazas y platillos de t\u00e9 al por mayor se han convertido en imprescindibles en ceremonias del t\u00e9, cafeter\u00edas y servicios de catering gracias a sus materiales de alta calidad, exquisitos dise\u00f1os y diversas opciones de color. Ya sea para uso diario en casa o para compras al por mayor en restaurantes y casas de t\u00e9 de alta gama, pueden mejorar la experiencia de beber t\u00e9.<\/p>\n<table style=\"border-collapse: collapse; width: 275.02pt;\" border=\"0\" width=\"275\" cellspacing=\"0\" cellpadding=\"0\">\n<tbody>\n<tr style=\"height: 17.60pt;\">\n<td class=\"et3\" style=\"height: 17.60pt; width: 108.35pt;\" width=\"108\" height=\"17\">Fabricante<\/td>\n<td class=\"et3\" style=\"width: 167.10pt;\" width=\"167\">Yongjian<\/td>\n<\/tr>\n<tr style=\"height: 18.00pt;\">\n<td class=\"et3\" style=\"height: 18.00pt;\" height=\"18\">N\u00ba de modelo<\/td>\n<td class=\"et4\" style=\"width: 167.10pt;\" width=\"167\">YJ-047<\/td>\n<\/tr>\n<tr style=\"height: 17.60pt;\">\n<td class=\"et3\" style=\"height: 17.60pt;\" height=\"17\">Tipo de producto<\/td>\n<td class=\"et3\">Tazas y platillos<\/td>\n<\/tr>\n<tr style=\"height: 17.60pt;\">\n<td class=\"et3\" style=\"height: 17.60pt;\" height=\"17\">Material<\/td>\n<td class=\"et3\">Porcelana<\/td>\n<\/tr>\n<tr style=\"height: 17.60pt;\">\n<td class=\"et6\" style=\"height: 17.60pt;\" height=\"17\">Color<\/td>\n<td class=\"et3\">Como imagen<\/td>\n<\/tr>\n<tr style=\"height: 36.00pt;\">\n<td class=\"et3\" style=\"height: 36.00pt;\" height=\"36\">Dimensi\u00f3n<\/td>\n<td class=\"et7\" style=\"width: 167.10pt;\" width=\"167\">Copa:10*6,5<br \/>Platillo:17.8*14.7<\/td>\n<\/tr>\n<tr style=\"height: 17.60pt;\">\n<td class=\"et3\" style=\"height: 17.60pt;\" height=\"17\">MOQ<\/td>\n<td class=\"et3\">500 unidades<\/td>\n<\/tr>\n<tr style=\"height: 17.60pt;\">\n<td class=\"et3\" style=\"height: 17.60pt;\" height=\"17\">A medida<\/td>\n<td class=\"et3\">Color\/Tama\u00f1o\/Logotipo\/Embalaje<\/td>\n<\/tr>\n<\/tbody>\n<\/table>","protected":false},"featured_media":3053,"comment_status":"closed","ping_status":"closed","template":"","meta":{"_acf_changed":false},"product_brand":[],"product_cat":[78,65],"product_tag":[81],"class_list":{"0":"post-2511","1":"product","2":"type-product","3":"status-publish","4":"has-post-thumbnail","6":"product_cat-tea-cups-with-saucers-wholesale","7":"product_cat-wholesale-cups-and-mugs","8":"product_tag-modern-design-dinnerware-set-wholesale","10":"first","11":"instock","12":"shipping-taxable","13":"product-type-simple"},"acf":[],"_links":{"self":[{"href":"https:\/\/www.yongjianceramic.com\/es\/wp-json\/wp\/v2\/product\/2511","targetHints":{"allow":["GET"]}}],"collection":[{"href":"https:\/\/www.yongjianceramic.com\/es\/wp-json\/wp\/v2\/product"}],"about":[{"href":"https:\/\/www.yongjianceramic.com\/es\/wp-json\/wp\/v2\/types\/product"}],"replies":[{"embeddable":true,"href":"https:\/\/www.yongjianceramic.com\/es\/wp-json\/wp\/v2\/comments?post=2511"}],"wp:featuredmedia":[{"embeddable":true,"href":"https:\/\/www.yongjianceramic.com\/es\/wp-json\/wp\/v2\/media\/3053"}],"wp:attachment":[{"href":"https:\/\/www.yongjianceramic.com\/es\/wp-json\/wp\/v2\/media?parent=2511"}],"wp:term":[{"taxonomy":"product_brand","embeddable":true,"href":"https:\/\/www.yongjianceramic.com\/es\/wp-json\/wp\/v2\/product_brand?post=2511"},{"taxonomy":"product_cat","embeddable":true,"href":"https:\/\/www.yongjianceramic.com\/es\/wp-json\/wp\/v2\/product_cat?post=2511"},{"taxonomy":"product_tag","embeddable":true,"href":"https:\/\/www.yongjianceramic.com\/es\/wp-json\/wp\/v2\/product_tag?post=2511"}],"curies":[{"name":"wp","href":"https:\/\/api.w.org\/{rel}","templated":true}]}}