{"id":2540,"date":"2024-08-28T14:04:50","date_gmt":"2024-08-28T14:04:50","guid":{"rendered":"https:\/\/www.yongjianceramic.com\/?post_type=product&#038;p=2540"},"modified":"2024-11-01T11:43:42","modified_gmt":"2024-11-01T03:43:42","slug":"ceramic-mini-spoons-bulk","status":"publish","type":"product","link":"https:\/\/www.yongjianceramic.com\/es\/producto\/ceramic-mini-spoons-bulk\/","title":{"rendered":"Mini Cucharas de Cer\u00e1mica a Granel, Cucharas Peque\u00f1as para Hosteler\u00eda al por Mayor"},"content":{"rendered":"<div class=\"wp-block-columns is-layout-flex wp-container-core-columns-is-layout-9d6595d7 wp-block-columns-is-layout-flex\">\n<div class=\"wp-block-column is-layout-flow wp-block-column-is-layout-flow\">\n<h2 class=\"wp-block-heading\">Mini Cucharas Premium a Granel Caracter\u00edsticas:<\/h2>\n\n\n\n<ul class=\"wp-block-list\">\n<li><strong>Materias primas de primera calidad:<\/strong> Estas mini cucharas a granel est\u00e1n hechas de cer\u00e1mica de alta calidad con buena resistencia al calor y al agrietamiento, y la superficie es lisa y delicada, lo que garantiza que sigan siendo bonitas y pr\u00e1cticas tras un uso prolongado.<\/li>\n\n\n\n<li><strong>Polivalente:<\/strong> Estas cucharas peque\u00f1as para catering al por mayor son adecuadas para una gran variedad de ocasiones, como servir condimentos, degustar aperitivos, servir t\u00e9 y caf\u00e9 o decorar postres. Son una vajilla multiusos esencial en el sector de la restauraci\u00f3n.<\/li>\n\n\n\n<li><strong>Exquisito y compacto: <\/strong>El exquisito dise\u00f1o y el peque\u00f1o tama\u00f1o de nuestras minicucharas a granel hacen que sean f\u00e1ciles de transportar y adecuadas para exponerlas en la mesa del comedor. Quedan perfectas con todo tipo de vajillas, a\u00f1adiendo un toque de sofisticaci\u00f3n a banquetes, caf\u00e9s o reuniones familiares.<\/li>\n\n\n\n<li><strong>F\u00e1cil mantenimiento: <\/strong>Estas cucharas peque\u00f1as de cer\u00e1mica al por mayor son f\u00e1ciles de limpiar, con una superficie lisa que no deja f\u00e1cilmente restos de comida. Admiten el lavado a mano y en lavavajillas, son de f\u00e1cil mantenimiento y cumplen elevados requisitos de higiene.<\/li>\n<\/ul>\n<\/div>\n\n\n\n<div class=\"wp-block-column is-vertically-aligned-center is-layout-flow wp-block-column-is-layout-flow\"><div class=\"wp-block-image\">\n<figure class=\"aligncenter size-full\"><img fetchpriority=\"high\" decoding=\"async\" width=\"750\" height=\"750\" src=\"https:\/\/www.yongjianceramic.com\/wp-content\/uploads\/2024\/08\/Ceramic-Mini-Spoons-Bulk-Wholesale-Catering-Small-Spoons-6.webp\" alt=\"Mini Cucharas de Cer\u00e1mica a Granel, Cucharas Peque\u00f1as para Hosteler\u00eda al por Mayor-6\" class=\"wp-image-3086\" srcset=\"https:\/\/www.yongjianceramic.com\/wp-content\/uploads\/2024\/08\/Ceramic-Mini-Spoons-Bulk-Wholesale-Catering-Small-Spoons-6.webp 750w, https:\/\/www.yongjianceramic.com\/wp-content\/uploads\/2024\/08\/Ceramic-Mini-Spoons-Bulk-Wholesale-Catering-Small-Spoons-6-300x300.webp 300w, https:\/\/www.yongjianceramic.com\/wp-content\/uploads\/2024\/08\/Ceramic-Mini-Spoons-Bulk-Wholesale-Catering-Small-Spoons-6-150x150.webp 150w, https:\/\/www.yongjianceramic.com\/wp-content\/uploads\/2024\/08\/Ceramic-Mini-Spoons-Bulk-Wholesale-Catering-Small-Spoons-6-12x12.webp 12w, https:\/\/www.yongjianceramic.com\/wp-content\/uploads\/2024\/08\/Ceramic-Mini-Spoons-Bulk-Wholesale-Catering-Small-Spoons-6-285x285.webp 285w, https:\/\/www.yongjianceramic.com\/wp-content\/uploads\/2024\/08\/Ceramic-Mini-Spoons-Bulk-Wholesale-Catering-Small-Spoons-6-270x270.webp 270w, https:\/\/www.yongjianceramic.com\/wp-content\/uploads\/2024\/08\/Ceramic-Mini-Spoons-Bulk-Wholesale-Catering-Small-Spoons-6-540x540.webp 540w, https:\/\/www.yongjianceramic.com\/wp-content\/uploads\/2024\/08\/Ceramic-Mini-Spoons-Bulk-Wholesale-Catering-Small-Spoons-6-660x660.webp 660w\" sizes=\"(max-width: 750px) 100vw, 750px\" \/><\/figure>\n<\/div><\/div>\n<\/div>","protected":false},"excerpt":{"rendered":"<p>Bienvenido a comprar cucharas a granel. Estas mini cucharas de cer\u00e1mica al por mayor son ideales para hosteler\u00eda y uso dom\u00e9stico por sus materiales de alta calidad, sus usos multifuncionales y su dise\u00f1o exquisito y compacto. Son excelentes productos de vajilla para comprar al por mayor.<\/p>\n<table style=\"border-collapse: collapse; width: 275.02pt;\" border=\"0\" width=\"275\" cellspacing=\"0\" cellpadding=\"0\">\n<tbody>\n<tr style=\"height: 17.60pt;\">\n<td class=\"et3\" style=\"height: 17.60pt; width: 108.35pt;\" width=\"108\" height=\"17\">Fabricante<\/td>\n<td class=\"et3\" style=\"width: 167.10pt;\" width=\"167\">Yongjian<\/td>\n<\/tr>\n<tr style=\"height: 18.00pt;\">\n<td class=\"et3\" style=\"height: 18.00pt;\" height=\"18\">N\u00ba de modelo<\/td>\n<td class=\"et4\" style=\"width: 167.10pt;\" width=\"167\">YJ-051<\/td>\n<\/tr>\n<tr style=\"height: 17.60pt;\">\n<td class=\"et3\" style=\"height: 17.60pt;\" height=\"17\">Tipo de producto<\/td>\n<td class=\"et3\">Mini cucharas<\/td>\n<\/tr>\n<tr style=\"height: 17.60pt;\">\n<td class=\"et3\" style=\"height: 17.60pt;\" height=\"17\">Material<\/td>\n<td class=\"et3\">Porcelana<\/td>\n<\/tr>\n<tr style=\"height: 17.60pt;\">\n<td class=\"et6\" style=\"height: 17.60pt;\" height=\"17\">Color<\/td>\n<td class=\"et3\">Blanco\/Negro<\/td>\n<\/tr>\n<tr style=\"height: 17.60pt;\">\n<td class=\"et3\" style=\"height: 17.60pt;\" height=\"17\">Dimensi\u00f3n<\/td>\n<td class=\"et3\">17*5<\/td>\n<\/tr>\n<tr style=\"height: 17.60pt;\">\n<td class=\"et3\" style=\"height: 17.60pt;\" height=\"17\">MOQ<\/td>\n<td class=\"et3\">500 unidades<\/td>\n<\/tr>\n<tr style=\"height: 17.60pt;\">\n<td class=\"et3\" style=\"height: 17.60pt;\" height=\"17\">A medida<\/td>\n<td class=\"et3\">Color\/Tama\u00f1o\/Logotipo\/Embalaje<\/td>\n<\/tr>\n<\/tbody>\n<\/table>","protected":false},"featured_media":3083,"comment_status":"closed","ping_status":"closed","template":"","meta":{"_acf_changed":false},"product_brand":[],"product_cat":[80,89],"product_tag":[96],"class_list":{"0":"post-2540","1":"product","2":"type-product","3":"status-publish","4":"has-post-thumbnail","6":"product_cat-wholesale-ceramic-cutlery","7":"product_cat-ceramic-bulk-spoons","8":"product_tag-black-white-dinnerware-wholesale","10":"first","11":"instock","12":"shipping-taxable","13":"product-type-simple"},"acf":[],"_links":{"self":[{"href":"https:\/\/www.yongjianceramic.com\/es\/wp-json\/wp\/v2\/product\/2540","targetHints":{"allow":["GET"]}}],"collection":[{"href":"https:\/\/www.yongjianceramic.com\/es\/wp-json\/wp\/v2\/product"}],"about":[{"href":"https:\/\/www.yongjianceramic.com\/es\/wp-json\/wp\/v2\/types\/product"}],"replies":[{"embeddable":true,"href":"https:\/\/www.yongjianceramic.com\/es\/wp-json\/wp\/v2\/comments?post=2540"}],"wp:featuredmedia":[{"embeddable":true,"href":"https:\/\/www.yongjianceramic.com\/es\/wp-json\/wp\/v2\/media\/3083"}],"wp:attachment":[{"href":"https:\/\/www.yongjianceramic.com\/es\/wp-json\/wp\/v2\/media?parent=2540"}],"wp:term":[{"taxonomy":"product_brand","embeddable":true,"href":"https:\/\/www.yongjianceramic.com\/es\/wp-json\/wp\/v2\/product_brand?post=2540"},{"taxonomy":"product_cat","embeddable":true,"href":"https:\/\/www.yongjianceramic.com\/es\/wp-json\/wp\/v2\/product_cat?post=2540"},{"taxonomy":"product_tag","embeddable":true,"href":"https:\/\/www.yongjianceramic.com\/es\/wp-json\/wp\/v2\/product_tag?post=2540"}],"curies":[{"name":"wp","href":"https:\/\/api.w.org\/{rel}","templated":true}]}}