{"id":2653,"date":"2024-08-29T02:36:26","date_gmt":"2024-08-29T02:36:26","guid":{"rendered":"https:\/\/www.yongjianceramic.com\/?post_type=product&#038;p=2653"},"modified":"2025-03-01T17:45:10","modified_gmt":"2025-03-01T09:45:10","slug":"retro-dinnerware-plates-wholesale","status":"publish","type":"product","link":"https:\/\/www.yongjianceramic.com\/es\/producto\/retro-dinnerware-plates-wholesale\/","title":{"rendered":"Platos de Vajilla Retro al por mayor, Taz\u00f3n y Plato de Cer\u00e1mica Azul"},"content":{"rendered":"<div class=\"wp-block-columns is-layout-flex wp-container-core-columns-is-layout-9d6595d7 wp-block-columns-is-layout-flex\">\n<div class=\"wp-block-column is-layout-flow wp-block-column-is-layout-flow\">\n<h2 class=\"wp-block-heading\">Premium Retro Vajilla Platos al por mayor Caracter\u00edsticas:<\/h2>\n\n\n\n<ul class=\"wp-block-list\">\n<li><strong>Estilo retro:<\/strong> Estos platos de vajilla retro tienen un delicado dibujo con la cl\u00e1sica combinaci\u00f3n de colores azul y blanco y dise\u00f1os vintage, que crean un ambiente tradicional y lujoso en la mesa, por lo que son muy adecuados para cenas en muchas ocasiones.<\/li>\n\n\n\n<li><strong>Larga vida \u00fatil: <\/strong>Nuestras vajillas al por mayor est\u00e1n hechas de cer\u00e1mica de alta calidad que posee cierta resistencia al calor y dureza, por lo que la vajilla es dif\u00edcil de rayar y romper en el uso regular, y tiene una larga vida \u00fatil, especialmente para ser utilizado muchas veces en la industria de la restauraci\u00f3n.<\/li>\n\n\n\n<li><strong>Categor\u00edas completas de vajilla: <\/strong>Dentro de esta colecci\u00f3n de juegos de vajilla al por mayor, se han incluido platos y cuencos, que se pueden utilizar para poner y servir diversos alimentos.<\/li>\n\n\n\n<li><strong>F\u00e1cil de limpiar:<\/strong> La superficie lisa de cer\u00e1mica de nuestros platos de vajilla retro al por mayor hace que la vajilla sea f\u00e1cil de limpiar, es f\u00e1cil de lavar a mano y de limpiar en el lavavajillas, y no es f\u00e1cil de manchar y oler, lo que es conveniente para el mantenimiento diario y mantiene la vajilla higi\u00e9nica y hermosa.<\/li>\n<\/ul>\n<\/div>\n\n\n\n<div class=\"wp-block-column is-vertically-aligned-center is-layout-flow wp-block-column-is-layout-flow\"><div class=\"wp-block-image\">\n<figure class=\"aligncenter size-full\"><img fetchpriority=\"high\" decoding=\"async\" width=\"800\" height=\"800\" src=\"https:\/\/www.yongjianceramic.com\/wp-content\/uploads\/2024\/08\/Retro-Dinnerware-Plates-Wholesale-Blue-Ceramic-Bowl-Plate-4.webp\" alt=\"Platos de Vajilla Retro al por mayor, Taz\u00f3n y Plato de Cer\u00e1mica Azul-4\" class=\"wp-image-3101\" srcset=\"https:\/\/www.yongjianceramic.com\/wp-content\/uploads\/2024\/08\/Retro-Dinnerware-Plates-Wholesale-Blue-Ceramic-Bowl-Plate-4.webp 800w, https:\/\/www.yongjianceramic.com\/wp-content\/uploads\/2024\/08\/Retro-Dinnerware-Plates-Wholesale-Blue-Ceramic-Bowl-Plate-4-300x300.webp 300w, https:\/\/www.yongjianceramic.com\/wp-content\/uploads\/2024\/08\/Retro-Dinnerware-Plates-Wholesale-Blue-Ceramic-Bowl-Plate-4-150x150.webp 150w, https:\/\/www.yongjianceramic.com\/wp-content\/uploads\/2024\/08\/Retro-Dinnerware-Plates-Wholesale-Blue-Ceramic-Bowl-Plate-4-768x768.webp 768w, https:\/\/www.yongjianceramic.com\/wp-content\/uploads\/2024\/08\/Retro-Dinnerware-Plates-Wholesale-Blue-Ceramic-Bowl-Plate-4-12x12.webp 12w, https:\/\/www.yongjianceramic.com\/wp-content\/uploads\/2024\/08\/Retro-Dinnerware-Plates-Wholesale-Blue-Ceramic-Bowl-Plate-4-285x285.webp 285w, https:\/\/www.yongjianceramic.com\/wp-content\/uploads\/2024\/08\/Retro-Dinnerware-Plates-Wholesale-Blue-Ceramic-Bowl-Plate-4-270x270.webp 270w, https:\/\/www.yongjianceramic.com\/wp-content\/uploads\/2024\/08\/Retro-Dinnerware-Plates-Wholesale-Blue-Ceramic-Bowl-Plate-4-540x540.webp 540w, https:\/\/www.yongjianceramic.com\/wp-content\/uploads\/2024\/08\/Retro-Dinnerware-Plates-Wholesale-Blue-Ceramic-Bowl-Plate-4-660x660.webp 660w\" sizes=\"(max-width: 800px) 100vw, 800px\" \/><\/figure>\n<\/div><\/div>\n<\/div>","protected":false},"excerpt":{"rendered":"<p>Bienvenido a comprar juegos de vajilla al por mayor. Estos platos y cuencos de vajilla retro al por mayor ofrecen opciones bellas y funcionales para diversas ocasiones. F\u00e1ciles de limpiar y duraderos, son ideales para restaurantes y uso dom\u00e9stico.<\/p>\n<table style=\"border-collapse: collapse; width: 309.02pt;\" border=\"0\" width=\"309\" cellspacing=\"0\" cellpadding=\"0\">\n<tbody>\n<tr style=\"height: 17.60pt;\">\n<td class=\"et3\" style=\"height: 17.60pt; width: 120.25pt;\" width=\"120\" height=\"17\">Fabricante<\/td>\n<td class=\"et3\" style=\"width: 189.25pt;\" width=\"189\">Yongjian<\/td>\n<\/tr>\n<tr style=\"height: 18.00pt;\">\n<td class=\"et3\" style=\"height: 18.00pt;\" height=\"18\">N\u00ba de modelo<\/td>\n<td class=\"et4\" style=\"width: 189.25pt;\" width=\"189\">YJ-053<\/td>\n<\/tr>\n<tr style=\"height: 18.00pt;\">\n<td class=\"et5\" style=\"height: 18.00pt; width: 120.25pt;\" width=\"120\" height=\"18\">Tipo de vajilla<\/td>\n<td class=\"et5\" style=\"width: 189.25pt;\" width=\"189\">Bandejas, Platos, Cuencos<\/td>\n<\/tr>\n<tr style=\"height: 17.60pt;\">\n<td class=\"et3\" style=\"height: 17.60pt;\" height=\"17\">T\u00e9cnica<\/td>\n<td class=\"et3\">Efecto esmaltado en horno<\/td>\n<\/tr>\n<tr style=\"height: 17.60pt;\">\n<td class=\"et3\" style=\"height: 17.60pt;\" height=\"17\">Material<\/td>\n<td class=\"et3\">Porcelana<\/td>\n<\/tr>\n<tr style=\"height: 36.00pt;\">\n<td class=\"et6\" style=\"height: 36.00pt;\" height=\"36\">Aplicable<\/td>\n<td class=\"et5\" style=\"width: 189.25pt;\" width=\"189\">Esterilizador, Lavavajillas, Horno, Microondas<\/td>\n<\/tr>\n<tr style=\"height: 17.60pt;\">\n<td class=\"et3\" style=\"height: 17.60pt;\" height=\"17\">Dimensi\u00f3n<\/td>\n<td class=\"et3\">Como imagen<\/td>\n<\/tr>\n<tr style=\"height: 17.60pt;\">\n<td class=\"et3\" style=\"height: 17.60pt;\" height=\"17\">MOQ<\/td>\n<td class=\"et3\">500 unidades<\/td>\n<\/tr>\n<tr style=\"height: 17.60pt;\">\n<td class=\"et3\" style=\"height: 17.60pt;\" height=\"17\">A medida<\/td>\n<td class=\"et3\">Color\/Tama\u00f1o\/Logotipo\/Embalaje<\/td>\n<\/tr>\n<\/tbody>\n<\/table>","protected":false},"featured_media":3099,"comment_status":"closed","ping_status":"closed","template":"","meta":{"_acf_changed":false},"product_brand":[],"product_cat":[64,83],"product_tag":[84],"class_list":{"0":"post-2653","1":"product","2":"type-product","3":"status-publish","4":"has-post-thumbnail","6":"product_cat-dinnerware-sets","7":"product_cat-dinner-sets-wholesale","8":"product_tag-retro-design-dinnerware-wholesale","10":"first","11":"instock","12":"shipping-taxable","13":"product-type-simple"},"acf":[],"_links":{"self":[{"href":"https:\/\/www.yongjianceramic.com\/es\/wp-json\/wp\/v2\/product\/2653","targetHints":{"allow":["GET"]}}],"collection":[{"href":"https:\/\/www.yongjianceramic.com\/es\/wp-json\/wp\/v2\/product"}],"about":[{"href":"https:\/\/www.yongjianceramic.com\/es\/wp-json\/wp\/v2\/types\/product"}],"replies":[{"embeddable":true,"href":"https:\/\/www.yongjianceramic.com\/es\/wp-json\/wp\/v2\/comments?post=2653"}],"wp:featuredmedia":[{"embeddable":true,"href":"https:\/\/www.yongjianceramic.com\/es\/wp-json\/wp\/v2\/media\/3099"}],"wp:attachment":[{"href":"https:\/\/www.yongjianceramic.com\/es\/wp-json\/wp\/v2\/media?parent=2653"}],"wp:term":[{"taxonomy":"product_brand","embeddable":true,"href":"https:\/\/www.yongjianceramic.com\/es\/wp-json\/wp\/v2\/product_brand?post=2653"},{"taxonomy":"product_cat","embeddable":true,"href":"https:\/\/www.yongjianceramic.com\/es\/wp-json\/wp\/v2\/product_cat?post=2653"},{"taxonomy":"product_tag","embeddable":true,"href":"https:\/\/www.yongjianceramic.com\/es\/wp-json\/wp\/v2\/product_tag?post=2653"}],"curies":[{"name":"wp","href":"https:\/\/api.w.org\/{rel}","templated":true}]}}