{"id":2666,"date":"2024-08-29T02:55:48","date_gmt":"2024-08-29T02:55:48","guid":{"rendered":"https:\/\/www.yongjianceramic.com\/?post_type=product&#038;p=2666"},"modified":"2025-03-01T17:55:21","modified_gmt":"2025-03-01T09:55:21","slug":"oriental-wholesale-dinnerware-set","status":"publish","type":"product","link":"https:\/\/www.yongjianceramic.com\/es\/producto\/oriental-wholesale-dinnerware-set\/","title":{"rendered":"Vajilla Mayorista Oriental, Plato y Bol en Forma de Hoja de Loto"},"content":{"rendered":"<div class=\"wp-block-columns is-layout-flex wp-container-core-columns-is-layout-9d6595d7 wp-block-columns-is-layout-flex\">\n<div class=\"wp-block-column is-layout-flow wp-block-column-is-layout-flow\">\n<h2 class=\"wp-block-heading\">Premium Oriental Vajilla al por mayor Caracter\u00edsticas:<\/h2>\n\n\n\n<ul class=\"wp-block-list\">\n<li><strong>Dise\u00f1o oriental: <\/strong>Esta vajilla oriental al por mayor aplica un nuevo estilo de dise\u00f1o en forma de hoja de loto, que se inspira en el mundo natural de la cultura oriental, y proporciona un aspecto elegante y a la moda.<\/li>\n\n\n\n<li><strong>Delicadamente elaborado: <\/strong>Cada plato y cuenco de nuestro juego de vajilla al por mayor est\u00e1 delicadamente elaborado utilizando cer\u00e1mica de alta calidad, que es resistente al desgaste y dura, posee una fina resistencia a los ara\u00f1azos y al calor, y por lo tanto puede ser duradera y conservar la belleza y la utilidad durante el uso a largo plazo.<\/li>\n\n\n\n<li><strong>Combinaci\u00f3n de vajilla perfecta:<\/strong> Nuestra vajilla oriental al por mayor incluye cuencos y platos en forma de hoja de loto, ideales para servir numerosos platos, desde sopas y ensaladas hasta platos principales. Por su gran versatilidad, es el m\u00e1s adecuado para banquetes, comidas en restaurantes y cenas familiares.<\/li>\n\n\n\n<li><strong>F\u00e1cil de limpiar: <\/strong>La superficie lisa de cer\u00e1mica de esta vajilla al por mayor es f\u00e1cil de limpiar, no es propensa a dejar restos de comida, y puede lavarse a mano o en el lavavajillas, ahorrando tiempo y energ\u00eda de limpieza, y manteniendo la vajilla limpia y bella.<\/li>\n<\/ul>\n<\/div>\n\n\n\n<div class=\"wp-block-column is-vertically-aligned-center is-layout-flow wp-block-column-is-layout-flow\"><div class=\"wp-block-image\">\n<figure class=\"aligncenter size-full\"><img fetchpriority=\"high\" decoding=\"async\" width=\"800\" height=\"800\" src=\"https:\/\/www.yongjianceramic.com\/wp-content\/uploads\/2024\/08\/Oriental-Wholesale-Dinnerware-Set-Lotus-Leaf-Shape-Bowl-Plate-5.webp\" alt=\"Vajilla Mayorista Oriental, Taz\u00f3n y Plato en Forma de Hoja de Loto-5\" class=\"wp-image-3108\" srcset=\"https:\/\/www.yongjianceramic.com\/wp-content\/uploads\/2024\/08\/Oriental-Wholesale-Dinnerware-Set-Lotus-Leaf-Shape-Bowl-Plate-5.webp 800w, https:\/\/www.yongjianceramic.com\/wp-content\/uploads\/2024\/08\/Oriental-Wholesale-Dinnerware-Set-Lotus-Leaf-Shape-Bowl-Plate-5-300x300.webp 300w, https:\/\/www.yongjianceramic.com\/wp-content\/uploads\/2024\/08\/Oriental-Wholesale-Dinnerware-Set-Lotus-Leaf-Shape-Bowl-Plate-5-150x150.webp 150w, https:\/\/www.yongjianceramic.com\/wp-content\/uploads\/2024\/08\/Oriental-Wholesale-Dinnerware-Set-Lotus-Leaf-Shape-Bowl-Plate-5-768x768.webp 768w, https:\/\/www.yongjianceramic.com\/wp-content\/uploads\/2024\/08\/Oriental-Wholesale-Dinnerware-Set-Lotus-Leaf-Shape-Bowl-Plate-5-12x12.webp 12w, https:\/\/www.yongjianceramic.com\/wp-content\/uploads\/2024\/08\/Oriental-Wholesale-Dinnerware-Set-Lotus-Leaf-Shape-Bowl-Plate-5-285x285.webp 285w, https:\/\/www.yongjianceramic.com\/wp-content\/uploads\/2024\/08\/Oriental-Wholesale-Dinnerware-Set-Lotus-Leaf-Shape-Bowl-Plate-5-270x270.webp 270w, https:\/\/www.yongjianceramic.com\/wp-content\/uploads\/2024\/08\/Oriental-Wholesale-Dinnerware-Set-Lotus-Leaf-Shape-Bowl-Plate-5-540x540.webp 540w, https:\/\/www.yongjianceramic.com\/wp-content\/uploads\/2024\/08\/Oriental-Wholesale-Dinnerware-Set-Lotus-Leaf-Shape-Bowl-Plate-5-660x660.webp 660w\" sizes=\"(max-width: 800px) 100vw, 800px\" \/><\/figure>\n<\/div><\/div>\n<\/div>","protected":false},"excerpt":{"rendered":"<p>Bienvenido a comprar vajilla al por mayor. Este juego de vajilla oriental al por mayor aplica un dise\u00f1o en forma de hoja de loto, fusionando elementos naturales con artesan\u00eda contempor\u00e1nea, proporcionando una experiencia gastron\u00f3mica que es a la vez funcional y hermosa.<\/p>\n<table style=\"border-collapse: collapse; width: 309.02pt;\" border=\"0\" width=\"309\" cellspacing=\"0\" cellpadding=\"0\">\n<tbody>\n<tr style=\"height: 17.60pt;\">\n<td class=\"et3\" style=\"height: 17.60pt; width: 120.25pt;\" width=\"120\" height=\"17\">Fabricante<\/td>\n<td class=\"et3\" style=\"width: 189.25pt;\" width=\"189\">Yongjian<\/td>\n<\/tr>\n<tr style=\"height: 18.00pt;\">\n<td class=\"et3\" style=\"height: 18.00pt;\" height=\"18\">N\u00ba de modelo<\/td>\n<td class=\"et4\" style=\"width: 189.25pt;\" width=\"189\">YJ-054<\/td>\n<\/tr>\n<tr style=\"height: 18.00pt;\">\n<td class=\"et5\" style=\"height: 18.00pt; width: 120.25pt;\" width=\"120\" height=\"18\">Tipo de vajilla<\/td>\n<td class=\"et5\" style=\"width: 189.25pt;\" width=\"189\">Bandejas, Platos, Cuencos<\/td>\n<\/tr>\n<tr style=\"height: 17.60pt;\">\n<td class=\"et3\" style=\"height: 17.60pt;\" height=\"17\">T\u00e9cnica<\/td>\n<td class=\"et3\">Efecto esmaltado en horno<\/td>\n<\/tr>\n<tr style=\"height: 17.60pt;\">\n<td class=\"et3\" style=\"height: 17.60pt;\" height=\"17\">Material<\/td>\n<td class=\"et3\">Porcelana<\/td>\n<\/tr>\n<tr style=\"height: 36.00pt;\">\n<td class=\"et6\" style=\"height: 36.00pt;\" height=\"36\">Aplicable<\/td>\n<td class=\"et5\" style=\"width: 189.25pt;\" width=\"189\">Esterilizador, Lavavajillas, Horno, Microondas<\/td>\n<\/tr>\n<tr style=\"height: 17.60pt;\">\n<td class=\"et3\" style=\"height: 17.60pt;\" height=\"17\">Dimensi\u00f3n<\/td>\n<td class=\"et3\">Como imagen<\/td>\n<\/tr>\n<tr style=\"height: 17.60pt;\">\n<td class=\"et3\" style=\"height: 17.60pt;\" height=\"17\">MOQ<\/td>\n<td class=\"et3\">500 unidades<\/td>\n<\/tr>\n<tr style=\"height: 17.60pt;\">\n<td class=\"et3\" style=\"height: 17.60pt;\" height=\"17\">A medida<\/td>\n<td class=\"et3\">Color\/Tama\u00f1o\/Logotipo\/Embalaje<\/td>\n<\/tr>\n<\/tbody>\n<\/table>","protected":false},"featured_media":3104,"comment_status":"closed","ping_status":"closed","template":"","meta":{"_acf_changed":false},"product_brand":[],"product_cat":[64,85],"product_tag":[86],"class_list":{"0":"post-2666","1":"product","2":"type-product","3":"status-publish","4":"has-post-thumbnail","6":"product_cat-dinnerware-sets","7":"product_cat-wholesale-dinnerware-sets","8":"product_tag-oriental-style-dinnerware-wholesale","10":"first","11":"instock","12":"shipping-taxable","13":"product-type-simple"},"acf":[],"_links":{"self":[{"href":"https:\/\/www.yongjianceramic.com\/es\/wp-json\/wp\/v2\/product\/2666","targetHints":{"allow":["GET"]}}],"collection":[{"href":"https:\/\/www.yongjianceramic.com\/es\/wp-json\/wp\/v2\/product"}],"about":[{"href":"https:\/\/www.yongjianceramic.com\/es\/wp-json\/wp\/v2\/types\/product"}],"replies":[{"embeddable":true,"href":"https:\/\/www.yongjianceramic.com\/es\/wp-json\/wp\/v2\/comments?post=2666"}],"wp:featuredmedia":[{"embeddable":true,"href":"https:\/\/www.yongjianceramic.com\/es\/wp-json\/wp\/v2\/media\/3104"}],"wp:attachment":[{"href":"https:\/\/www.yongjianceramic.com\/es\/wp-json\/wp\/v2\/media?parent=2666"}],"wp:term":[{"taxonomy":"product_brand","embeddable":true,"href":"https:\/\/www.yongjianceramic.com\/es\/wp-json\/wp\/v2\/product_brand?post=2666"},{"taxonomy":"product_cat","embeddable":true,"href":"https:\/\/www.yongjianceramic.com\/es\/wp-json\/wp\/v2\/product_cat?post=2666"},{"taxonomy":"product_tag","embeddable":true,"href":"https:\/\/www.yongjianceramic.com\/es\/wp-json\/wp\/v2\/product_tag?post=2666"}],"curies":[{"name":"wp","href":"https:\/\/api.w.org\/{rel}","templated":true}]}}