{"id":3215,"date":"2024-09-07T01:24:01","date_gmt":"2024-09-07T01:24:01","guid":{"rendered":"https:\/\/www.yongjianceramic.com\/?post_type=product&#038;p=3215"},"modified":"2025-11-04T16:38:40","modified_gmt":"2025-11-04T08:38:40","slug":"rice-bowls-wholesale","status":"publish","type":"product","link":"https:\/\/www.yongjianceramic.com\/es\/producto\/rice-bowls-wholesale\/","title":{"rendered":"4.75-Inch Restaurant Rice Bowls Wholesale, Custom Soup Bowls"},"content":{"rendered":"<div class=\"wp-block-columns is-layout-flex wp-container-core-columns-is-layout-9d6595d7 wp-block-columns-is-layout-flex\">\n<div class=\"wp-block-column is-layout-flow wp-block-column-is-layout-flow\">\n<h2 class=\"wp-block-heading\">Tazones de Arroz Premium al por mayor Caracter\u00edsticas:<\/h2>\n\n\n\n<ul class=\"wp-block-list\">\n<li><strong>Dise\u00f1o \u00fanico: <\/strong>El dise\u00f1o de nuestros cuencos para arroz al por mayor se inspira en la hoja de loto de la naturaleza. La forma es distintiva y sofisticada, y la complejidad de la artesan\u00eda pone de relieve los detalles meticulosos, creando una sensaci\u00f3n de arte en la mesa.<\/li>\n\n\n\n<li><strong>Tama\u00f1o moderado: <\/strong>El dise\u00f1o del cuerpo del cuenco de 4,75 pulgadas de estos cuencos para sopa de restaurante a granel es de tama\u00f1o moderado, adecuado para arroz, sopas, guarniciones y otros alimentos. Es adecuado para el uso familiar diario y tambi\u00e9n es muy adecuado para su uso como vajilla en restaurantes u hoteles.<\/li>\n\n\n\n<li><strong>Seguro y duradero: <\/strong>Nuestros cuencos de arroz al por mayor se cuecen a altas temperaturas, son resistentes al calor y al desgaste, no son f\u00e1ciles de rayar ni absorben olores, lo que garantiza un uso seguro, y son f\u00e1ciles de limpiar, manteni\u00e9ndose como nuevos durante mucho tiempo.<\/li>\n\n\n\n<li><strong>Econ\u00f3mico y asequible:<\/strong> Yongjian ofrece a mayoristas y empresas de catering precios al por mayor competitivos para platos hondos de restaurante al por mayor, y la cantidad es grande y el precio es favorable. Es una opci\u00f3n ideal para aquellos que persiguen una alta rentabilidad y satisfacer diversas necesidades de compra.<\/li>\n<\/ul>\n<\/div>\n\n\n\n<div class=\"wp-block-column is-vertically-aligned-center is-layout-flow wp-block-column-is-layout-flow\"><div class=\"wp-block-image\">\n<figure class=\"aligncenter size-full\"><img fetchpriority=\"high\" decoding=\"async\" width=\"800\" height=\"800\" src=\"https:\/\/www.yongjianceramic.com\/wp-content\/uploads\/2024\/09\/4.75-Inch-Ceramic-Rice-Bowls-Wholesale-with-Lotus-Leaf-Shape-5.webp\" alt=\"Tazones de arroz de cer\u00e1mica de 4.75 pulgadas al por mayor con forma de hoja de loto-5\" class=\"wp-image-3220\" srcset=\"https:\/\/www.yongjianceramic.com\/wp-content\/uploads\/2024\/09\/4.75-Inch-Ceramic-Rice-Bowls-Wholesale-with-Lotus-Leaf-Shape-5.webp 800w, https:\/\/www.yongjianceramic.com\/wp-content\/uploads\/2024\/09\/4.75-Inch-Ceramic-Rice-Bowls-Wholesale-with-Lotus-Leaf-Shape-5-300x300.webp 300w, https:\/\/www.yongjianceramic.com\/wp-content\/uploads\/2024\/09\/4.75-Inch-Ceramic-Rice-Bowls-Wholesale-with-Lotus-Leaf-Shape-5-150x150.webp 150w, https:\/\/www.yongjianceramic.com\/wp-content\/uploads\/2024\/09\/4.75-Inch-Ceramic-Rice-Bowls-Wholesale-with-Lotus-Leaf-Shape-5-768x768.webp 768w, https:\/\/www.yongjianceramic.com\/wp-content\/uploads\/2024\/09\/4.75-Inch-Ceramic-Rice-Bowls-Wholesale-with-Lotus-Leaf-Shape-5-12x12.webp 12w, https:\/\/www.yongjianceramic.com\/wp-content\/uploads\/2024\/09\/4.75-Inch-Ceramic-Rice-Bowls-Wholesale-with-Lotus-Leaf-Shape-5-285x285.webp 285w, https:\/\/www.yongjianceramic.com\/wp-content\/uploads\/2024\/09\/4.75-Inch-Ceramic-Rice-Bowls-Wholesale-with-Lotus-Leaf-Shape-5-270x270.webp 270w, https:\/\/www.yongjianceramic.com\/wp-content\/uploads\/2024\/09\/4.75-Inch-Ceramic-Rice-Bowls-Wholesale-with-Lotus-Leaf-Shape-5-540x540.webp 540w, https:\/\/www.yongjianceramic.com\/wp-content\/uploads\/2024\/09\/4.75-Inch-Ceramic-Rice-Bowls-Wholesale-with-Lotus-Leaf-Shape-5-660x660.webp 660w\" sizes=\"(max-width: 800px) 100vw, 800px\" \/><\/figure>\n<\/div><\/div>\n<\/div>","protected":false},"excerpt":{"rendered":"<p>Bienvenido a comprar cuencos soperos de restaurante al por mayor. Nuestros cuencos de arroz de cer\u00e1mica de 4,75 pulgadas al por mayor adoptan un dise\u00f1o \u00fanico en forma de hoja de loto, que no s\u00f3lo muestra la belleza natural, sino que tambi\u00e9n tiene una amplia gama de practicidad. Es adecuado para una gran variedad de alimentos, como arroz y sopas, por lo que es una opci\u00f3n ideal para la venta al por mayor de productos de restauraci\u00f3n y minoristas que persiguen la rentabilidad.<\/p>\n<table style=\"border-collapse: collapse; width: 309.02pt;\" border=\"0\" width=\"309\" cellspacing=\"0\" cellpadding=\"0\">\n<tbody>\n<tr style=\"height: 17.60pt;\">\n<td class=\"et3\" style=\"height: 17.60pt; width: 120.25pt;\" width=\"120\" height=\"17\">Fabricante<\/td>\n<td class=\"et3\" style=\"width: 189.25pt;\" width=\"189\">Yongjian<\/td>\n<\/tr>\n<tr style=\"height: 18.00pt;\">\n<td class=\"et3\" style=\"height: 18.00pt;\" height=\"18\">N\u00ba de modelo<\/td>\n<td class=\"et4\" style=\"width: 189.25pt;\" width=\"189\">YJ-007<\/td>\n<\/tr>\n<tr style=\"height: 17.60pt;\">\n<td class=\"et3\" style=\"height: 17.60pt;\" height=\"17\">Tipo de producto<\/td>\n<td class=\"et3\">Cuenco de arroz<\/td>\n<\/tr>\n<tr style=\"height: 17.60pt;\">\n<td class=\"et3\" style=\"height: 17.60pt;\" height=\"17\">Material<\/td>\n<td class=\"et3\">Porcelana<\/td>\n<\/tr>\n<tr style=\"height: 17.60pt;\">\n<td class=\"et5\" style=\"height: 17.60pt;\" height=\"17\">Color<\/td>\n<td class=\"et3\">Blanco\/Negro<\/td>\n<\/tr>\n<tr style=\"height: 17.60pt;\">\n<td class=\"et3\" style=\"height: 17.60pt;\" height=\"17\">Dimensi\u00f3n<\/td>\n<td class=\"et3\">12.5*12.5*6\uff0c400ml<\/td>\n<\/tr>\n<tr style=\"height: 17.60pt;\">\n<td class=\"et3\" style=\"height: 17.60pt;\" height=\"17\">MOQ<\/td>\n<td class=\"et3\">500 unidades<\/td>\n<\/tr>\n<tr style=\"height: 17.60pt;\">\n<td class=\"et3\" style=\"height: 17.60pt;\" height=\"17\">A medida<\/td>\n<td class=\"et3\">Color\/Tama\u00f1o\/Logotipo\/Embalaje<\/td>\n<\/tr>\n<\/tbody>\n<\/table>","protected":false},"featured_media":3217,"comment_status":"closed","ping_status":"closed","template":"","meta":{"_acf_changed":false},"product_brand":[],"product_cat":[72,63],"product_tag":[96],"class_list":{"0":"post-3215","1":"product","2":"type-product","3":"status-publish","4":"has-post-thumbnail","6":"product_cat-rice-bowls-bulk","7":"product_cat-wholesale-bowls","8":"product_tag-black-white-dinnerware-wholesale","10":"first","11":"instock","12":"shipping-taxable","13":"product-type-simple"},"acf":[],"_links":{"self":[{"href":"https:\/\/www.yongjianceramic.com\/es\/wp-json\/wp\/v2\/product\/3215","targetHints":{"allow":["GET"]}}],"collection":[{"href":"https:\/\/www.yongjianceramic.com\/es\/wp-json\/wp\/v2\/product"}],"about":[{"href":"https:\/\/www.yongjianceramic.com\/es\/wp-json\/wp\/v2\/types\/product"}],"replies":[{"embeddable":true,"href":"https:\/\/www.yongjianceramic.com\/es\/wp-json\/wp\/v2\/comments?post=3215"}],"wp:featuredmedia":[{"embeddable":true,"href":"https:\/\/www.yongjianceramic.com\/es\/wp-json\/wp\/v2\/media\/3217"}],"wp:attachment":[{"href":"https:\/\/www.yongjianceramic.com\/es\/wp-json\/wp\/v2\/media?parent=3215"}],"wp:term":[{"taxonomy":"product_brand","embeddable":true,"href":"https:\/\/www.yongjianceramic.com\/es\/wp-json\/wp\/v2\/product_brand?post=3215"},{"taxonomy":"product_cat","embeddable":true,"href":"https:\/\/www.yongjianceramic.com\/es\/wp-json\/wp\/v2\/product_cat?post=3215"},{"taxonomy":"product_tag","embeddable":true,"href":"https:\/\/www.yongjianceramic.com\/es\/wp-json\/wp\/v2\/product_tag?post=3215"}],"curies":[{"name":"wp","href":"https:\/\/api.w.org\/{rel}","templated":true}]}}