{"id":3231,"date":"2024-09-07T02:06:20","date_gmt":"2024-09-07T02:06:20","guid":{"rendered":"https:\/\/www.yongjianceramic.com\/?post_type=product&#038;p=3231"},"modified":"2024-09-20T09:13:28","modified_gmt":"2024-09-20T09:13:28","slug":"rice-bowls-bulk","status":"publish","type":"product","link":"https:\/\/www.yongjianceramic.com\/es\/producto\/rice-bowls-bulk\/","title":{"rendered":"Arroceras de cer\u00e1mica de 4,5 pulgadas a granel con dise\u00f1o de textura vintage"},"content":{"rendered":"<div class=\"wp-block-columns is-layout-flex wp-container-core-columns-is-layout-9d6595d7 wp-block-columns-is-layout-flex\">\n<div class=\"wp-block-column is-layout-flow wp-block-column-is-layout-flow\">\n<h2 class=\"wp-block-heading\">Premium Rice Bowls Bulk Caracter\u00edsticas:<\/h2>\n\n\n\n<ul class=\"wp-block-list\">\n<li><strong>Textura retro: <\/strong>La superficie de estos cuencos de arroz de cer\u00e1mica a granel adopta el dise\u00f1o cl\u00e1sico de textura retro, rica textura, aporta elegancia visual y belleza, y puede mejorar el estilo y el sabor de la mesa de comedor.<\/li>\n\n\n\n<li><strong>Capacidad moderada: <\/strong>El tama\u00f1o de este cuenco al por mayor es muy moderado, por lo que puede utilizarse para arroz, aperitivos, sopas, etc. Es pr\u00e1ctico y adecuado para un amplio uso en la familia y la restauraci\u00f3n.<\/li>\n\n\n\n<li><strong>Duradero y saludable: <\/strong>Nuestros cuencos de arroz a granel est\u00e1n hechos de cer\u00e1mica de alta calidad, son resistentes a altas temperaturas, duraderos y libres de sustancias nocivas, lo que garantiza que cada uso sea seguro y fiable, adecuado para un uso frecuente a largo plazo.<\/li>\n\n\n\n<li><strong>Rentable: <\/strong>Proporcionamos descuentos en la compra al por mayor de cuencos de arroz para minoristas y empresas de catering, con precios muy competitivos para satisfacer la demanda de los clientes de productos rentables.<\/li>\n<\/ul>\n<\/div>\n\n\n\n<div class=\"wp-block-column is-vertically-aligned-center is-layout-flow wp-block-column-is-layout-flow\"><div class=\"wp-block-image\">\n<figure class=\"aligncenter size-full\"><img fetchpriority=\"high\" decoding=\"async\" width=\"750\" height=\"750\" src=\"https:\/\/www.yongjianceramic.com\/wp-content\/uploads\/2024\/09\/4.5-Inch-Ceramic-Rice-Bowls-Bulk-With-Vintage-Texture-Design-7.png\" alt=\"Arroceras de cer\u00e1mica de 4,5 pulgadas a granel con dise\u00f1o de textura vintage-7\" class=\"wp-image-3238\" srcset=\"https:\/\/www.yongjianceramic.com\/wp-content\/uploads\/2024\/09\/4.5-Inch-Ceramic-Rice-Bowls-Bulk-With-Vintage-Texture-Design-7.png 750w, https:\/\/www.yongjianceramic.com\/wp-content\/uploads\/2024\/09\/4.5-Inch-Ceramic-Rice-Bowls-Bulk-With-Vintage-Texture-Design-7-300x300.png 300w, https:\/\/www.yongjianceramic.com\/wp-content\/uploads\/2024\/09\/4.5-Inch-Ceramic-Rice-Bowls-Bulk-With-Vintage-Texture-Design-7-150x150.png 150w, https:\/\/www.yongjianceramic.com\/wp-content\/uploads\/2024\/09\/4.5-Inch-Ceramic-Rice-Bowls-Bulk-With-Vintage-Texture-Design-7-12x12.png 12w, https:\/\/www.yongjianceramic.com\/wp-content\/uploads\/2024\/09\/4.5-Inch-Ceramic-Rice-Bowls-Bulk-With-Vintage-Texture-Design-7-285x285.png 285w, https:\/\/www.yongjianceramic.com\/wp-content\/uploads\/2024\/09\/4.5-Inch-Ceramic-Rice-Bowls-Bulk-With-Vintage-Texture-Design-7-270x270.png 270w, https:\/\/www.yongjianceramic.com\/wp-content\/uploads\/2024\/09\/4.5-Inch-Ceramic-Rice-Bowls-Bulk-With-Vintage-Texture-Design-7-540x540.png 540w, https:\/\/www.yongjianceramic.com\/wp-content\/uploads\/2024\/09\/4.5-Inch-Ceramic-Rice-Bowls-Bulk-With-Vintage-Texture-Design-7-660x660.png 660w\" sizes=\"(max-width: 750px) 100vw, 750px\" \/><\/figure>\n<\/div><\/div>\n<\/div>","protected":false},"excerpt":{"rendered":"<p>Bienvenido a comprar cuencos de arroz al por mayor. Nuestros cuencos de arroz de cer\u00e1mica de 4,5 pulgadas al por mayor adoptan un dise\u00f1o de textura retro, elegante y hermoso, adecuado para arroz, aperitivos y otros usos. Los materiales cer\u00e1micos de alta calidad garantizan salud y durabilidad, alta rentabilidad, y son ideales para compras al por mayor.<\/p>\n<table style=\"border-collapse: collapse; width: 309.02pt;\" border=\"0\" width=\"309\" cellspacing=\"0\" cellpadding=\"0\">\n<tbody>\n<tr style=\"height: 17.60pt;\">\n<td class=\"et3\" style=\"height: 17.60pt; width: 120.25pt;\" width=\"120\" height=\"17\">Fabricante<\/td>\n<td class=\"et3\" style=\"width: 189.25pt;\" width=\"189\">Yongjian<\/td>\n<\/tr>\n<tr style=\"height: 18.00pt;\">\n<td class=\"et3\" style=\"height: 18.00pt;\" height=\"18\">N\u00ba de modelo<\/td>\n<td class=\"et4\" style=\"width: 189.25pt;\" width=\"189\">YJ-008<\/td>\n<\/tr>\n<tr style=\"height: 17.60pt;\">\n<td class=\"et3\" style=\"height: 17.60pt;\" height=\"17\">Tipo de producto<\/td>\n<td class=\"et3\">Cuenco de arroz<\/td>\n<\/tr>\n<tr style=\"height: 17.60pt;\">\n<td class=\"et3\" style=\"height: 17.60pt;\" height=\"17\">Material<\/td>\n<td class=\"et3\">Porcelana<\/td>\n<\/tr>\n<tr style=\"height: 17.60pt;\">\n<td class=\"et5\" style=\"height: 17.60pt;\" height=\"17\">Color<\/td>\n<td class=\"et3\">Blanco\/Negro<\/td>\n<\/tr>\n<tr style=\"height: 17.60pt;\">\n<td class=\"et3\" style=\"height: 17.60pt;\" height=\"17\">Dimensi\u00f3n<\/td>\n<td class=\"et3\">14,7*14,7*6,8\uff0c600ml<\/td>\n<\/tr>\n<tr style=\"height: 17.60pt;\">\n<td class=\"et3\" style=\"height: 17.60pt;\" height=\"17\">MOQ<\/td>\n<td class=\"et3\">500 unidades<\/td>\n<\/tr>\n<tr style=\"height: 17.60pt;\">\n<td class=\"et3\" style=\"height: 17.60pt;\" height=\"17\">A medida<\/td>\n<td class=\"et3\">Color\/Tama\u00f1o\/Logotipo\/Embalaje<\/td>\n<\/tr>\n<\/tbody>\n<\/table>","protected":false},"featured_media":3235,"comment_status":"closed","ping_status":"closed","template":"","meta":{"_acf_changed":false},"product_brand":[],"product_cat":[72,63],"product_tag":[96],"class_list":{"0":"post-3231","1":"product","2":"type-product","3":"status-publish","4":"has-post-thumbnail","6":"product_cat-rice-bowls-bulk","7":"product_cat-wholesale-bowls","8":"product_tag-black-white-dinnerware-wholesale","10":"first","11":"instock","12":"shipping-taxable","13":"product-type-simple"},"acf":[],"_links":{"self":[{"href":"https:\/\/www.yongjianceramic.com\/es\/wp-json\/wp\/v2\/product\/3231","targetHints":{"allow":["GET"]}}],"collection":[{"href":"https:\/\/www.yongjianceramic.com\/es\/wp-json\/wp\/v2\/product"}],"about":[{"href":"https:\/\/www.yongjianceramic.com\/es\/wp-json\/wp\/v2\/types\/product"}],"replies":[{"embeddable":true,"href":"https:\/\/www.yongjianceramic.com\/es\/wp-json\/wp\/v2\/comments?post=3231"}],"wp:featuredmedia":[{"embeddable":true,"href":"https:\/\/www.yongjianceramic.com\/es\/wp-json\/wp\/v2\/media\/3235"}],"wp:attachment":[{"href":"https:\/\/www.yongjianceramic.com\/es\/wp-json\/wp\/v2\/media?parent=3231"}],"wp:term":[{"taxonomy":"product_brand","embeddable":true,"href":"https:\/\/www.yongjianceramic.com\/es\/wp-json\/wp\/v2\/product_brand?post=3231"},{"taxonomy":"product_cat","embeddable":true,"href":"https:\/\/www.yongjianceramic.com\/es\/wp-json\/wp\/v2\/product_cat?post=3231"},{"taxonomy":"product_tag","embeddable":true,"href":"https:\/\/www.yongjianceramic.com\/es\/wp-json\/wp\/v2\/product_tag?post=3231"}],"curies":[{"name":"wp","href":"https:\/\/api.w.org\/{rel}","templated":true}]}}