{"id":3239,"date":"2024-09-07T02:30:48","date_gmt":"2024-09-07T02:30:48","guid":{"rendered":"https:\/\/www.yongjianceramic.com\/?post_type=product&#038;p=3239"},"modified":"2025-11-04T16:49:28","modified_gmt":"2025-11-04T08:49:28","slug":"wholesale-ceramic-rice-bowls","status":"publish","type":"product","link":"https:\/\/www.yongjianceramic.com\/es\/producto\/wholesale-ceramic-rice-bowls\/","title":{"rendered":"Mayorista Tazones de Arroz de Cer\u00e1mica en 3 Tama\u00f1os, Tazones de Ramen a Granel"},"content":{"rendered":"<div class=\"wp-block-columns is-layout-flex wp-container-core-columns-is-layout-9d6595d7 wp-block-columns-is-layout-flex\">\n<div class=\"wp-block-column is-layout-flow wp-block-column-is-layout-flow\">\n<h2 class=\"wp-block-heading\">Premium al por mayor de cer\u00e1mica cuencos de arroz Caracter\u00edsticas:<\/h2>\n\n\n\n<ul class=\"wp-block-list\">\n<li><strong>Textura especial:<\/strong> El exterior de nuestros cuencos de arroz de cer\u00e1mica al por mayor tiene un dise\u00f1o de textura de roca, que est\u00e1 lleno de belleza natural en bruto y una sensaci\u00f3n especial, a\u00f1adiendo un estilo personalizado a la mesa, encantador y \u00fanico.<\/li>\n\n\n\n<li><strong>Duradera: <\/strong>Seleccionada cer\u00e1mica de alta calidad, nuestros cuencos para ramen a granel tienen buena resistencia al desgaste y al calor, pueden soportar alimentos a alta temperatura o el calentamiento en microondas, y garantizan la larga vida \u00fatil del cuenco.<\/li>\n\n\n\n<li><strong>De aplicaci\u00f3n com\u00fan: <\/strong>Ya sea arroz, ensalada o sopa, nuestros cuencos de arroz de cer\u00e1mica al por mayor tienen el dise\u00f1o de tama\u00f1o perfecto que se adapta para ser utilizado muchas veces, satisfaciendo las variadas necesidades de familias o empresas de catering.<\/li>\n\n\n\n<li><strong>Econ\u00f3mico: <\/strong>Proporcionar ventajas de precios al por mayor de cuencos de ramen y cuencos de arroz de cer\u00e1mica a granel a empresas de catering y minoristas, lo que les permitir\u00e1 disfrutar de una alta rentabilidad en la compra, ahorrando as\u00ed costes a las empresas.<\/li>\n<\/ul>\n<\/div>\n\n\n\n<div class=\"wp-block-column is-vertically-aligned-center is-layout-flow wp-block-column-is-layout-flow\"><div class=\"wp-block-image\">\n<figure class=\"aligncenter size-full\"><img fetchpriority=\"high\" decoding=\"async\" width=\"750\" height=\"750\" src=\"https:\/\/www.yongjianceramic.com\/wp-content\/uploads\/2024\/09\/Wholesale-Ceramic-Rice-Bowls-With-Rock-Texture-Design-3.webp\" alt=\"Mayorista Arroceras De Cer\u00e1mica Con Textura De Roca Dise\u00f1o-3\" class=\"wp-image-3242\" srcset=\"https:\/\/www.yongjianceramic.com\/wp-content\/uploads\/2024\/09\/Wholesale-Ceramic-Rice-Bowls-With-Rock-Texture-Design-3.webp 750w, https:\/\/www.yongjianceramic.com\/wp-content\/uploads\/2024\/09\/Wholesale-Ceramic-Rice-Bowls-With-Rock-Texture-Design-3-300x300.webp 300w, https:\/\/www.yongjianceramic.com\/wp-content\/uploads\/2024\/09\/Wholesale-Ceramic-Rice-Bowls-With-Rock-Texture-Design-3-150x150.webp 150w, https:\/\/www.yongjianceramic.com\/wp-content\/uploads\/2024\/09\/Wholesale-Ceramic-Rice-Bowls-With-Rock-Texture-Design-3-12x12.webp 12w, https:\/\/www.yongjianceramic.com\/wp-content\/uploads\/2024\/09\/Wholesale-Ceramic-Rice-Bowls-With-Rock-Texture-Design-3-285x285.webp 285w, https:\/\/www.yongjianceramic.com\/wp-content\/uploads\/2024\/09\/Wholesale-Ceramic-Rice-Bowls-With-Rock-Texture-Design-3-270x270.webp 270w, https:\/\/www.yongjianceramic.com\/wp-content\/uploads\/2024\/09\/Wholesale-Ceramic-Rice-Bowls-With-Rock-Texture-Design-3-540x540.webp 540w, https:\/\/www.yongjianceramic.com\/wp-content\/uploads\/2024\/09\/Wholesale-Ceramic-Rice-Bowls-With-Rock-Texture-Design-3-660x660.webp 660w\" sizes=\"(max-width: 750px) 100vw, 750px\" \/><\/figure>\n<\/div><\/div>\n<\/div>","protected":false},"excerpt":{"rendered":"<p>Bienvenido a comprar cuencos para ramen al por mayor. Nuestros cuencos de arroz de cer\u00e1mica al por mayor presentan un patr\u00f3n de textura de roca, que combina la belleza natural y la facilidad de uso, que se adapta a diversos usos. Los materiales duraderos de alta calidad garantizan su durabilidad, por lo que es su mejor opci\u00f3n para la compra al por mayor con un costo-rendimiento s\u00faper alto.<\/p>\n<table width=\"309\">\n<tbody>\n<tr>\n<td width=\"120\">Fabricante<\/td>\n<td width=\"189\">Yongjian<\/td>\n<\/tr>\n<tr>\n<td>N\u00ba de modelo<\/td>\n<td width=\"189\">YJ-031, 4,5 pulgadas <br \/>YJ-032, 5 pulgadas <br \/>YJ-033, 6 pulgadas\u00a0<\/td>\n<\/tr>\n<tr>\n<td>Tipo de producto<\/td>\n<td>Cuenco de arroz<\/td>\n<\/tr>\n<tr>\n<td>Material<\/td>\n<td>Porcelana<\/td>\n<\/tr>\n<tr>\n<td>Color<\/td>\n<td>Blanco\/Negro<\/td>\n<\/tr>\n<tr>\n<td>Dimensi\u00f3n<\/td>\n<td width=\"189\">11.5*11.5*5.5\uff0c200ml<br \/>12,8*12,8*6\uff0c400ml<br \/>15*15*7.5\uff0c650ml<\/td>\n<\/tr>\n<tr>\n<td>MOQ<\/td>\n<td>500 unidades<\/td>\n<\/tr>\n<tr>\n<td>A medida<\/td>\n<td>Color\/Tama\u00f1o\/Logotipo\/Embalaje<\/td>\n<\/tr>\n<\/tbody>\n<\/table>","protected":false},"featured_media":3244,"comment_status":"closed","ping_status":"closed","template":"","meta":{"_acf_changed":false},"product_brand":[],"product_cat":[72,63],"product_tag":[96],"class_list":{"0":"post-3239","1":"product","2":"type-product","3":"status-publish","4":"has-post-thumbnail","6":"product_cat-rice-bowls-bulk","7":"product_cat-wholesale-bowls","8":"product_tag-black-white-dinnerware-wholesale","10":"first","11":"instock","12":"shipping-taxable","13":"product-type-simple"},"acf":[],"_links":{"self":[{"href":"https:\/\/www.yongjianceramic.com\/es\/wp-json\/wp\/v2\/product\/3239","targetHints":{"allow":["GET"]}}],"collection":[{"href":"https:\/\/www.yongjianceramic.com\/es\/wp-json\/wp\/v2\/product"}],"about":[{"href":"https:\/\/www.yongjianceramic.com\/es\/wp-json\/wp\/v2\/types\/product"}],"replies":[{"embeddable":true,"href":"https:\/\/www.yongjianceramic.com\/es\/wp-json\/wp\/v2\/comments?post=3239"}],"wp:featuredmedia":[{"embeddable":true,"href":"https:\/\/www.yongjianceramic.com\/es\/wp-json\/wp\/v2\/media\/3244"}],"wp:attachment":[{"href":"https:\/\/www.yongjianceramic.com\/es\/wp-json\/wp\/v2\/media?parent=3239"}],"wp:term":[{"taxonomy":"product_brand","embeddable":true,"href":"https:\/\/www.yongjianceramic.com\/es\/wp-json\/wp\/v2\/product_brand?post=3239"},{"taxonomy":"product_cat","embeddable":true,"href":"https:\/\/www.yongjianceramic.com\/es\/wp-json\/wp\/v2\/product_cat?post=3239"},{"taxonomy":"product_tag","embeddable":true,"href":"https:\/\/www.yongjianceramic.com\/es\/wp-json\/wp\/v2\/product_tag?post=3239"}],"curies":[{"name":"wp","href":"https:\/\/api.w.org\/{rel}","templated":true}]}}