{"id":3250,"date":"2024-09-07T02:53:33","date_gmt":"2024-09-07T02:53:33","guid":{"rendered":"https:\/\/www.yongjianceramic.com\/?post_type=product&#038;p=3250"},"modified":"2025-11-04T17:19:45","modified_gmt":"2025-11-04T09:19:45","slug":"porcelain-rice-bowls-wholesale","status":"publish","type":"product","link":"https:\/\/www.yongjianceramic.com\/es\/producto\/porcelain-rice-bowls-wholesale\/","title":{"rendered":"F\u00e1brica de suministro de 4,5 pulgadas de porcelana cuencos de arroz al por mayor"},"content":{"rendered":"<div class=\"wp-block-columns is-layout-flex wp-container-core-columns-is-layout-9d6595d7 wp-block-columns-is-layout-flex\">\n<div class=\"wp-block-column is-layout-flow wp-block-column-is-layout-flow\">\n<h2 class=\"wp-block-heading\">Premium Tazones de Arroz de Porcelana al por mayor Caracter\u00edsticas:<\/h2>\n\n\n\n<ul class=\"wp-block-list\">\n<li><strong>Textura de roca: <\/strong>Estos cuencos de arroz de porcelana al por mayor adoptan el dise\u00f1o de imitaci\u00f3n de textura de roca, que tiene un toque delicado, mostrando la combinaci\u00f3n de estilos natural y moderno, a\u00f1adiendo un efecto visual \u00fanico a la mesa de comedor.<\/li>\n\n\n\n<li><strong>Tama\u00f1o de 4,5 pulgadas: <\/strong>Estos peque\u00f1os cuencos redondos a granel tienen un di\u00e1metro de 4,5 pulgadas, que es un tama\u00f1o moderado, adecuado para contener arroz, ensaladas, postres y otros alimentos, y adaptarse a las diversas necesidades de uso diario en el hogar y en restaurantes.<\/li>\n\n\n\n<li><strong>Porcelana de primera calidad:<\/strong> Seleccionados materiales de porcelana de alta calidad, nuestros cuencos de arroz de porcelana al por mayor se cuecen a altas temperaturas, tienen una excelente resistencia al calor y a los ara\u00f1azos, no absorben f\u00e1cilmente olores y manchas, y garantizan una experiencia gastron\u00f3mica segura y saludable.<\/li>\n\n\n\n<li><strong>Rentabilidad excepcional: <\/strong>Proporcionamos servicios de personalizaci\u00f3n para estos peque\u00f1os cuencos redondos al por mayor con grandes cantidades y precios asequibles, y son una opci\u00f3n econ\u00f3mica para quienes persiguen una vajilla de alta calidad.<\/li>\n<\/ul>\n<\/div>\n\n\n\n<div class=\"wp-block-column is-vertically-aligned-center is-layout-flow wp-block-column-is-layout-flow\"><div class=\"wp-block-image\">\n<figure class=\"aligncenter size-full\"><img fetchpriority=\"high\" decoding=\"async\" width=\"800\" height=\"800\" src=\"https:\/\/www.yongjianceramic.com\/wp-content\/uploads\/2024\/09\/4.5-Inch-Porcelain-Rice-Bowls-Wholesale-With-Rock-Texture-4.webp\" alt=\"Tazones de arroz de porcelana de 4,5 pulgadas al por mayor con textura de roca-4\" class=\"wp-image-3254\" srcset=\"https:\/\/www.yongjianceramic.com\/wp-content\/uploads\/2024\/09\/4.5-Inch-Porcelain-Rice-Bowls-Wholesale-With-Rock-Texture-4.webp 800w, https:\/\/www.yongjianceramic.com\/wp-content\/uploads\/2024\/09\/4.5-Inch-Porcelain-Rice-Bowls-Wholesale-With-Rock-Texture-4-300x300.webp 300w, https:\/\/www.yongjianceramic.com\/wp-content\/uploads\/2024\/09\/4.5-Inch-Porcelain-Rice-Bowls-Wholesale-With-Rock-Texture-4-150x150.webp 150w, https:\/\/www.yongjianceramic.com\/wp-content\/uploads\/2024\/09\/4.5-Inch-Porcelain-Rice-Bowls-Wholesale-With-Rock-Texture-4-768x768.webp 768w, https:\/\/www.yongjianceramic.com\/wp-content\/uploads\/2024\/09\/4.5-Inch-Porcelain-Rice-Bowls-Wholesale-With-Rock-Texture-4-12x12.webp 12w, https:\/\/www.yongjianceramic.com\/wp-content\/uploads\/2024\/09\/4.5-Inch-Porcelain-Rice-Bowls-Wholesale-With-Rock-Texture-4-285x285.webp 285w, https:\/\/www.yongjianceramic.com\/wp-content\/uploads\/2024\/09\/4.5-Inch-Porcelain-Rice-Bowls-Wholesale-With-Rock-Texture-4-270x270.webp 270w, https:\/\/www.yongjianceramic.com\/wp-content\/uploads\/2024\/09\/4.5-Inch-Porcelain-Rice-Bowls-Wholesale-With-Rock-Texture-4-540x540.webp 540w, https:\/\/www.yongjianceramic.com\/wp-content\/uploads\/2024\/09\/4.5-Inch-Porcelain-Rice-Bowls-Wholesale-With-Rock-Texture-4-660x660.webp 660w\" sizes=\"(max-width: 800px) 100vw, 800px\" \/><\/figure>\n<\/div><\/div>\n<\/div>","protected":false},"excerpt":{"rendered":"<p>Bienvenido a comprar peque\u00f1os cuencos redondos al por mayor. Nuestros cuencos de arroz de porcelana de 4,5 pulgadas al por mayor cuentan con un dise\u00f1o de textura de roca, que es a la vez elegante y duradero, adecuado para una variedad de necesidades de catering, y es una opci\u00f3n ideal para compras al por mayor con alta rentabilidad.<\/p>\n<table style=\"border-collapse: collapse; width: 309.02pt;\" border=\"0\" width=\"309\" cellspacing=\"0\" cellpadding=\"0\">\n<tbody>\n<tr style=\"height: 17.60pt;\">\n<td class=\"et3\" style=\"height: 17.60pt; width: 120.25pt;\" width=\"120\" height=\"17\">Fabricante<\/td>\n<td class=\"et3\" style=\"width: 189.25pt;\" width=\"189\">Yongjian<\/td>\n<\/tr>\n<tr style=\"height: 18.00pt;\">\n<td class=\"et3\" style=\"height: 18.00pt;\" height=\"18\">N\u00ba de modelo<\/td>\n<td class=\"et4\" style=\"width: 189.25pt;\" width=\"189\">YJ-028<\/td>\n<\/tr>\n<tr style=\"height: 17.60pt;\">\n<td class=\"et3\" style=\"height: 17.60pt;\" height=\"17\">Tipo de producto<\/td>\n<td class=\"et3\">Cuenco de arroz<\/td>\n<\/tr>\n<tr style=\"height: 17.60pt;\">\n<td class=\"et3\" style=\"height: 17.60pt;\" height=\"17\">Material<\/td>\n<td class=\"et3\">Porcelana<\/td>\n<\/tr>\n<tr style=\"height: 17.60pt;\">\n<td class=\"et5\" style=\"height: 17.60pt;\" height=\"17\">Color<\/td>\n<td class=\"et3\">Blanco\/Negro<\/td>\n<\/tr>\n<tr style=\"height: 18.00pt;\">\n<td class=\"et3\" style=\"height: 18.00pt;\" height=\"18\">Dimensi\u00f3n<\/td>\n<td class=\"et6\" style=\"width: 189.25pt;\" width=\"189\">11.5*11.5*5.5\uff0c280ml<\/td>\n<\/tr>\n<tr style=\"height: 17.60pt;\">\n<td class=\"et3\" style=\"height: 17.60pt;\" height=\"17\">MOQ<\/td>\n<td class=\"et3\">500 unidades<\/td>\n<\/tr>\n<tr style=\"height: 17.60pt;\">\n<td class=\"et3\" style=\"height: 17.60pt;\" height=\"17\">A medida<\/td>\n<td class=\"et3\">Color\/Tama\u00f1o\/Logotipo\/Embalaje<\/td>\n<\/tr>\n<\/tbody>\n<\/table>","protected":false},"featured_media":3256,"comment_status":"closed","ping_status":"closed","template":"","meta":{"_acf_changed":false},"product_brand":[],"product_cat":[72,63],"product_tag":[96],"class_list":{"0":"post-3250","1":"product","2":"type-product","3":"status-publish","4":"has-post-thumbnail","6":"product_cat-rice-bowls-bulk","7":"product_cat-wholesale-bowls","8":"product_tag-black-white-dinnerware-wholesale","10":"first","11":"instock","12":"shipping-taxable","13":"product-type-simple"},"acf":[],"_links":{"self":[{"href":"https:\/\/www.yongjianceramic.com\/es\/wp-json\/wp\/v2\/product\/3250","targetHints":{"allow":["GET"]}}],"collection":[{"href":"https:\/\/www.yongjianceramic.com\/es\/wp-json\/wp\/v2\/product"}],"about":[{"href":"https:\/\/www.yongjianceramic.com\/es\/wp-json\/wp\/v2\/types\/product"}],"replies":[{"embeddable":true,"href":"https:\/\/www.yongjianceramic.com\/es\/wp-json\/wp\/v2\/comments?post=3250"}],"wp:featuredmedia":[{"embeddable":true,"href":"https:\/\/www.yongjianceramic.com\/es\/wp-json\/wp\/v2\/media\/3256"}],"wp:attachment":[{"href":"https:\/\/www.yongjianceramic.com\/es\/wp-json\/wp\/v2\/media?parent=3250"}],"wp:term":[{"taxonomy":"product_brand","embeddable":true,"href":"https:\/\/www.yongjianceramic.com\/es\/wp-json\/wp\/v2\/product_brand?post=3250"},{"taxonomy":"product_cat","embeddable":true,"href":"https:\/\/www.yongjianceramic.com\/es\/wp-json\/wp\/v2\/product_cat?post=3250"},{"taxonomy":"product_tag","embeddable":true,"href":"https:\/\/www.yongjianceramic.com\/es\/wp-json\/wp\/v2\/product_tag?post=3250"}],"curies":[{"name":"wp","href":"https:\/\/api.w.org\/{rel}","templated":true}]}}