{"id":3264,"date":"2024-09-07T03:19:40","date_gmt":"2024-09-07T03:19:40","guid":{"rendered":"https:\/\/www.yongjianceramic.com\/?post_type=product&#038;p=3264"},"modified":"2024-09-20T09:13:21","modified_gmt":"2024-09-20T09:13:21","slug":"salad-bowls-wholesale","status":"publish","type":"product","link":"https:\/\/www.yongjianceramic.com\/es\/producto\/salad-bowls-wholesale\/","title":{"rendered":"7-Inch Salad Bowls Wholesale, Elegante Taz\u00f3n de Cer\u00e1mica con Borde Ondulado"},"content":{"rendered":"<div class=\"wp-block-columns is-layout-flex wp-container-core-columns-is-layout-9d6595d7 wp-block-columns-is-layout-flex\">\n<div class=\"wp-block-column is-layout-flow wp-block-column-is-layout-flow\">\n<h2 class=\"wp-block-heading\">Ensaladeras Premium al por mayor Caracter\u00edsticas:<\/h2>\n\n\n\n<ul class=\"wp-block-list\">\n<li><strong>Dise\u00f1o elegante: <\/strong>Estas ensaladeras de 7 pulgadas al por mayor presentan un exclusivo dise\u00f1o de borde ondulado, que a\u00f1ade elegancia visual y mejora la experiencia gastron\u00f3mica.<\/li>\n\n\n\n<li><strong>Alta calidad: <\/strong>Fabricados en cer\u00e1mica de alta calidad, nuestros cuencos para servir al por mayor son resistentes a las altas temperaturas y al desgaste, lo que garantiza un uso prolongado, y no son f\u00e1ciles de deformar.<\/li>\n\n\n\n<li><strong>Uso vers\u00e1til:<\/strong> Adecuadas para diversas ocasiones, nuestras ensaladeras de cer\u00e1mica al por mayor no s\u00f3lo pueden contener ensaladas, sino que tambi\u00e9n pueden utilizarse como frutero, postre o bol para aperitivos para satisfacer diferentes necesidades culinarias.<\/li>\n\n\n\n<li><strong>F\u00e1cil de limpiar: <\/strong>El dise\u00f1o de esmalte liso de estas ensaladeras al por mayor hace que la limpieza sea m\u00e1s c\u00f3moda y no se manchen f\u00e1cilmente, garantizando la limpieza y la higiene despu\u00e9s de cada uso.<\/li>\n<\/ul>\n<\/div>\n\n\n\n<div class=\"wp-block-column is-vertically-aligned-center is-layout-flow wp-block-column-is-layout-flow\"><div class=\"wp-block-image\">\n<figure class=\"aligncenter size-full\"><img fetchpriority=\"high\" decoding=\"async\" width=\"750\" height=\"750\" src=\"https:\/\/www.yongjianceramic.com\/wp-content\/uploads\/2024\/09\/7-Inch-Salad-Bowls-Wholesale-Elegant-Wavy-Edge-Ceramic-Bowl-3.webp\" alt=\"7-Inch Salad Bowls Wholesale, Elegante borde ondulado de cer\u00e1mica Bowl-3\" class=\"wp-image-3267\" srcset=\"https:\/\/www.yongjianceramic.com\/wp-content\/uploads\/2024\/09\/7-Inch-Salad-Bowls-Wholesale-Elegant-Wavy-Edge-Ceramic-Bowl-3.webp 750w, https:\/\/www.yongjianceramic.com\/wp-content\/uploads\/2024\/09\/7-Inch-Salad-Bowls-Wholesale-Elegant-Wavy-Edge-Ceramic-Bowl-3-300x300.webp 300w, https:\/\/www.yongjianceramic.com\/wp-content\/uploads\/2024\/09\/7-Inch-Salad-Bowls-Wholesale-Elegant-Wavy-Edge-Ceramic-Bowl-3-150x150.webp 150w, https:\/\/www.yongjianceramic.com\/wp-content\/uploads\/2024\/09\/7-Inch-Salad-Bowls-Wholesale-Elegant-Wavy-Edge-Ceramic-Bowl-3-12x12.webp 12w, https:\/\/www.yongjianceramic.com\/wp-content\/uploads\/2024\/09\/7-Inch-Salad-Bowls-Wholesale-Elegant-Wavy-Edge-Ceramic-Bowl-3-285x285.webp 285w, https:\/\/www.yongjianceramic.com\/wp-content\/uploads\/2024\/09\/7-Inch-Salad-Bowls-Wholesale-Elegant-Wavy-Edge-Ceramic-Bowl-3-270x270.webp 270w, https:\/\/www.yongjianceramic.com\/wp-content\/uploads\/2024\/09\/7-Inch-Salad-Bowls-Wholesale-Elegant-Wavy-Edge-Ceramic-Bowl-3-540x540.webp 540w, https:\/\/www.yongjianceramic.com\/wp-content\/uploads\/2024\/09\/7-Inch-Salad-Bowls-Wholesale-Elegant-Wavy-Edge-Ceramic-Bowl-3-660x660.webp 660w\" sizes=\"(max-width: 750px) 100vw, 750px\" \/><\/figure>\n<\/div><\/div>\n<\/div>","protected":false},"excerpt":{"rendered":"<p>Bienvenido a comprar ensaladeras de cer\u00e1mica al por mayor. Nuestras ensaladeras de 7 pulgadas al por mayor destacan por su elegante dise\u00f1o de bordes ondulados. Su uso multifuncional no se limita a la celebraci\u00f3n de ensaladas, pero tambi\u00e9n se puede utilizar como un taz\u00f3n de frutas y aperitivos, y el esmalte liso es f\u00e1cil de limpiar, adecuado para diversas ocasiones de comedor.<\/p>\n<table style=\"border-collapse: collapse; width: 309.02pt;\" border=\"0\" width=\"309\" cellspacing=\"0\" cellpadding=\"0\">\n<tbody>\n<tr style=\"height: 17.60pt;\">\n<td class=\"et3\" style=\"height: 17.60pt; width: 120.25pt;\" width=\"120\" height=\"17\">Fabricante<\/td>\n<td class=\"et3\" style=\"width: 189.25pt;\" width=\"189\">Yongjian<\/td>\n<\/tr>\n<tr style=\"height: 18.00pt;\">\n<td class=\"et3\" style=\"height: 18.00pt;\" height=\"18\">N\u00ba de modelo<\/td>\n<td class=\"et4\" style=\"width: 189.25pt;\" width=\"189\">YJ-055<\/td>\n<\/tr>\n<tr style=\"height: 17.60pt;\">\n<td class=\"et3\" style=\"height: 17.60pt;\" height=\"17\">Tipo de producto<\/td>\n<td class=\"et2\">Servicios y ensaladeras<\/td>\n<\/tr>\n<tr style=\"height: 17.60pt;\">\n<td class=\"et3\" style=\"height: 17.60pt;\" height=\"17\">Material<\/td>\n<td class=\"et3\">Porcelana<\/td>\n<\/tr>\n<tr style=\"height: 17.60pt;\">\n<td class=\"et5\" style=\"height: 17.60pt;\" height=\"17\">Color<\/td>\n<td class=\"et3\">Blanco\/Negro<\/td>\n<\/tr>\n<tr style=\"height: 18.00pt;\">\n<td class=\"et3\" style=\"height: 18.00pt;\" height=\"18\">Dimensi\u00f3n<\/td>\n<td class=\"et6\" style=\"width: 189.25pt;\" width=\"189\">17*17*4.5<\/td>\n<\/tr>\n<tr style=\"height: 17.60pt;\">\n<td class=\"et3\" style=\"height: 17.60pt;\" height=\"17\">MOQ<\/td>\n<td class=\"et3\">500 unidades<\/td>\n<\/tr>\n<tr style=\"height: 17.60pt;\">\n<td class=\"et3\" style=\"height: 17.60pt;\" height=\"17\">A medida<\/td>\n<td class=\"et3\">Color\/Tama\u00f1o\/Logotipo\/Embalaje<\/td>\n<\/tr>\n<\/tbody>\n<\/table>","protected":false},"featured_media":3272,"comment_status":"closed","ping_status":"closed","template":"","meta":{"_acf_changed":false},"product_brand":[],"product_cat":[74,63],"product_tag":[96],"class_list":{"0":"post-3264","1":"product","2":"type-product","3":"status-publish","4":"has-post-thumbnail","6":"product_cat-bulk-serving-bowls","7":"product_cat-wholesale-bowls","8":"product_tag-black-white-dinnerware-wholesale","10":"first","11":"instock","12":"shipping-taxable","13":"product-type-simple"},"acf":[],"_links":{"self":[{"href":"https:\/\/www.yongjianceramic.com\/es\/wp-json\/wp\/v2\/product\/3264","targetHints":{"allow":["GET"]}}],"collection":[{"href":"https:\/\/www.yongjianceramic.com\/es\/wp-json\/wp\/v2\/product"}],"about":[{"href":"https:\/\/www.yongjianceramic.com\/es\/wp-json\/wp\/v2\/types\/product"}],"replies":[{"embeddable":true,"href":"https:\/\/www.yongjianceramic.com\/es\/wp-json\/wp\/v2\/comments?post=3264"}],"wp:featuredmedia":[{"embeddable":true,"href":"https:\/\/www.yongjianceramic.com\/es\/wp-json\/wp\/v2\/media\/3272"}],"wp:attachment":[{"href":"https:\/\/www.yongjianceramic.com\/es\/wp-json\/wp\/v2\/media?parent=3264"}],"wp:term":[{"taxonomy":"product_brand","embeddable":true,"href":"https:\/\/www.yongjianceramic.com\/es\/wp-json\/wp\/v2\/product_brand?post=3264"},{"taxonomy":"product_cat","embeddable":true,"href":"https:\/\/www.yongjianceramic.com\/es\/wp-json\/wp\/v2\/product_cat?post=3264"},{"taxonomy":"product_tag","embeddable":true,"href":"https:\/\/www.yongjianceramic.com\/es\/wp-json\/wp\/v2\/product_tag?post=3264"}],"curies":[{"name":"wp","href":"https:\/\/api.w.org\/{rel}","templated":true}]}}