{"id":3284,"date":"2024-09-07T04:01:41","date_gmt":"2024-09-07T04:01:41","guid":{"rendered":"https:\/\/www.yongjianceramic.com\/?post_type=product&#038;p=3284"},"modified":"2025-11-04T17:40:46","modified_gmt":"2025-11-04T09:40:46","slug":"soup-bowls-with-handles-wholesale","status":"publish","type":"product","link":"https:\/\/www.yongjianceramic.com\/es\/producto\/soup-bowls-with-handles-wholesale\/","title":{"rendered":"Tazones de sopa con asas al por mayor, 10-Inch Serving Bowl Bulk"},"content":{"rendered":"<div class=\"wp-block-columns is-layout-flex wp-container-core-columns-is-layout-9d6595d7 wp-block-columns-is-layout-flex\">\n<div class=\"wp-block-column is-layout-flow wp-block-column-is-layout-flow\">\n<h2 class=\"wp-block-heading\">Premium Tazones De Sopa Con Asas Al Por Mayor Caracter\u00edsticas:<\/h2>\n\n\n\n<ul class=\"wp-block-list\">\n<li><strong>C\u00f3modo dise\u00f1o del asa: <\/strong>Estos cuencos soperos al por mayor est\u00e1n equipados con una pr\u00e1ctica asa, que resulta c\u00f3moda para servir la sopa y no es f\u00e1cil quemarse al sujetar el cuenco, y la experiencia de uso es m\u00e1s c\u00f3moda.<\/li>\n\n\n\n<li><strong>Dise\u00f1o espacioso:<\/strong> El dise\u00f1o espacioso de nuestros cuencos soperos con asas al por mayor puede contener m\u00e1s sopa o comida, lo que resulta perfecto para el uso diario o para grandes raciones cuando se sale a cenar.<\/li>\n\n\n\n<li><strong>Materiales cer\u00e1micos de calidad superior: <\/strong>Fabricados con materiales cer\u00e1micos de calidad, nuestros cuencos soperos al por mayor son resistentes al calor y al desgaste, y no se decoloran tras un uso prolongado.<\/li>\n\n\n\n<li><strong>Descuento por compras al por mayor: <\/strong>Nuestros cuencos soperos con asas al por mayor son adecuados para la compra al por mayor para adaptarse mejor a aquellos en el negocio de la restauraci\u00f3n, o la compra al por mayor. Tienen un precio competitivo para la compra al por mayor.<\/li>\n<\/ul>\n<\/div>\n\n\n\n<div class=\"wp-block-column is-vertically-aligned-center is-layout-flow wp-block-column-is-layout-flow\"><div class=\"wp-block-image\">\n<figure class=\"aligncenter size-full\"><img fetchpriority=\"high\" decoding=\"async\" width=\"750\" height=\"1000\" src=\"https:\/\/www.yongjianceramic.com\/wp-content\/uploads\/2024\/09\/Soup-Bowls-With-Handles-Wholesale-Large-Serving-Bowls-Bulk-6.webp\" alt=\"Tazones De Sopa Con Asas Al Por Mayor, Tazones Grandes Para Servir A Granel-6\" class=\"wp-image-3290\" srcset=\"https:\/\/www.yongjianceramic.com\/wp-content\/uploads\/2024\/09\/Soup-Bowls-With-Handles-Wholesale-Large-Serving-Bowls-Bulk-6.webp 750w, https:\/\/www.yongjianceramic.com\/wp-content\/uploads\/2024\/09\/Soup-Bowls-With-Handles-Wholesale-Large-Serving-Bowls-Bulk-6-225x300.webp 225w, https:\/\/www.yongjianceramic.com\/wp-content\/uploads\/2024\/09\/Soup-Bowls-With-Handles-Wholesale-Large-Serving-Bowls-Bulk-6-9x12.webp 9w, https:\/\/www.yongjianceramic.com\/wp-content\/uploads\/2024\/09\/Soup-Bowls-With-Handles-Wholesale-Large-Serving-Bowls-Bulk-6-285x380.webp 285w, https:\/\/www.yongjianceramic.com\/wp-content\/uploads\/2024\/09\/Soup-Bowls-With-Handles-Wholesale-Large-Serving-Bowls-Bulk-6-495x660.webp 495w, https:\/\/www.yongjianceramic.com\/wp-content\/uploads\/2024\/09\/Soup-Bowls-With-Handles-Wholesale-Large-Serving-Bowls-Bulk-6-113x150.webp 113w\" sizes=\"(max-width: 750px) 100vw, 750px\" \/><\/figure>\n<\/div><\/div>\n<\/div>\n\n\n\n<p><\/p>","protected":false},"excerpt":{"rendered":"<p>Bienvenido a comprar platos hondos al por mayor. Estos cuencos soperos grandes con asas al por mayor est\u00e1n fabricados con material cer\u00e1mico de alta calidad, que es duradero y funcional. Es adecuado para uso dom\u00e9stico y para grandes raciones en lugares de restauraci\u00f3n. Es una opci\u00f3n ideal para compras comerciales.<\/p>\n<table style=\"border-collapse: collapse; width: 309.02pt;\" border=\"0\" width=\"309\" cellspacing=\"0\" cellpadding=\"0\">\n<tbody>\n<tr style=\"height: 17.60pt;\">\n<td class=\"et3\" style=\"height: 17.60pt; width: 120.25pt;\" width=\"120\" height=\"17\">Fabricante<\/td>\n<td class=\"et3\" style=\"width: 189.25pt;\" width=\"189\">Yongjian<\/td>\n<\/tr>\n<tr style=\"height: 18.00pt;\">\n<td class=\"et3\" style=\"height: 18.00pt;\" height=\"18\">N\u00ba de modelo<\/td>\n<td class=\"et4\" style=\"width: 189.25pt;\" width=\"189\">YJ-012<\/td>\n<\/tr>\n<tr style=\"height: 17.60pt;\">\n<td class=\"et3\" style=\"height: 17.60pt;\" height=\"17\">Tipo de producto<\/td>\n<td class=\"et3\">Cuencos con asa<\/td>\n<\/tr>\n<tr style=\"height: 17.60pt;\">\n<td class=\"et3\" style=\"height: 17.60pt;\" height=\"17\">Material<\/td>\n<td class=\"et3\">Porcelana<\/td>\n<\/tr>\n<tr style=\"height: 17.60pt;\">\n<td class=\"et6\" style=\"height: 17.60pt;\" height=\"17\">Color<\/td>\n<td class=\"et3\">Blanco\/Negro<\/td>\n<\/tr>\n<tr style=\"height: 18.00pt;\">\n<td class=\"et3\" style=\"height: 18.00pt;\" height=\"18\">Dimensi\u00f3n<\/td>\n<td class=\"et7\" style=\"width: 189.25pt;\" width=\"189\">25*21,3*7,2, 1400ml<\/td>\n<\/tr>\n<tr style=\"height: 17.60pt;\">\n<td class=\"et3\" style=\"height: 17.60pt;\" height=\"17\">MOQ<\/td>\n<td class=\"et3\">500 unidades<\/td>\n<\/tr>\n<tr style=\"height: 17.60pt;\">\n<td class=\"et3\" style=\"height: 17.60pt;\" height=\"17\">A medida<\/td>\n<td class=\"et3\">Color\/Tama\u00f1o\/Logotipo\/Embalaje<\/td>\n<\/tr>\n<\/tbody>\n<\/table>\n<p>&nbsp;<\/p>","protected":false},"featured_media":3288,"comment_status":"closed","ping_status":"closed","template":"","meta":{"_acf_changed":false},"product_brand":[],"product_cat":[75,63,74],"product_tag":[96],"class_list":{"0":"post-3284","1":"product","2":"type-product","3":"status-publish","4":"has-post-thumbnail","6":"product_cat-handled-bowls-wholesale","7":"product_cat-wholesale-bowls","8":"product_cat-bulk-serving-bowls","9":"product_tag-black-white-dinnerware-wholesale","11":"first","12":"instock","13":"shipping-taxable","14":"product-type-simple"},"acf":[],"_links":{"self":[{"href":"https:\/\/www.yongjianceramic.com\/es\/wp-json\/wp\/v2\/product\/3284","targetHints":{"allow":["GET"]}}],"collection":[{"href":"https:\/\/www.yongjianceramic.com\/es\/wp-json\/wp\/v2\/product"}],"about":[{"href":"https:\/\/www.yongjianceramic.com\/es\/wp-json\/wp\/v2\/types\/product"}],"replies":[{"embeddable":true,"href":"https:\/\/www.yongjianceramic.com\/es\/wp-json\/wp\/v2\/comments?post=3284"}],"wp:featuredmedia":[{"embeddable":true,"href":"https:\/\/www.yongjianceramic.com\/es\/wp-json\/wp\/v2\/media\/3288"}],"wp:attachment":[{"href":"https:\/\/www.yongjianceramic.com\/es\/wp-json\/wp\/v2\/media?parent=3284"}],"wp:term":[{"taxonomy":"product_brand","embeddable":true,"href":"https:\/\/www.yongjianceramic.com\/es\/wp-json\/wp\/v2\/product_brand?post=3284"},{"taxonomy":"product_cat","embeddable":true,"href":"https:\/\/www.yongjianceramic.com\/es\/wp-json\/wp\/v2\/product_cat?post=3284"},{"taxonomy":"product_tag","embeddable":true,"href":"https:\/\/www.yongjianceramic.com\/es\/wp-json\/wp\/v2\/product_tag?post=3284"}],"curies":[{"name":"wp","href":"https:\/\/api.w.org\/{rel}","templated":true}]}}