{"id":3292,"date":"2024-09-07T05:11:20","date_gmt":"2024-09-07T05:11:20","guid":{"rendered":"https:\/\/www.yongjianceramic.com\/?post_type=product&#038;p=3292"},"modified":"2025-11-04T17:53:32","modified_gmt":"2025-11-04T09:53:32","slug":"ceramic-ramen-bowls-bulk","status":"publish","type":"product","link":"https:\/\/www.yongjianceramic.com\/es\/producto\/ceramic-ramen-bowls-bulk\/","title":{"rendered":"8-Inch Ceramic Ramen Bowls Bulk, Tazones de sopa directos de f\u00e1brica"},"content":{"rendered":"<div class=\"wp-block-columns is-layout-flex wp-container-core-columns-is-layout-9d6595d7 wp-block-columns-is-layout-flex\">\n<div class=\"wp-block-column is-layout-flow wp-block-column-is-layout-flow\">\n<h2 class=\"wp-block-heading\">Tazones de Ramen de Cer\u00e1mica Premium a Granel Caracter\u00edsticas:<\/h2>\n\n\n\n<ul class=\"wp-block-list\">\n<li><strong>Dise\u00f1o de la superficie ondulada: <\/strong>Nuestros cuencos de ramen de cer\u00e1mica a granel tienen un dise\u00f1o \u00fanico de superficie ondulada, que a\u00f1ade estratificaci\u00f3n visual y belleza.<\/li>\n\n\n\n<li><strong>Tama\u00f1o moderado:<\/strong> El tama\u00f1o de 8 pulgadas de estos cuencos para ramen al por mayor es muy adecuado para contener alimentos b\u00e1sicos como ramen y fideos para sopa para satisfacer las necesidades de las comidas diarias.<\/li>\n\n\n\n<li><strong>Larga vida \u00fatil: <\/strong>Nuestros cuencos de ramen de cer\u00e1mica a granel est\u00e1n fabricados con cer\u00e1mica de alta calidad, resistente a las altas temperaturas y al desgaste, lo que garantiza que el cuerpo del cuenco sea robusto y duradero, y tenga una larga vida \u00fatil.<\/li>\n\n\n\n<li><strong>Descuento por compra al por mayor: <\/strong>Apoya las compras al por mayor, especialmente para el sector de la restauraci\u00f3n o los usuarios que necesitan comprar en grandes cantidades, ofrecemos precios m\u00e1s competitivos para los cuencos de ramen al por mayor.<\/li>\n<\/ul>\n<\/div>\n\n\n\n<div class=\"wp-block-column is-vertically-aligned-center is-layout-flow wp-block-column-is-layout-flow\"><div class=\"wp-block-image\">\n<figure class=\"aligncenter size-full\"><img fetchpriority=\"high\" decoding=\"async\" width=\"800\" height=\"800\" src=\"https:\/\/www.yongjianceramic.com\/wp-content\/uploads\/2024\/09\/8-Inch-Ceramic-Ramen-Bowls-Bulk-With-Wavy-Surface-Design-3.webp\" alt=\"Tazones de Ramen de Cer\u00e1mica de 8 Pulgadas a Granel con Dise\u00f1o de Superficie Ondulada-3\" class=\"wp-image-3295\" srcset=\"https:\/\/www.yongjianceramic.com\/wp-content\/uploads\/2024\/09\/8-Inch-Ceramic-Ramen-Bowls-Bulk-With-Wavy-Surface-Design-3.webp 800w, https:\/\/www.yongjianceramic.com\/wp-content\/uploads\/2024\/09\/8-Inch-Ceramic-Ramen-Bowls-Bulk-With-Wavy-Surface-Design-3-300x300.webp 300w, https:\/\/www.yongjianceramic.com\/wp-content\/uploads\/2024\/09\/8-Inch-Ceramic-Ramen-Bowls-Bulk-With-Wavy-Surface-Design-3-150x150.webp 150w, https:\/\/www.yongjianceramic.com\/wp-content\/uploads\/2024\/09\/8-Inch-Ceramic-Ramen-Bowls-Bulk-With-Wavy-Surface-Design-3-768x768.webp 768w, https:\/\/www.yongjianceramic.com\/wp-content\/uploads\/2024\/09\/8-Inch-Ceramic-Ramen-Bowls-Bulk-With-Wavy-Surface-Design-3-12x12.webp 12w, https:\/\/www.yongjianceramic.com\/wp-content\/uploads\/2024\/09\/8-Inch-Ceramic-Ramen-Bowls-Bulk-With-Wavy-Surface-Design-3-285x285.webp 285w, https:\/\/www.yongjianceramic.com\/wp-content\/uploads\/2024\/09\/8-Inch-Ceramic-Ramen-Bowls-Bulk-With-Wavy-Surface-Design-3-270x270.webp 270w, https:\/\/www.yongjianceramic.com\/wp-content\/uploads\/2024\/09\/8-Inch-Ceramic-Ramen-Bowls-Bulk-With-Wavy-Surface-Design-3-540x540.webp 540w, https:\/\/www.yongjianceramic.com\/wp-content\/uploads\/2024\/09\/8-Inch-Ceramic-Ramen-Bowls-Bulk-With-Wavy-Surface-Design-3-660x660.webp 660w\" sizes=\"(max-width: 800px) 100vw, 800px\" \/><\/figure>\n<\/div><\/div>\n<\/div>","protected":false},"excerpt":{"rendered":"<p>Bienvenido a comprar al por mayor cuencos ramen al por mayor. Estos cuencos de ramen de cer\u00e1mica de 8 pulgadas al por mayor incluyen un patr\u00f3n de superficie ondulada, hecho con material cer\u00e1mico duradero y hermoso. Los cuencos de tama\u00f1o medio son adecuados para muchos tipos de alimentos b\u00e1sicos, y son una buena opci\u00f3n para restaurantes y uso comercial.<\/p>\n<table style=\"border-collapse: collapse; width: 309.02pt;\" border=\"0\" width=\"309\" cellspacing=\"0\" cellpadding=\"0\">\n<tbody>\n<tr style=\"height: 17.60pt;\">\n<td class=\"et3\" style=\"height: 17.60pt; width: 120.25pt;\" width=\"120\" height=\"17\">Fabricante<\/td>\n<td class=\"et3\" style=\"width: 189.25pt;\" width=\"189\">Yongjian<\/td>\n<\/tr>\n<tr style=\"height: 18.00pt;\">\n<td class=\"et3\" style=\"height: 18.00pt;\" height=\"18\">N\u00ba de modelo<\/td>\n<td class=\"et4\" style=\"width: 189.25pt;\" width=\"189\">YJ-016<\/td>\n<\/tr>\n<tr style=\"height: 17.60pt;\">\n<td class=\"et3\" style=\"height: 17.60pt;\" height=\"17\">Tipo de producto<\/td>\n<td class=\"et3\">Cuencos para sopa y ramen<\/td>\n<\/tr>\n<tr style=\"height: 17.60pt;\">\n<td class=\"et3\" style=\"height: 17.60pt;\" height=\"17\">Material<\/td>\n<td class=\"et3\">Porcelana<\/td>\n<\/tr>\n<tr style=\"height: 17.60pt;\">\n<td class=\"et6\" style=\"height: 17.60pt;\" height=\"17\">Color<\/td>\n<td class=\"et3\">Blanco\/Negro<\/td>\n<\/tr>\n<tr style=\"height: 18.00pt;\">\n<td class=\"et3\" style=\"height: 18.00pt;\" height=\"18\">Dimensi\u00f3n<\/td>\n<td class=\"et7\" style=\"width: 189.25pt;\" width=\"189\">19,8*19,8*8,4 1000ml<\/td>\n<\/tr>\n<tr style=\"height: 17.60pt;\">\n<td class=\"et3\" style=\"height: 17.60pt;\" height=\"17\">MOQ<\/td>\n<td class=\"et3\">500 unidades<\/td>\n<\/tr>\n<tr style=\"height: 17.60pt;\">\n<td class=\"et3\" style=\"height: 17.60pt;\" height=\"17\">A medida<\/td>\n<td class=\"et3\">Color\/Tama\u00f1o\/Logotipo\/Embalaje<\/td>\n<\/tr>\n<\/tbody>\n<\/table>","protected":false},"featured_media":3299,"comment_status":"closed","ping_status":"closed","template":"","meta":{"_acf_changed":false},"product_brand":[],"product_cat":[73,63],"product_tag":[96],"class_list":{"0":"post-3292","1":"product","2":"type-product","3":"status-publish","4":"has-post-thumbnail","6":"product_cat-bulk-soup-bowls","7":"product_cat-wholesale-bowls","8":"product_tag-black-white-dinnerware-wholesale","10":"first","11":"instock","12":"shipping-taxable","13":"product-type-simple"},"acf":[],"_links":{"self":[{"href":"https:\/\/www.yongjianceramic.com\/es\/wp-json\/wp\/v2\/product\/3292","targetHints":{"allow":["GET"]}}],"collection":[{"href":"https:\/\/www.yongjianceramic.com\/es\/wp-json\/wp\/v2\/product"}],"about":[{"href":"https:\/\/www.yongjianceramic.com\/es\/wp-json\/wp\/v2\/types\/product"}],"replies":[{"embeddable":true,"href":"https:\/\/www.yongjianceramic.com\/es\/wp-json\/wp\/v2\/comments?post=3292"}],"wp:featuredmedia":[{"embeddable":true,"href":"https:\/\/www.yongjianceramic.com\/es\/wp-json\/wp\/v2\/media\/3299"}],"wp:attachment":[{"href":"https:\/\/www.yongjianceramic.com\/es\/wp-json\/wp\/v2\/media?parent=3292"}],"wp:term":[{"taxonomy":"product_brand","embeddable":true,"href":"https:\/\/www.yongjianceramic.com\/es\/wp-json\/wp\/v2\/product_brand?post=3292"},{"taxonomy":"product_cat","embeddable":true,"href":"https:\/\/www.yongjianceramic.com\/es\/wp-json\/wp\/v2\/product_cat?post=3292"},{"taxonomy":"product_tag","embeddable":true,"href":"https:\/\/www.yongjianceramic.com\/es\/wp-json\/wp\/v2\/product_tag?post=3292"}],"curies":[{"name":"wp","href":"https:\/\/api.w.org\/{rel}","templated":true}]}}